{"id":142,"date":"2021-12-06T10:56:00","date_gmt":"2021-12-06T12:56:00","guid":{"rendered":"http:\/\/portaleducacao.guarulhos.sp.gov.br\/wp_site\/arte\/?page_id=142"},"modified":"2021-12-07T09:22:15","modified_gmt":"2021-12-07T11:22:15","slug":"ayla-7-anos","status":"publish","type":"page","link":"http:\/\/portaleducacao.guarulhos.sp.gov.br\/wp_site\/arte\/galeria\/acervo-2021\/ayla-7-anos\/","title":{"rendered":"Ayla, 7 anos"},"content":{"rendered":"\n<figure class=\"wp-block-image size-large is-resized\"><img loading=\"lazy\" src=\"http:\/\/portaleducacao.guarulhos.sp.gov.br\/wp_site\/arte\/wp-content\/uploads\/sites\/12\/2021\/11\/ayla-1024x768.jpg\" alt=\"\" class=\"wp-image-99\" width=\"582\" height=\"436\" srcset=\"http:\/\/portaleducacao.guarulhos.sp.gov.br\/wp_site\/arte\/wp-content\/uploads\/sites\/12\/2021\/11\/ayla-1024x768.jpg 1024w, http:\/\/portaleducacao.guarulhos.sp.gov.br\/wp_site\/arte\/wp-content\/uploads\/sites\/12\/2021\/11\/ayla-300x225.jpg 300w, http:\/\/portaleducacao.guarulhos.sp.gov.br\/wp_site\/arte\/wp-content\/uploads\/sites\/12\/2021\/11\/ayla-768x576.jpg 768w, http:\/\/portaleducacao.guarulhos.sp.gov.br\/wp_site\/arte\/wp-content\/uploads\/sites\/12\/2021\/11\/ayla.jpg 1032w\" sizes=\"(max-width: 582px) 100vw, 582px\" \/><\/figure>\n\n\n\n<p>&#8220;A Ayla foi desafiada a realizar um desenho utilizando l\u00e1pis de cor, por\u00e9m sem criar marcas com ele, ao inv\u00e9s disso deveria os dispor em um suporte de forma que pud\u00e9ssemos visualizar seu desenho. Ela realizou seu desenho escolhendo como suporte a pr\u00f3pria mesa. Por alguns minutos ela manuseou os l\u00e1pis, colocando-os enfileirados na mesa e aparentava pensar em como solucionar esse desafio. Ent\u00e3o, ela come\u00e7ou a desenhar um boneco, escolhendo l\u00e1pis de diferentes tamanhos para criar os l\u00e1bios. Posteriormente, retirou as cascas de l\u00e1pis do dep\u00f3sito do apontador e as distribuiu entre os l\u00e1bios. Procurou no seu estojo algum material que pudesse utilizar para representar o nariz e os olhos, mas n\u00e3o encontrou nada que satisfizesse seu desejo, ap\u00f3s alguns segundos exclamou: <\/p>\n\n\n\n<p><em>&#8211; J\u00e1 sei! <\/em><\/p>\n\n\n\n<p>Assim se p\u00f4s a quebrar as pontas dos seus l\u00e1pis e as acomodou no seu boneco, concluindo seu desenho. Quando questionei o que e como ela havia desenhado, explicou que era um boneco e que as caspas de l\u00e1pis simbolizavam a l\u00edngua dele.&#8221;<\/p>\n\n\n\n<p class=\"has-text-align-right\"><em><strong>Professoras Fabiana Lyra Marques e Glaucia da Silva Feitosa Frasquetti<\/strong><\/em><\/p>\n","protected":false},"excerpt":{"rendered":"<p>&#8220;A Ayla foi desafiada a realizar um desenho utilizando l\u00e1pis de cor, por\u00e9m sem criar marcas com ele, ao inv\u00e9s disso deveria os dispor em um suporte de forma que &hellip; <\/p>\n<p class=\"link-more\"><a href=\"http:\/\/portaleducacao.guarulhos.sp.gov.br\/wp_site\/arte\/galeria\/acervo-2021\/ayla-7-anos\/\" class=\"more-link\">Continue lendo<span class=\"screen-reader-text\"> &#8220;Ayla, 7 anos&#8221;<\/span><\/a><\/p>\n","protected":false},"author":13,"featured_media":0,"parent":95,"menu_order":0,"comment_status":"open","ping_status":"closed","template":"","meta":{"_monsterinsights_skip_tracking":false,"_monsterinsights_sitenote_active":false,"_monsterinsights_sitenote_note":"","_monsterinsights_sitenote_category":0,"_expiration-date-status":"","_expiration-date":0,"_expiration-date-type":"","_expiration-date-categories":[],"_expiration-date-options":[]},"categories":[],"tags":[],"yoast_head":"<!-- This site is optimized with the Yoast SEO plugin v19.7.1 - https:\/\/yoast.com\/wordpress\/plugins\/seo\/ -->\r\n<title>Ayla, 7 anos -<\/title>\r\n<meta name=\"robots\" content=\"index, follow, max-snippet:-1, max-image-preview:large, max-video-preview:-1\" \/>\r\n<link rel=\"canonical\" href=\"http:\/\/portaleducacao.guarulhos.sp.gov.br\/wp_site\/arte\/galeria\/acervo-2021\/ayla-7-anos\/\" \/>\r\n<meta property=\"og:locale\" content=\"pt_BR\" \/>\r\n<meta property=\"og:type\" content=\"article\" \/>\r\n<meta property=\"og:title\" content=\"Ayla, 7 anos -\" \/>\r\n<meta property=\"og:description\" content=\"&#8220;A Ayla foi desafiada a realizar um desenho utilizando l\u00e1pis de cor, por\u00e9m sem criar marcas com ele, ao inv\u00e9s disso deveria os dispor em um suporte de forma que &hellip; Continue lendo &quot;Ayla, 7 anos&quot;\" \/>\r\n<meta property=\"og:url\" content=\"http:\/\/portaleducacao.guarulhos.sp.gov.br\/wp_site\/arte\/galeria\/acervo-2021\/ayla-7-anos\/\" \/>\r\n<meta property=\"article:modified_time\" content=\"2021-12-07T11:22:15+00:00\" \/>\r\n<meta property=\"og:image\" content=\"http:\/\/portaleducacao.guarulhos.sp.gov.br\/wp_site\/arte\/wp-content\/uploads\/sites\/12\/2021\/11\/ayla-1024x768.jpg\" \/>\r\n<meta name=\"twitter:card\" content=\"summary_large_image\" \/>\r\n<meta name=\"twitter:label1\" content=\"Est. tempo de leitura\" \/>\n\t<meta name=\"twitter:data1\" content=\"1 minuto\" \/>\r\n<script type=\"application\/ld+json\" class=\"yoast-schema-graph\">{\"@context\":\"https:\/\/schema.org\",\"@graph\":[{\"@type\":\"WebPage\",\"@id\":\"http:\/\/portaleducacao.guarulhos.sp.gov.br\/wp_site\/arte\/galeria\/acervo-2021\/ayla-7-anos\/\",\"url\":\"http:\/\/portaleducacao.guarulhos.sp.gov.br\/wp_site\/arte\/galeria\/acervo-2021\/ayla-7-anos\/\",\"name\":\"Ayla, 7 anos -\",\"isPartOf\":{\"@id\":\"http:\/\/portaleducacao.guarulhos.sp.gov.br\/wp_site\/arte\/#website\"},\"datePublished\":\"2021-12-06T12:56:00+00:00\",\"dateModified\":\"2021-12-07T11:22:15+00:00\",\"breadcrumb\":{\"@id\":\"http:\/\/portaleducacao.guarulhos.sp.gov.br\/wp_site\/arte\/galeria\/acervo-2021\/ayla-7-anos\/#breadcrumb\"},\"inLanguage\":\"pt-BR\",\"potentialAction\":[{\"@type\":\"ReadAction\",\"target\":[\"http:\/\/portaleducacao.guarulhos.sp.gov.br\/wp_site\/arte\/galeria\/acervo-2021\/ayla-7-anos\/\"]}]},{\"@type\":\"BreadcrumbList\",\"@id\":\"http:\/\/portaleducacao.guarulhos.sp.gov.br\/wp_site\/arte\/galeria\/acervo-2021\/ayla-7-anos\/#breadcrumb\",\"itemListElement\":[{\"@type\":\"ListItem\",\"position\":1,\"name\":\"In\u00edcio\",\"item\":\"http:\/\/portaleducacao.guarulhos.sp.gov.br\/wp_site\/arte\/\"},{\"@type\":\"ListItem\",\"position\":2,\"name\":\"Galeria\",\"item\":\"http:\/\/portaleducacao.guarulhos.sp.gov.br\/wp_site\/arte\/galeria\/\"},{\"@type\":\"ListItem\",\"position\":3,\"name\":\"Acervo 2021\",\"item\":\"http:\/\/portaleducacao.guarulhos.sp.gov.br\/wp_site\/arte\/galeria\/acervo-2021\/\"},{\"@type\":\"ListItem\",\"position\":4,\"name\":\"Ayla, 7 anos\"}]},{\"@type\":\"WebSite\",\"@id\":\"http:\/\/portaleducacao.guarulhos.sp.gov.br\/wp_site\/arte\/#website\",\"url\":\"http:\/\/portaleducacao.guarulhos.sp.gov.br\/wp_site\/arte\/\",\"name\":\"\",\"description\":\"\",\"potentialAction\":[{\"@type\":\"SearchAction\",\"target\":{\"@type\":\"EntryPoint\",\"urlTemplate\":\"http:\/\/portaleducacao.guarulhos.sp.gov.br\/wp_site\/arte\/?s={search_term_string}\"},\"query-input\":\"required name=search_term_string\"}],\"inLanguage\":\"pt-BR\"}]}<\/script>\r\n<!-- \/ Yoast SEO plugin. -->","yoast_head_json":{"title":"Ayla, 7 anos -","robots":{"index":"index","follow":"follow","max-snippet":"max-snippet:-1","max-image-preview":"max-image-preview:large","max-video-preview":"max-video-preview:-1"},"canonical":"http:\/\/portaleducacao.guarulhos.sp.gov.br\/wp_site\/arte\/galeria\/acervo-2021\/ayla-7-anos\/","og_locale":"pt_BR","og_type":"article","og_title":"Ayla, 7 anos -","og_description":"&#8220;A Ayla foi desafiada a realizar um desenho utilizando l\u00e1pis de cor, por\u00e9m sem criar marcas com ele, ao inv\u00e9s disso deveria os dispor em um suporte de forma que &hellip; Continue lendo \"Ayla, 7 anos\"","og_url":"http:\/\/portaleducacao.guarulhos.sp.gov.br\/wp_site\/arte\/galeria\/acervo-2021\/ayla-7-anos\/","article_modified_time":"2021-12-07T11:22:15+00:00","og_image":[{"url":"http:\/\/portaleducacao.guarulhos.sp.gov.br\/wp_site\/arte\/wp-content\/uploads\/sites\/12\/2021\/11\/ayla-1024x768.jpg"}],"twitter_card":"summary_large_image","twitter_misc":{"Est. tempo de leitura":"1 minuto"},"schema":{"@context":"https:\/\/schema.org","@graph":[{"@type":"WebPage","@id":"http:\/\/portaleducacao.guarulhos.sp.gov.br\/wp_site\/arte\/galeria\/acervo-2021\/ayla-7-anos\/","url":"http:\/\/portaleducacao.guarulhos.sp.gov.br\/wp_site\/arte\/galeria\/acervo-2021\/ayla-7-anos\/","name":"Ayla, 7 anos -","isPartOf":{"@id":"http:\/\/portaleducacao.guarulhos.sp.gov.br\/wp_site\/arte\/#website"},"datePublished":"2021-12-06T12:56:00+00:00","dateModified":"2021-12-07T11:22:15+00:00","breadcrumb":{"@id":"http:\/\/portaleducacao.guarulhos.sp.gov.br\/wp_site\/arte\/galeria\/acervo-2021\/ayla-7-anos\/#breadcrumb"},"inLanguage":"pt-BR","potentialAction":[{"@type":"ReadAction","target":["http:\/\/portaleducacao.guarulhos.sp.gov.br\/wp_site\/arte\/galeria\/acervo-2021\/ayla-7-anos\/"]}]},{"@type":"BreadcrumbList","@id":"http:\/\/portaleducacao.guarulhos.sp.gov.br\/wp_site\/arte\/galeria\/acervo-2021\/ayla-7-anos\/#breadcrumb","itemListElement":[{"@type":"ListItem","position":1,"name":"In\u00edcio","item":"http:\/\/portaleducacao.guarulhos.sp.gov.br\/wp_site\/arte\/"},{"@type":"ListItem","position":2,"name":"Galeria","item":"http:\/\/portaleducacao.guarulhos.sp.gov.br\/wp_site\/arte\/galeria\/"},{"@type":"ListItem","position":3,"name":"Acervo 2021","item":"http:\/\/portaleducacao.guarulhos.sp.gov.br\/wp_site\/arte\/galeria\/acervo-2021\/"},{"@type":"ListItem","position":4,"name":"Ayla, 7 anos"}]},{"@type":"WebSite","@id":"http:\/\/portaleducacao.guarulhos.sp.gov.br\/wp_site\/arte\/#website","url":"http:\/\/portaleducacao.guarulhos.sp.gov.br\/wp_site\/arte\/","name":"","description":"","potentialAction":[{"@type":"SearchAction","target":{"@type":"EntryPoint","urlTemplate":"http:\/\/portaleducacao.guarulhos.sp.gov.br\/wp_site\/arte\/?s={search_term_string}"},"query-input":"required name=search_term_string"}],"inLanguage":"pt-BR"}]}},"_links":{"self":[{"href":"http:\/\/portaleducacao.guarulhos.sp.gov.br\/wp_site\/arte\/wp-json\/wp\/v2\/pages\/142"}],"collection":[{"href":"http:\/\/portaleducacao.guarulhos.sp.gov.br\/wp_site\/arte\/wp-json\/wp\/v2\/pages"}],"about":[{"href":"http:\/\/portaleducacao.guarulhos.sp.gov.br\/wp_site\/arte\/wp-json\/wp\/v2\/types\/page"}],"author":[{"embeddable":true,"href":"http:\/\/portaleducacao.guarulhos.sp.gov.br\/wp_site\/arte\/wp-json\/wp\/v2\/users\/13"}],"replies":[{"embeddable":true,"href":"http:\/\/portaleducacao.guarulhos.sp.gov.br\/wp_site\/arte\/wp-json\/wp\/v2\/comments?post=142"}],"version-history":[{"count":3,"href":"http:\/\/portaleducacao.guarulhos.sp.gov.br\/wp_site\/arte\/wp-json\/wp\/v2\/pages\/142\/revisions"}],"predecessor-version":[{"id":279,"href":"http:\/\/portaleducacao.guarulhos.sp.gov.br\/wp_site\/arte\/wp-json\/wp\/v2\/pages\/142\/revisions\/279"}],"up":[{"embeddable":true,"href":"http:\/\/portaleducacao.guarulhos.sp.gov.br\/wp_site\/arte\/wp-json\/wp\/v2\/pages\/95"}],"wp:attachment":[{"href":"http:\/\/portaleducacao.guarulhos.sp.gov.br\/wp_site\/arte\/wp-json\/wp\/v2\/media?parent=142"}],"wp:term":[{"taxonomy":"category","embeddable":true,"href":"http:\/\/portaleducacao.guarulhos.sp.gov.br\/wp_site\/arte\/wp-json\/wp\/v2\/categories?post=142"},{"taxonomy":"post_tag","embeddable":true,"href":"http:\/\/portaleducacao.guarulhos.sp.gov.br\/wp_site\/arte\/wp-json\/wp\/v2\/tags?post=142"}],"curies":[{"name":"wp","href":"https:\/\/api.w.org\/{rel}","templated":true}]}}