{"id":15,"date":"2021-09-02T14:44:41","date_gmt":"2021-09-02T17:44:41","guid":{"rendered":"http:\/\/portaleducacao.guarulhos.sp.gov.br\/wp_site\/arte\/?page_id=15"},"modified":"2021-10-04T14:47:46","modified_gmt":"2021-10-04T17:47:46","slug":"videos","status":"publish","type":"page","link":"http:\/\/portaleducacao.guarulhos.sp.gov.br\/wp_site\/arte\/videos\/","title":{"rendered":"V\u00eddeos"},"content":{"rendered":"\n<figure class=\"wp-block-table\"><table><tbody><tr><td><a href=\"https:\/\/youtu.be\/8k94B4CZoRk\" target=\"_blank\" rel=\"noreferrer noopener\">De crian\u00e7a para crian\u00e7a &#8211; O planeta dos rob\u00f4s<\/a><\/td><\/tr><tr><td><a href=\"https:\/\/youtu.be\/ggETUGFsaEA\" target=\"_blank\" rel=\"noreferrer noopener\">De crian\u00e7a para crian\u00e7a &#8211; O bafo do pr\u00edncipe<\/a><\/td><\/tr><tr><td><a href=\"https:\/\/youtu.be\/KeJ3LxqODEU\" target=\"_blank\" rel=\"noreferrer noopener\">De crian\u00e7a para crian\u00e7a &#8211; O ovo o os dinossauros<\/a><\/td><\/tr><tr><td><a href=\"https:\/\/youtu.be\/rOvldOiTHYo\" target=\"_blank\" rel=\"noreferrer noopener\">Geringon\u00e7as para desenhar<\/a><\/td><\/tr><tr><td><a href=\"seu uso e significado na arte contempor\u00e2nea - parte 1\" target=\"_blank\" rel=\"noreferrer noopener\">Desenho: seu uso e significado na arte contempor\u00e2nea &#8211; parte 1<\/a><\/td><\/tr><tr><td><a href=\"https:\/\/youtu.be\/Pjtdq_ekHRs\" target=\"_blank\" rel=\"noreferrer noopener\">Desenho: seu uso e significado na arte contempor\u00e2nea &#8211; parte 2<\/a><\/td><\/tr><tr><td><a href=\"https:\/\/youtu.be\/P6t0KtTY0k8\" target=\"_blank\" rel=\"noreferrer noopener\">Desenho, arte, criatividade e processos de cria\u00e7\u00e3o<\/a><\/td><\/tr><tr><td><a href=\"https:\/\/youtu.be\/DPzYg6Zw8W8\" target=\"_blank\" rel=\"noreferrer noopener\">Grafismo infantil &#8211; leitura e desenvolvimento<\/a><\/td><\/tr><tr><td><a href=\"https:\/\/youtu.be\/2svynDSZOSo\" target=\"_blank\" rel=\"noreferrer noopener\">Exposi\u00e7\u00e3o de Arte tamb\u00e9m \u00e9 lugar de crian\u00e7a <\/a><\/td><\/tr><tr><td><a href=\"https:\/\/youtu.be\/vEnTD8wOZz4\" target=\"_blank\" rel=\"noreferrer noopener\">Conhecendo Reggio Emilia<\/a><\/td><\/tr><tr><td><a href=\"https:\/\/youtu.be\/HEwPAigWmsQ\" target=\"_blank\" rel=\"noreferrer noopener\">The Art of Survival &#8211; Anima Mundi <\/a><\/td><\/tr><tr><td><a href=\"https:\/\/youtu.be\/tohYoXTLoR8\" target=\"_blank\" rel=\"noreferrer noopener\">Ocupa\u00e7\u00e3o M\u00e1rio de Andrade &#8211; O valor dos desenhos infantis<\/a><\/td><\/tr><tr><td><a href=\"https:\/\/youtu.be\/tohYoXTLoR8\" target=\"_blank\" rel=\"noreferrer noopener\">Ocupa\u00e7\u00e3o M\u00e1rio de Andrade &#8211; Marcia Gobbi<\/a><\/td><\/tr><\/tbody><\/table><\/figure>\n","protected":false},"excerpt":{"rendered":"<p>De crian\u00e7a para crian\u00e7a &#8211; O planeta dos rob\u00f4s De crian\u00e7a para crian\u00e7a &#8211; O bafo do pr\u00edncipe De crian\u00e7a para crian\u00e7a &#8211; O ovo o os dinossauros Geringon\u00e7as para &hellip; <\/p>\n<p class=\"link-more\"><a href=\"http:\/\/portaleducacao.guarulhos.sp.gov.br\/wp_site\/arte\/videos\/\" class=\"more-link\">Continue lendo<span class=\"screen-reader-text\"> &#8220;V\u00eddeos&#8221;<\/span><\/a><\/p>\n","protected":false},"author":13,"featured_media":0,"parent":0,"menu_order":0,"comment_status":"closed","ping_status":"closed","template":"","meta":{"_monsterinsights_skip_tracking":false,"_monsterinsights_sitenote_active":false,"_monsterinsights_sitenote_note":"","_monsterinsights_sitenote_category":0,"_expiration-date-status":"","_expiration-date":0,"_expiration-date-type":"","_expiration-date-categories":[],"_expiration-date-options":[]},"categories":[],"tags":[],"yoast_head":"<!-- This site is optimized with the Yoast SEO plugin v19.7.1 - https:\/\/yoast.com\/wordpress\/plugins\/seo\/ -->\r\n<title>V\u00eddeos -<\/title>\r\n<meta name=\"robots\" content=\"index, follow, max-snippet:-1, max-image-preview:large, max-video-preview:-1\" \/>\r\n<link rel=\"canonical\" href=\"http:\/\/portaleducacao.guarulhos.sp.gov.br\/wp_site\/arte\/videos\/\" \/>\r\n<meta property=\"og:locale\" content=\"pt_BR\" \/>\r\n<meta property=\"og:type\" content=\"article\" \/>\r\n<meta property=\"og:title\" content=\"V\u00eddeos -\" \/>\r\n<meta property=\"og:description\" content=\"De crian\u00e7a para crian\u00e7a &#8211; O planeta dos rob\u00f4s De crian\u00e7a para crian\u00e7a &#8211; O bafo do pr\u00edncipe De crian\u00e7a para crian\u00e7a &#8211; O ovo o os dinossauros Geringon\u00e7as para &hellip; Continue lendo &quot;V\u00eddeos&quot;\" \/>\r\n<meta property=\"og:url\" content=\"http:\/\/portaleducacao.guarulhos.sp.gov.br\/wp_site\/arte\/videos\/\" \/>\r\n<meta property=\"article:modified_time\" content=\"2021-10-04T17:47:46+00:00\" \/>\r\n<meta name=\"twitter:card\" content=\"summary_large_image\" \/>\r\n<meta name=\"twitter:label1\" content=\"Est. tempo de leitura\" \/>\n\t<meta name=\"twitter:data1\" content=\"1 minuto\" \/>\r\n<script type=\"application\/ld+json\" class=\"yoast-schema-graph\">{\"@context\":\"https:\/\/schema.org\",\"@graph\":[{\"@type\":\"WebPage\",\"@id\":\"http:\/\/portaleducacao.guarulhos.sp.gov.br\/wp_site\/arte\/videos\/\",\"url\":\"http:\/\/portaleducacao.guarulhos.sp.gov.br\/wp_site\/arte\/videos\/\",\"name\":\"V\u00eddeos -\",\"isPartOf\":{\"@id\":\"http:\/\/portaleducacao.guarulhos.sp.gov.br\/wp_site\/arte\/#website\"},\"datePublished\":\"2021-09-02T17:44:41+00:00\",\"dateModified\":\"2021-10-04T17:47:46+00:00\",\"breadcrumb\":{\"@id\":\"http:\/\/portaleducacao.guarulhos.sp.gov.br\/wp_site\/arte\/videos\/#breadcrumb\"},\"inLanguage\":\"pt-BR\",\"potentialAction\":[{\"@type\":\"ReadAction\",\"target\":[\"http:\/\/portaleducacao.guarulhos.sp.gov.br\/wp_site\/arte\/videos\/\"]}]},{\"@type\":\"BreadcrumbList\",\"@id\":\"http:\/\/portaleducacao.guarulhos.sp.gov.br\/wp_site\/arte\/videos\/#breadcrumb\",\"itemListElement\":[{\"@type\":\"ListItem\",\"position\":1,\"name\":\"In\u00edcio\",\"item\":\"http:\/\/portaleducacao.guarulhos.sp.gov.br\/wp_site\/arte\/\"},{\"@type\":\"ListItem\",\"position\":2,\"name\":\"V\u00eddeos\"}]},{\"@type\":\"WebSite\",\"@id\":\"http:\/\/portaleducacao.guarulhos.sp.gov.br\/wp_site\/arte\/#website\",\"url\":\"http:\/\/portaleducacao.guarulhos.sp.gov.br\/wp_site\/arte\/\",\"name\":\"\",\"description\":\"\",\"potentialAction\":[{\"@type\":\"SearchAction\",\"target\":{\"@type\":\"EntryPoint\",\"urlTemplate\":\"http:\/\/portaleducacao.guarulhos.sp.gov.br\/wp_site\/arte\/?s={search_term_string}\"},\"query-input\":\"required name=search_term_string\"}],\"inLanguage\":\"pt-BR\"}]}<\/script>\r\n<!-- \/ Yoast SEO plugin. -->","yoast_head_json":{"title":"V\u00eddeos -","robots":{"index":"index","follow":"follow","max-snippet":"max-snippet:-1","max-image-preview":"max-image-preview:large","max-video-preview":"max-video-preview:-1"},"canonical":"http:\/\/portaleducacao.guarulhos.sp.gov.br\/wp_site\/arte\/videos\/","og_locale":"pt_BR","og_type":"article","og_title":"V\u00eddeos -","og_description":"De crian\u00e7a para crian\u00e7a &#8211; O planeta dos rob\u00f4s De crian\u00e7a para crian\u00e7a &#8211; O bafo do pr\u00edncipe De crian\u00e7a para crian\u00e7a &#8211; O ovo o os dinossauros Geringon\u00e7as para &hellip; Continue lendo \"V\u00eddeos\"","og_url":"http:\/\/portaleducacao.guarulhos.sp.gov.br\/wp_site\/arte\/videos\/","article_modified_time":"2021-10-04T17:47:46+00:00","twitter_card":"summary_large_image","twitter_misc":{"Est. tempo de leitura":"1 minuto"},"schema":{"@context":"https:\/\/schema.org","@graph":[{"@type":"WebPage","@id":"http:\/\/portaleducacao.guarulhos.sp.gov.br\/wp_site\/arte\/videos\/","url":"http:\/\/portaleducacao.guarulhos.sp.gov.br\/wp_site\/arte\/videos\/","name":"V\u00eddeos -","isPartOf":{"@id":"http:\/\/portaleducacao.guarulhos.sp.gov.br\/wp_site\/arte\/#website"},"datePublished":"2021-09-02T17:44:41+00:00","dateModified":"2021-10-04T17:47:46+00:00","breadcrumb":{"@id":"http:\/\/portaleducacao.guarulhos.sp.gov.br\/wp_site\/arte\/videos\/#breadcrumb"},"inLanguage":"pt-BR","potentialAction":[{"@type":"ReadAction","target":["http:\/\/portaleducacao.guarulhos.sp.gov.br\/wp_site\/arte\/videos\/"]}]},{"@type":"BreadcrumbList","@id":"http:\/\/portaleducacao.guarulhos.sp.gov.br\/wp_site\/arte\/videos\/#breadcrumb","itemListElement":[{"@type":"ListItem","position":1,"name":"In\u00edcio","item":"http:\/\/portaleducacao.guarulhos.sp.gov.br\/wp_site\/arte\/"},{"@type":"ListItem","position":2,"name":"V\u00eddeos"}]},{"@type":"WebSite","@id":"http:\/\/portaleducacao.guarulhos.sp.gov.br\/wp_site\/arte\/#website","url":"http:\/\/portaleducacao.guarulhos.sp.gov.br\/wp_site\/arte\/","name":"","description":"","potentialAction":[{"@type":"SearchAction","target":{"@type":"EntryPoint","urlTemplate":"http:\/\/portaleducacao.guarulhos.sp.gov.br\/wp_site\/arte\/?s={search_term_string}"},"query-input":"required name=search_term_string"}],"inLanguage":"pt-BR"}]}},"_links":{"self":[{"href":"http:\/\/portaleducacao.guarulhos.sp.gov.br\/wp_site\/arte\/wp-json\/wp\/v2\/pages\/15"}],"collection":[{"href":"http:\/\/portaleducacao.guarulhos.sp.gov.br\/wp_site\/arte\/wp-json\/wp\/v2\/pages"}],"about":[{"href":"http:\/\/portaleducacao.guarulhos.sp.gov.br\/wp_site\/arte\/wp-json\/wp\/v2\/types\/page"}],"author":[{"embeddable":true,"href":"http:\/\/portaleducacao.guarulhos.sp.gov.br\/wp_site\/arte\/wp-json\/wp\/v2\/users\/13"}],"replies":[{"embeddable":true,"href":"http:\/\/portaleducacao.guarulhos.sp.gov.br\/wp_site\/arte\/wp-json\/wp\/v2\/comments?post=15"}],"version-history":[{"count":5,"href":"http:\/\/portaleducacao.guarulhos.sp.gov.br\/wp_site\/arte\/wp-json\/wp\/v2\/pages\/15\/revisions"}],"predecessor-version":[{"id":92,"href":"http:\/\/portaleducacao.guarulhos.sp.gov.br\/wp_site\/arte\/wp-json\/wp\/v2\/pages\/15\/revisions\/92"}],"wp:attachment":[{"href":"http:\/\/portaleducacao.guarulhos.sp.gov.br\/wp_site\/arte\/wp-json\/wp\/v2\/media?parent=15"}],"wp:term":[{"taxonomy":"category","embeddable":true,"href":"http:\/\/portaleducacao.guarulhos.sp.gov.br\/wp_site\/arte\/wp-json\/wp\/v2\/categories?post=15"},{"taxonomy":"post_tag","embeddable":true,"href":"http:\/\/portaleducacao.guarulhos.sp.gov.br\/wp_site\/arte\/wp-json\/wp\/v2\/tags?post=15"}],"curies":[{"name":"wp","href":"https:\/\/api.w.org\/{rel}","templated":true}]}}