{"id":184,"date":"2021-12-06T13:01:05","date_gmt":"2021-12-06T15:01:05","guid":{"rendered":"http:\/\/portaleducacao.guarulhos.sp.gov.br\/wp_site\/arte\/?page_id=184"},"modified":"2021-12-07T09:30:43","modified_gmt":"2021-12-07T11:30:43","slug":"samuel-7-anos","status":"publish","type":"page","link":"http:\/\/portaleducacao.guarulhos.sp.gov.br\/wp_site\/arte\/galeria\/acervo-2021\/samuel-7-anos\/","title":{"rendered":"Samuel, 7 anos"},"content":{"rendered":"\n<figure class=\"wp-block-image size-large is-resized\"><img loading=\"lazy\" src=\"http:\/\/portaleducacao.guarulhos.sp.gov.br\/wp_site\/arte\/wp-content\/uploads\/sites\/12\/2021\/12\/samuel_7-edited.jpg\" alt=\"\" class=\"wp-image-186\" width=\"435\" height=\"435\" srcset=\"http:\/\/portaleducacao.guarulhos.sp.gov.br\/wp_site\/arte\/wp-content\/uploads\/sites\/12\/2021\/12\/samuel_7-edited.jpg 720w, http:\/\/portaleducacao.guarulhos.sp.gov.br\/wp_site\/arte\/wp-content\/uploads\/sites\/12\/2021\/12\/samuel_7-edited-300x300.jpg 300w, http:\/\/portaleducacao.guarulhos.sp.gov.br\/wp_site\/arte\/wp-content\/uploads\/sites\/12\/2021\/12\/samuel_7-edited-150x150.jpg 150w, http:\/\/portaleducacao.guarulhos.sp.gov.br\/wp_site\/arte\/wp-content\/uploads\/sites\/12\/2021\/12\/samuel_7-edited-100x100.jpg 100w\" sizes=\"(max-width: 435px) 100vw, 435px\" \/><\/figure>\n\n\n\n<p>&#8220;Segundo o Samuel: <\/p>\n\n\n\n<p><em>&#8211; Meu desenho \u00e9 a Arlequina com o cachorro dela, passeando no ar livre. Arlequina \u00e9 muito malvada, \u00e9 uma vil\u00e3 e ela tem um namorado que \u00e9 o Coringa.<\/em><\/p>\n\n\n\n<p>Mostrou no seu desenho, a descoberta da rela\u00e7\u00e3o entre desenho, pensamento e realidade. Tra\u00e7os mais definidos, centralizou mais o seu desenho, representando uma rela\u00e7\u00e3o com o momento presente, apresenta a figura humana com cabe\u00e7a, corpo, bra\u00e7os e pernas.<\/p>\n\n\n\n<p>Nesta fase, os desenhos das crian\u00e7as representam o mundo que a circunda, como \u00e1rvores, casas, pessoas, desenhos animados, etc&#8230;&nbsp; No desenho&nbsp; do Samuel, cada imagem \u00e9 constitu\u00edda em si com grande resolu\u00e7\u00e3o expressiva. Cada imagem possui uma dimens\u00e3o que importa em si. \u00c9 um exemplo de liberdade de cria\u00e7\u00e3o, pois a crian\u00e7a d\u00e1 uma resolu\u00e7\u00e3o pr\u00f3pria aos personagens de quadrinhos, anima\u00e7\u00f5es e filmes da DC (Detective Comics). Observe a mem\u00f3ria das cores rosa e azul da Arlequina e como Samuel a apresenta em nova vers\u00e3o: doce.&#8221;<\/p>\n\n\n\n<p class=\"has-text-align-right\"><em><strong>Professora Edilene Maria de Sousa<\/strong><\/em><\/p>\n","protected":false},"excerpt":{"rendered":"<p>&#8220;Segundo o Samuel: &#8211; Meu desenho \u00e9 a Arlequina com o cachorro dela, passeando no ar livre. Arlequina \u00e9 muito malvada, \u00e9 uma vil\u00e3 e ela tem um namorado que &hellip; <\/p>\n<p class=\"link-more\"><a href=\"http:\/\/portaleducacao.guarulhos.sp.gov.br\/wp_site\/arte\/galeria\/acervo-2021\/samuel-7-anos\/\" class=\"more-link\">Continue lendo<span class=\"screen-reader-text\"> &#8220;Samuel, 7 anos&#8221;<\/span><\/a><\/p>\n","protected":false},"author":13,"featured_media":0,"parent":95,"menu_order":0,"comment_status":"open","ping_status":"closed","template":"","meta":{"_monsterinsights_skip_tracking":false,"_monsterinsights_sitenote_active":false,"_monsterinsights_sitenote_note":"","_monsterinsights_sitenote_category":0,"_expiration-date-status":"","_expiration-date":0,"_expiration-date-type":"","_expiration-date-categories":[],"_expiration-date-options":[]},"categories":[],"tags":[],"yoast_head":"<!-- This site is optimized with the Yoast SEO plugin v19.7.1 - https:\/\/yoast.com\/wordpress\/plugins\/seo\/ -->\r\n<title>Samuel, 7 anos -<\/title>\r\n<meta name=\"robots\" content=\"index, follow, max-snippet:-1, max-image-preview:large, max-video-preview:-1\" \/>\r\n<link rel=\"canonical\" href=\"http:\/\/portaleducacao.guarulhos.sp.gov.br\/wp_site\/arte\/galeria\/acervo-2021\/samuel-7-anos\/\" \/>\r\n<meta property=\"og:locale\" content=\"pt_BR\" \/>\r\n<meta property=\"og:type\" content=\"article\" \/>\r\n<meta property=\"og:title\" content=\"Samuel, 7 anos -\" \/>\r\n<meta property=\"og:description\" content=\"&#8220;Segundo o Samuel: &#8211; Meu desenho \u00e9 a Arlequina com o cachorro dela, passeando no ar livre. Arlequina \u00e9 muito malvada, \u00e9 uma vil\u00e3 e ela tem um namorado que &hellip; Continue lendo &quot;Samuel, 7 anos&quot;\" \/>\r\n<meta property=\"og:url\" content=\"http:\/\/portaleducacao.guarulhos.sp.gov.br\/wp_site\/arte\/galeria\/acervo-2021\/samuel-7-anos\/\" \/>\r\n<meta property=\"article:modified_time\" content=\"2021-12-07T11:30:43+00:00\" \/>\r\n<meta property=\"og:image\" content=\"http:\/\/portaleducacao.guarulhos.sp.gov.br\/wp_site\/arte\/wp-content\/uploads\/sites\/12\/2021\/12\/samuel_7-edited.jpg\" \/>\r\n<meta name=\"twitter:card\" content=\"summary_large_image\" \/>\r\n<meta name=\"twitter:label1\" content=\"Est. tempo de leitura\" \/>\n\t<meta name=\"twitter:data1\" content=\"1 minuto\" \/>\r\n<script type=\"application\/ld+json\" class=\"yoast-schema-graph\">{\"@context\":\"https:\/\/schema.org\",\"@graph\":[{\"@type\":\"WebPage\",\"@id\":\"http:\/\/portaleducacao.guarulhos.sp.gov.br\/wp_site\/arte\/galeria\/acervo-2021\/samuel-7-anos\/\",\"url\":\"http:\/\/portaleducacao.guarulhos.sp.gov.br\/wp_site\/arte\/galeria\/acervo-2021\/samuel-7-anos\/\",\"name\":\"Samuel, 7 anos -\",\"isPartOf\":{\"@id\":\"http:\/\/portaleducacao.guarulhos.sp.gov.br\/wp_site\/arte\/#website\"},\"datePublished\":\"2021-12-06T15:01:05+00:00\",\"dateModified\":\"2021-12-07T11:30:43+00:00\",\"breadcrumb\":{\"@id\":\"http:\/\/portaleducacao.guarulhos.sp.gov.br\/wp_site\/arte\/galeria\/acervo-2021\/samuel-7-anos\/#breadcrumb\"},\"inLanguage\":\"pt-BR\",\"potentialAction\":[{\"@type\":\"ReadAction\",\"target\":[\"http:\/\/portaleducacao.guarulhos.sp.gov.br\/wp_site\/arte\/galeria\/acervo-2021\/samuel-7-anos\/\"]}]},{\"@type\":\"BreadcrumbList\",\"@id\":\"http:\/\/portaleducacao.guarulhos.sp.gov.br\/wp_site\/arte\/galeria\/acervo-2021\/samuel-7-anos\/#breadcrumb\",\"itemListElement\":[{\"@type\":\"ListItem\",\"position\":1,\"name\":\"In\u00edcio\",\"item\":\"http:\/\/portaleducacao.guarulhos.sp.gov.br\/wp_site\/arte\/\"},{\"@type\":\"ListItem\",\"position\":2,\"name\":\"Galeria\",\"item\":\"http:\/\/portaleducacao.guarulhos.sp.gov.br\/wp_site\/arte\/galeria\/\"},{\"@type\":\"ListItem\",\"position\":3,\"name\":\"Acervo 2021\",\"item\":\"http:\/\/portaleducacao.guarulhos.sp.gov.br\/wp_site\/arte\/galeria\/acervo-2021\/\"},{\"@type\":\"ListItem\",\"position\":4,\"name\":\"Samuel, 7 anos\"}]},{\"@type\":\"WebSite\",\"@id\":\"http:\/\/portaleducacao.guarulhos.sp.gov.br\/wp_site\/arte\/#website\",\"url\":\"http:\/\/portaleducacao.guarulhos.sp.gov.br\/wp_site\/arte\/\",\"name\":\"\",\"description\":\"\",\"potentialAction\":[{\"@type\":\"SearchAction\",\"target\":{\"@type\":\"EntryPoint\",\"urlTemplate\":\"http:\/\/portaleducacao.guarulhos.sp.gov.br\/wp_site\/arte\/?s={search_term_string}\"},\"query-input\":\"required name=search_term_string\"}],\"inLanguage\":\"pt-BR\"}]}<\/script>\r\n<!-- \/ Yoast SEO plugin. -->","yoast_head_json":{"title":"Samuel, 7 anos -","robots":{"index":"index","follow":"follow","max-snippet":"max-snippet:-1","max-image-preview":"max-image-preview:large","max-video-preview":"max-video-preview:-1"},"canonical":"http:\/\/portaleducacao.guarulhos.sp.gov.br\/wp_site\/arte\/galeria\/acervo-2021\/samuel-7-anos\/","og_locale":"pt_BR","og_type":"article","og_title":"Samuel, 7 anos -","og_description":"&#8220;Segundo o Samuel: &#8211; Meu desenho \u00e9 a Arlequina com o cachorro dela, passeando no ar livre. Arlequina \u00e9 muito malvada, \u00e9 uma vil\u00e3 e ela tem um namorado que &hellip; Continue lendo \"Samuel, 7 anos\"","og_url":"http:\/\/portaleducacao.guarulhos.sp.gov.br\/wp_site\/arte\/galeria\/acervo-2021\/samuel-7-anos\/","article_modified_time":"2021-12-07T11:30:43+00:00","og_image":[{"url":"http:\/\/portaleducacao.guarulhos.sp.gov.br\/wp_site\/arte\/wp-content\/uploads\/sites\/12\/2021\/12\/samuel_7-edited.jpg"}],"twitter_card":"summary_large_image","twitter_misc":{"Est. tempo de leitura":"1 minuto"},"schema":{"@context":"https:\/\/schema.org","@graph":[{"@type":"WebPage","@id":"http:\/\/portaleducacao.guarulhos.sp.gov.br\/wp_site\/arte\/galeria\/acervo-2021\/samuel-7-anos\/","url":"http:\/\/portaleducacao.guarulhos.sp.gov.br\/wp_site\/arte\/galeria\/acervo-2021\/samuel-7-anos\/","name":"Samuel, 7 anos -","isPartOf":{"@id":"http:\/\/portaleducacao.guarulhos.sp.gov.br\/wp_site\/arte\/#website"},"datePublished":"2021-12-06T15:01:05+00:00","dateModified":"2021-12-07T11:30:43+00:00","breadcrumb":{"@id":"http:\/\/portaleducacao.guarulhos.sp.gov.br\/wp_site\/arte\/galeria\/acervo-2021\/samuel-7-anos\/#breadcrumb"},"inLanguage":"pt-BR","potentialAction":[{"@type":"ReadAction","target":["http:\/\/portaleducacao.guarulhos.sp.gov.br\/wp_site\/arte\/galeria\/acervo-2021\/samuel-7-anos\/"]}]},{"@type":"BreadcrumbList","@id":"http:\/\/portaleducacao.guarulhos.sp.gov.br\/wp_site\/arte\/galeria\/acervo-2021\/samuel-7-anos\/#breadcrumb","itemListElement":[{"@type":"ListItem","position":1,"name":"In\u00edcio","item":"http:\/\/portaleducacao.guarulhos.sp.gov.br\/wp_site\/arte\/"},{"@type":"ListItem","position":2,"name":"Galeria","item":"http:\/\/portaleducacao.guarulhos.sp.gov.br\/wp_site\/arte\/galeria\/"},{"@type":"ListItem","position":3,"name":"Acervo 2021","item":"http:\/\/portaleducacao.guarulhos.sp.gov.br\/wp_site\/arte\/galeria\/acervo-2021\/"},{"@type":"ListItem","position":4,"name":"Samuel, 7 anos"}]},{"@type":"WebSite","@id":"http:\/\/portaleducacao.guarulhos.sp.gov.br\/wp_site\/arte\/#website","url":"http:\/\/portaleducacao.guarulhos.sp.gov.br\/wp_site\/arte\/","name":"","description":"","potentialAction":[{"@type":"SearchAction","target":{"@type":"EntryPoint","urlTemplate":"http:\/\/portaleducacao.guarulhos.sp.gov.br\/wp_site\/arte\/?s={search_term_string}"},"query-input":"required name=search_term_string"}],"inLanguage":"pt-BR"}]}},"_links":{"self":[{"href":"http:\/\/portaleducacao.guarulhos.sp.gov.br\/wp_site\/arte\/wp-json\/wp\/v2\/pages\/184"}],"collection":[{"href":"http:\/\/portaleducacao.guarulhos.sp.gov.br\/wp_site\/arte\/wp-json\/wp\/v2\/pages"}],"about":[{"href":"http:\/\/portaleducacao.guarulhos.sp.gov.br\/wp_site\/arte\/wp-json\/wp\/v2\/types\/page"}],"author":[{"embeddable":true,"href":"http:\/\/portaleducacao.guarulhos.sp.gov.br\/wp_site\/arte\/wp-json\/wp\/v2\/users\/13"}],"replies":[{"embeddable":true,"href":"http:\/\/portaleducacao.guarulhos.sp.gov.br\/wp_site\/arte\/wp-json\/wp\/v2\/comments?post=184"}],"version-history":[{"count":3,"href":"http:\/\/portaleducacao.guarulhos.sp.gov.br\/wp_site\/arte\/wp-json\/wp\/v2\/pages\/184\/revisions"}],"predecessor-version":[{"id":286,"href":"http:\/\/portaleducacao.guarulhos.sp.gov.br\/wp_site\/arte\/wp-json\/wp\/v2\/pages\/184\/revisions\/286"}],"up":[{"embeddable":true,"href":"http:\/\/portaleducacao.guarulhos.sp.gov.br\/wp_site\/arte\/wp-json\/wp\/v2\/pages\/95"}],"wp:attachment":[{"href":"http:\/\/portaleducacao.guarulhos.sp.gov.br\/wp_site\/arte\/wp-json\/wp\/v2\/media?parent=184"}],"wp:term":[{"taxonomy":"category","embeddable":true,"href":"http:\/\/portaleducacao.guarulhos.sp.gov.br\/wp_site\/arte\/wp-json\/wp\/v2\/categories?post=184"},{"taxonomy":"post_tag","embeddable":true,"href":"http:\/\/portaleducacao.guarulhos.sp.gov.br\/wp_site\/arte\/wp-json\/wp\/v2\/tags?post=184"}],"curies":[{"name":"wp","href":"https:\/\/api.w.org\/{rel}","templated":true}]}}