{"id":193,"date":"2021-12-06T13:08:42","date_gmt":"2021-12-06T15:08:42","guid":{"rendered":"http:\/\/portaleducacao.guarulhos.sp.gov.br\/wp_site\/arte\/?page_id=193"},"modified":"2021-12-07T09:44:28","modified_gmt":"2021-12-07T11:44:28","slug":"luis-felipe-7-anos","status":"publish","type":"page","link":"http:\/\/portaleducacao.guarulhos.sp.gov.br\/wp_site\/arte\/galeria\/acervo-2021\/luis-felipe-7-anos\/","title":{"rendered":"Luis Felipe, 7 anos"},"content":{"rendered":"\n<figure class=\"wp-block-image size-large is-resized\"><img loading=\"lazy\" src=\"http:\/\/portaleducacao.guarulhos.sp.gov.br\/wp_site\/arte\/wp-content\/uploads\/sites\/12\/2021\/12\/LuisFelipe_7anos-2-645x1024.jpg\" alt=\"\" class=\"wp-image-182\" width=\"485\" height=\"770\" srcset=\"http:\/\/portaleducacao.guarulhos.sp.gov.br\/wp_site\/arte\/wp-content\/uploads\/sites\/12\/2021\/12\/LuisFelipe_7anos-2-645x1024.jpg 645w, http:\/\/portaleducacao.guarulhos.sp.gov.br\/wp_site\/arte\/wp-content\/uploads\/sites\/12\/2021\/12\/LuisFelipe_7anos-2-189x300.jpg 189w, http:\/\/portaleducacao.guarulhos.sp.gov.br\/wp_site\/arte\/wp-content\/uploads\/sites\/12\/2021\/12\/LuisFelipe_7anos-2-768x1220.jpg 768w, http:\/\/portaleducacao.guarulhos.sp.gov.br\/wp_site\/arte\/wp-content\/uploads\/sites\/12\/2021\/12\/LuisFelipe_7anos-2.jpg 916w\" sizes=\"(max-width: 485px) 100vw, 485px\" \/><\/figure>\n\n\n\n<p>&#8220;Luiz Felipe disse o que o desenho significa: <\/p>\n\n\n\n<p><em>&#8211; Toda noite ao rezar eu pe\u00e7o para Deus proteger a minha m\u00e3e, o pai e a irm\u00e3; e dar uma casinha para a fam\u00edlia.<\/em><\/p>\n\n\n\n<p>Consegue representar os objetos reais partindo de uma resolu\u00e7\u00e3o gr\u00e1fica de desnehar casa, nuvem, sol, ponte e grama.&nbsp;<\/p>\n\n\n\n<p>Ocupou verticalmente a folha com uma quebra horizontal ao ch\u00e3o, mostra certa proporcionalidade entre os elementos. A casa parece voar, mas parece sugerir um ch\u00e3o que o nosso olhar continua. Come\u00e7a a descobrir a exist\u00eancia de uma ordem definida nas rela\u00e7\u00f5es espaciais e a utiliza\u00e7\u00e3o do ch\u00e3o para colocar os demais elementos. J\u00e1 faz uma rela\u00e7\u00e3o entre objeto e cor.<\/p>\n\n\n\n<p>Talvez o tamanho da casa evidencie o desejo em consegui-la.<\/p>\n\n\n\n<p>A casa \u00e9 central com uma chamin\u00e9 presente nas hist\u00f3rias de livros infantis e desenhos animados. O que parece uma composi\u00e7\u00e3o sim\u00e9trica \u00e9 rompida com a quebra do espelhamento pelo sol e pelo declive de telhado.&nbsp;&#8220;<\/p>\n\n\n\n<p class=\"has-text-align-right\"><strong><em>Professora Edilene Maria de Sousa<\/em><\/strong><\/p>\n","protected":false},"excerpt":{"rendered":"<p>&#8220;Luiz Felipe disse o que o desenho significa: &#8211; Toda noite ao rezar eu pe\u00e7o para Deus proteger a minha m\u00e3e, o pai e a irm\u00e3; e dar uma casinha &hellip; <\/p>\n<p class=\"link-more\"><a href=\"http:\/\/portaleducacao.guarulhos.sp.gov.br\/wp_site\/arte\/galeria\/acervo-2021\/luis-felipe-7-anos\/\" class=\"more-link\">Continue lendo<span class=\"screen-reader-text\"> &#8220;Luis Felipe, 7 anos&#8221;<\/span><\/a><\/p>\n","protected":false},"author":13,"featured_media":0,"parent":95,"menu_order":0,"comment_status":"open","ping_status":"closed","template":"","meta":{"_monsterinsights_skip_tracking":false,"_monsterinsights_sitenote_active":false,"_monsterinsights_sitenote_note":"","_monsterinsights_sitenote_category":0,"_expiration-date-status":"","_expiration-date":0,"_expiration-date-type":"","_expiration-date-categories":[],"_expiration-date-options":[]},"categories":[],"tags":[],"yoast_head":"<!-- This site is optimized with the Yoast SEO plugin v19.7.1 - https:\/\/yoast.com\/wordpress\/plugins\/seo\/ -->\r\n<title>Luis Felipe, 7 anos -<\/title>\r\n<meta name=\"robots\" content=\"index, follow, max-snippet:-1, max-image-preview:large, max-video-preview:-1\" \/>\r\n<link rel=\"canonical\" href=\"http:\/\/portaleducacao.guarulhos.sp.gov.br\/wp_site\/arte\/galeria\/acervo-2021\/luis-felipe-7-anos\/\" \/>\r\n<meta property=\"og:locale\" content=\"pt_BR\" \/>\r\n<meta property=\"og:type\" content=\"article\" \/>\r\n<meta property=\"og:title\" content=\"Luis Felipe, 7 anos -\" \/>\r\n<meta property=\"og:description\" content=\"&#8220;Luiz Felipe disse o que o desenho significa: &#8211; Toda noite ao rezar eu pe\u00e7o para Deus proteger a minha m\u00e3e, o pai e a irm\u00e3; e dar uma casinha &hellip; Continue lendo &quot;Luis Felipe, 7 anos&quot;\" \/>\r\n<meta property=\"og:url\" content=\"http:\/\/portaleducacao.guarulhos.sp.gov.br\/wp_site\/arte\/galeria\/acervo-2021\/luis-felipe-7-anos\/\" \/>\r\n<meta property=\"article:modified_time\" content=\"2021-12-07T11:44:28+00:00\" \/>\r\n<meta property=\"og:image\" content=\"http:\/\/portaleducacao.guarulhos.sp.gov.br\/wp_site\/arte\/wp-content\/uploads\/sites\/12\/2021\/12\/LuisFelipe_7anos-2-645x1024.jpg\" \/>\r\n<meta name=\"twitter:card\" content=\"summary_large_image\" \/>\r\n<meta name=\"twitter:label1\" content=\"Est. tempo de leitura\" \/>\n\t<meta name=\"twitter:data1\" content=\"1 minuto\" \/>\r\n<script type=\"application\/ld+json\" class=\"yoast-schema-graph\">{\"@context\":\"https:\/\/schema.org\",\"@graph\":[{\"@type\":\"WebPage\",\"@id\":\"http:\/\/portaleducacao.guarulhos.sp.gov.br\/wp_site\/arte\/galeria\/acervo-2021\/luis-felipe-7-anos\/\",\"url\":\"http:\/\/portaleducacao.guarulhos.sp.gov.br\/wp_site\/arte\/galeria\/acervo-2021\/luis-felipe-7-anos\/\",\"name\":\"Luis Felipe, 7 anos -\",\"isPartOf\":{\"@id\":\"http:\/\/portaleducacao.guarulhos.sp.gov.br\/wp_site\/arte\/#website\"},\"datePublished\":\"2021-12-06T15:08:42+00:00\",\"dateModified\":\"2021-12-07T11:44:28+00:00\",\"breadcrumb\":{\"@id\":\"http:\/\/portaleducacao.guarulhos.sp.gov.br\/wp_site\/arte\/galeria\/acervo-2021\/luis-felipe-7-anos\/#breadcrumb\"},\"inLanguage\":\"pt-BR\",\"potentialAction\":[{\"@type\":\"ReadAction\",\"target\":[\"http:\/\/portaleducacao.guarulhos.sp.gov.br\/wp_site\/arte\/galeria\/acervo-2021\/luis-felipe-7-anos\/\"]}]},{\"@type\":\"BreadcrumbList\",\"@id\":\"http:\/\/portaleducacao.guarulhos.sp.gov.br\/wp_site\/arte\/galeria\/acervo-2021\/luis-felipe-7-anos\/#breadcrumb\",\"itemListElement\":[{\"@type\":\"ListItem\",\"position\":1,\"name\":\"In\u00edcio\",\"item\":\"http:\/\/portaleducacao.guarulhos.sp.gov.br\/wp_site\/arte\/\"},{\"@type\":\"ListItem\",\"position\":2,\"name\":\"Galeria\",\"item\":\"http:\/\/portaleducacao.guarulhos.sp.gov.br\/wp_site\/arte\/galeria\/\"},{\"@type\":\"ListItem\",\"position\":3,\"name\":\"Acervo 2021\",\"item\":\"http:\/\/portaleducacao.guarulhos.sp.gov.br\/wp_site\/arte\/galeria\/acervo-2021\/\"},{\"@type\":\"ListItem\",\"position\":4,\"name\":\"Luis Felipe, 7 anos\"}]},{\"@type\":\"WebSite\",\"@id\":\"http:\/\/portaleducacao.guarulhos.sp.gov.br\/wp_site\/arte\/#website\",\"url\":\"http:\/\/portaleducacao.guarulhos.sp.gov.br\/wp_site\/arte\/\",\"name\":\"\",\"description\":\"\",\"potentialAction\":[{\"@type\":\"SearchAction\",\"target\":{\"@type\":\"EntryPoint\",\"urlTemplate\":\"http:\/\/portaleducacao.guarulhos.sp.gov.br\/wp_site\/arte\/?s={search_term_string}\"},\"query-input\":\"required name=search_term_string\"}],\"inLanguage\":\"pt-BR\"}]}<\/script>\r\n<!-- \/ Yoast SEO plugin. -->","yoast_head_json":{"title":"Luis Felipe, 7 anos -","robots":{"index":"index","follow":"follow","max-snippet":"max-snippet:-1","max-image-preview":"max-image-preview:large","max-video-preview":"max-video-preview:-1"},"canonical":"http:\/\/portaleducacao.guarulhos.sp.gov.br\/wp_site\/arte\/galeria\/acervo-2021\/luis-felipe-7-anos\/","og_locale":"pt_BR","og_type":"article","og_title":"Luis Felipe, 7 anos -","og_description":"&#8220;Luiz Felipe disse o que o desenho significa: &#8211; Toda noite ao rezar eu pe\u00e7o para Deus proteger a minha m\u00e3e, o pai e a irm\u00e3; e dar uma casinha &hellip; Continue lendo \"Luis Felipe, 7 anos\"","og_url":"http:\/\/portaleducacao.guarulhos.sp.gov.br\/wp_site\/arte\/galeria\/acervo-2021\/luis-felipe-7-anos\/","article_modified_time":"2021-12-07T11:44:28+00:00","og_image":[{"url":"http:\/\/portaleducacao.guarulhos.sp.gov.br\/wp_site\/arte\/wp-content\/uploads\/sites\/12\/2021\/12\/LuisFelipe_7anos-2-645x1024.jpg"}],"twitter_card":"summary_large_image","twitter_misc":{"Est. tempo de leitura":"1 minuto"},"schema":{"@context":"https:\/\/schema.org","@graph":[{"@type":"WebPage","@id":"http:\/\/portaleducacao.guarulhos.sp.gov.br\/wp_site\/arte\/galeria\/acervo-2021\/luis-felipe-7-anos\/","url":"http:\/\/portaleducacao.guarulhos.sp.gov.br\/wp_site\/arte\/galeria\/acervo-2021\/luis-felipe-7-anos\/","name":"Luis Felipe, 7 anos -","isPartOf":{"@id":"http:\/\/portaleducacao.guarulhos.sp.gov.br\/wp_site\/arte\/#website"},"datePublished":"2021-12-06T15:08:42+00:00","dateModified":"2021-12-07T11:44:28+00:00","breadcrumb":{"@id":"http:\/\/portaleducacao.guarulhos.sp.gov.br\/wp_site\/arte\/galeria\/acervo-2021\/luis-felipe-7-anos\/#breadcrumb"},"inLanguage":"pt-BR","potentialAction":[{"@type":"ReadAction","target":["http:\/\/portaleducacao.guarulhos.sp.gov.br\/wp_site\/arte\/galeria\/acervo-2021\/luis-felipe-7-anos\/"]}]},{"@type":"BreadcrumbList","@id":"http:\/\/portaleducacao.guarulhos.sp.gov.br\/wp_site\/arte\/galeria\/acervo-2021\/luis-felipe-7-anos\/#breadcrumb","itemListElement":[{"@type":"ListItem","position":1,"name":"In\u00edcio","item":"http:\/\/portaleducacao.guarulhos.sp.gov.br\/wp_site\/arte\/"},{"@type":"ListItem","position":2,"name":"Galeria","item":"http:\/\/portaleducacao.guarulhos.sp.gov.br\/wp_site\/arte\/galeria\/"},{"@type":"ListItem","position":3,"name":"Acervo 2021","item":"http:\/\/portaleducacao.guarulhos.sp.gov.br\/wp_site\/arte\/galeria\/acervo-2021\/"},{"@type":"ListItem","position":4,"name":"Luis Felipe, 7 anos"}]},{"@type":"WebSite","@id":"http:\/\/portaleducacao.guarulhos.sp.gov.br\/wp_site\/arte\/#website","url":"http:\/\/portaleducacao.guarulhos.sp.gov.br\/wp_site\/arte\/","name":"","description":"","potentialAction":[{"@type":"SearchAction","target":{"@type":"EntryPoint","urlTemplate":"http:\/\/portaleducacao.guarulhos.sp.gov.br\/wp_site\/arte\/?s={search_term_string}"},"query-input":"required name=search_term_string"}],"inLanguage":"pt-BR"}]}},"_links":{"self":[{"href":"http:\/\/portaleducacao.guarulhos.sp.gov.br\/wp_site\/arte\/wp-json\/wp\/v2\/pages\/193"}],"collection":[{"href":"http:\/\/portaleducacao.guarulhos.sp.gov.br\/wp_site\/arte\/wp-json\/wp\/v2\/pages"}],"about":[{"href":"http:\/\/portaleducacao.guarulhos.sp.gov.br\/wp_site\/arte\/wp-json\/wp\/v2\/types\/page"}],"author":[{"embeddable":true,"href":"http:\/\/portaleducacao.guarulhos.sp.gov.br\/wp_site\/arte\/wp-json\/wp\/v2\/users\/13"}],"replies":[{"embeddable":true,"href":"http:\/\/portaleducacao.guarulhos.sp.gov.br\/wp_site\/arte\/wp-json\/wp\/v2\/comments?post=193"}],"version-history":[{"count":2,"href":"http:\/\/portaleducacao.guarulhos.sp.gov.br\/wp_site\/arte\/wp-json\/wp\/v2\/pages\/193\/revisions"}],"predecessor-version":[{"id":293,"href":"http:\/\/portaleducacao.guarulhos.sp.gov.br\/wp_site\/arte\/wp-json\/wp\/v2\/pages\/193\/revisions\/293"}],"up":[{"embeddable":true,"href":"http:\/\/portaleducacao.guarulhos.sp.gov.br\/wp_site\/arte\/wp-json\/wp\/v2\/pages\/95"}],"wp:attachment":[{"href":"http:\/\/portaleducacao.guarulhos.sp.gov.br\/wp_site\/arte\/wp-json\/wp\/v2\/media?parent=193"}],"wp:term":[{"taxonomy":"category","embeddable":true,"href":"http:\/\/portaleducacao.guarulhos.sp.gov.br\/wp_site\/arte\/wp-json\/wp\/v2\/categories?post=193"},{"taxonomy":"post_tag","embeddable":true,"href":"http:\/\/portaleducacao.guarulhos.sp.gov.br\/wp_site\/arte\/wp-json\/wp\/v2\/tags?post=193"}],"curies":[{"name":"wp","href":"https:\/\/api.w.org\/{rel}","templated":true}]}}