{"id":207,"date":"2021-12-06T15:20:41","date_gmt":"2021-12-06T17:20:41","guid":{"rendered":"http:\/\/portaleducacao.guarulhos.sp.gov.br\/wp_site\/arte\/?page_id=207"},"modified":"2021-12-06T15:20:41","modified_gmt":"2021-12-06T17:20:41","slug":"ana-alice-3-anos","status":"publish","type":"page","link":"http:\/\/portaleducacao.guarulhos.sp.gov.br\/wp_site\/arte\/galeria\/acervo-2021\/ana-alice-3-anos\/","title":{"rendered":"Ana Alice, 3 anos"},"content":{"rendered":"\n<figure class=\"wp-block-image size-large is-resized\"><img loading=\"lazy\" src=\"http:\/\/portaleducacao.guarulhos.sp.gov.br\/wp_site\/arte\/wp-content\/uploads\/sites\/12\/2021\/11\/AnaAlice_3.png\" alt=\"\" class=\"wp-image-115\" width=\"502\" height=\"371\" srcset=\"http:\/\/portaleducacao.guarulhos.sp.gov.br\/wp_site\/arte\/wp-content\/uploads\/sites\/12\/2021\/11\/AnaAlice_3.png 476w, http:\/\/portaleducacao.guarulhos.sp.gov.br\/wp_site\/arte\/wp-content\/uploads\/sites\/12\/2021\/11\/AnaAlice_3-300x222.png 300w\" sizes=\"(max-width: 502px) 100vw, 502px\" \/><\/figure>\n\n\n\n<p>&#8220;A Ana Alice tem 3 anos. em seu \u00e1udio explica com muita propriedade os variados elementos que desenhou: repert\u00f3rio que podemos observar na imagem, j\u00e1 que distingue a localiza\u00e7\u00e3o de elementos como o sol, as nuvens e o arco-\u00edris no c\u00e9u e fixa uma flor no solo.<\/p>\n\n\n\n<p>Uma dualidade representativa e simb\u00f3lica das refer\u00eancias da Ana Alice est\u00e3o na figura com tra\u00e7os humanos de seu gigante (como rosto e cabelo) e seu gatinho desenhado muito pr\u00f3ximo ao solo, mas sem caracter\u00edsticas que possam confundi-lo com um ser humano. Desenhado a uma s\u00f3 linha \u00e9 sint\u00e9tico, expressivo e cada tra\u00e7o possui seu espa\u00e7o pr\u00f3prio na composi\u00e7\u00e3o. O sol detalhado em delicadas linhas em harmonia em suas dist\u00e2ncias em sua representa\u00e7\u00e3o an\u00edmica de rosto pr\u00f3prio e sorridente. Observe o perfil da flor e como Ana Alice surpreende cada novo elemento de tra\u00e7o \u00fanico no universo infantil.&#8221;<\/p>\n\n\n\n<p class=\"has-text-align-right\"><strong><em>Professoras Ednice e Michele<\/em><\/strong><\/p>\n","protected":false},"excerpt":{"rendered":"<p>&#8220;A Ana Alice tem 3 anos. em seu \u00e1udio explica com muita propriedade os variados elementos que desenhou: repert\u00f3rio que podemos observar na imagem, j\u00e1 que distingue a localiza\u00e7\u00e3o de &hellip; <\/p>\n<p class=\"link-more\"><a href=\"http:\/\/portaleducacao.guarulhos.sp.gov.br\/wp_site\/arte\/galeria\/acervo-2021\/ana-alice-3-anos\/\" class=\"more-link\">Continue lendo<span class=\"screen-reader-text\"> &#8220;Ana Alice, 3 anos&#8221;<\/span><\/a><\/p>\n","protected":false},"author":13,"featured_media":0,"parent":95,"menu_order":0,"comment_status":"open","ping_status":"closed","template":"","meta":{"_monsterinsights_skip_tracking":false,"_monsterinsights_sitenote_active":false,"_monsterinsights_sitenote_note":"","_monsterinsights_sitenote_category":0,"_expiration-date-status":"","_expiration-date":0,"_expiration-date-type":"","_expiration-date-categories":[],"_expiration-date-options":[]},"categories":[],"tags":[],"yoast_head":"<!-- This site is optimized with the Yoast SEO plugin v19.7.1 - https:\/\/yoast.com\/wordpress\/plugins\/seo\/ -->\r\n<title>Ana Alice, 3 anos -<\/title>\r\n<meta name=\"robots\" content=\"index, follow, max-snippet:-1, max-image-preview:large, max-video-preview:-1\" \/>\r\n<link rel=\"canonical\" href=\"http:\/\/portaleducacao.guarulhos.sp.gov.br\/wp_site\/arte\/galeria\/acervo-2021\/ana-alice-3-anos\/\" \/>\r\n<meta property=\"og:locale\" content=\"pt_BR\" \/>\r\n<meta property=\"og:type\" content=\"article\" \/>\r\n<meta property=\"og:title\" content=\"Ana Alice, 3 anos -\" \/>\r\n<meta property=\"og:description\" content=\"&#8220;A Ana Alice tem 3 anos. em seu \u00e1udio explica com muita propriedade os variados elementos que desenhou: repert\u00f3rio que podemos observar na imagem, j\u00e1 que distingue a localiza\u00e7\u00e3o de &hellip; Continue lendo &quot;Ana Alice, 3 anos&quot;\" \/>\r\n<meta property=\"og:url\" content=\"http:\/\/portaleducacao.guarulhos.sp.gov.br\/wp_site\/arte\/galeria\/acervo-2021\/ana-alice-3-anos\/\" \/>\r\n<meta property=\"og:image\" content=\"http:\/\/portaleducacao.guarulhos.sp.gov.br\/wp_site\/arte\/wp-content\/uploads\/sites\/12\/2021\/11\/AnaAlice_3.png\" \/>\r\n<meta name=\"twitter:card\" content=\"summary_large_image\" \/>\r\n<meta name=\"twitter:label1\" content=\"Est. tempo de leitura\" \/>\n\t<meta name=\"twitter:data1\" content=\"1 minuto\" \/>\r\n<script type=\"application\/ld+json\" class=\"yoast-schema-graph\">{\"@context\":\"https:\/\/schema.org\",\"@graph\":[{\"@type\":\"WebPage\",\"@id\":\"http:\/\/portaleducacao.guarulhos.sp.gov.br\/wp_site\/arte\/galeria\/acervo-2021\/ana-alice-3-anos\/\",\"url\":\"http:\/\/portaleducacao.guarulhos.sp.gov.br\/wp_site\/arte\/galeria\/acervo-2021\/ana-alice-3-anos\/\",\"name\":\"Ana Alice, 3 anos -\",\"isPartOf\":{\"@id\":\"http:\/\/portaleducacao.guarulhos.sp.gov.br\/wp_site\/arte\/#website\"},\"datePublished\":\"2021-12-06T17:20:41+00:00\",\"dateModified\":\"2021-12-06T17:20:41+00:00\",\"breadcrumb\":{\"@id\":\"http:\/\/portaleducacao.guarulhos.sp.gov.br\/wp_site\/arte\/galeria\/acervo-2021\/ana-alice-3-anos\/#breadcrumb\"},\"inLanguage\":\"pt-BR\",\"potentialAction\":[{\"@type\":\"ReadAction\",\"target\":[\"http:\/\/portaleducacao.guarulhos.sp.gov.br\/wp_site\/arte\/galeria\/acervo-2021\/ana-alice-3-anos\/\"]}]},{\"@type\":\"BreadcrumbList\",\"@id\":\"http:\/\/portaleducacao.guarulhos.sp.gov.br\/wp_site\/arte\/galeria\/acervo-2021\/ana-alice-3-anos\/#breadcrumb\",\"itemListElement\":[{\"@type\":\"ListItem\",\"position\":1,\"name\":\"In\u00edcio\",\"item\":\"http:\/\/portaleducacao.guarulhos.sp.gov.br\/wp_site\/arte\/\"},{\"@type\":\"ListItem\",\"position\":2,\"name\":\"Galeria\",\"item\":\"http:\/\/portaleducacao.guarulhos.sp.gov.br\/wp_site\/arte\/galeria\/\"},{\"@type\":\"ListItem\",\"position\":3,\"name\":\"Acervo 2021\",\"item\":\"http:\/\/portaleducacao.guarulhos.sp.gov.br\/wp_site\/arte\/galeria\/acervo-2021\/\"},{\"@type\":\"ListItem\",\"position\":4,\"name\":\"Ana Alice, 3 anos\"}]},{\"@type\":\"WebSite\",\"@id\":\"http:\/\/portaleducacao.guarulhos.sp.gov.br\/wp_site\/arte\/#website\",\"url\":\"http:\/\/portaleducacao.guarulhos.sp.gov.br\/wp_site\/arte\/\",\"name\":\"\",\"description\":\"\",\"potentialAction\":[{\"@type\":\"SearchAction\",\"target\":{\"@type\":\"EntryPoint\",\"urlTemplate\":\"http:\/\/portaleducacao.guarulhos.sp.gov.br\/wp_site\/arte\/?s={search_term_string}\"},\"query-input\":\"required name=search_term_string\"}],\"inLanguage\":\"pt-BR\"}]}<\/script>\r\n<!-- \/ Yoast SEO plugin. -->","yoast_head_json":{"title":"Ana Alice, 3 anos -","robots":{"index":"index","follow":"follow","max-snippet":"max-snippet:-1","max-image-preview":"max-image-preview:large","max-video-preview":"max-video-preview:-1"},"canonical":"http:\/\/portaleducacao.guarulhos.sp.gov.br\/wp_site\/arte\/galeria\/acervo-2021\/ana-alice-3-anos\/","og_locale":"pt_BR","og_type":"article","og_title":"Ana Alice, 3 anos -","og_description":"&#8220;A Ana Alice tem 3 anos. em seu \u00e1udio explica com muita propriedade os variados elementos que desenhou: repert\u00f3rio que podemos observar na imagem, j\u00e1 que distingue a localiza\u00e7\u00e3o de &hellip; Continue lendo \"Ana Alice, 3 anos\"","og_url":"http:\/\/portaleducacao.guarulhos.sp.gov.br\/wp_site\/arte\/galeria\/acervo-2021\/ana-alice-3-anos\/","og_image":[{"url":"http:\/\/portaleducacao.guarulhos.sp.gov.br\/wp_site\/arte\/wp-content\/uploads\/sites\/12\/2021\/11\/AnaAlice_3.png"}],"twitter_card":"summary_large_image","twitter_misc":{"Est. tempo de leitura":"1 minuto"},"schema":{"@context":"https:\/\/schema.org","@graph":[{"@type":"WebPage","@id":"http:\/\/portaleducacao.guarulhos.sp.gov.br\/wp_site\/arte\/galeria\/acervo-2021\/ana-alice-3-anos\/","url":"http:\/\/portaleducacao.guarulhos.sp.gov.br\/wp_site\/arte\/galeria\/acervo-2021\/ana-alice-3-anos\/","name":"Ana Alice, 3 anos -","isPartOf":{"@id":"http:\/\/portaleducacao.guarulhos.sp.gov.br\/wp_site\/arte\/#website"},"datePublished":"2021-12-06T17:20:41+00:00","dateModified":"2021-12-06T17:20:41+00:00","breadcrumb":{"@id":"http:\/\/portaleducacao.guarulhos.sp.gov.br\/wp_site\/arte\/galeria\/acervo-2021\/ana-alice-3-anos\/#breadcrumb"},"inLanguage":"pt-BR","potentialAction":[{"@type":"ReadAction","target":["http:\/\/portaleducacao.guarulhos.sp.gov.br\/wp_site\/arte\/galeria\/acervo-2021\/ana-alice-3-anos\/"]}]},{"@type":"BreadcrumbList","@id":"http:\/\/portaleducacao.guarulhos.sp.gov.br\/wp_site\/arte\/galeria\/acervo-2021\/ana-alice-3-anos\/#breadcrumb","itemListElement":[{"@type":"ListItem","position":1,"name":"In\u00edcio","item":"http:\/\/portaleducacao.guarulhos.sp.gov.br\/wp_site\/arte\/"},{"@type":"ListItem","position":2,"name":"Galeria","item":"http:\/\/portaleducacao.guarulhos.sp.gov.br\/wp_site\/arte\/galeria\/"},{"@type":"ListItem","position":3,"name":"Acervo 2021","item":"http:\/\/portaleducacao.guarulhos.sp.gov.br\/wp_site\/arte\/galeria\/acervo-2021\/"},{"@type":"ListItem","position":4,"name":"Ana Alice, 3 anos"}]},{"@type":"WebSite","@id":"http:\/\/portaleducacao.guarulhos.sp.gov.br\/wp_site\/arte\/#website","url":"http:\/\/portaleducacao.guarulhos.sp.gov.br\/wp_site\/arte\/","name":"","description":"","potentialAction":[{"@type":"SearchAction","target":{"@type":"EntryPoint","urlTemplate":"http:\/\/portaleducacao.guarulhos.sp.gov.br\/wp_site\/arte\/?s={search_term_string}"},"query-input":"required name=search_term_string"}],"inLanguage":"pt-BR"}]}},"_links":{"self":[{"href":"http:\/\/portaleducacao.guarulhos.sp.gov.br\/wp_site\/arte\/wp-json\/wp\/v2\/pages\/207"}],"collection":[{"href":"http:\/\/portaleducacao.guarulhos.sp.gov.br\/wp_site\/arte\/wp-json\/wp\/v2\/pages"}],"about":[{"href":"http:\/\/portaleducacao.guarulhos.sp.gov.br\/wp_site\/arte\/wp-json\/wp\/v2\/types\/page"}],"author":[{"embeddable":true,"href":"http:\/\/portaleducacao.guarulhos.sp.gov.br\/wp_site\/arte\/wp-json\/wp\/v2\/users\/13"}],"replies":[{"embeddable":true,"href":"http:\/\/portaleducacao.guarulhos.sp.gov.br\/wp_site\/arte\/wp-json\/wp\/v2\/comments?post=207"}],"version-history":[{"count":1,"href":"http:\/\/portaleducacao.guarulhos.sp.gov.br\/wp_site\/arte\/wp-json\/wp\/v2\/pages\/207\/revisions"}],"predecessor-version":[{"id":208,"href":"http:\/\/portaleducacao.guarulhos.sp.gov.br\/wp_site\/arte\/wp-json\/wp\/v2\/pages\/207\/revisions\/208"}],"up":[{"embeddable":true,"href":"http:\/\/portaleducacao.guarulhos.sp.gov.br\/wp_site\/arte\/wp-json\/wp\/v2\/pages\/95"}],"wp:attachment":[{"href":"http:\/\/portaleducacao.guarulhos.sp.gov.br\/wp_site\/arte\/wp-json\/wp\/v2\/media?parent=207"}],"wp:term":[{"taxonomy":"category","embeddable":true,"href":"http:\/\/portaleducacao.guarulhos.sp.gov.br\/wp_site\/arte\/wp-json\/wp\/v2\/categories?post=207"},{"taxonomy":"post_tag","embeddable":true,"href":"http:\/\/portaleducacao.guarulhos.sp.gov.br\/wp_site\/arte\/wp-json\/wp\/v2\/tags?post=207"}],"curies":[{"name":"wp","href":"https:\/\/api.w.org\/{rel}","templated":true}]}}