{"id":213,"date":"2021-12-06T15:36:52","date_gmt":"2021-12-06T17:36:52","guid":{"rendered":"http:\/\/portaleducacao.guarulhos.sp.gov.br\/wp_site\/arte\/?page_id=213"},"modified":"2021-12-07T09:47:25","modified_gmt":"2021-12-07T11:47:25","slug":"lorenzo-3-anos","status":"publish","type":"page","link":"http:\/\/portaleducacao.guarulhos.sp.gov.br\/wp_site\/arte\/galeria\/acervo-2021\/lorenzo-3-anos\/","title":{"rendered":"Lorenzo, 3 anos"},"content":{"rendered":"\n<figure class=\"wp-block-image size-large is-resized\"><img loading=\"lazy\" src=\"http:\/\/portaleducacao.guarulhos.sp.gov.br\/wp_site\/arte\/wp-content\/uploads\/sites\/12\/2021\/11\/lorenzo_3.jpg\" alt=\"\" class=\"wp-image-113\" width=\"530\" height=\"375\" srcset=\"http:\/\/portaleducacao.guarulhos.sp.gov.br\/wp_site\/arte\/wp-content\/uploads\/sites\/12\/2021\/11\/lorenzo_3.jpg 893w, http:\/\/portaleducacao.guarulhos.sp.gov.br\/wp_site\/arte\/wp-content\/uploads\/sites\/12\/2021\/11\/lorenzo_3-300x213.jpg 300w, http:\/\/portaleducacao.guarulhos.sp.gov.br\/wp_site\/arte\/wp-content\/uploads\/sites\/12\/2021\/11\/lorenzo_3-768x544.jpg 768w\" sizes=\"(max-width: 530px) 100vw, 530px\" \/><\/figure>\n\n\n\n<p>&#8220;Esse \u00e9 o monstro das cores bebendo \u00e1gua.<\/p>\n\n\n\n<p>Observamos o uso das linhas demonstrando movimento ao desenho, para tal a mistura de curvas e retas representam, juntamente com a mistura das cores dessas linhas, uma imagem assim\u00e9trica. Observe tamb\u00e9m como Lorenzo possui o gesto vertical, h\u00e1 brincadeiras de cores e a imagina\u00e7\u00e3o cria um monstro das cores com um tempo para beber a sua \u00e1gua, l\u00edquido de refra\u00e7\u00e3o de luz. \u00c9 poss\u00edvel observar as tantas camadas de sua cria\u00e7\u00e3o h\u00e1 imagens que se sobrep\u00f5em.<\/p>\n\n\n\n<figure class=\"wp-block-image size-large is-resized\"><img loading=\"lazy\" src=\"http:\/\/portaleducacao.guarulhos.sp.gov.br\/wp_site\/arte\/wp-content\/uploads\/sites\/12\/2021\/12\/lorenzo_3_2-edited.jpg\" alt=\"\" class=\"wp-image-216\" width=\"369\" height=\"230.625\" srcset=\"http:\/\/portaleducacao.guarulhos.sp.gov.br\/wp_site\/arte\/wp-content\/uploads\/sites\/12\/2021\/12\/lorenzo_3_2-edited.jpg 352w, http:\/\/portaleducacao.guarulhos.sp.gov.br\/wp_site\/arte\/wp-content\/uploads\/sites\/12\/2021\/12\/lorenzo_3_2-edited-300x188.jpg 300w\" sizes=\"(max-width: 352px) 100vw, 352px\" \/><\/figure>\n\n\n\n<p>Observamos a ocupa\u00e7\u00e3o do espa\u00e7o como foco da produ\u00e7\u00e3o. o uso de linhas retas verticais paralelas, de modo sim\u00e9trico. Algumas linhas curvas, que lembram uma espiral, aparecem nesse desenho, remetendo a um poss\u00edvel repert\u00f3rio que possui e originou sua obra.&nbsp;<\/p>\n\n\n\n<p>Ele desenhou um pirulito. em seu \u00e1udio fez quest\u00e3o de ressaltar que \u00e9 um pirulito que bate-bate. Folha de experimenta\u00e7\u00e3o de cor e de tra\u00e7os que se sobrep\u00f5em e se alternam ora paralelos, ora diagonais ziguezagueantes. Pirulitos coloridos&#8230;&#8221;<\/p>\n\n\n\n<p><\/p>\n\n\n\n<p class=\"has-text-align-right\"><strong><em>Professoras Ednice e Michele<\/em><\/strong><\/p>\n","protected":false},"excerpt":{"rendered":"<p>&#8220;Esse \u00e9 o monstro das cores bebendo \u00e1gua. Observamos o uso das linhas demonstrando movimento ao desenho, para tal a mistura de curvas e retas representam, juntamente com a mistura &hellip; <\/p>\n<p class=\"link-more\"><a href=\"http:\/\/portaleducacao.guarulhos.sp.gov.br\/wp_site\/arte\/galeria\/acervo-2021\/lorenzo-3-anos\/\" class=\"more-link\">Continue lendo<span class=\"screen-reader-text\"> &#8220;Lorenzo, 3 anos&#8221;<\/span><\/a><\/p>\n","protected":false},"author":13,"featured_media":0,"parent":95,"menu_order":0,"comment_status":"open","ping_status":"closed","template":"","meta":{"_monsterinsights_skip_tracking":false,"_monsterinsights_sitenote_active":false,"_monsterinsights_sitenote_note":"","_monsterinsights_sitenote_category":0,"_expiration-date-status":"","_expiration-date":0,"_expiration-date-type":"","_expiration-date-categories":[],"_expiration-date-options":[]},"categories":[],"tags":[],"yoast_head":"<!-- This site is optimized with the Yoast SEO plugin v19.7.1 - https:\/\/yoast.com\/wordpress\/plugins\/seo\/ -->\r\n<title>Lorenzo, 3 anos -<\/title>\r\n<meta name=\"robots\" content=\"index, follow, max-snippet:-1, max-image-preview:large, max-video-preview:-1\" \/>\r\n<link rel=\"canonical\" href=\"http:\/\/portaleducacao.guarulhos.sp.gov.br\/wp_site\/arte\/galeria\/acervo-2021\/lorenzo-3-anos\/\" \/>\r\n<meta property=\"og:locale\" content=\"pt_BR\" \/>\r\n<meta property=\"og:type\" content=\"article\" \/>\r\n<meta property=\"og:title\" content=\"Lorenzo, 3 anos -\" \/>\r\n<meta property=\"og:description\" content=\"&#8220;Esse \u00e9 o monstro das cores bebendo \u00e1gua. Observamos o uso das linhas demonstrando movimento ao desenho, para tal a mistura de curvas e retas representam, juntamente com a mistura &hellip; Continue lendo &quot;Lorenzo, 3 anos&quot;\" \/>\r\n<meta property=\"og:url\" content=\"http:\/\/portaleducacao.guarulhos.sp.gov.br\/wp_site\/arte\/galeria\/acervo-2021\/lorenzo-3-anos\/\" \/>\r\n<meta property=\"article:modified_time\" content=\"2021-12-07T11:47:25+00:00\" \/>\r\n<meta property=\"og:image\" content=\"http:\/\/portaleducacao.guarulhos.sp.gov.br\/wp_site\/arte\/wp-content\/uploads\/sites\/12\/2021\/11\/lorenzo_3.jpg\" \/>\r\n<meta name=\"twitter:card\" content=\"summary_large_image\" \/>\r\n<meta name=\"twitter:label1\" content=\"Est. tempo de leitura\" \/>\n\t<meta name=\"twitter:data1\" content=\"1 minuto\" \/>\r\n<script type=\"application\/ld+json\" class=\"yoast-schema-graph\">{\"@context\":\"https:\/\/schema.org\",\"@graph\":[{\"@type\":\"WebPage\",\"@id\":\"http:\/\/portaleducacao.guarulhos.sp.gov.br\/wp_site\/arte\/galeria\/acervo-2021\/lorenzo-3-anos\/\",\"url\":\"http:\/\/portaleducacao.guarulhos.sp.gov.br\/wp_site\/arte\/galeria\/acervo-2021\/lorenzo-3-anos\/\",\"name\":\"Lorenzo, 3 anos -\",\"isPartOf\":{\"@id\":\"http:\/\/portaleducacao.guarulhos.sp.gov.br\/wp_site\/arte\/#website\"},\"datePublished\":\"2021-12-06T17:36:52+00:00\",\"dateModified\":\"2021-12-07T11:47:25+00:00\",\"breadcrumb\":{\"@id\":\"http:\/\/portaleducacao.guarulhos.sp.gov.br\/wp_site\/arte\/galeria\/acervo-2021\/lorenzo-3-anos\/#breadcrumb\"},\"inLanguage\":\"pt-BR\",\"potentialAction\":[{\"@type\":\"ReadAction\",\"target\":[\"http:\/\/portaleducacao.guarulhos.sp.gov.br\/wp_site\/arte\/galeria\/acervo-2021\/lorenzo-3-anos\/\"]}]},{\"@type\":\"BreadcrumbList\",\"@id\":\"http:\/\/portaleducacao.guarulhos.sp.gov.br\/wp_site\/arte\/galeria\/acervo-2021\/lorenzo-3-anos\/#breadcrumb\",\"itemListElement\":[{\"@type\":\"ListItem\",\"position\":1,\"name\":\"In\u00edcio\",\"item\":\"http:\/\/portaleducacao.guarulhos.sp.gov.br\/wp_site\/arte\/\"},{\"@type\":\"ListItem\",\"position\":2,\"name\":\"Galeria\",\"item\":\"http:\/\/portaleducacao.guarulhos.sp.gov.br\/wp_site\/arte\/galeria\/\"},{\"@type\":\"ListItem\",\"position\":3,\"name\":\"Acervo 2021\",\"item\":\"http:\/\/portaleducacao.guarulhos.sp.gov.br\/wp_site\/arte\/galeria\/acervo-2021\/\"},{\"@type\":\"ListItem\",\"position\":4,\"name\":\"Lorenzo, 3 anos\"}]},{\"@type\":\"WebSite\",\"@id\":\"http:\/\/portaleducacao.guarulhos.sp.gov.br\/wp_site\/arte\/#website\",\"url\":\"http:\/\/portaleducacao.guarulhos.sp.gov.br\/wp_site\/arte\/\",\"name\":\"\",\"description\":\"\",\"potentialAction\":[{\"@type\":\"SearchAction\",\"target\":{\"@type\":\"EntryPoint\",\"urlTemplate\":\"http:\/\/portaleducacao.guarulhos.sp.gov.br\/wp_site\/arte\/?s={search_term_string}\"},\"query-input\":\"required name=search_term_string\"}],\"inLanguage\":\"pt-BR\"}]}<\/script>\r\n<!-- \/ Yoast SEO plugin. -->","yoast_head_json":{"title":"Lorenzo, 3 anos -","robots":{"index":"index","follow":"follow","max-snippet":"max-snippet:-1","max-image-preview":"max-image-preview:large","max-video-preview":"max-video-preview:-1"},"canonical":"http:\/\/portaleducacao.guarulhos.sp.gov.br\/wp_site\/arte\/galeria\/acervo-2021\/lorenzo-3-anos\/","og_locale":"pt_BR","og_type":"article","og_title":"Lorenzo, 3 anos -","og_description":"&#8220;Esse \u00e9 o monstro das cores bebendo \u00e1gua. Observamos o uso das linhas demonstrando movimento ao desenho, para tal a mistura de curvas e retas representam, juntamente com a mistura &hellip; Continue lendo \"Lorenzo, 3 anos\"","og_url":"http:\/\/portaleducacao.guarulhos.sp.gov.br\/wp_site\/arte\/galeria\/acervo-2021\/lorenzo-3-anos\/","article_modified_time":"2021-12-07T11:47:25+00:00","og_image":[{"url":"http:\/\/portaleducacao.guarulhos.sp.gov.br\/wp_site\/arte\/wp-content\/uploads\/sites\/12\/2021\/11\/lorenzo_3.jpg"}],"twitter_card":"summary_large_image","twitter_misc":{"Est. tempo de leitura":"1 minuto"},"schema":{"@context":"https:\/\/schema.org","@graph":[{"@type":"WebPage","@id":"http:\/\/portaleducacao.guarulhos.sp.gov.br\/wp_site\/arte\/galeria\/acervo-2021\/lorenzo-3-anos\/","url":"http:\/\/portaleducacao.guarulhos.sp.gov.br\/wp_site\/arte\/galeria\/acervo-2021\/lorenzo-3-anos\/","name":"Lorenzo, 3 anos -","isPartOf":{"@id":"http:\/\/portaleducacao.guarulhos.sp.gov.br\/wp_site\/arte\/#website"},"datePublished":"2021-12-06T17:36:52+00:00","dateModified":"2021-12-07T11:47:25+00:00","breadcrumb":{"@id":"http:\/\/portaleducacao.guarulhos.sp.gov.br\/wp_site\/arte\/galeria\/acervo-2021\/lorenzo-3-anos\/#breadcrumb"},"inLanguage":"pt-BR","potentialAction":[{"@type":"ReadAction","target":["http:\/\/portaleducacao.guarulhos.sp.gov.br\/wp_site\/arte\/galeria\/acervo-2021\/lorenzo-3-anos\/"]}]},{"@type":"BreadcrumbList","@id":"http:\/\/portaleducacao.guarulhos.sp.gov.br\/wp_site\/arte\/galeria\/acervo-2021\/lorenzo-3-anos\/#breadcrumb","itemListElement":[{"@type":"ListItem","position":1,"name":"In\u00edcio","item":"http:\/\/portaleducacao.guarulhos.sp.gov.br\/wp_site\/arte\/"},{"@type":"ListItem","position":2,"name":"Galeria","item":"http:\/\/portaleducacao.guarulhos.sp.gov.br\/wp_site\/arte\/galeria\/"},{"@type":"ListItem","position":3,"name":"Acervo 2021","item":"http:\/\/portaleducacao.guarulhos.sp.gov.br\/wp_site\/arte\/galeria\/acervo-2021\/"},{"@type":"ListItem","position":4,"name":"Lorenzo, 3 anos"}]},{"@type":"WebSite","@id":"http:\/\/portaleducacao.guarulhos.sp.gov.br\/wp_site\/arte\/#website","url":"http:\/\/portaleducacao.guarulhos.sp.gov.br\/wp_site\/arte\/","name":"","description":"","potentialAction":[{"@type":"SearchAction","target":{"@type":"EntryPoint","urlTemplate":"http:\/\/portaleducacao.guarulhos.sp.gov.br\/wp_site\/arte\/?s={search_term_string}"},"query-input":"required name=search_term_string"}],"inLanguage":"pt-BR"}]}},"_links":{"self":[{"href":"http:\/\/portaleducacao.guarulhos.sp.gov.br\/wp_site\/arte\/wp-json\/wp\/v2\/pages\/213"}],"collection":[{"href":"http:\/\/portaleducacao.guarulhos.sp.gov.br\/wp_site\/arte\/wp-json\/wp\/v2\/pages"}],"about":[{"href":"http:\/\/portaleducacao.guarulhos.sp.gov.br\/wp_site\/arte\/wp-json\/wp\/v2\/types\/page"}],"author":[{"embeddable":true,"href":"http:\/\/portaleducacao.guarulhos.sp.gov.br\/wp_site\/arte\/wp-json\/wp\/v2\/users\/13"}],"replies":[{"embeddable":true,"href":"http:\/\/portaleducacao.guarulhos.sp.gov.br\/wp_site\/arte\/wp-json\/wp\/v2\/comments?post=213"}],"version-history":[{"count":3,"href":"http:\/\/portaleducacao.guarulhos.sp.gov.br\/wp_site\/arte\/wp-json\/wp\/v2\/pages\/213\/revisions"}],"predecessor-version":[{"id":294,"href":"http:\/\/portaleducacao.guarulhos.sp.gov.br\/wp_site\/arte\/wp-json\/wp\/v2\/pages\/213\/revisions\/294"}],"up":[{"embeddable":true,"href":"http:\/\/portaleducacao.guarulhos.sp.gov.br\/wp_site\/arte\/wp-json\/wp\/v2\/pages\/95"}],"wp:attachment":[{"href":"http:\/\/portaleducacao.guarulhos.sp.gov.br\/wp_site\/arte\/wp-json\/wp\/v2\/media?parent=213"}],"wp:term":[{"taxonomy":"category","embeddable":true,"href":"http:\/\/portaleducacao.guarulhos.sp.gov.br\/wp_site\/arte\/wp-json\/wp\/v2\/categories?post=213"},{"taxonomy":"post_tag","embeddable":true,"href":"http:\/\/portaleducacao.guarulhos.sp.gov.br\/wp_site\/arte\/wp-json\/wp\/v2\/tags?post=213"}],"curies":[{"name":"wp","href":"https:\/\/api.w.org\/{rel}","templated":true}]}}