{"id":31,"date":"2021-09-21T10:02:43","date_gmt":"2021-09-21T13:02:43","guid":{"rendered":"http:\/\/portaleducacao.guarulhos.sp.gov.br\/wp_site\/arte\/?page_id=31"},"modified":"2021-12-07T13:13:33","modified_gmt":"2021-12-07T15:13:33","slug":"apresentacao","status":"publish","type":"page","link":"http:\/\/portaleducacao.guarulhos.sp.gov.br\/wp_site\/arte\/o-museu\/apresentacao\/","title":{"rendered":"Quem somos"},"content":{"rendered":"\n<h4>O projeto \u00e9 uma parceria da Secretaria de Educa\u00e7\u00e3o e a Universidade Federal do Estado de S\u00e3o Paulo-UNIFESP, tendo como proposta a documenta\u00e7\u00e3o dos desenhos das crian\u00e7as.<br><\/h4>\n\n\n\n<figure class=\"wp-block-image size-large\"><img loading=\"lazy\" width=\"1024\" height=\"724\" src=\"http:\/\/portaleducacao.guarulhos.sp.gov.br\/wp_site\/arte\/wp-content\/uploads\/sites\/12\/2021\/12\/GerarImagem-1.jpg\" alt=\"\" class=\"wp-image-319\" srcset=\"http:\/\/portaleducacao.guarulhos.sp.gov.br\/wp_site\/arte\/wp-content\/uploads\/sites\/12\/2021\/12\/GerarImagem-1.jpg 1024w, http:\/\/portaleducacao.guarulhos.sp.gov.br\/wp_site\/arte\/wp-content\/uploads\/sites\/12\/2021\/12\/GerarImagem-1-300x212.jpg 300w, http:\/\/portaleducacao.guarulhos.sp.gov.br\/wp_site\/arte\/wp-content\/uploads\/sites\/12\/2021\/12\/GerarImagem-1-768x543.jpg 768w\" sizes=\"(max-width: 767px) 89vw, (max-width: 1000px) 54vw, (max-width: 1071px) 543px, 580px\" \/><\/figure>\n\n\n\n<h2 class=\"has-text-align-left has-normal-font-size\">O estudo e a pesquisa, com o intuito de construir uma iconografia desta<br>linguagem produzida pelas crian\u00e7as, culminou na constru\u00e7\u00e3o de um museu virtual, alimentado pelo trabalho desenvolvido por educadores da rede em parceria com a professora <em><strong>Bet\u00e2nia&nbsp;Libanio Dantas de Ara\u00fajo<\/strong><\/em> (UNIFESP), e do Departamento de Orienta\u00e7\u00f5es Educacionais e Pedag\u00f3gicas da Secretaria de Educa\u00e7\u00e3o (SE),&nbsp; por meio da Divis\u00e3o T\u00e9cnica de Arte-Educa\u00e7\u00e3o e da Divis\u00e3o T\u00e9cnica de Politicas para Educa\u00e7\u00e3o Infantil, que a partir de 2018, deu continuidade contribuindo tamb\u00e9m com o projeto. <\/h2>\n\n\n\n<h3><\/h3>\n\n\n\n<div class=\"wp-block-media-text alignwide is-stacked-on-mobile\" style=\"grid-template-columns:53% auto\"><figure class=\"wp-block-media-text__media\"><img loading=\"lazy\" width=\"299\" height=\"224\" src=\"http:\/\/portaleducacao.guarulhos.sp.gov.br\/wp_site\/arte\/wp-content\/uploads\/sites\/12\/2021\/12\/GerarImagem-2.png\" alt=\"\" class=\"wp-image-321\" \/><\/figure><div class=\"wp-block-media-text__content\">\n<h6 class=\"has-text-align-center has-medium-font-size\" id=\"block-83447651-a0ec-4c3c-aec4-f02bf4e25472\"><strong>Este site estar\u00e1<br>dispon\u00edvel para consulta e pesquisa, com textos, v\u00eddeos, e principalmente,<br>as produ\u00e7\u00f5es gr\u00e1ficas dos educandos da rede municipal.<\/strong><\/h6>\n<\/div><\/div>\n\n\n\n<p><\/p>\n","protected":false},"excerpt":{"rendered":"<p>O projeto \u00e9 uma parceria da Secretaria de Educa\u00e7\u00e3o e a Universidade Federal do Estado de S\u00e3o Paulo-UNIFESP, tendo como proposta a documenta\u00e7\u00e3o dos desenhos das crian\u00e7as. O estudo e &hellip; <\/p>\n<p class=\"link-more\"><a href=\"http:\/\/portaleducacao.guarulhos.sp.gov.br\/wp_site\/arte\/o-museu\/apresentacao\/\" class=\"more-link\">Continue lendo<span class=\"screen-reader-text\"> &#8220;Quem somos&#8221;<\/span><\/a><\/p>\n","protected":false},"author":13,"featured_media":0,"parent":9,"menu_order":0,"comment_status":"closed","ping_status":"closed","template":"","meta":{"_monsterinsights_skip_tracking":false,"_monsterinsights_sitenote_active":false,"_monsterinsights_sitenote_note":"","_monsterinsights_sitenote_category":0,"_expiration-date-status":"","_expiration-date":0,"_expiration-date-type":"","_expiration-date-categories":[],"_expiration-date-options":[]},"categories":[],"tags":[],"yoast_head":"<!-- This site is optimized with the Yoast SEO plugin v19.7.1 - https:\/\/yoast.com\/wordpress\/plugins\/seo\/ -->\r\n<title>Quem somos -<\/title>\r\n<meta name=\"robots\" content=\"index, follow, max-snippet:-1, max-image-preview:large, max-video-preview:-1\" \/>\r\n<link rel=\"canonical\" href=\"http:\/\/portaleducacao.guarulhos.sp.gov.br\/wp_site\/arte\/o-museu\/apresentacao\/\" \/>\r\n<meta property=\"og:locale\" content=\"pt_BR\" \/>\r\n<meta property=\"og:type\" content=\"article\" \/>\r\n<meta property=\"og:title\" content=\"Quem somos -\" \/>\r\n<meta property=\"og:description\" content=\"O projeto \u00e9 uma parceria da Secretaria de Educa\u00e7\u00e3o e a Universidade Federal do Estado de S\u00e3o Paulo-UNIFESP, tendo como proposta a documenta\u00e7\u00e3o dos desenhos das crian\u00e7as. O estudo e &hellip; Continue lendo &quot;Quem somos&quot;\" \/>\r\n<meta property=\"og:url\" content=\"http:\/\/portaleducacao.guarulhos.sp.gov.br\/wp_site\/arte\/o-museu\/apresentacao\/\" \/>\r\n<meta property=\"article:modified_time\" content=\"2021-12-07T15:13:33+00:00\" \/>\r\n<meta property=\"og:image\" content=\"http:\/\/portaleducacao.guarulhos.sp.gov.br\/wp_site\/arte\/wp-content\/uploads\/sites\/12\/2021\/12\/GerarImagem-1.jpg\" \/>\r\n<meta name=\"twitter:card\" content=\"summary_large_image\" \/>\r\n<meta name=\"twitter:label1\" content=\"Est. tempo de leitura\" \/>\n\t<meta name=\"twitter:data1\" content=\"1 minuto\" \/>\r\n<script type=\"application\/ld+json\" class=\"yoast-schema-graph\">{\"@context\":\"https:\/\/schema.org\",\"@graph\":[{\"@type\":\"WebPage\",\"@id\":\"http:\/\/portaleducacao.guarulhos.sp.gov.br\/wp_site\/arte\/o-museu\/apresentacao\/\",\"url\":\"http:\/\/portaleducacao.guarulhos.sp.gov.br\/wp_site\/arte\/o-museu\/apresentacao\/\",\"name\":\"Quem somos -\",\"isPartOf\":{\"@id\":\"http:\/\/portaleducacao.guarulhos.sp.gov.br\/wp_site\/arte\/#website\"},\"datePublished\":\"2021-09-21T13:02:43+00:00\",\"dateModified\":\"2021-12-07T15:13:33+00:00\",\"breadcrumb\":{\"@id\":\"http:\/\/portaleducacao.guarulhos.sp.gov.br\/wp_site\/arte\/o-museu\/apresentacao\/#breadcrumb\"},\"inLanguage\":\"pt-BR\",\"potentialAction\":[{\"@type\":\"ReadAction\",\"target\":[\"http:\/\/portaleducacao.guarulhos.sp.gov.br\/wp_site\/arte\/o-museu\/apresentacao\/\"]}]},{\"@type\":\"BreadcrumbList\",\"@id\":\"http:\/\/portaleducacao.guarulhos.sp.gov.br\/wp_site\/arte\/o-museu\/apresentacao\/#breadcrumb\",\"itemListElement\":[{\"@type\":\"ListItem\",\"position\":1,\"name\":\"In\u00edcio\",\"item\":\"http:\/\/portaleducacao.guarulhos.sp.gov.br\/wp_site\/arte\/\"},{\"@type\":\"ListItem\",\"position\":2,\"name\":\"O Museu\",\"item\":\"http:\/\/portaleducacao.guarulhos.sp.gov.br\/wp_site\/arte\/o-museu\/\"},{\"@type\":\"ListItem\",\"position\":3,\"name\":\"Quem somos\"}]},{\"@type\":\"WebSite\",\"@id\":\"http:\/\/portaleducacao.guarulhos.sp.gov.br\/wp_site\/arte\/#website\",\"url\":\"http:\/\/portaleducacao.guarulhos.sp.gov.br\/wp_site\/arte\/\",\"name\":\"\",\"description\":\"\",\"potentialAction\":[{\"@type\":\"SearchAction\",\"target\":{\"@type\":\"EntryPoint\",\"urlTemplate\":\"http:\/\/portaleducacao.guarulhos.sp.gov.br\/wp_site\/arte\/?s={search_term_string}\"},\"query-input\":\"required name=search_term_string\"}],\"inLanguage\":\"pt-BR\"}]}<\/script>\r\n<!-- \/ Yoast SEO plugin. -->","yoast_head_json":{"title":"Quem somos -","robots":{"index":"index","follow":"follow","max-snippet":"max-snippet:-1","max-image-preview":"max-image-preview:large","max-video-preview":"max-video-preview:-1"},"canonical":"http:\/\/portaleducacao.guarulhos.sp.gov.br\/wp_site\/arte\/o-museu\/apresentacao\/","og_locale":"pt_BR","og_type":"article","og_title":"Quem somos -","og_description":"O projeto \u00e9 uma parceria da Secretaria de Educa\u00e7\u00e3o e a Universidade Federal do Estado de S\u00e3o Paulo-UNIFESP, tendo como proposta a documenta\u00e7\u00e3o dos desenhos das crian\u00e7as. O estudo e &hellip; Continue lendo \"Quem somos\"","og_url":"http:\/\/portaleducacao.guarulhos.sp.gov.br\/wp_site\/arte\/o-museu\/apresentacao\/","article_modified_time":"2021-12-07T15:13:33+00:00","og_image":[{"url":"http:\/\/portaleducacao.guarulhos.sp.gov.br\/wp_site\/arte\/wp-content\/uploads\/sites\/12\/2021\/12\/GerarImagem-1.jpg"}],"twitter_card":"summary_large_image","twitter_misc":{"Est. tempo de leitura":"1 minuto"},"schema":{"@context":"https:\/\/schema.org","@graph":[{"@type":"WebPage","@id":"http:\/\/portaleducacao.guarulhos.sp.gov.br\/wp_site\/arte\/o-museu\/apresentacao\/","url":"http:\/\/portaleducacao.guarulhos.sp.gov.br\/wp_site\/arte\/o-museu\/apresentacao\/","name":"Quem somos -","isPartOf":{"@id":"http:\/\/portaleducacao.guarulhos.sp.gov.br\/wp_site\/arte\/#website"},"datePublished":"2021-09-21T13:02:43+00:00","dateModified":"2021-12-07T15:13:33+00:00","breadcrumb":{"@id":"http:\/\/portaleducacao.guarulhos.sp.gov.br\/wp_site\/arte\/o-museu\/apresentacao\/#breadcrumb"},"inLanguage":"pt-BR","potentialAction":[{"@type":"ReadAction","target":["http:\/\/portaleducacao.guarulhos.sp.gov.br\/wp_site\/arte\/o-museu\/apresentacao\/"]}]},{"@type":"BreadcrumbList","@id":"http:\/\/portaleducacao.guarulhos.sp.gov.br\/wp_site\/arte\/o-museu\/apresentacao\/#breadcrumb","itemListElement":[{"@type":"ListItem","position":1,"name":"In\u00edcio","item":"http:\/\/portaleducacao.guarulhos.sp.gov.br\/wp_site\/arte\/"},{"@type":"ListItem","position":2,"name":"O Museu","item":"http:\/\/portaleducacao.guarulhos.sp.gov.br\/wp_site\/arte\/o-museu\/"},{"@type":"ListItem","position":3,"name":"Quem somos"}]},{"@type":"WebSite","@id":"http:\/\/portaleducacao.guarulhos.sp.gov.br\/wp_site\/arte\/#website","url":"http:\/\/portaleducacao.guarulhos.sp.gov.br\/wp_site\/arte\/","name":"","description":"","potentialAction":[{"@type":"SearchAction","target":{"@type":"EntryPoint","urlTemplate":"http:\/\/portaleducacao.guarulhos.sp.gov.br\/wp_site\/arte\/?s={search_term_string}"},"query-input":"required name=search_term_string"}],"inLanguage":"pt-BR"}]}},"_links":{"self":[{"href":"http:\/\/portaleducacao.guarulhos.sp.gov.br\/wp_site\/arte\/wp-json\/wp\/v2\/pages\/31"}],"collection":[{"href":"http:\/\/portaleducacao.guarulhos.sp.gov.br\/wp_site\/arte\/wp-json\/wp\/v2\/pages"}],"about":[{"href":"http:\/\/portaleducacao.guarulhos.sp.gov.br\/wp_site\/arte\/wp-json\/wp\/v2\/types\/page"}],"author":[{"embeddable":true,"href":"http:\/\/portaleducacao.guarulhos.sp.gov.br\/wp_site\/arte\/wp-json\/wp\/v2\/users\/13"}],"replies":[{"embeddable":true,"href":"http:\/\/portaleducacao.guarulhos.sp.gov.br\/wp_site\/arte\/wp-json\/wp\/v2\/comments?post=31"}],"version-history":[{"count":9,"href":"http:\/\/portaleducacao.guarulhos.sp.gov.br\/wp_site\/arte\/wp-json\/wp\/v2\/pages\/31\/revisions"}],"predecessor-version":[{"id":359,"href":"http:\/\/portaleducacao.guarulhos.sp.gov.br\/wp_site\/arte\/wp-json\/wp\/v2\/pages\/31\/revisions\/359"}],"up":[{"embeddable":true,"href":"http:\/\/portaleducacao.guarulhos.sp.gov.br\/wp_site\/arte\/wp-json\/wp\/v2\/pages\/9"}],"wp:attachment":[{"href":"http:\/\/portaleducacao.guarulhos.sp.gov.br\/wp_site\/arte\/wp-json\/wp\/v2\/media?parent=31"}],"wp:term":[{"taxonomy":"category","embeddable":true,"href":"http:\/\/portaleducacao.guarulhos.sp.gov.br\/wp_site\/arte\/wp-json\/wp\/v2\/categories?post=31"},{"taxonomy":"post_tag","embeddable":true,"href":"http:\/\/portaleducacao.guarulhos.sp.gov.br\/wp_site\/arte\/wp-json\/wp\/v2\/tags?post=31"}],"curies":[{"name":"wp","href":"https:\/\/api.w.org\/{rel}","templated":true}]}}