{"id":105,"date":"2021-02-04T14:11:56","date_gmt":"2021-02-04T16:11:56","guid":{"rendered":"http:\/\/portaleducacao.guarulhos.sp.gov.br\/wp_site\/saberesemcasa\/?page_id=105"},"modified":"2022-05-03T15:10:25","modified_gmt":"2022-05-03T18:10:25","slug":"libras-em-casa","status":"publish","type":"page","link":"http:\/\/portaleducacao.guarulhos.sp.gov.br\/wp_site\/saberesemcasa\/libras-em-casa\/","title":{"rendered":"LIBRAS EM CASA"},"content":{"rendered":"\n<h2>Libras em Casa<\/h2>\n\n\n\n<p class=\"has-medium-font-size\"><a href=\"https:\/\/www.youtube.com\/playlist?list=PL9Afd2a5oM1Pduhv1dMaefgccjEonP0wD\" target=\"_blank\" rel=\"noreferrer noopener\">Clique aqui<\/a><a href=\"https:\/\/www.youtube.com\/playlist?list=PL9Afd2a5oM1Pduhv1dMaefgccjEonP0wD\">&nbsp;<\/a>e acesse a playlist dos epis\u00f3dios com o quadro Libras em Casa.<\/p>\n\n\n\n<p class=\"has-medium-font-size\">O Brasil \u00e9 um pa\u00eds multil\u00edngue e rico em diversidade humana. Sabe-se que, al\u00e9m do portugu\u00eas, mais de 222 l\u00ednguas s\u00e3o faladas no pa\u00eds. Dentro dessa multiplicidade de l\u00ednguas est\u00e1 a Libras, L\u00edngua Brasileira de Sinais, reconhecida como meio legal de comunica\u00e7\u00e3o e express\u00e3o dos beb\u00eas, crian\u00e7as, jovens e adultos surdos.<\/p>\n\n\n\n<p class=\"has-medium-font-size\">O quadro \u201cLibras em Casa\u201d, do programa \u201cSaberes em Casa\u201d, tem como objetivo principal acessar o curr\u00edculo formal pela Libras a partir do ensino, constru\u00e7\u00e3o, aprofundamento e compartilhamento de diversos conhecimentos. Assim, hist\u00f3rias, dramatiza\u00e7\u00f5es, brincadeiras, investiga\u00e7\u00f5es e gloss\u00e1rios bil\u00edngues s\u00e3o todos apresentados em Libras, com tradu\u00e7\u00e3o simult\u00e2nea para o portugu\u00eas oral, permitindo que os alunos ouvintes, bem como os familiares e amigos de surdos e ouvintes possam acompanhar e entender o que est\u00e1 sendo sinalizado.<\/p>\n\n\n\n<p class=\"has-medium-font-size\">Essa iniciativa tem contribu\u00eddo com a difus\u00e3o e uso da l\u00edngua de sinais pelos alunos surdos, mas permitindo tamb\u00e9m que, paulatinamente, se construa um caminho da Libras como l\u00edngua adicional de muitas crian\u00e7as ouvintes, que tem podido aprender e produzir suas primeiras sinaliza\u00e7\u00f5es a partir do programa.<\/p>\n","protected":false},"excerpt":{"rendered":"<p>Libras em Casa Clique aqui&nbsp;e acesse a playlist dos epis\u00f3dios com o quadro Libras em Casa. O Brasil \u00e9 um pa\u00eds multil\u00edngue e rico em diversidade humana. Sabe-se que, al\u00e9m [&hellip;]<\/p>\n","protected":false},"author":1,"featured_media":2050,"parent":0,"menu_order":0,"comment_status":"closed","ping_status":"closed","template":"","meta":{"_monsterinsights_skip_tracking":false,"_monsterinsights_sitenote_active":false,"_monsterinsights_sitenote_note":"","_monsterinsights_sitenote_category":0,"_expiration-date-status":"","_expiration-date":0,"_expiration-date-type":"","_expiration-date-categories":[],"_expiration-date-options":[]},"categories":[],"tags":[],"yoast_head":"<!-- This site is optimized with the Yoast SEO plugin v19.7.1 - https:\/\/yoast.com\/wordpress\/plugins\/seo\/ -->\r\n<title>LIBRAS EM CASA - Programa Saberes em Casa<\/title>\r\n<meta name=\"robots\" content=\"index, follow, max-snippet:-1, max-image-preview:large, max-video-preview:-1\" \/>\r\n<link rel=\"canonical\" href=\"http:\/\/portaleducacao.guarulhos.sp.gov.br\/wp_site\/saberesemcasa\/libras-em-casa\/\" \/>\r\n<meta property=\"og:locale\" content=\"pt_BR\" \/>\r\n<meta property=\"og:type\" content=\"article\" \/>\r\n<meta property=\"og:title\" content=\"LIBRAS EM CASA - Programa Saberes em Casa\" \/>\r\n<meta property=\"og:description\" content=\"Libras em Casa Clique aqui&nbsp;e acesse a playlist dos epis\u00f3dios com o quadro Libras em Casa. O Brasil \u00e9 um pa\u00eds multil\u00edngue e rico em diversidade humana. Sabe-se que, al\u00e9m [&hellip;]\" \/>\r\n<meta property=\"og:url\" content=\"http:\/\/portaleducacao.guarulhos.sp.gov.br\/wp_site\/saberesemcasa\/libras-em-casa\/\" \/>\r\n<meta property=\"og:site_name\" content=\"Programa Saberes em Casa\" \/>\r\n<meta property=\"article:modified_time\" content=\"2022-05-03T18:10:25+00:00\" \/>\r\n<meta property=\"og:image\" content=\"http:\/\/portaleducacao.guarulhos.sp.gov.br\/wp_site\/saberesemcasa\/wp-content\/uploads\/sites\/6\/2022\/05\/Classe-Bilingue-5-1.jpeg\" \/>\r\n\t<meta property=\"og:image:width\" content=\"829\" \/>\r\n\t<meta property=\"og:image:height\" content=\"568\" \/>\r\n\t<meta property=\"og:image:type\" content=\"image\/jpeg\" \/>\r\n<meta name=\"twitter:card\" content=\"summary_large_image\" \/>\r\n<meta name=\"twitter:label1\" content=\"Est. tempo de leitura\" \/>\n\t<meta name=\"twitter:data1\" content=\"1 minuto\" \/>\r\n<script type=\"application\/ld+json\" class=\"yoast-schema-graph\">{\"@context\":\"https:\/\/schema.org\",\"@graph\":[{\"@type\":\"WebPage\",\"@id\":\"http:\/\/portaleducacao.guarulhos.sp.gov.br\/wp_site\/saberesemcasa\/libras-em-casa\/\",\"url\":\"http:\/\/portaleducacao.guarulhos.sp.gov.br\/wp_site\/saberesemcasa\/libras-em-casa\/\",\"name\":\"LIBRAS EM CASA - Programa Saberes em Casa\",\"isPartOf\":{\"@id\":\"http:\/\/portaleducacao.guarulhos.sp.gov.br\/wp_site\/saberesemcasa\/#website\"},\"datePublished\":\"2021-02-04T16:11:56+00:00\",\"dateModified\":\"2022-05-03T18:10:25+00:00\",\"breadcrumb\":{\"@id\":\"http:\/\/portaleducacao.guarulhos.sp.gov.br\/wp_site\/saberesemcasa\/libras-em-casa\/#breadcrumb\"},\"inLanguage\":\"pt-BR\",\"potentialAction\":[{\"@type\":\"ReadAction\",\"target\":[\"http:\/\/portaleducacao.guarulhos.sp.gov.br\/wp_site\/saberesemcasa\/libras-em-casa\/\"]}]},{\"@type\":\"BreadcrumbList\",\"@id\":\"http:\/\/portaleducacao.guarulhos.sp.gov.br\/wp_site\/saberesemcasa\/libras-em-casa\/#breadcrumb\",\"itemListElement\":[{\"@type\":\"ListItem\",\"position\":1,\"name\":\"In\u00edcio\",\"item\":\"http:\/\/portaleducacao.guarulhos.sp.gov.br\/wp_site\/saberesemcasa\/\"},{\"@type\":\"ListItem\",\"position\":2,\"name\":\"LIBRAS EM CASA\"}]},{\"@type\":\"WebSite\",\"@id\":\"http:\/\/portaleducacao.guarulhos.sp.gov.br\/wp_site\/saberesemcasa\/#website\",\"url\":\"http:\/\/portaleducacao.guarulhos.sp.gov.br\/wp_site\/saberesemcasa\/\",\"name\":\"Programa Saberes em Casa\",\"description\":\"Ferramenta complementar \u00e0s propostas educativas desenvolvidas nas unidades escolares\",\"publisher\":{\"@id\":\"http:\/\/portaleducacao.guarulhos.sp.gov.br\/wp_site\/saberesemcasa\/#organization\"},\"potentialAction\":[{\"@type\":\"SearchAction\",\"target\":{\"@type\":\"EntryPoint\",\"urlTemplate\":\"http:\/\/portaleducacao.guarulhos.sp.gov.br\/wp_site\/saberesemcasa\/?s={search_term_string}\"},\"query-input\":\"required name=search_term_string\"}],\"inLanguage\":\"pt-BR\"},{\"@type\":\"Organization\",\"@id\":\"http:\/\/portaleducacao.guarulhos.sp.gov.br\/wp_site\/saberesemcasa\/#organization\",\"name\":\"Programa Saberes em Casa\",\"url\":\"http:\/\/portaleducacao.guarulhos.sp.gov.br\/wp_site\/saberesemcasa\/\",\"sameAs\":[],\"logo\":{\"@type\":\"ImageObject\",\"inLanguage\":\"pt-BR\",\"@id\":\"http:\/\/portaleducacao.guarulhos.sp.gov.br\/wp_site\/saberesemcasa\/#\/schema\/logo\/image\/\",\"url\":\"http:\/\/portaleducacao.guarulhos.sp.gov.br\/wp_site\/saberesemcasa\/wp-content\/uploads\/sites\/6\/2021\/02\/cropped-logo_saberes_em_casa.png\",\"contentUrl\":\"http:\/\/portaleducacao.guarulhos.sp.gov.br\/wp_site\/saberesemcasa\/wp-content\/uploads\/sites\/6\/2021\/02\/cropped-logo_saberes_em_casa.png\",\"width\":200,\"height\":100,\"caption\":\"Programa Saberes em Casa\"},\"image\":{\"@id\":\"http:\/\/portaleducacao.guarulhos.sp.gov.br\/wp_site\/saberesemcasa\/#\/schema\/logo\/image\/\"}}]}<\/script>\r\n<!-- \/ Yoast SEO plugin. -->","yoast_head_json":{"title":"LIBRAS EM CASA - Programa Saberes em Casa","robots":{"index":"index","follow":"follow","max-snippet":"max-snippet:-1","max-image-preview":"max-image-preview:large","max-video-preview":"max-video-preview:-1"},"canonical":"http:\/\/portaleducacao.guarulhos.sp.gov.br\/wp_site\/saberesemcasa\/libras-em-casa\/","og_locale":"pt_BR","og_type":"article","og_title":"LIBRAS EM CASA - Programa Saberes em Casa","og_description":"Libras em Casa Clique aqui&nbsp;e acesse a playlist dos epis\u00f3dios com o quadro Libras em Casa. O Brasil \u00e9 um pa\u00eds multil\u00edngue e rico em diversidade humana. Sabe-se que, al\u00e9m [&hellip;]","og_url":"http:\/\/portaleducacao.guarulhos.sp.gov.br\/wp_site\/saberesemcasa\/libras-em-casa\/","og_site_name":"Programa Saberes em Casa","article_modified_time":"2022-05-03T18:10:25+00:00","og_image":[{"width":829,"height":568,"url":"http:\/\/portaleducacao.guarulhos.sp.gov.br\/wp_site\/saberesemcasa\/wp-content\/uploads\/sites\/6\/2022\/05\/Classe-Bilingue-5-1.jpeg","type":"image\/jpeg"}],"twitter_card":"summary_large_image","twitter_misc":{"Est. tempo de leitura":"1 minuto"},"schema":{"@context":"https:\/\/schema.org","@graph":[{"@type":"WebPage","@id":"http:\/\/portaleducacao.guarulhos.sp.gov.br\/wp_site\/saberesemcasa\/libras-em-casa\/","url":"http:\/\/portaleducacao.guarulhos.sp.gov.br\/wp_site\/saberesemcasa\/libras-em-casa\/","name":"LIBRAS EM CASA - Programa Saberes em Casa","isPartOf":{"@id":"http:\/\/portaleducacao.guarulhos.sp.gov.br\/wp_site\/saberesemcasa\/#website"},"datePublished":"2021-02-04T16:11:56+00:00","dateModified":"2022-05-03T18:10:25+00:00","breadcrumb":{"@id":"http:\/\/portaleducacao.guarulhos.sp.gov.br\/wp_site\/saberesemcasa\/libras-em-casa\/#breadcrumb"},"inLanguage":"pt-BR","potentialAction":[{"@type":"ReadAction","target":["http:\/\/portaleducacao.guarulhos.sp.gov.br\/wp_site\/saberesemcasa\/libras-em-casa\/"]}]},{"@type":"BreadcrumbList","@id":"http:\/\/portaleducacao.guarulhos.sp.gov.br\/wp_site\/saberesemcasa\/libras-em-casa\/#breadcrumb","itemListElement":[{"@type":"ListItem","position":1,"name":"In\u00edcio","item":"http:\/\/portaleducacao.guarulhos.sp.gov.br\/wp_site\/saberesemcasa\/"},{"@type":"ListItem","position":2,"name":"LIBRAS EM CASA"}]},{"@type":"WebSite","@id":"http:\/\/portaleducacao.guarulhos.sp.gov.br\/wp_site\/saberesemcasa\/#website","url":"http:\/\/portaleducacao.guarulhos.sp.gov.br\/wp_site\/saberesemcasa\/","name":"Programa Saberes em Casa","description":"Ferramenta complementar \u00e0s propostas educativas desenvolvidas nas unidades escolares","publisher":{"@id":"http:\/\/portaleducacao.guarulhos.sp.gov.br\/wp_site\/saberesemcasa\/#organization"},"potentialAction":[{"@type":"SearchAction","target":{"@type":"EntryPoint","urlTemplate":"http:\/\/portaleducacao.guarulhos.sp.gov.br\/wp_site\/saberesemcasa\/?s={search_term_string}"},"query-input":"required name=search_term_string"}],"inLanguage":"pt-BR"},{"@type":"Organization","@id":"http:\/\/portaleducacao.guarulhos.sp.gov.br\/wp_site\/saberesemcasa\/#organization","name":"Programa Saberes em Casa","url":"http:\/\/portaleducacao.guarulhos.sp.gov.br\/wp_site\/saberesemcasa\/","sameAs":[],"logo":{"@type":"ImageObject","inLanguage":"pt-BR","@id":"http:\/\/portaleducacao.guarulhos.sp.gov.br\/wp_site\/saberesemcasa\/#\/schema\/logo\/image\/","url":"http:\/\/portaleducacao.guarulhos.sp.gov.br\/wp_site\/saberesemcasa\/wp-content\/uploads\/sites\/6\/2021\/02\/cropped-logo_saberes_em_casa.png","contentUrl":"http:\/\/portaleducacao.guarulhos.sp.gov.br\/wp_site\/saberesemcasa\/wp-content\/uploads\/sites\/6\/2021\/02\/cropped-logo_saberes_em_casa.png","width":200,"height":100,"caption":"Programa Saberes em Casa"},"image":{"@id":"http:\/\/portaleducacao.guarulhos.sp.gov.br\/wp_site\/saberesemcasa\/#\/schema\/logo\/image\/"}}]}},"_links":{"self":[{"href":"http:\/\/portaleducacao.guarulhos.sp.gov.br\/wp_site\/saberesemcasa\/wp-json\/wp\/v2\/pages\/105"}],"collection":[{"href":"http:\/\/portaleducacao.guarulhos.sp.gov.br\/wp_site\/saberesemcasa\/wp-json\/wp\/v2\/pages"}],"about":[{"href":"http:\/\/portaleducacao.guarulhos.sp.gov.br\/wp_site\/saberesemcasa\/wp-json\/wp\/v2\/types\/page"}],"author":[{"embeddable":true,"href":"http:\/\/portaleducacao.guarulhos.sp.gov.br\/wp_site\/saberesemcasa\/wp-json\/wp\/v2\/users\/1"}],"replies":[{"embeddable":true,"href":"http:\/\/portaleducacao.guarulhos.sp.gov.br\/wp_site\/saberesemcasa\/wp-json\/wp\/v2\/comments?post=105"}],"version-history":[{"count":13,"href":"http:\/\/portaleducacao.guarulhos.sp.gov.br\/wp_site\/saberesemcasa\/wp-json\/wp\/v2\/pages\/105\/revisions"}],"predecessor-version":[{"id":2049,"href":"http:\/\/portaleducacao.guarulhos.sp.gov.br\/wp_site\/saberesemcasa\/wp-json\/wp\/v2\/pages\/105\/revisions\/2049"}],"wp:featuredmedia":[{"embeddable":true,"href":"http:\/\/portaleducacao.guarulhos.sp.gov.br\/wp_site\/saberesemcasa\/wp-json\/wp\/v2\/media\/2050"}],"wp:attachment":[{"href":"http:\/\/portaleducacao.guarulhos.sp.gov.br\/wp_site\/saberesemcasa\/wp-json\/wp\/v2\/media?parent=105"}],"wp:term":[{"taxonomy":"category","embeddable":true,"href":"http:\/\/portaleducacao.guarulhos.sp.gov.br\/wp_site\/saberesemcasa\/wp-json\/wp\/v2\/categories?post=105"},{"taxonomy":"post_tag","embeddable":true,"href":"http:\/\/portaleducacao.guarulhos.sp.gov.br\/wp_site\/saberesemcasa\/wp-json\/wp\/v2\/tags?post=105"}],"curies":[{"name":"wp","href":"https:\/\/api.w.org\/{rel}","templated":true}]}}