{"id":111,"date":"2021-02-04T14:11:56","date_gmt":"2021-02-04T16:11:56","guid":{"rendered":"http:\/\/portaleducacao.guarulhos.sp.gov.br\/wp_site\/saberesemcasa\/?page_id=111"},"modified":"2022-05-02T16:20:27","modified_gmt":"2022-05-02T19:20:27","slug":"vivencias-na-creche","status":"publish","type":"page","link":"http:\/\/portaleducacao.guarulhos.sp.gov.br\/wp_site\/saberesemcasa\/vivencias-na-creche\/","title":{"rendered":"VIV\u00caNCIAS NA CRECHE (0 A 3 ANOS)"},"content":{"rendered":"\n<h2>Viv\u00eancias na Creche<\/h2>\n\n\n\n<p class=\"has-medium-font-size\"><a rel=\"noreferrer noopener\" href=\"https:\/\/youtube.com\/playlist?list=PL9Afd2a5oM1OLTA4hj3mloJlK9ad0KNCZ\" target=\"_blank\">Clique aqui<\/a> e acesse a playlist com todos os conte\u00fados do Viv\u00eancias na Creche.<\/p>\n\n\n\n<figure class=\"wp-block-image alignfull size-large is-style-default\"><img loading=\"lazy\" width=\"1024\" height=\"341\" src=\"http:\/\/portaleducacao.guarulhos.sp.gov.br\/wp_site\/saberesemcasa\/wp-content\/uploads\/sites\/6\/2021\/02\/creche-1024x341.jpg\" alt=\"\" class=\"wp-image-322\" srcset=\"http:\/\/portaleducacao.guarulhos.sp.gov.br\/wp_site\/saberesemcasa\/wp-content\/uploads\/sites\/6\/2021\/02\/creche-1024x341.jpg 1024w, http:\/\/portaleducacao.guarulhos.sp.gov.br\/wp_site\/saberesemcasa\/wp-content\/uploads\/sites\/6\/2021\/02\/creche-300x100.jpg 300w, http:\/\/portaleducacao.guarulhos.sp.gov.br\/wp_site\/saberesemcasa\/wp-content\/uploads\/sites\/6\/2021\/02\/creche-768x256.jpg 768w, http:\/\/portaleducacao.guarulhos.sp.gov.br\/wp_site\/saberesemcasa\/wp-content\/uploads\/sites\/6\/2021\/02\/creche-1536x512.jpg 1536w, http:\/\/portaleducacao.guarulhos.sp.gov.br\/wp_site\/saberesemcasa\/wp-content\/uploads\/sites\/6\/2021\/02\/creche.jpg 1920w\" sizes=\"(max-width: 1024px) 100vw, 1024px\" \/><\/figure>\n\n\n\n<p class=\"has-text-align-left has-medium-font-size\">O Programa Saberes em Casa est\u00e1 de volta e de cara nova. E com ele, o \u201cViv\u00eancias na Creche\u201d e as Orienta\u00e7\u00f5es e Sugest\u00f5es de Atividades para a Educa\u00e7\u00e3o Infantil de 0 a 3 anos. Tudo feito com muito carinho para nossos beb\u00eas, crian\u00e7as bem pequenas, crian\u00e7as pequenas e educadoras(es).&nbsp;<\/p>\n\n\n\n<p class=\"has-medium-font-size\">Nesta etapa da Educa\u00e7\u00e3o B\u00e1sica, a aprendizagem e o desenvolvimento se d\u00e3o por meio das intera\u00e7\u00f5es e das brincadeiras. Em outras palavras, os beb\u00eas, as crian\u00e7as pequenas e bem pequenas aprendem no contato entre si, com os adultos que as cercam, em diferentes lugares, manuseando objetos variados e, principalmente brincando.<\/p>\n\n\n\n<p class=\"has-medium-font-size\">\u00c9 desse universo de rela\u00e7\u00f5es corporais, culturais e l\u00fadicas que surge o nome: <strong>Viv\u00eancias na Creche.<\/strong> Os pequenos s\u00e3o curiosos, questionadores, criativos aprendem de tudo um pouco ao: tocar, cheirar, brincar com a infinidade de materiais que estiverem ao seu alcance.<\/p>\n\n\n\n<p class=\"has-medium-font-size\">Tamb\u00e9m expressam suas emo\u00e7\u00f5es de diversas maneiras: balbuciando, gritando, chorando, rindo, fazendo birras. \u00c9 o momento de conhecer o mundo pelo tato, pelo olfato, pelo paladar, pela audi\u00e7\u00e3o, pelo movimento e, claro, testando os pr\u00f3prios limites.<\/p>\n\n\n\n<p class=\"has-medium-font-size\">Assim, \u00e9 poss\u00edvel contribuir com o desenvolvimento das crian\u00e7as de muitas formas, como por exemplo:<\/p>\n\n\n\n<p class=\"has-medium-font-size\">\u2022 cantar m\u00fasicas infantis, como cantigas de roda e can\u00e7\u00f5es de ninar;<br>\u2022 brincar com os sons que saem da nossa boca, fazendo diferentes timbres e entona\u00e7\u00f5es de voz;<br>\u2022 conversar com a crian\u00e7a;<br>\u2022 de forma segura, mostrar objetos de formatos, cores, texturas, tamanhos e pesos diferentes;<br>\u2022 apresentar m\u00fasicas com diferentes ritmos;<br>\u2022 expressar afeto, valorizando o toque, a conversa e o olhar;<\/p>\n\n\n\n<p class=\"has-medium-font-size\">Todos os bimestres, ser\u00e3o enviadas sugest\u00f5es de atividades para serem realizadas em casa com as crian\u00e7as. Incentivando assim, a participa\u00e7\u00e3o e o est\u00edmulo dos familiares e respons\u00e1veis nesse prazeroso momento de aprendizagem dos pequenos.<\/p>\n\n\n\n<p class=\"has-medium-font-size\">Destacamos que algumas dessas propostas s\u00e3o essenciais para o desenvolvimento integral das crian\u00e7as, como por exemplo: Hora da hist\u00f3ria, Vamos brincar e Chamada viva.<\/p>\n\n\n\n<p class=\"has-medium-font-size\">Vamos embarcar nessa aventura?<\/p>\n\n\n\n<h2 class=\"has-black-color has-text-color\"><\/h2>\n","protected":false},"excerpt":{"rendered":"<p>Viv\u00eancias na Creche Clique aqui e acesse a playlist com todos os conte\u00fados do Viv\u00eancias na Creche. O Programa Saberes em Casa est\u00e1 de volta e de cara nova. E [&hellip;]<\/p>\n","protected":false},"author":1,"featured_media":0,"parent":0,"menu_order":0,"comment_status":"closed","ping_status":"closed","template":"","meta":{"_monsterinsights_skip_tracking":false,"_monsterinsights_sitenote_active":false,"_monsterinsights_sitenote_note":"","_monsterinsights_sitenote_category":0,"_expiration-date-status":"","_expiration-date":0,"_expiration-date-type":"","_expiration-date-categories":[],"_expiration-date-options":[]},"categories":[],"tags":[],"yoast_head":"<!-- This site is optimized with the Yoast SEO plugin v19.7.1 - https:\/\/yoast.com\/wordpress\/plugins\/seo\/ -->\r\n<title>VIV\u00caNCIAS NA CRECHE (0 A 3 ANOS) - Programa Saberes em Casa<\/title>\r\n<meta name=\"robots\" content=\"index, follow, max-snippet:-1, max-image-preview:large, max-video-preview:-1\" \/>\r\n<link rel=\"canonical\" href=\"http:\/\/portaleducacao.guarulhos.sp.gov.br\/wp_site\/saberesemcasa\/vivencias-na-creche\/\" \/>\r\n<meta property=\"og:locale\" content=\"pt_BR\" \/>\r\n<meta property=\"og:type\" content=\"article\" \/>\r\n<meta property=\"og:title\" content=\"VIV\u00caNCIAS NA CRECHE (0 A 3 ANOS) - Programa Saberes em Casa\" \/>\r\n<meta property=\"og:description\" content=\"Viv\u00eancias na Creche Clique aqui e acesse a playlist com todos os conte\u00fados do Viv\u00eancias na Creche. O Programa Saberes em Casa est\u00e1 de volta e de cara nova. E [&hellip;]\" \/>\r\n<meta property=\"og:url\" content=\"http:\/\/portaleducacao.guarulhos.sp.gov.br\/wp_site\/saberesemcasa\/vivencias-na-creche\/\" \/>\r\n<meta property=\"og:site_name\" content=\"Programa Saberes em Casa\" \/>\r\n<meta property=\"article:modified_time\" content=\"2022-05-02T19:20:27+00:00\" \/>\r\n<meta property=\"og:image\" content=\"http:\/\/portaleducacao.guarulhos.sp.gov.br\/wp_site\/saberesemcasa\/wp-content\/uploads\/sites\/6\/2021\/02\/creche-1024x341.jpg\" \/>\r\n<meta name=\"twitter:card\" content=\"summary_large_image\" \/>\r\n<meta name=\"twitter:label1\" content=\"Est. tempo de leitura\" \/>\n\t<meta name=\"twitter:data1\" content=\"2 minutos\" \/>\r\n<script type=\"application\/ld+json\" class=\"yoast-schema-graph\">{\"@context\":\"https:\/\/schema.org\",\"@graph\":[{\"@type\":\"WebPage\",\"@id\":\"http:\/\/portaleducacao.guarulhos.sp.gov.br\/wp_site\/saberesemcasa\/vivencias-na-creche\/\",\"url\":\"http:\/\/portaleducacao.guarulhos.sp.gov.br\/wp_site\/saberesemcasa\/vivencias-na-creche\/\",\"name\":\"VIV\u00caNCIAS NA CRECHE (0 A 3 ANOS) - Programa Saberes em Casa\",\"isPartOf\":{\"@id\":\"http:\/\/portaleducacao.guarulhos.sp.gov.br\/wp_site\/saberesemcasa\/#website\"},\"datePublished\":\"2021-02-04T16:11:56+00:00\",\"dateModified\":\"2022-05-02T19:20:27+00:00\",\"breadcrumb\":{\"@id\":\"http:\/\/portaleducacao.guarulhos.sp.gov.br\/wp_site\/saberesemcasa\/vivencias-na-creche\/#breadcrumb\"},\"inLanguage\":\"pt-BR\",\"potentialAction\":[{\"@type\":\"ReadAction\",\"target\":[\"http:\/\/portaleducacao.guarulhos.sp.gov.br\/wp_site\/saberesemcasa\/vivencias-na-creche\/\"]}]},{\"@type\":\"BreadcrumbList\",\"@id\":\"http:\/\/portaleducacao.guarulhos.sp.gov.br\/wp_site\/saberesemcasa\/vivencias-na-creche\/#breadcrumb\",\"itemListElement\":[{\"@type\":\"ListItem\",\"position\":1,\"name\":\"In\u00edcio\",\"item\":\"http:\/\/portaleducacao.guarulhos.sp.gov.br\/wp_site\/saberesemcasa\/\"},{\"@type\":\"ListItem\",\"position\":2,\"name\":\"VIV\u00caNCIAS NA CRECHE (0 A 3 ANOS)\"}]},{\"@type\":\"WebSite\",\"@id\":\"http:\/\/portaleducacao.guarulhos.sp.gov.br\/wp_site\/saberesemcasa\/#website\",\"url\":\"http:\/\/portaleducacao.guarulhos.sp.gov.br\/wp_site\/saberesemcasa\/\",\"name\":\"Programa Saberes em Casa\",\"description\":\"Ferramenta complementar \u00e0s propostas educativas desenvolvidas nas unidades escolares\",\"publisher\":{\"@id\":\"http:\/\/portaleducacao.guarulhos.sp.gov.br\/wp_site\/saberesemcasa\/#organization\"},\"potentialAction\":[{\"@type\":\"SearchAction\",\"target\":{\"@type\":\"EntryPoint\",\"urlTemplate\":\"http:\/\/portaleducacao.guarulhos.sp.gov.br\/wp_site\/saberesemcasa\/?s={search_term_string}\"},\"query-input\":\"required name=search_term_string\"}],\"inLanguage\":\"pt-BR\"},{\"@type\":\"Organization\",\"@id\":\"http:\/\/portaleducacao.guarulhos.sp.gov.br\/wp_site\/saberesemcasa\/#organization\",\"name\":\"Programa Saberes em Casa\",\"url\":\"http:\/\/portaleducacao.guarulhos.sp.gov.br\/wp_site\/saberesemcasa\/\",\"sameAs\":[],\"logo\":{\"@type\":\"ImageObject\",\"inLanguage\":\"pt-BR\",\"@id\":\"http:\/\/portaleducacao.guarulhos.sp.gov.br\/wp_site\/saberesemcasa\/#\/schema\/logo\/image\/\",\"url\":\"http:\/\/portaleducacao.guarulhos.sp.gov.br\/wp_site\/saberesemcasa\/wp-content\/uploads\/sites\/6\/2021\/02\/cropped-logo_saberes_em_casa.png\",\"contentUrl\":\"http:\/\/portaleducacao.guarulhos.sp.gov.br\/wp_site\/saberesemcasa\/wp-content\/uploads\/sites\/6\/2021\/02\/cropped-logo_saberes_em_casa.png\",\"width\":200,\"height\":100,\"caption\":\"Programa Saberes em Casa\"},\"image\":{\"@id\":\"http:\/\/portaleducacao.guarulhos.sp.gov.br\/wp_site\/saberesemcasa\/#\/schema\/logo\/image\/\"}}]}<\/script>\r\n<!-- \/ Yoast SEO plugin. -->","yoast_head_json":{"title":"VIV\u00caNCIAS NA CRECHE (0 A 3 ANOS) - Programa Saberes em Casa","robots":{"index":"index","follow":"follow","max-snippet":"max-snippet:-1","max-image-preview":"max-image-preview:large","max-video-preview":"max-video-preview:-1"},"canonical":"http:\/\/portaleducacao.guarulhos.sp.gov.br\/wp_site\/saberesemcasa\/vivencias-na-creche\/","og_locale":"pt_BR","og_type":"article","og_title":"VIV\u00caNCIAS NA CRECHE (0 A 3 ANOS) - Programa Saberes em Casa","og_description":"Viv\u00eancias na Creche Clique aqui e acesse a playlist com todos os conte\u00fados do Viv\u00eancias na Creche. O Programa Saberes em Casa est\u00e1 de volta e de cara nova. E [&hellip;]","og_url":"http:\/\/portaleducacao.guarulhos.sp.gov.br\/wp_site\/saberesemcasa\/vivencias-na-creche\/","og_site_name":"Programa Saberes em Casa","article_modified_time":"2022-05-02T19:20:27+00:00","og_image":[{"url":"http:\/\/portaleducacao.guarulhos.sp.gov.br\/wp_site\/saberesemcasa\/wp-content\/uploads\/sites\/6\/2021\/02\/creche-1024x341.jpg"}],"twitter_card":"summary_large_image","twitter_misc":{"Est. tempo de leitura":"2 minutos"},"schema":{"@context":"https:\/\/schema.org","@graph":[{"@type":"WebPage","@id":"http:\/\/portaleducacao.guarulhos.sp.gov.br\/wp_site\/saberesemcasa\/vivencias-na-creche\/","url":"http:\/\/portaleducacao.guarulhos.sp.gov.br\/wp_site\/saberesemcasa\/vivencias-na-creche\/","name":"VIV\u00caNCIAS NA CRECHE (0 A 3 ANOS) - Programa Saberes em Casa","isPartOf":{"@id":"http:\/\/portaleducacao.guarulhos.sp.gov.br\/wp_site\/saberesemcasa\/#website"},"datePublished":"2021-02-04T16:11:56+00:00","dateModified":"2022-05-02T19:20:27+00:00","breadcrumb":{"@id":"http:\/\/portaleducacao.guarulhos.sp.gov.br\/wp_site\/saberesemcasa\/vivencias-na-creche\/#breadcrumb"},"inLanguage":"pt-BR","potentialAction":[{"@type":"ReadAction","target":["http:\/\/portaleducacao.guarulhos.sp.gov.br\/wp_site\/saberesemcasa\/vivencias-na-creche\/"]}]},{"@type":"BreadcrumbList","@id":"http:\/\/portaleducacao.guarulhos.sp.gov.br\/wp_site\/saberesemcasa\/vivencias-na-creche\/#breadcrumb","itemListElement":[{"@type":"ListItem","position":1,"name":"In\u00edcio","item":"http:\/\/portaleducacao.guarulhos.sp.gov.br\/wp_site\/saberesemcasa\/"},{"@type":"ListItem","position":2,"name":"VIV\u00caNCIAS NA CRECHE (0 A 3 ANOS)"}]},{"@type":"WebSite","@id":"http:\/\/portaleducacao.guarulhos.sp.gov.br\/wp_site\/saberesemcasa\/#website","url":"http:\/\/portaleducacao.guarulhos.sp.gov.br\/wp_site\/saberesemcasa\/","name":"Programa Saberes em Casa","description":"Ferramenta complementar \u00e0s propostas educativas desenvolvidas nas unidades escolares","publisher":{"@id":"http:\/\/portaleducacao.guarulhos.sp.gov.br\/wp_site\/saberesemcasa\/#organization"},"potentialAction":[{"@type":"SearchAction","target":{"@type":"EntryPoint","urlTemplate":"http:\/\/portaleducacao.guarulhos.sp.gov.br\/wp_site\/saberesemcasa\/?s={search_term_string}"},"query-input":"required name=search_term_string"}],"inLanguage":"pt-BR"},{"@type":"Organization","@id":"http:\/\/portaleducacao.guarulhos.sp.gov.br\/wp_site\/saberesemcasa\/#organization","name":"Programa Saberes em Casa","url":"http:\/\/portaleducacao.guarulhos.sp.gov.br\/wp_site\/saberesemcasa\/","sameAs":[],"logo":{"@type":"ImageObject","inLanguage":"pt-BR","@id":"http:\/\/portaleducacao.guarulhos.sp.gov.br\/wp_site\/saberesemcasa\/#\/schema\/logo\/image\/","url":"http:\/\/portaleducacao.guarulhos.sp.gov.br\/wp_site\/saberesemcasa\/wp-content\/uploads\/sites\/6\/2021\/02\/cropped-logo_saberes_em_casa.png","contentUrl":"http:\/\/portaleducacao.guarulhos.sp.gov.br\/wp_site\/saberesemcasa\/wp-content\/uploads\/sites\/6\/2021\/02\/cropped-logo_saberes_em_casa.png","width":200,"height":100,"caption":"Programa Saberes em Casa"},"image":{"@id":"http:\/\/portaleducacao.guarulhos.sp.gov.br\/wp_site\/saberesemcasa\/#\/schema\/logo\/image\/"}}]}},"_links":{"self":[{"href":"http:\/\/portaleducacao.guarulhos.sp.gov.br\/wp_site\/saberesemcasa\/wp-json\/wp\/v2\/pages\/111"}],"collection":[{"href":"http:\/\/portaleducacao.guarulhos.sp.gov.br\/wp_site\/saberesemcasa\/wp-json\/wp\/v2\/pages"}],"about":[{"href":"http:\/\/portaleducacao.guarulhos.sp.gov.br\/wp_site\/saberesemcasa\/wp-json\/wp\/v2\/types\/page"}],"author":[{"embeddable":true,"href":"http:\/\/portaleducacao.guarulhos.sp.gov.br\/wp_site\/saberesemcasa\/wp-json\/wp\/v2\/users\/1"}],"replies":[{"embeddable":true,"href":"http:\/\/portaleducacao.guarulhos.sp.gov.br\/wp_site\/saberesemcasa\/wp-json\/wp\/v2\/comments?post=111"}],"version-history":[{"count":28,"href":"http:\/\/portaleducacao.guarulhos.sp.gov.br\/wp_site\/saberesemcasa\/wp-json\/wp\/v2\/pages\/111\/revisions"}],"predecessor-version":[{"id":2038,"href":"http:\/\/portaleducacao.guarulhos.sp.gov.br\/wp_site\/saberesemcasa\/wp-json\/wp\/v2\/pages\/111\/revisions\/2038"}],"wp:attachment":[{"href":"http:\/\/portaleducacao.guarulhos.sp.gov.br\/wp_site\/saberesemcasa\/wp-json\/wp\/v2\/media?parent=111"}],"wp:term":[{"taxonomy":"category","embeddable":true,"href":"http:\/\/portaleducacao.guarulhos.sp.gov.br\/wp_site\/saberesemcasa\/wp-json\/wp\/v2\/categories?post=111"},{"taxonomy":"post_tag","embeddable":true,"href":"http:\/\/portaleducacao.guarulhos.sp.gov.br\/wp_site\/saberesemcasa\/wp-json\/wp\/v2\/tags?post=111"}],"curies":[{"name":"wp","href":"https:\/\/api.w.org\/{rel}","templated":true}]}}