{"id":115,"date":"2021-02-04T14:11:56","date_gmt":"2021-02-04T16:11:56","guid":{"rendered":"http:\/\/portaleducacao.guarulhos.sp.gov.br\/wp_site\/saberesemcasa\/?page_id=115"},"modified":"2022-03-28T16:41:44","modified_gmt":"2022-03-28T19:41:44","slug":"ciclo-i","status":"publish","type":"page","link":"http:\/\/portaleducacao.guarulhos.sp.gov.br\/wp_site\/saberesemcasa\/ciclo-i\/","title":{"rendered":"EDUCA\u00c7\u00c3O DE JOVENS E ADULTOS (CICLOS I E II)"},"content":{"rendered":"\n<h2>EJA &#8211; Ciclos I e II<\/h2>\n\n\n\n<p class=\"has-medium-font-size\"><a href=\"https:\/\/youtube.com\/playlist?list=PL9Afd2a5oM1N0DDvxSffMUnWHQBlWer4F\" target=\"_blank\" rel=\"noreferrer noopener\">Clique aqui<\/a>&nbsp;e acesse a playlist dos epis\u00f3dios do Ciclo I<br><a href=\"https:\/\/youtube.com\/playlist?list=PL9Afd2a5oM1PVaY8Ud-HNHqhx-q5PLLxV\" target=\"_blank\" rel=\"noreferrer noopener\">Clique aqui<\/a>&nbsp;e acesse a playlist dos epis\u00f3dios do Ciclo II<\/p>\n\n\n\n<figure class=\"wp-block-image alignfull size-large is-style-default\"><img loading=\"lazy\" width=\"1024\" height=\"341\" src=\"http:\/\/portaleducacao.guarulhos.sp.gov.br\/wp_site\/saberesemcasa\/wp-content\/uploads\/sites\/6\/2021\/02\/eja-1024x341.jpg\" alt=\"\" class=\"wp-image-363\" srcset=\"http:\/\/portaleducacao.guarulhos.sp.gov.br\/wp_site\/saberesemcasa\/wp-content\/uploads\/sites\/6\/2021\/02\/eja-1024x341.jpg 1024w, http:\/\/portaleducacao.guarulhos.sp.gov.br\/wp_site\/saberesemcasa\/wp-content\/uploads\/sites\/6\/2021\/02\/eja-300x100.jpg 300w, http:\/\/portaleducacao.guarulhos.sp.gov.br\/wp_site\/saberesemcasa\/wp-content\/uploads\/sites\/6\/2021\/02\/eja-768x256.jpg 768w, http:\/\/portaleducacao.guarulhos.sp.gov.br\/wp_site\/saberesemcasa\/wp-content\/uploads\/sites\/6\/2021\/02\/eja-1536x512.jpg 1536w, http:\/\/portaleducacao.guarulhos.sp.gov.br\/wp_site\/saberesemcasa\/wp-content\/uploads\/sites\/6\/2021\/02\/eja.jpg 1920w\" sizes=\"(max-width: 1024px) 100vw, 1024px\" \/><\/figure>\n\n\n\n<p class=\"has-medium-font-size\">Nessa terceira temporada, o Programa Saberes em Casa vai aprofundar os conhecimentos por meio de propostas inspiradoras planejadas para os professores e educandos da EJA, tanto do Ciclo I como do Ciclo II, al\u00e9m do programa em nosso canal no <a rel=\"noreferrer noopener\" href=\"https:\/\/www.youtube.com\/c\/PortalSEInforme\" target=\"_blank\">Youtube<\/a>. Outra novidade \u00e9 na nossa Revista do programa; voc\u00ea j\u00e1 deu uma olhadinha na nova vers\u00e3o?&nbsp;Vale lembrar que ainda, a cada bimestre, os estudantes ter\u00e3o \u00e0 sua disposi\u00e7\u00e3o um roteiro de estudos para complementar todo esse material.<\/p>\n\n\n\n<p class=\"has-medium-font-size\">Al\u00e9m dos epis\u00f3dios do programa e dos roteiros de estudos, \u00e9 indicado criar uma rotina de atividades que contribuam para ampliar seus conhecimentos.<\/p>\n\n\n\n<div style=\"height:100px\" aria-hidden=\"true\" class=\"wp-block-spacer\"><\/div>\n\n\n\n<h2>E como fazer isso?<\/h2>\n\n\n\n<p class=\"has-medium-font-size\">\u2022 Pesquise sobre algum assunto de seu interesse, procurando aprender coisas novas. Sugerimos que, para isso, voc\u00ea converse com pessoas que j\u00e1 conhecem um pouco mais sobre o tema, o QSN e, se for poss\u00edvel, pesquisar mais informa\u00e7\u00f5es em livros, jornais, revistas, internet e outros materiais;<\/p>\n\n\n\n<p class=\"has-medium-font-size\">\u2022 Ensinar tamb\u00e9m \u00e9 uma forma de ampliar conhecimento, ent\u00e3o, vamos compartilhar algo que voc\u00ea conhe\u00e7a e saiba fazer com facilidade para algu\u00e9m pr\u00f3ximo, oferecendo a sua ajuda e conhecimento. Seja solid\u00e1rio compartilhando saberes que voc\u00ea domina com seus colegas<\/p>\n\n\n\n<p class=\"has-medium-font-size\">\u2022 Aten\u00e7\u00e3o ao buscar informa\u00e7\u00f5es. Utilize fontes confi\u00e1veis sobre not\u00edcias que chegam at\u00e9 voc\u00ea, diferenciando as not\u00edcias falsas das verdadeiras;<\/p>\n\n\n\n<p class=\"has-medium-font-size\">\u2022 Explore diferentes materiais, observando as informa\u00e7\u00f5es apresentadas de forma escrita ou por meio de s\u00edmbolos e desenhos, como: embalagens; letreiros; etc.;<\/p>\n\n\n\n<p class=\"has-medium-font-size\">\u2022 Procure manter o h\u00e1bito da leitura. Leia tudo! Leia muito! R\u00f3tulos, embalagens, propagandas, livros, revistas, hist\u00f3rias em quadrinhos, jornais ou outros materiais dispon\u00edveis;<\/p>\n\n\n\n<p class=\"has-medium-font-size\">\u2022 Realize c\u00e1lculos\/associa\u00e7\u00f5es matem\u00e1ticas de diferentes maneiras, como, por exemplo: fazendo o c\u00e1lculo mental; utilizando materiais diversificados para representar as quantidades; usando a calculadora para confirmar resultados; em uma receita, entender que as quantidades corretas s\u00e3o importantes para uma finaliza\u00e7\u00e3o de um bom prato, que a matem\u00e1tica est\u00e1 presente desde as notas musicais at\u00e9 o algoritmo que controla o funcionamento do seu celular.<\/p>\n","protected":false},"excerpt":{"rendered":"<p>EJA &#8211; Ciclos I e II Clique aqui&nbsp;e acesse a playlist dos epis\u00f3dios do Ciclo IClique aqui&nbsp;e acesse a playlist dos epis\u00f3dios do Ciclo II Nessa terceira temporada, o Programa [&hellip;]<\/p>\n","protected":false},"author":1,"featured_media":0,"parent":0,"menu_order":0,"comment_status":"closed","ping_status":"closed","template":"","meta":{"_monsterinsights_skip_tracking":false,"_monsterinsights_sitenote_active":false,"_monsterinsights_sitenote_note":"","_monsterinsights_sitenote_category":0,"_expiration-date-status":"","_expiration-date":0,"_expiration-date-type":"","_expiration-date-categories":[],"_expiration-date-options":[]},"categories":[],"tags":[],"yoast_head":"<!-- This site is optimized with the Yoast SEO plugin v19.7.1 - https:\/\/yoast.com\/wordpress\/plugins\/seo\/ -->\r\n<title>EDUCA\u00c7\u00c3O DE JOVENS E ADULTOS (CICLOS I E II) - Programa Saberes em Casa<\/title>\r\n<meta name=\"robots\" content=\"index, follow, max-snippet:-1, max-image-preview:large, max-video-preview:-1\" \/>\r\n<link rel=\"canonical\" href=\"https:\/\/portaleducacao.guarulhos.sp.gov.br\/wp_site\/saberesemcasa\/ciclo-i\/\" \/>\r\n<meta property=\"og:locale\" content=\"pt_BR\" \/>\r\n<meta property=\"og:type\" content=\"article\" \/>\r\n<meta property=\"og:title\" content=\"EDUCA\u00c7\u00c3O DE JOVENS E ADULTOS (CICLOS I E II) - Programa Saberes em Casa\" \/>\r\n<meta property=\"og:description\" content=\"EJA &#8211; Ciclos I e II Clique aqui&nbsp;e acesse a playlist dos epis\u00f3dios do Ciclo IClique aqui&nbsp;e acesse a playlist dos epis\u00f3dios do Ciclo II Nessa terceira temporada, o Programa [&hellip;]\" \/>\r\n<meta property=\"og:url\" content=\"https:\/\/portaleducacao.guarulhos.sp.gov.br\/wp_site\/saberesemcasa\/ciclo-i\/\" \/>\r\n<meta property=\"og:site_name\" content=\"Programa Saberes em Casa\" \/>\r\n<meta property=\"article:modified_time\" content=\"2022-03-28T19:41:44+00:00\" \/>\r\n<meta property=\"og:image\" content=\"http:\/\/portaleducacao.guarulhos.sp.gov.br\/wp_site\/saberesemcasa\/wp-content\/uploads\/sites\/6\/2021\/02\/eja-1024x341.jpg\" \/>\r\n<meta name=\"twitter:card\" content=\"summary_large_image\" \/>\r\n<meta name=\"twitter:label1\" content=\"Est. tempo de leitura\" \/>\n\t<meta name=\"twitter:data1\" content=\"2 minutos\" \/>\r\n<script type=\"application\/ld+json\" class=\"yoast-schema-graph\">{\"@context\":\"https:\/\/schema.org\",\"@graph\":[{\"@type\":\"WebPage\",\"@id\":\"https:\/\/portaleducacao.guarulhos.sp.gov.br\/wp_site\/saberesemcasa\/ciclo-i\/\",\"url\":\"https:\/\/portaleducacao.guarulhos.sp.gov.br\/wp_site\/saberesemcasa\/ciclo-i\/\",\"name\":\"EDUCA\u00c7\u00c3O DE JOVENS E ADULTOS (CICLOS I E II) - Programa Saberes em Casa\",\"isPartOf\":{\"@id\":\"http:\/\/portaleducacao.guarulhos.sp.gov.br\/wp_site\/saberesemcasa\/#website\"},\"datePublished\":\"2021-02-04T16:11:56+00:00\",\"dateModified\":\"2022-03-28T19:41:44+00:00\",\"breadcrumb\":{\"@id\":\"https:\/\/portaleducacao.guarulhos.sp.gov.br\/wp_site\/saberesemcasa\/ciclo-i\/#breadcrumb\"},\"inLanguage\":\"pt-BR\",\"potentialAction\":[{\"@type\":\"ReadAction\",\"target\":[\"https:\/\/portaleducacao.guarulhos.sp.gov.br\/wp_site\/saberesemcasa\/ciclo-i\/\"]}]},{\"@type\":\"BreadcrumbList\",\"@id\":\"https:\/\/portaleducacao.guarulhos.sp.gov.br\/wp_site\/saberesemcasa\/ciclo-i\/#breadcrumb\",\"itemListElement\":[{\"@type\":\"ListItem\",\"position\":1,\"name\":\"In\u00edcio\",\"item\":\"http:\/\/portaleducacao.guarulhos.sp.gov.br\/wp_site\/saberesemcasa\/\"},{\"@type\":\"ListItem\",\"position\":2,\"name\":\"EDUCA\u00c7\u00c3O DE JOVENS E ADULTOS (CICLOS I E II)\"}]},{\"@type\":\"WebSite\",\"@id\":\"http:\/\/portaleducacao.guarulhos.sp.gov.br\/wp_site\/saberesemcasa\/#website\",\"url\":\"http:\/\/portaleducacao.guarulhos.sp.gov.br\/wp_site\/saberesemcasa\/\",\"name\":\"Programa Saberes em Casa\",\"description\":\"Ferramenta complementar \u00e0s propostas educativas desenvolvidas nas unidades escolares\",\"publisher\":{\"@id\":\"http:\/\/portaleducacao.guarulhos.sp.gov.br\/wp_site\/saberesemcasa\/#organization\"},\"potentialAction\":[{\"@type\":\"SearchAction\",\"target\":{\"@type\":\"EntryPoint\",\"urlTemplate\":\"http:\/\/portaleducacao.guarulhos.sp.gov.br\/wp_site\/saberesemcasa\/?s={search_term_string}\"},\"query-input\":\"required name=search_term_string\"}],\"inLanguage\":\"pt-BR\"},{\"@type\":\"Organization\",\"@id\":\"http:\/\/portaleducacao.guarulhos.sp.gov.br\/wp_site\/saberesemcasa\/#organization\",\"name\":\"Programa Saberes em Casa\",\"url\":\"http:\/\/portaleducacao.guarulhos.sp.gov.br\/wp_site\/saberesemcasa\/\",\"sameAs\":[],\"logo\":{\"@type\":\"ImageObject\",\"inLanguage\":\"pt-BR\",\"@id\":\"http:\/\/portaleducacao.guarulhos.sp.gov.br\/wp_site\/saberesemcasa\/#\/schema\/logo\/image\/\",\"url\":\"http:\/\/portaleducacao.guarulhos.sp.gov.br\/wp_site\/saberesemcasa\/wp-content\/uploads\/sites\/6\/2021\/02\/cropped-logo_saberes_em_casa.png\",\"contentUrl\":\"http:\/\/portaleducacao.guarulhos.sp.gov.br\/wp_site\/saberesemcasa\/wp-content\/uploads\/sites\/6\/2021\/02\/cropped-logo_saberes_em_casa.png\",\"width\":200,\"height\":100,\"caption\":\"Programa Saberes em Casa\"},\"image\":{\"@id\":\"http:\/\/portaleducacao.guarulhos.sp.gov.br\/wp_site\/saberesemcasa\/#\/schema\/logo\/image\/\"}}]}<\/script>\r\n<!-- \/ Yoast SEO plugin. -->","yoast_head_json":{"title":"EDUCA\u00c7\u00c3O DE JOVENS E ADULTOS (CICLOS I E II) - Programa Saberes em Casa","robots":{"index":"index","follow":"follow","max-snippet":"max-snippet:-1","max-image-preview":"max-image-preview:large","max-video-preview":"max-video-preview:-1"},"canonical":"https:\/\/portaleducacao.guarulhos.sp.gov.br\/wp_site\/saberesemcasa\/ciclo-i\/","og_locale":"pt_BR","og_type":"article","og_title":"EDUCA\u00c7\u00c3O DE JOVENS E ADULTOS (CICLOS I E II) - Programa Saberes em Casa","og_description":"EJA &#8211; Ciclos I e II Clique aqui&nbsp;e acesse a playlist dos epis\u00f3dios do Ciclo IClique aqui&nbsp;e acesse a playlist dos epis\u00f3dios do Ciclo II Nessa terceira temporada, o Programa [&hellip;]","og_url":"https:\/\/portaleducacao.guarulhos.sp.gov.br\/wp_site\/saberesemcasa\/ciclo-i\/","og_site_name":"Programa Saberes em Casa","article_modified_time":"2022-03-28T19:41:44+00:00","og_image":[{"url":"http:\/\/portaleducacao.guarulhos.sp.gov.br\/wp_site\/saberesemcasa\/wp-content\/uploads\/sites\/6\/2021\/02\/eja-1024x341.jpg"}],"twitter_card":"summary_large_image","twitter_misc":{"Est. tempo de leitura":"2 minutos"},"schema":{"@context":"https:\/\/schema.org","@graph":[{"@type":"WebPage","@id":"https:\/\/portaleducacao.guarulhos.sp.gov.br\/wp_site\/saberesemcasa\/ciclo-i\/","url":"https:\/\/portaleducacao.guarulhos.sp.gov.br\/wp_site\/saberesemcasa\/ciclo-i\/","name":"EDUCA\u00c7\u00c3O DE JOVENS E ADULTOS (CICLOS I E II) - Programa Saberes em Casa","isPartOf":{"@id":"http:\/\/portaleducacao.guarulhos.sp.gov.br\/wp_site\/saberesemcasa\/#website"},"datePublished":"2021-02-04T16:11:56+00:00","dateModified":"2022-03-28T19:41:44+00:00","breadcrumb":{"@id":"https:\/\/portaleducacao.guarulhos.sp.gov.br\/wp_site\/saberesemcasa\/ciclo-i\/#breadcrumb"},"inLanguage":"pt-BR","potentialAction":[{"@type":"ReadAction","target":["https:\/\/portaleducacao.guarulhos.sp.gov.br\/wp_site\/saberesemcasa\/ciclo-i\/"]}]},{"@type":"BreadcrumbList","@id":"https:\/\/portaleducacao.guarulhos.sp.gov.br\/wp_site\/saberesemcasa\/ciclo-i\/#breadcrumb","itemListElement":[{"@type":"ListItem","position":1,"name":"In\u00edcio","item":"http:\/\/portaleducacao.guarulhos.sp.gov.br\/wp_site\/saberesemcasa\/"},{"@type":"ListItem","position":2,"name":"EDUCA\u00c7\u00c3O DE JOVENS E ADULTOS (CICLOS I E II)"}]},{"@type":"WebSite","@id":"http:\/\/portaleducacao.guarulhos.sp.gov.br\/wp_site\/saberesemcasa\/#website","url":"http:\/\/portaleducacao.guarulhos.sp.gov.br\/wp_site\/saberesemcasa\/","name":"Programa Saberes em Casa","description":"Ferramenta complementar \u00e0s propostas educativas desenvolvidas nas unidades escolares","publisher":{"@id":"http:\/\/portaleducacao.guarulhos.sp.gov.br\/wp_site\/saberesemcasa\/#organization"},"potentialAction":[{"@type":"SearchAction","target":{"@type":"EntryPoint","urlTemplate":"http:\/\/portaleducacao.guarulhos.sp.gov.br\/wp_site\/saberesemcasa\/?s={search_term_string}"},"query-input":"required name=search_term_string"}],"inLanguage":"pt-BR"},{"@type":"Organization","@id":"http:\/\/portaleducacao.guarulhos.sp.gov.br\/wp_site\/saberesemcasa\/#organization","name":"Programa Saberes em Casa","url":"http:\/\/portaleducacao.guarulhos.sp.gov.br\/wp_site\/saberesemcasa\/","sameAs":[],"logo":{"@type":"ImageObject","inLanguage":"pt-BR","@id":"http:\/\/portaleducacao.guarulhos.sp.gov.br\/wp_site\/saberesemcasa\/#\/schema\/logo\/image\/","url":"http:\/\/portaleducacao.guarulhos.sp.gov.br\/wp_site\/saberesemcasa\/wp-content\/uploads\/sites\/6\/2021\/02\/cropped-logo_saberes_em_casa.png","contentUrl":"http:\/\/portaleducacao.guarulhos.sp.gov.br\/wp_site\/saberesemcasa\/wp-content\/uploads\/sites\/6\/2021\/02\/cropped-logo_saberes_em_casa.png","width":200,"height":100,"caption":"Programa Saberes em Casa"},"image":{"@id":"http:\/\/portaleducacao.guarulhos.sp.gov.br\/wp_site\/saberesemcasa\/#\/schema\/logo\/image\/"}}]}},"_links":{"self":[{"href":"http:\/\/portaleducacao.guarulhos.sp.gov.br\/wp_site\/saberesemcasa\/wp-json\/wp\/v2\/pages\/115"}],"collection":[{"href":"http:\/\/portaleducacao.guarulhos.sp.gov.br\/wp_site\/saberesemcasa\/wp-json\/wp\/v2\/pages"}],"about":[{"href":"http:\/\/portaleducacao.guarulhos.sp.gov.br\/wp_site\/saberesemcasa\/wp-json\/wp\/v2\/types\/page"}],"author":[{"embeddable":true,"href":"http:\/\/portaleducacao.guarulhos.sp.gov.br\/wp_site\/saberesemcasa\/wp-json\/wp\/v2\/users\/1"}],"replies":[{"embeddable":true,"href":"http:\/\/portaleducacao.guarulhos.sp.gov.br\/wp_site\/saberesemcasa\/wp-json\/wp\/v2\/comments?post=115"}],"version-history":[{"count":19,"href":"http:\/\/portaleducacao.guarulhos.sp.gov.br\/wp_site\/saberesemcasa\/wp-json\/wp\/v2\/pages\/115\/revisions"}],"predecessor-version":[{"id":1993,"href":"http:\/\/portaleducacao.guarulhos.sp.gov.br\/wp_site\/saberesemcasa\/wp-json\/wp\/v2\/pages\/115\/revisions\/1993"}],"wp:attachment":[{"href":"http:\/\/portaleducacao.guarulhos.sp.gov.br\/wp_site\/saberesemcasa\/wp-json\/wp\/v2\/media?parent=115"}],"wp:term":[{"taxonomy":"category","embeddable":true,"href":"http:\/\/portaleducacao.guarulhos.sp.gov.br\/wp_site\/saberesemcasa\/wp-json\/wp\/v2\/categories?post=115"},{"taxonomy":"post_tag","embeddable":true,"href":"http:\/\/portaleducacao.guarulhos.sp.gov.br\/wp_site\/saberesemcasa\/wp-json\/wp\/v2\/tags?post=115"}],"curies":[{"name":"wp","href":"https:\/\/api.w.org\/{rel}","templated":true}]}}