{"id":1904,"date":"2022-03-02T13:43:33","date_gmt":"2022-03-02T16:43:33","guid":{"rendered":"http:\/\/portaleducacao.guarulhos.sp.gov.br\/wp_site\/saberesemcasa\/?page_id=1904"},"modified":"2022-03-09T15:44:46","modified_gmt":"2022-03-09T18:44:46","slug":"linguagens","status":"publish","type":"page","link":"http:\/\/portaleducacao.guarulhos.sp.gov.br\/wp_site\/saberesemcasa\/linguagens\/","title":{"rendered":"Linguagens"},"content":{"rendered":"\n<h2>Linguagens por A\u00ed!<\/h2>\n\n\n\n<p class=\"has-medium-font-size\"><a rel=\"noreferrer noopener\" href=\"https:\/\/youtube.com\/playlist?list=PL9Afd2a5oM1OJt1IOaZXkUinhfjPO9NVh\" target=\"_blank\">Clique aqui<\/a>\u00a0e acesse a playlist dos epis\u00f3dios do bloco Linguagens por A\u00ed!<\/p>\n\n\n\n<p class=\"has-medium-font-size\">Na vers\u00e3o 2022 estaremos todos juntos e misturados! E n\u00e3o \u00e9 s\u00f3 porque gostamos uns dos outros. Nossa inten\u00e7\u00e3o \u00e9 refor\u00e7ar nossas trocas e experi\u00eancias, assim como fazemos nos encontros formativos e transpor isso tamb\u00e9m para os v\u00eddeos.<\/p>\n\n\n\n<p class=\"has-medium-font-size\">Nossa organiza\u00e7\u00e3o por polos de trabalho nas escolas j\u00e1 conta com o olhar sobre o territ\u00f3rio, permitindo que a grande maioria trabalhe dentro da mesma regi\u00e3o.<\/p>\n\n\n\n<p class=\"has-medium-font-size\">No Saberes em Casa esse olhar tamb\u00e9m estar\u00e1 presente.<\/p>\n\n\n\n<p class=\"has-medium-font-size\">Pensar juntos nesses territ\u00f3rios educativos e pensar tamb\u00e9m nos conceitos de educa\u00e7\u00e3o integral presentes no QSN, nos trazem possibilidades de trabalhos conjuntos nas unidades escolares e fomentam descobertas para os educandos e educandas quando contextualizadas nas regi\u00f5es guarulhenses.<\/p>\n\n\n\n<p class=\"has-medium-font-size\">Pra come\u00e7ar, falaremos sobre a cidade de Guarulhos em um contexto geral.<\/p>\n\n\n\n<p class=\"has-medium-font-size\">E ao longo do ano, a cada m\u00eas visitaremos uma regi\u00e3o diferente. E em cada epis\u00f3dio uma etapa diferente desta regi\u00e3o.<\/p>\n\n\n\n<p class=\"has-medium-font-size\">Te convidamos a vir conosco nesse caminho de descobertas e apresenta\u00e7\u00f5es.<\/p>\n","protected":false},"excerpt":{"rendered":"<p>Linguagens por A\u00ed! Clique aqui\u00a0e acesse a playlist dos epis\u00f3dios do bloco Linguagens por A\u00ed! Na vers\u00e3o 2022 estaremos todos juntos e misturados! E n\u00e3o \u00e9 s\u00f3 porque gostamos uns [&hellip;]<\/p>\n","protected":false},"author":1,"featured_media":0,"parent":0,"menu_order":0,"comment_status":"closed","ping_status":"closed","template":"","meta":{"_monsterinsights_skip_tracking":false,"_monsterinsights_sitenote_active":false,"_monsterinsights_sitenote_note":"","_monsterinsights_sitenote_category":0,"_expiration-date-status":"","_expiration-date":0,"_expiration-date-type":"","_expiration-date-categories":[],"_expiration-date-options":[]},"categories":[],"tags":[],"yoast_head":"<!-- This site is optimized with the Yoast SEO plugin v19.7.1 - https:\/\/yoast.com\/wordpress\/plugins\/seo\/ -->\r\n<title>Linguagens - Programa Saberes em Casa<\/title>\r\n<meta name=\"robots\" content=\"index, follow, max-snippet:-1, max-image-preview:large, max-video-preview:-1\" \/>\r\n<link rel=\"canonical\" href=\"http:\/\/portaleducacao.guarulhos.sp.gov.br\/wp_site\/saberesemcasa\/linguagens\/\" \/>\r\n<meta property=\"og:locale\" content=\"pt_BR\" \/>\r\n<meta property=\"og:type\" content=\"article\" \/>\r\n<meta property=\"og:title\" content=\"Linguagens - Programa Saberes em Casa\" \/>\r\n<meta property=\"og:description\" content=\"Linguagens por A\u00ed! Clique aqui\u00a0e acesse a playlist dos epis\u00f3dios do bloco Linguagens por A\u00ed! Na vers\u00e3o 2022 estaremos todos juntos e misturados! E n\u00e3o \u00e9 s\u00f3 porque gostamos uns [&hellip;]\" \/>\r\n<meta property=\"og:url\" content=\"http:\/\/portaleducacao.guarulhos.sp.gov.br\/wp_site\/saberesemcasa\/linguagens\/\" \/>\r\n<meta property=\"og:site_name\" content=\"Programa Saberes em Casa\" \/>\r\n<meta property=\"article:modified_time\" content=\"2022-03-09T18:44:46+00:00\" \/>\r\n<meta name=\"twitter:card\" content=\"summary_large_image\" \/>\r\n<meta name=\"twitter:label1\" content=\"Est. tempo de leitura\" \/>\n\t<meta name=\"twitter:data1\" content=\"1 minuto\" \/>\r\n<script type=\"application\/ld+json\" class=\"yoast-schema-graph\">{\"@context\":\"https:\/\/schema.org\",\"@graph\":[{\"@type\":\"WebPage\",\"@id\":\"http:\/\/portaleducacao.guarulhos.sp.gov.br\/wp_site\/saberesemcasa\/linguagens\/\",\"url\":\"http:\/\/portaleducacao.guarulhos.sp.gov.br\/wp_site\/saberesemcasa\/linguagens\/\",\"name\":\"Linguagens - Programa Saberes em Casa\",\"isPartOf\":{\"@id\":\"http:\/\/portaleducacao.guarulhos.sp.gov.br\/wp_site\/saberesemcasa\/#website\"},\"datePublished\":\"2022-03-02T16:43:33+00:00\",\"dateModified\":\"2022-03-09T18:44:46+00:00\",\"breadcrumb\":{\"@id\":\"http:\/\/portaleducacao.guarulhos.sp.gov.br\/wp_site\/saberesemcasa\/linguagens\/#breadcrumb\"},\"inLanguage\":\"pt-BR\",\"potentialAction\":[{\"@type\":\"ReadAction\",\"target\":[\"http:\/\/portaleducacao.guarulhos.sp.gov.br\/wp_site\/saberesemcasa\/linguagens\/\"]}]},{\"@type\":\"BreadcrumbList\",\"@id\":\"http:\/\/portaleducacao.guarulhos.sp.gov.br\/wp_site\/saberesemcasa\/linguagens\/#breadcrumb\",\"itemListElement\":[{\"@type\":\"ListItem\",\"position\":1,\"name\":\"In\u00edcio\",\"item\":\"http:\/\/portaleducacao.guarulhos.sp.gov.br\/wp_site\/saberesemcasa\/\"},{\"@type\":\"ListItem\",\"position\":2,\"name\":\"Linguagens\"}]},{\"@type\":\"WebSite\",\"@id\":\"http:\/\/portaleducacao.guarulhos.sp.gov.br\/wp_site\/saberesemcasa\/#website\",\"url\":\"http:\/\/portaleducacao.guarulhos.sp.gov.br\/wp_site\/saberesemcasa\/\",\"name\":\"Programa Saberes em Casa\",\"description\":\"Ferramenta complementar \u00e0s propostas educativas desenvolvidas nas unidades escolares\",\"publisher\":{\"@id\":\"http:\/\/portaleducacao.guarulhos.sp.gov.br\/wp_site\/saberesemcasa\/#organization\"},\"potentialAction\":[{\"@type\":\"SearchAction\",\"target\":{\"@type\":\"EntryPoint\",\"urlTemplate\":\"http:\/\/portaleducacao.guarulhos.sp.gov.br\/wp_site\/saberesemcasa\/?s={search_term_string}\"},\"query-input\":\"required name=search_term_string\"}],\"inLanguage\":\"pt-BR\"},{\"@type\":\"Organization\",\"@id\":\"http:\/\/portaleducacao.guarulhos.sp.gov.br\/wp_site\/saberesemcasa\/#organization\",\"name\":\"Programa Saberes em Casa\",\"url\":\"http:\/\/portaleducacao.guarulhos.sp.gov.br\/wp_site\/saberesemcasa\/\",\"sameAs\":[],\"logo\":{\"@type\":\"ImageObject\",\"inLanguage\":\"pt-BR\",\"@id\":\"http:\/\/portaleducacao.guarulhos.sp.gov.br\/wp_site\/saberesemcasa\/#\/schema\/logo\/image\/\",\"url\":\"http:\/\/portaleducacao.guarulhos.sp.gov.br\/wp_site\/saberesemcasa\/wp-content\/uploads\/sites\/6\/2021\/02\/cropped-logo_saberes_em_casa.png\",\"contentUrl\":\"http:\/\/portaleducacao.guarulhos.sp.gov.br\/wp_site\/saberesemcasa\/wp-content\/uploads\/sites\/6\/2021\/02\/cropped-logo_saberes_em_casa.png\",\"width\":200,\"height\":100,\"caption\":\"Programa Saberes em Casa\"},\"image\":{\"@id\":\"http:\/\/portaleducacao.guarulhos.sp.gov.br\/wp_site\/saberesemcasa\/#\/schema\/logo\/image\/\"}}]}<\/script>\r\n<!-- \/ Yoast SEO plugin. -->","yoast_head_json":{"title":"Linguagens - Programa Saberes em Casa","robots":{"index":"index","follow":"follow","max-snippet":"max-snippet:-1","max-image-preview":"max-image-preview:large","max-video-preview":"max-video-preview:-1"},"canonical":"http:\/\/portaleducacao.guarulhos.sp.gov.br\/wp_site\/saberesemcasa\/linguagens\/","og_locale":"pt_BR","og_type":"article","og_title":"Linguagens - Programa Saberes em Casa","og_description":"Linguagens por A\u00ed! Clique aqui\u00a0e acesse a playlist dos epis\u00f3dios do bloco Linguagens por A\u00ed! Na vers\u00e3o 2022 estaremos todos juntos e misturados! E n\u00e3o \u00e9 s\u00f3 porque gostamos uns [&hellip;]","og_url":"http:\/\/portaleducacao.guarulhos.sp.gov.br\/wp_site\/saberesemcasa\/linguagens\/","og_site_name":"Programa Saberes em Casa","article_modified_time":"2022-03-09T18:44:46+00:00","twitter_card":"summary_large_image","twitter_misc":{"Est. tempo de leitura":"1 minuto"},"schema":{"@context":"https:\/\/schema.org","@graph":[{"@type":"WebPage","@id":"http:\/\/portaleducacao.guarulhos.sp.gov.br\/wp_site\/saberesemcasa\/linguagens\/","url":"http:\/\/portaleducacao.guarulhos.sp.gov.br\/wp_site\/saberesemcasa\/linguagens\/","name":"Linguagens - Programa Saberes em Casa","isPartOf":{"@id":"http:\/\/portaleducacao.guarulhos.sp.gov.br\/wp_site\/saberesemcasa\/#website"},"datePublished":"2022-03-02T16:43:33+00:00","dateModified":"2022-03-09T18:44:46+00:00","breadcrumb":{"@id":"http:\/\/portaleducacao.guarulhos.sp.gov.br\/wp_site\/saberesemcasa\/linguagens\/#breadcrumb"},"inLanguage":"pt-BR","potentialAction":[{"@type":"ReadAction","target":["http:\/\/portaleducacao.guarulhos.sp.gov.br\/wp_site\/saberesemcasa\/linguagens\/"]}]},{"@type":"BreadcrumbList","@id":"http:\/\/portaleducacao.guarulhos.sp.gov.br\/wp_site\/saberesemcasa\/linguagens\/#breadcrumb","itemListElement":[{"@type":"ListItem","position":1,"name":"In\u00edcio","item":"http:\/\/portaleducacao.guarulhos.sp.gov.br\/wp_site\/saberesemcasa\/"},{"@type":"ListItem","position":2,"name":"Linguagens"}]},{"@type":"WebSite","@id":"http:\/\/portaleducacao.guarulhos.sp.gov.br\/wp_site\/saberesemcasa\/#website","url":"http:\/\/portaleducacao.guarulhos.sp.gov.br\/wp_site\/saberesemcasa\/","name":"Programa Saberes em Casa","description":"Ferramenta complementar \u00e0s propostas educativas desenvolvidas nas unidades escolares","publisher":{"@id":"http:\/\/portaleducacao.guarulhos.sp.gov.br\/wp_site\/saberesemcasa\/#organization"},"potentialAction":[{"@type":"SearchAction","target":{"@type":"EntryPoint","urlTemplate":"http:\/\/portaleducacao.guarulhos.sp.gov.br\/wp_site\/saberesemcasa\/?s={search_term_string}"},"query-input":"required name=search_term_string"}],"inLanguage":"pt-BR"},{"@type":"Organization","@id":"http:\/\/portaleducacao.guarulhos.sp.gov.br\/wp_site\/saberesemcasa\/#organization","name":"Programa Saberes em Casa","url":"http:\/\/portaleducacao.guarulhos.sp.gov.br\/wp_site\/saberesemcasa\/","sameAs":[],"logo":{"@type":"ImageObject","inLanguage":"pt-BR","@id":"http:\/\/portaleducacao.guarulhos.sp.gov.br\/wp_site\/saberesemcasa\/#\/schema\/logo\/image\/","url":"http:\/\/portaleducacao.guarulhos.sp.gov.br\/wp_site\/saberesemcasa\/wp-content\/uploads\/sites\/6\/2021\/02\/cropped-logo_saberes_em_casa.png","contentUrl":"http:\/\/portaleducacao.guarulhos.sp.gov.br\/wp_site\/saberesemcasa\/wp-content\/uploads\/sites\/6\/2021\/02\/cropped-logo_saberes_em_casa.png","width":200,"height":100,"caption":"Programa Saberes em Casa"},"image":{"@id":"http:\/\/portaleducacao.guarulhos.sp.gov.br\/wp_site\/saberesemcasa\/#\/schema\/logo\/image\/"}}]}},"_links":{"self":[{"href":"http:\/\/portaleducacao.guarulhos.sp.gov.br\/wp_site\/saberesemcasa\/wp-json\/wp\/v2\/pages\/1904"}],"collection":[{"href":"http:\/\/portaleducacao.guarulhos.sp.gov.br\/wp_site\/saberesemcasa\/wp-json\/wp\/v2\/pages"}],"about":[{"href":"http:\/\/portaleducacao.guarulhos.sp.gov.br\/wp_site\/saberesemcasa\/wp-json\/wp\/v2\/types\/page"}],"author":[{"embeddable":true,"href":"http:\/\/portaleducacao.guarulhos.sp.gov.br\/wp_site\/saberesemcasa\/wp-json\/wp\/v2\/users\/1"}],"replies":[{"embeddable":true,"href":"http:\/\/portaleducacao.guarulhos.sp.gov.br\/wp_site\/saberesemcasa\/wp-json\/wp\/v2\/comments?post=1904"}],"version-history":[{"count":4,"href":"http:\/\/portaleducacao.guarulhos.sp.gov.br\/wp_site\/saberesemcasa\/wp-json\/wp\/v2\/pages\/1904\/revisions"}],"predecessor-version":[{"id":1961,"href":"http:\/\/portaleducacao.guarulhos.sp.gov.br\/wp_site\/saberesemcasa\/wp-json\/wp\/v2\/pages\/1904\/revisions\/1961"}],"wp:attachment":[{"href":"http:\/\/portaleducacao.guarulhos.sp.gov.br\/wp_site\/saberesemcasa\/wp-json\/wp\/v2\/media?parent=1904"}],"wp:term":[{"taxonomy":"category","embeddable":true,"href":"http:\/\/portaleducacao.guarulhos.sp.gov.br\/wp_site\/saberesemcasa\/wp-json\/wp\/v2\/categories?post=1904"},{"taxonomy":"post_tag","embeddable":true,"href":"http:\/\/portaleducacao.guarulhos.sp.gov.br\/wp_site\/saberesemcasa\/wp-json\/wp\/v2\/tags?post=1904"}],"curies":[{"name":"wp","href":"https:\/\/api.w.org\/{rel}","templated":true}]}}