{"id":139,"date":"2021-03-31T15:33:34","date_gmt":"2021-03-31T18:33:34","guid":{"rendered":"http:\/\/portaleducacao.guarulhos.sp.gov.br\/wp_site\/abrilliterario\/?page_id=139"},"modified":"2021-04-01T12:55:28","modified_gmt":"2021-04-01T15:55:28","slug":"abril-literario-oferece-contacao-de-historias-oficinas-e-webinario","status":"publish","type":"page","link":"https:\/\/portaleducacao.guarulhos.sp.gov.br\/wp_site\/abrilliterario2021\/abril-literario-oferece-contacao-de-historias-oficinas-e-webinario\/","title":{"rendered":"ABRIL LITER\u00c1RIO OFERECE CONTA\u00c7\u00c3O DE HIST\u00d3RIAS, OFICINAS E WEBIN\u00c1RIO"},"content":{"rendered":"\n<figure class=\"wp-block-embed-youtube wp-block-embed is-type-video is-provider-youtube wp-embed-aspect-16-9 wp-has-aspect-ratio\"><div class=\"wp-block-embed__wrapper\">\n<iframe loading=\"lazy\" title=\"Abril Liter\u00e1rio Virtual 2021 - Concerto de Abertura com a Orquestra Gru Sinf\u00f4nica\" width=\"870\" height=\"489\" src=\"https:\/\/www.youtube.com\/embed\/y1s7srmujuM?list=PL9Afd2a5oM1PJKcIelUVDAIa7CLcCFBff\" frameborder=\"0\" allow=\"accelerometer; autoplay; clipboard-write; encrypted-media; gyroscope; picture-in-picture\" allowfullscreen><\/iframe>\n<\/div><\/figure>\n\n\n\n<h2><span class=\"has-inline-color has-luminous-vivid-orange-color\"><strong>Abril Liter\u00e1rio oferece conta\u00e7\u00e3o de hist\u00f3rias, oficinas e webin\u00e1rio<\/strong><\/span><\/h2>\n\n\n\n<p class=\"has-medium-font-size\">Durante o m\u00eas de abril a Secretaria de Educa\u00e7\u00e3o de Guarulhos promove o Abril Liter\u00e1rio Virtual 2021 &#8211; Literalmente Isso\u2026, projeto de atividades culturais com leituras, utiliza\u00e7\u00e3o de diferentes g\u00eaneros liter\u00e1rios, conta\u00e7\u00e3o de hist\u00f3rias, dentre outras atividades com o objetivo de estimular a criatividade, a imagina\u00e7\u00e3o, o conhecimento e o entretenimento para toda a cidade. O evento \u00e9 uma iniciativa do Departamento de Orienta\u00e7\u00f5es Educacionais e Pedag\u00f3gicas (DOEP) em conjunto com autores, educadores, psic\u00f3logos, bibliotec\u00e1rios, educandos e convidados.<\/p>\n\n\n\n<p class=\"has-medium-font-size\">A programa\u00e7\u00e3o envolve as escolas da rede municipal de ensino, as institui\u00e7\u00f5es parceiras, os Centros de Educa\u00e7\u00e3o Unificados (CEUs), o Centro Municipal de Educa\u00e7\u00e3o e Artes (Cemear), o Centro Municipal de Educa\u00e7\u00e3o Ambiental Chico Mendes, o Centro Municipal de Educa\u00e7\u00e3o J\u00falio Fracalanza e as bibliotecas de Guarulhos.<\/p>\n\n\n\n<p class=\"has-medium-font-size\">Na sexta-feira (9), das 9h30 \u00e0s 21h, acontece a abertura oficial com um Webin\u00e1rio, trazendo um bate-papo com diversos convidados em mesas virtuais. Entre os participantes est\u00e1 a autora Rosinha, que em tom de parlenda falar\u00e1 sobre sua obra O Casamento do Rato com a Filha do Besouro, a educadora em sa\u00fade p\u00fablica da Prefeitura e pesquisadora Grace Noronha, a autora Tess\u00e1lia Lemos e a ilustradora Adri Silva, do livro A Formiguinha Azul, entre outros convidados.<\/p>\n\n\n\n<p class=\"has-medium-font-size\">Al\u00e9m disso, o evento recebe o prefeito Guti para falar um pouco sobre o seu livro infantil Salve o Anjinho da Guarda. Para acompanhar as palestras em tempo real basta acessar o <a href=\"https:\/\/www.youtube.com\/c\/PortalSEInforme\" target=\"_blank\" rel=\"noreferrer noopener\"><strong><span class=\"has-inline-color has-luminous-vivid-orange-color\">canal do Portal da Secretaria de Educa\u00e7\u00e3o no YouTube<\/span><\/strong><\/a>.<\/p>\n\n\n\n<p class=\"has-medium-font-size\">O Abril Liter\u00e1rio conta ainda com uma apresenta\u00e7\u00e3o da Orquestra Gru Sinf\u00f4nica, em parceria com a Secretaria de Cultura, al\u00e9m de promover oficinas, sugest\u00f5es liter\u00e1rias, videoteca do professor, entre outras atividades que incentivam a pr\u00e1tica da leitura para todos os educandos, educadores e comunidade.<\/p>\n","protected":false},"excerpt":{"rendered":"<p>Abril Liter\u00e1rio oferece conta\u00e7\u00e3o de hist\u00f3rias, oficinas e webin\u00e1rio Durante o m\u00eas de abril a Secretaria de Educa\u00e7\u00e3o de Guarulhos promove o Abril Liter\u00e1rio Virtual 2021 &#8211; Literalmente Isso\u2026, projeto [&hellip;]<\/p>\n","protected":false},"author":1,"featured_media":0,"parent":0,"menu_order":0,"comment_status":"closed","ping_status":"closed","template":"","meta":{"_monsterinsights_skip_tracking":false,"_monsterinsights_sitenote_active":false,"_monsterinsights_sitenote_note":"","_monsterinsights_sitenote_category":0,"_expiration-date-status":"","_expiration-date":0,"_expiration-date-type":"","_expiration-date-categories":[],"_expiration-date-options":[]},"categories":[],"tags":[],"yoast_head":"<!-- This site is optimized with the Yoast SEO plugin v19.7.1 - https:\/\/yoast.com\/wordpress\/plugins\/seo\/ -->\r\n<title>ABRIL LITER\u00c1RIO OFERECE CONTA\u00c7\u00c3O DE HIST\u00d3RIAS, OFICINAS E WEBIN\u00c1RIO - Abril Liter\u00e1rio Virtual 2021 - Literalmente Isso...<\/title>\r\n<meta name=\"robots\" content=\"index, follow, max-snippet:-1, max-image-preview:large, max-video-preview:-1\" \/>\r\n<link rel=\"canonical\" href=\"https:\/\/portaleducacao.guarulhos.sp.gov.br\/wp_site\/abrilliterario2021\/abril-literario-oferece-contacao-de-historias-oficinas-e-webinario\/\" \/>\r\n<meta property=\"og:locale\" content=\"pt_BR\" \/>\r\n<meta property=\"og:type\" content=\"article\" \/>\r\n<meta property=\"og:title\" content=\"ABRIL LITER\u00c1RIO OFERECE CONTA\u00c7\u00c3O DE HIST\u00d3RIAS, OFICINAS E WEBIN\u00c1RIO - Abril Liter\u00e1rio Virtual 2021 - Literalmente Isso...\" \/>\r\n<meta property=\"og:description\" content=\"Abril Liter\u00e1rio oferece conta\u00e7\u00e3o de hist\u00f3rias, oficinas e webin\u00e1rio Durante o m\u00eas de abril a Secretaria de Educa\u00e7\u00e3o de Guarulhos promove o Abril Liter\u00e1rio Virtual 2021 &#8211; Literalmente Isso\u2026, projeto [&hellip;]\" \/>\r\n<meta property=\"og:url\" content=\"https:\/\/portaleducacao.guarulhos.sp.gov.br\/wp_site\/abrilliterario2021\/abril-literario-oferece-contacao-de-historias-oficinas-e-webinario\/\" \/>\r\n<meta property=\"og:site_name\" content=\"Abril Liter\u00e1rio Virtual 2021 - Literalmente Isso...\" \/>\r\n<meta property=\"article:modified_time\" content=\"2021-04-01T15:55:28+00:00\" \/>\r\n<meta name=\"twitter:card\" content=\"summary_large_image\" \/>\r\n<meta name=\"twitter:label1\" content=\"Est. tempo de leitura\" \/>\n\t<meta name=\"twitter:data1\" content=\"2 minutos\" \/>\r\n<script type=\"application\/ld+json\" class=\"yoast-schema-graph\">{\"@context\":\"https:\/\/schema.org\",\"@graph\":[{\"@type\":\"WebPage\",\"@id\":\"https:\/\/portaleducacao.guarulhos.sp.gov.br\/wp_site\/abrilliterario2021\/abril-literario-oferece-contacao-de-historias-oficinas-e-webinario\/\",\"url\":\"https:\/\/portaleducacao.guarulhos.sp.gov.br\/wp_site\/abrilliterario2021\/abril-literario-oferece-contacao-de-historias-oficinas-e-webinario\/\",\"name\":\"ABRIL LITER\u00c1RIO OFERECE CONTA\u00c7\u00c3O DE HIST\u00d3RIAS, OFICINAS E WEBIN\u00c1RIO - Abril Liter\u00e1rio Virtual 2021 - Literalmente Isso...\",\"isPartOf\":{\"@id\":\"https:\/\/portaleducacao.guarulhos.sp.gov.br\/wp_site\/abrilliterario2021\/#website\"},\"datePublished\":\"2021-03-31T18:33:34+00:00\",\"dateModified\":\"2021-04-01T15:55:28+00:00\",\"breadcrumb\":{\"@id\":\"https:\/\/portaleducacao.guarulhos.sp.gov.br\/wp_site\/abrilliterario2021\/abril-literario-oferece-contacao-de-historias-oficinas-e-webinario\/#breadcrumb\"},\"inLanguage\":\"pt-BR\",\"potentialAction\":[{\"@type\":\"ReadAction\",\"target\":[\"https:\/\/portaleducacao.guarulhos.sp.gov.br\/wp_site\/abrilliterario2021\/abril-literario-oferece-contacao-de-historias-oficinas-e-webinario\/\"]}]},{\"@type\":\"BreadcrumbList\",\"@id\":\"https:\/\/portaleducacao.guarulhos.sp.gov.br\/wp_site\/abrilliterario2021\/abril-literario-oferece-contacao-de-historias-oficinas-e-webinario\/#breadcrumb\",\"itemListElement\":[{\"@type\":\"ListItem\",\"position\":1,\"name\":\"In\u00edcio\",\"item\":\"https:\/\/portaleducacao.guarulhos.sp.gov.br\/wp_site\/abrilliterario2021\/\"},{\"@type\":\"ListItem\",\"position\":2,\"name\":\"ABRIL LITER\u00c1RIO OFERECE CONTA\u00c7\u00c3O DE HIST\u00d3RIAS, OFICINAS E WEBIN\u00c1RIO\"}]},{\"@type\":\"WebSite\",\"@id\":\"https:\/\/portaleducacao.guarulhos.sp.gov.br\/wp_site\/abrilliterario2021\/#website\",\"url\":\"https:\/\/portaleducacao.guarulhos.sp.gov.br\/wp_site\/abrilliterario2021\/\",\"name\":\"Abril Liter\u00e1rio Virtual 2021 - Literalmente Isso...\",\"description\":\"Secretaria Municipal de Educa\u00e7\u00e3o de Guarulhos\",\"potentialAction\":[{\"@type\":\"SearchAction\",\"target\":{\"@type\":\"EntryPoint\",\"urlTemplate\":\"https:\/\/portaleducacao.guarulhos.sp.gov.br\/wp_site\/abrilliterario2021\/?s={search_term_string}\"},\"query-input\":\"required name=search_term_string\"}],\"inLanguage\":\"pt-BR\"}]}<\/script>\r\n<!-- \/ Yoast SEO plugin. -->","yoast_head_json":{"title":"ABRIL LITER\u00c1RIO OFERECE CONTA\u00c7\u00c3O DE HIST\u00d3RIAS, OFICINAS E WEBIN\u00c1RIO - Abril Liter\u00e1rio Virtual 2021 - Literalmente Isso...","robots":{"index":"index","follow":"follow","max-snippet":"max-snippet:-1","max-image-preview":"max-image-preview:large","max-video-preview":"max-video-preview:-1"},"canonical":"https:\/\/portaleducacao.guarulhos.sp.gov.br\/wp_site\/abrilliterario2021\/abril-literario-oferece-contacao-de-historias-oficinas-e-webinario\/","og_locale":"pt_BR","og_type":"article","og_title":"ABRIL LITER\u00c1RIO OFERECE CONTA\u00c7\u00c3O DE HIST\u00d3RIAS, OFICINAS E WEBIN\u00c1RIO - Abril Liter\u00e1rio Virtual 2021 - Literalmente Isso...","og_description":"Abril Liter\u00e1rio oferece conta\u00e7\u00e3o de hist\u00f3rias, oficinas e webin\u00e1rio Durante o m\u00eas de abril a Secretaria de Educa\u00e7\u00e3o de Guarulhos promove o Abril Liter\u00e1rio Virtual 2021 &#8211; Literalmente Isso\u2026, projeto [&hellip;]","og_url":"https:\/\/portaleducacao.guarulhos.sp.gov.br\/wp_site\/abrilliterario2021\/abril-literario-oferece-contacao-de-historias-oficinas-e-webinario\/","og_site_name":"Abril Liter\u00e1rio Virtual 2021 - Literalmente Isso...","article_modified_time":"2021-04-01T15:55:28+00:00","twitter_card":"summary_large_image","twitter_misc":{"Est. tempo de leitura":"2 minutos"},"schema":{"@context":"https:\/\/schema.org","@graph":[{"@type":"WebPage","@id":"https:\/\/portaleducacao.guarulhos.sp.gov.br\/wp_site\/abrilliterario2021\/abril-literario-oferece-contacao-de-historias-oficinas-e-webinario\/","url":"https:\/\/portaleducacao.guarulhos.sp.gov.br\/wp_site\/abrilliterario2021\/abril-literario-oferece-contacao-de-historias-oficinas-e-webinario\/","name":"ABRIL LITER\u00c1RIO OFERECE CONTA\u00c7\u00c3O DE HIST\u00d3RIAS, OFICINAS E WEBIN\u00c1RIO - Abril Liter\u00e1rio Virtual 2021 - Literalmente Isso...","isPartOf":{"@id":"https:\/\/portaleducacao.guarulhos.sp.gov.br\/wp_site\/abrilliterario2021\/#website"},"datePublished":"2021-03-31T18:33:34+00:00","dateModified":"2021-04-01T15:55:28+00:00","breadcrumb":{"@id":"https:\/\/portaleducacao.guarulhos.sp.gov.br\/wp_site\/abrilliterario2021\/abril-literario-oferece-contacao-de-historias-oficinas-e-webinario\/#breadcrumb"},"inLanguage":"pt-BR","potentialAction":[{"@type":"ReadAction","target":["https:\/\/portaleducacao.guarulhos.sp.gov.br\/wp_site\/abrilliterario2021\/abril-literario-oferece-contacao-de-historias-oficinas-e-webinario\/"]}]},{"@type":"BreadcrumbList","@id":"https:\/\/portaleducacao.guarulhos.sp.gov.br\/wp_site\/abrilliterario2021\/abril-literario-oferece-contacao-de-historias-oficinas-e-webinario\/#breadcrumb","itemListElement":[{"@type":"ListItem","position":1,"name":"In\u00edcio","item":"https:\/\/portaleducacao.guarulhos.sp.gov.br\/wp_site\/abrilliterario2021\/"},{"@type":"ListItem","position":2,"name":"ABRIL LITER\u00c1RIO OFERECE CONTA\u00c7\u00c3O DE HIST\u00d3RIAS, OFICINAS E WEBIN\u00c1RIO"}]},{"@type":"WebSite","@id":"https:\/\/portaleducacao.guarulhos.sp.gov.br\/wp_site\/abrilliterario2021\/#website","url":"https:\/\/portaleducacao.guarulhos.sp.gov.br\/wp_site\/abrilliterario2021\/","name":"Abril Liter\u00e1rio Virtual 2021 - Literalmente Isso...","description":"Secretaria Municipal de Educa\u00e7\u00e3o de Guarulhos","potentialAction":[{"@type":"SearchAction","target":{"@type":"EntryPoint","urlTemplate":"https:\/\/portaleducacao.guarulhos.sp.gov.br\/wp_site\/abrilliterario2021\/?s={search_term_string}"},"query-input":"required name=search_term_string"}],"inLanguage":"pt-BR"}]}},"_links":{"self":[{"href":"https:\/\/portaleducacao.guarulhos.sp.gov.br\/wp_site\/abrilliterario2021\/wp-json\/wp\/v2\/pages\/139"}],"collection":[{"href":"https:\/\/portaleducacao.guarulhos.sp.gov.br\/wp_site\/abrilliterario2021\/wp-json\/wp\/v2\/pages"}],"about":[{"href":"https:\/\/portaleducacao.guarulhos.sp.gov.br\/wp_site\/abrilliterario2021\/wp-json\/wp\/v2\/types\/page"}],"author":[{"embeddable":true,"href":"https:\/\/portaleducacao.guarulhos.sp.gov.br\/wp_site\/abrilliterario2021\/wp-json\/wp\/v2\/users\/1"}],"replies":[{"embeddable":true,"href":"https:\/\/portaleducacao.guarulhos.sp.gov.br\/wp_site\/abrilliterario2021\/wp-json\/wp\/v2\/comments?post=139"}],"version-history":[{"count":3,"href":"https:\/\/portaleducacao.guarulhos.sp.gov.br\/wp_site\/abrilliterario2021\/wp-json\/wp\/v2\/pages\/139\/revisions"}],"predecessor-version":[{"id":158,"href":"https:\/\/portaleducacao.guarulhos.sp.gov.br\/wp_site\/abrilliterario2021\/wp-json\/wp\/v2\/pages\/139\/revisions\/158"}],"wp:attachment":[{"href":"https:\/\/portaleducacao.guarulhos.sp.gov.br\/wp_site\/abrilliterario2021\/wp-json\/wp\/v2\/media?parent=139"}],"wp:term":[{"taxonomy":"category","embeddable":true,"href":"https:\/\/portaleducacao.guarulhos.sp.gov.br\/wp_site\/abrilliterario2021\/wp-json\/wp\/v2\/categories?post=139"},{"taxonomy":"post_tag","embeddable":true,"href":"https:\/\/portaleducacao.guarulhos.sp.gov.br\/wp_site\/abrilliterario2021\/wp-json\/wp\/v2\/tags?post=139"}],"curies":[{"name":"wp","href":"https:\/\/api.w.org\/{rel}","templated":true}]}}