{"id":18,"date":"2021-03-19T08:58:19","date_gmt":"2021-03-19T11:58:19","guid":{"rendered":"http:\/\/portaleducacao.guarulhos.sp.gov.br\/wp_site\/abrilliterario\/?page_id=18"},"modified":"2021-04-09T21:13:20","modified_gmt":"2021-04-10T00:13:20","slug":"webinario-09-04","status":"publish","type":"page","link":"https:\/\/portaleducacao.guarulhos.sp.gov.br\/wp_site\/abrilliterario2021\/webinario-09-04\/","title":{"rendered":"WEBIN\u00c1RIO &#8211; DIA 9 DE ABRIL"},"content":{"rendered":"\n<p class=\"has-medium-font-size\">Todas as mesas foram transmitidas ao vivo pelo <a rel=\"noreferrer noopener\" href=\"https:\/\/www.youtube.com\/c\/PortalSEInforme\" target=\"_blank\"><span class=\"has-inline-color has-luminous-vivid-orange-color\">canal do Portal da Secretaria de Educa\u00e7\u00e3o de Guarulhos no YouTube<\/span><\/a>. Clique nos links para acessar o conte\u00fado completo de cada mesa.<\/p>\n\n\n\n<div style=\"height:100px\" aria-hidden=\"true\" class=\"wp-block-spacer\"><\/div>\n\n\n\n<h2><strong><span class=\"has-inline-color has-luminous-vivid-orange-color\">Mesa 1<\/span><\/strong><\/h2>\n\n\n\n<p class=\"has-medium-font-size\"><strong>Todo mundo pode ser escritor<\/strong><br><strong>Palestrante:<\/strong> Guti<br>Gustavo Henric Costa \u00e9 prefeito de Guarulhos e autor do livro Salve o Anjinho da Guarda.<br><\/p>\n\n\n\n<p class=\"has-medium-font-size\"><strong>Livros sim, coronav\u00edrus n\u00e3o! Orienta\u00e7\u00f5es para os cuidados de preven\u00e7\u00e3o ao Covid no manuseio de livros<\/strong><br><strong>Palestrante:<\/strong> Grace Noronha<br>Grace Noronha \u00e9 educadora em Sa\u00fade P\u00fablica no Departamento de Vigil\u00e2ncia em Sa\u00fade da Prefeitura de Guarulhos e Pesquisadora colaboradora do Centro de Estudos, Pesquisa e Documenta\u00e7\u00e3o em Cidades Saud\u00e1veis.<br><strong>Link de acesso:<\/strong> <a href=\"https:\/\/youtu.be\/e5UyQKhLBPg\">https:\/\/youtu.be\/e5UyQKhLBPg<\/a><\/p>\n\n\n\n<div style=\"height:100px\" aria-hidden=\"true\" class=\"wp-block-spacer\"><\/div>\n\n\n\n<h2><strong><span class=\"has-inline-color has-luminous-vivid-orange-color\">Mesa 2<\/span><\/strong><\/h2>\n\n\n\n<p class=\"has-medium-font-size\"><strong>Parlenda<\/strong><br><strong>Palestrante:<\/strong> Rosinha<br>Rosinha \u00e9 autora do livro O casamento do Rato com a Filha do Besouro.<br><strong>Link de acesso:<\/strong> <a rel=\"noreferrer noopener\" href=\"https:\/\/youtu.be\/b6Dnk5svFOs\" target=\"_blank\">https:\/\/youtu.be\/b6Dnk5svFOs<\/a><\/p>\n\n\n\n<div style=\"height:100px\" aria-hidden=\"true\" class=\"wp-block-spacer\"><\/div>\n\n\n\n<h2><strong><span class=\"has-inline-color has-luminous-vivid-orange-color\">Mesa 3<\/span><\/strong><\/h2>\n\n\n\n<p class=\"has-medium-font-size\"><strong>A experi\u00eancia da doc\u00eancia e da autoria<\/strong><br><strong>Palestrantes:<\/strong> Tess\u00e1lia Lemos (autora) e Adri Silva (ilustradora)<br>Tess\u00e1lia Lemos \u00e9 autora e Adri Silva \u00e9 ilustradora do livro A Formiguinha Azul<br><strong>Link de acesso:<\/strong> <a rel=\"noreferrer noopener\" href=\"https:\/\/youtu.be\/dtcipr71lE4\" target=\"_blank\">https:\/\/youtu.be\/dtcipr71lE4<\/a><\/p>\n\n\n\n<div style=\"height:100px\" aria-hidden=\"true\" class=\"wp-block-spacer\"><\/div>\n\n\n\n<h2><strong><span class=\"has-inline-color has-luminous-vivid-orange-color\">Mesa 4<\/span><\/strong><\/h2>\n\n\n\n<p class=\"has-medium-font-size\"><strong>A Poesia em Sala de Aula (e fora dela): uma conversa l\u00fadica sobre Poesia Sonora e Poesia Visual<\/strong><br><strong>Palestrante:<\/strong> Cesar Borges<br>Cesar Borges \u00e9 professor e escritor com vasta produ\u00e7\u00e3o em poesia, contos, cr\u00f4nicas, can\u00e7\u00f5es, roteiros para teatro e hist\u00f3rias infantis.<br><\/p>\n\n\n\n<p class=\"has-medium-font-size\"><strong>Narrativas de Carolina Maria de Jesus &#8211; autora do livro Quarto de Despejo<\/strong><br><strong>Palestrante:<\/strong> Vera Eunice<br>Vera Eunice apresenta as narrativas da autora Carolina Maria de Jesus.<br><strong>Link de acesso:<\/strong> <a rel=\"noreferrer noopener\" href=\"https:\/\/youtu.be\/yrnvYfVZzeg\" target=\"_blank\">https:\/\/youtu.be\/yrnvYfVZzeg<\/a><\/p>\n","protected":false},"excerpt":{"rendered":"<p>Todas as mesas foram transmitidas ao vivo pelo canal do Portal da Secretaria de Educa\u00e7\u00e3o de Guarulhos no YouTube. Clique nos links para acessar o conte\u00fado completo de cada mesa. [&hellip;]<\/p>\n","protected":false},"author":1,"featured_media":0,"parent":0,"menu_order":0,"comment_status":"closed","ping_status":"closed","template":"","meta":{"_monsterinsights_skip_tracking":false,"_monsterinsights_sitenote_active":false,"_monsterinsights_sitenote_note":"","_monsterinsights_sitenote_category":0,"_expiration-date-status":"","_expiration-date":0,"_expiration-date-type":"","_expiration-date-categories":[],"_expiration-date-options":[]},"categories":[],"tags":[],"yoast_head":"<!-- This site is optimized with the Yoast SEO plugin v19.7.1 - https:\/\/yoast.com\/wordpress\/plugins\/seo\/ -->\r\n<title>WEBIN\u00c1RIO - DIA 9 DE ABRIL - Abril Liter\u00e1rio Virtual 2021 - Literalmente Isso...<\/title>\r\n<meta name=\"robots\" content=\"index, follow, max-snippet:-1, max-image-preview:large, max-video-preview:-1\" \/>\r\n<link rel=\"canonical\" href=\"https:\/\/portaleducacao.guarulhos.sp.gov.br\/wp_site\/abrilliterario2021\/webinario-09-04\/\" \/>\r\n<meta property=\"og:locale\" content=\"pt_BR\" \/>\r\n<meta property=\"og:type\" content=\"article\" \/>\r\n<meta property=\"og:title\" content=\"WEBIN\u00c1RIO - DIA 9 DE ABRIL - Abril Liter\u00e1rio Virtual 2021 - Literalmente Isso...\" \/>\r\n<meta property=\"og:description\" content=\"Todas as mesas foram transmitidas ao vivo pelo canal do Portal da Secretaria de Educa\u00e7\u00e3o de Guarulhos no YouTube. Clique nos links para acessar o conte\u00fado completo de cada mesa. [&hellip;]\" \/>\r\n<meta property=\"og:url\" content=\"https:\/\/portaleducacao.guarulhos.sp.gov.br\/wp_site\/abrilliterario2021\/webinario-09-04\/\" \/>\r\n<meta property=\"og:site_name\" content=\"Abril Liter\u00e1rio Virtual 2021 - Literalmente Isso...\" \/>\r\n<meta property=\"article:modified_time\" content=\"2021-04-10T00:13:20+00:00\" \/>\r\n<meta name=\"twitter:card\" content=\"summary_large_image\" \/>\r\n<meta name=\"twitter:label1\" content=\"Est. tempo de leitura\" \/>\n\t<meta name=\"twitter:data1\" content=\"1 minuto\" \/>\r\n<script type=\"application\/ld+json\" class=\"yoast-schema-graph\">{\"@context\":\"https:\/\/schema.org\",\"@graph\":[{\"@type\":\"WebPage\",\"@id\":\"https:\/\/portaleducacao.guarulhos.sp.gov.br\/wp_site\/abrilliterario2021\/webinario-09-04\/\",\"url\":\"https:\/\/portaleducacao.guarulhos.sp.gov.br\/wp_site\/abrilliterario2021\/webinario-09-04\/\",\"name\":\"WEBIN\u00c1RIO - DIA 9 DE ABRIL - Abril Liter\u00e1rio Virtual 2021 - Literalmente Isso...\",\"isPartOf\":{\"@id\":\"https:\/\/portaleducacao.guarulhos.sp.gov.br\/wp_site\/abrilliterario2021\/#website\"},\"datePublished\":\"2021-03-19T11:58:19+00:00\",\"dateModified\":\"2021-04-10T00:13:20+00:00\",\"breadcrumb\":{\"@id\":\"https:\/\/portaleducacao.guarulhos.sp.gov.br\/wp_site\/abrilliterario2021\/webinario-09-04\/#breadcrumb\"},\"inLanguage\":\"pt-BR\",\"potentialAction\":[{\"@type\":\"ReadAction\",\"target\":[\"https:\/\/portaleducacao.guarulhos.sp.gov.br\/wp_site\/abrilliterario2021\/webinario-09-04\/\"]}]},{\"@type\":\"BreadcrumbList\",\"@id\":\"https:\/\/portaleducacao.guarulhos.sp.gov.br\/wp_site\/abrilliterario2021\/webinario-09-04\/#breadcrumb\",\"itemListElement\":[{\"@type\":\"ListItem\",\"position\":1,\"name\":\"In\u00edcio\",\"item\":\"https:\/\/portaleducacao.guarulhos.sp.gov.br\/wp_site\/abrilliterario2021\/\"},{\"@type\":\"ListItem\",\"position\":2,\"name\":\"WEBIN\u00c1RIO &#8211; DIA 9 DE ABRIL\"}]},{\"@type\":\"WebSite\",\"@id\":\"https:\/\/portaleducacao.guarulhos.sp.gov.br\/wp_site\/abrilliterario2021\/#website\",\"url\":\"https:\/\/portaleducacao.guarulhos.sp.gov.br\/wp_site\/abrilliterario2021\/\",\"name\":\"Abril Liter\u00e1rio Virtual 2021 - Literalmente Isso...\",\"description\":\"Secretaria Municipal de Educa\u00e7\u00e3o de Guarulhos\",\"potentialAction\":[{\"@type\":\"SearchAction\",\"target\":{\"@type\":\"EntryPoint\",\"urlTemplate\":\"https:\/\/portaleducacao.guarulhos.sp.gov.br\/wp_site\/abrilliterario2021\/?s={search_term_string}\"},\"query-input\":\"required name=search_term_string\"}],\"inLanguage\":\"pt-BR\"}]}<\/script>\r\n<!-- \/ Yoast SEO plugin. -->","yoast_head_json":{"title":"WEBIN\u00c1RIO - DIA 9 DE ABRIL - Abril Liter\u00e1rio Virtual 2021 - Literalmente Isso...","robots":{"index":"index","follow":"follow","max-snippet":"max-snippet:-1","max-image-preview":"max-image-preview:large","max-video-preview":"max-video-preview:-1"},"canonical":"https:\/\/portaleducacao.guarulhos.sp.gov.br\/wp_site\/abrilliterario2021\/webinario-09-04\/","og_locale":"pt_BR","og_type":"article","og_title":"WEBIN\u00c1RIO - DIA 9 DE ABRIL - Abril Liter\u00e1rio Virtual 2021 - Literalmente Isso...","og_description":"Todas as mesas foram transmitidas ao vivo pelo canal do Portal da Secretaria de Educa\u00e7\u00e3o de Guarulhos no YouTube. Clique nos links para acessar o conte\u00fado completo de cada mesa. [&hellip;]","og_url":"https:\/\/portaleducacao.guarulhos.sp.gov.br\/wp_site\/abrilliterario2021\/webinario-09-04\/","og_site_name":"Abril Liter\u00e1rio Virtual 2021 - Literalmente Isso...","article_modified_time":"2021-04-10T00:13:20+00:00","twitter_card":"summary_large_image","twitter_misc":{"Est. tempo de leitura":"1 minuto"},"schema":{"@context":"https:\/\/schema.org","@graph":[{"@type":"WebPage","@id":"https:\/\/portaleducacao.guarulhos.sp.gov.br\/wp_site\/abrilliterario2021\/webinario-09-04\/","url":"https:\/\/portaleducacao.guarulhos.sp.gov.br\/wp_site\/abrilliterario2021\/webinario-09-04\/","name":"WEBIN\u00c1RIO - DIA 9 DE ABRIL - Abril Liter\u00e1rio Virtual 2021 - Literalmente Isso...","isPartOf":{"@id":"https:\/\/portaleducacao.guarulhos.sp.gov.br\/wp_site\/abrilliterario2021\/#website"},"datePublished":"2021-03-19T11:58:19+00:00","dateModified":"2021-04-10T00:13:20+00:00","breadcrumb":{"@id":"https:\/\/portaleducacao.guarulhos.sp.gov.br\/wp_site\/abrilliterario2021\/webinario-09-04\/#breadcrumb"},"inLanguage":"pt-BR","potentialAction":[{"@type":"ReadAction","target":["https:\/\/portaleducacao.guarulhos.sp.gov.br\/wp_site\/abrilliterario2021\/webinario-09-04\/"]}]},{"@type":"BreadcrumbList","@id":"https:\/\/portaleducacao.guarulhos.sp.gov.br\/wp_site\/abrilliterario2021\/webinario-09-04\/#breadcrumb","itemListElement":[{"@type":"ListItem","position":1,"name":"In\u00edcio","item":"https:\/\/portaleducacao.guarulhos.sp.gov.br\/wp_site\/abrilliterario2021\/"},{"@type":"ListItem","position":2,"name":"WEBIN\u00c1RIO &#8211; DIA 9 DE ABRIL"}]},{"@type":"WebSite","@id":"https:\/\/portaleducacao.guarulhos.sp.gov.br\/wp_site\/abrilliterario2021\/#website","url":"https:\/\/portaleducacao.guarulhos.sp.gov.br\/wp_site\/abrilliterario2021\/","name":"Abril Liter\u00e1rio Virtual 2021 - Literalmente Isso...","description":"Secretaria Municipal de Educa\u00e7\u00e3o de Guarulhos","potentialAction":[{"@type":"SearchAction","target":{"@type":"EntryPoint","urlTemplate":"https:\/\/portaleducacao.guarulhos.sp.gov.br\/wp_site\/abrilliterario2021\/?s={search_term_string}"},"query-input":"required name=search_term_string"}],"inLanguage":"pt-BR"}]}},"_links":{"self":[{"href":"https:\/\/portaleducacao.guarulhos.sp.gov.br\/wp_site\/abrilliterario2021\/wp-json\/wp\/v2\/pages\/18"}],"collection":[{"href":"https:\/\/portaleducacao.guarulhos.sp.gov.br\/wp_site\/abrilliterario2021\/wp-json\/wp\/v2\/pages"}],"about":[{"href":"https:\/\/portaleducacao.guarulhos.sp.gov.br\/wp_site\/abrilliterario2021\/wp-json\/wp\/v2\/types\/page"}],"author":[{"embeddable":true,"href":"https:\/\/portaleducacao.guarulhos.sp.gov.br\/wp_site\/abrilliterario2021\/wp-json\/wp\/v2\/users\/1"}],"replies":[{"embeddable":true,"href":"https:\/\/portaleducacao.guarulhos.sp.gov.br\/wp_site\/abrilliterario2021\/wp-json\/wp\/v2\/comments?post=18"}],"version-history":[{"count":19,"href":"https:\/\/portaleducacao.guarulhos.sp.gov.br\/wp_site\/abrilliterario2021\/wp-json\/wp\/v2\/pages\/18\/revisions"}],"predecessor-version":[{"id":265,"href":"https:\/\/portaleducacao.guarulhos.sp.gov.br\/wp_site\/abrilliterario2021\/wp-json\/wp\/v2\/pages\/18\/revisions\/265"}],"wp:attachment":[{"href":"https:\/\/portaleducacao.guarulhos.sp.gov.br\/wp_site\/abrilliterario2021\/wp-json\/wp\/v2\/media?parent=18"}],"wp:term":[{"taxonomy":"category","embeddable":true,"href":"https:\/\/portaleducacao.guarulhos.sp.gov.br\/wp_site\/abrilliterario2021\/wp-json\/wp\/v2\/categories?post=18"},{"taxonomy":"post_tag","embeddable":true,"href":"https:\/\/portaleducacao.guarulhos.sp.gov.br\/wp_site\/abrilliterario2021\/wp-json\/wp\/v2\/tags?post=18"}],"curies":[{"name":"wp","href":"https:\/\/api.w.org\/{rel}","templated":true}]}}