{"id":219,"date":"2021-04-06T09:42:09","date_gmt":"2021-04-06T12:42:09","guid":{"rendered":"http:\/\/portaleducacao.guarulhos.sp.gov.br\/wp_site\/abrilliterario\/?page_id=219"},"modified":"2021-04-06T10:16:41","modified_gmt":"2021-04-06T13:16:41","slug":"oficinas","status":"publish","type":"page","link":"https:\/\/portaleducacao.guarulhos.sp.gov.br\/wp_site\/abrilliterario2021\/oficinas\/","title":{"rendered":"OFICINAS"},"content":{"rendered":"\n<p class=\"has-medium-font-size\"><strong>Tambol\u00e9 &#8211; M\u00fasica de Brincar, Brincadeira de Cantar<\/strong><br><strong>Objetivo:<\/strong> Tambol\u00e9 \u00e9 um passeio musical onde vamos juntos explorar diversos ritmos, dan\u00e7as tradicionais, percuss\u00e3o corporal, brincadeiras musicais e muitos saberes da cultura tradicional brasileira. Durante a oficina iremos desenvolver jogos e pr\u00e1ticas para a sala de aula com atividades in\u00e9ditas que podem ser aplicadas desde a Educa\u00e7\u00e3o Infantil, Anos Iniciais e Anos Finais. Com foco na intera\u00e7\u00e3o e no protagonismo da crian\u00e7a, as atividades exploram o fazer musical, a cria\u00e7\u00e3o e a improvisa\u00e7\u00e3o.<br><strong>Coordena\u00e7\u00e3o: <\/strong>Divis\u00e3o T\u00e9cnica de Forma\u00e7\u00e3o DOEP<br><strong>P\u00fablico-Alvo: <\/strong>Educadores(as) de Educa\u00e7\u00e3o B\u00e1sica, de Educa\u00e7\u00e3o Infantil, rede pr\u00f3pria e conveniada e Professores(as) Coordenadoras Pedag\u00f3gicas.<br><strong>Carga Hor\u00e1ria<\/strong>: 2 horas por oficina<br><strong>Dias e hor\u00e1rios:<\/strong><br>Turma 1: 09\/04\/21, das 15h \u00e0s 17h<br>Turma 2: 07\/05\/21, das 18h \u00e0s 20h\u00a0<br><strong>N\u00famero de Vagas<\/strong>: 40 vagas por oficina<br><strong>Local:<\/strong> Microsoft Teams<br><strong>Crit\u00e9rios de Participa\u00e7\u00e3o<\/strong>: De acordo com o p\u00fablico-alvo e o curso dever\u00e1 ser feito fora do hor\u00e1rio de trabalho.<br><strong>Conte\u00fado Program\u00e1tico:<\/strong> M\u00fasica e movimento; Jogos e brincadeiras musicais; Jogos de improviso; Atividades de cria\u00e7\u00e3o musical; Repert\u00f3rio musical do Tambol\u00e9.<br><strong>Formador: <\/strong>Kaique Falabella<br><strong>Link para inscri\u00e7\u00e3o: <\/strong><a rel=\"noreferrer noopener\" href=\"https:\/\/forms.gle\/3V7aTfP5NEvxo8Df9\" target=\"_blank\">https:\/\/forms.gle\/3V7aTfP5NEvxo8Df9 <\/a><strong><strong><span class=\"has-inline-color has-vivid-red-color\">(INSCRI\u00c7\u00d5ES ESGOTADAS)<\/span><\/strong><br>Link para participar das oficinas (o mesmo link j\u00e1 est\u00e1 agendado para as duas oficinas)<\/strong><br><strong>APENAS PARA QUEM SE INSCREVER: <\/strong><a rel=\"noreferrer noopener\" href=\"https:\/\/bit.ly\/3suwggW-\" target=\"_blank\">https:\/\/bit.ly\/3suwggW-<\/a><\/p>\n\n\n\n<div style=\"height:100px\" aria-hidden=\"true\" class=\"wp-block-spacer\"><\/div>\n\n\n\n<p class=\"has-medium-font-size\"><strong>ESPET\u00c1CULO \u201cTAMBOL\u00c9 &#8211; M\u00daSICA DE BRINCAR, BRINCADEIRA DE CANTAR\u201d SEGUIDO DE BATE PAPO<\/strong><\/p>\n\n\n\n<p class=\"has-medium-font-size\">O espet\u00e1culo \u201cTambol\u00e9 &#8211; M\u00fasica de brincar, brincadeira de cantar\u201d re\u00fane 13 can\u00e7\u00f5es e brincadeiras musicais com elementos de ritmos populares como jongo, ijex\u00e1 e xote, al\u00e9m de dan\u00e7as tradicionais, percuss\u00e3o corporal e outros saberes da cultura tradicional brasileira. Criado pelo m\u00fasico e arte educador Kaique Falabella, o projeto foi a maneira encontrada pelo artista para unir seus dois maiores prazeres, m\u00fasica e educa\u00e7\u00e3o. As faixas do show, que integram tamb\u00e9m um disco lan\u00e7ado em 2019, sofreram forte influ\u00eancia de suas experi\u00eancias em sala de aula, em estudos de cria\u00e7\u00e3o e composi\u00e7\u00e3o espont\u00e2nea com os alunos. \u201cTambol\u00e9\u201d tem como motiva\u00e7\u00e3o principal contribuir para a promo\u00e7\u00e3o da criatividade e de express\u00f5es art\u00edsticas, musicais e corporais de crian\u00e7as e jovens durante seu processo de forma\u00e7\u00e3o.<\/p>\n\n\n\n<p class=\"has-medium-font-size\">Em sua forma\u00e7\u00e3o e trajet\u00f3ria profissional, Kaique Falabella entrou em contato com diferentes abordagens e metodologias, e explorou-as ativamente com seus alunos, em sala de aula. O intuito deste projeto \u00e9 extrapolar as paredes da sala de aula e poss\u00edveis limites pedag\u00f3gicos para difundir novas maneiras de pensar a aprendizagem e o ensino de m\u00fasica. Al\u00e9m disso, utiliza como conte\u00fados os ritmos, as dan\u00e7as e os valores intr\u00ednsecos das culturas tradicionais brasileiras, o que contribui para o combate a abordagens folclorizantes da cultura e, sobretudo, para evidenciar esses saberes como parte fundamental da forma\u00e7\u00e3o de consci\u00eancia de cidadania e identidade.<\/p>\n\n\n\n<p class=\"has-medium-font-size\"><strong>Data:<\/strong> 26\/04\/2021, \u00e0s 19h<br><strong>Link para participa\u00e7\u00e3o: <\/strong><a href=\"https:\/\/bit.ly\/2PxkQKJ-\">https:\/\/bit.ly\/2PxkQKJ<\/a><br><strong>Obs.:<\/strong> n\u00e3o h\u00e1 n\u00famero de vagas e n\u00e3o ser\u00e1 necess\u00e1rio realizar inscri\u00e7\u00e3o<\/p>\n\n\n\n<p><br><\/p>\n","protected":false},"excerpt":{"rendered":"<p>Tambol\u00e9 &#8211; M\u00fasica de Brincar, Brincadeira de CantarObjetivo: Tambol\u00e9 \u00e9 um passeio musical onde vamos juntos explorar diversos ritmos, dan\u00e7as tradicionais, percuss\u00e3o corporal, brincadeiras musicais e muitos saberes da cultura [&hellip;]<\/p>\n","protected":false},"author":1,"featured_media":0,"parent":0,"menu_order":0,"comment_status":"closed","ping_status":"closed","template":"","meta":{"_monsterinsights_skip_tracking":false,"_monsterinsights_sitenote_active":false,"_monsterinsights_sitenote_note":"","_monsterinsights_sitenote_category":0,"_expiration-date-status":"","_expiration-date":0,"_expiration-date-type":"","_expiration-date-categories":[],"_expiration-date-options":[]},"categories":[],"tags":[],"yoast_head":"<!-- This site is optimized with the Yoast SEO plugin v19.7.1 - https:\/\/yoast.com\/wordpress\/plugins\/seo\/ -->\r\n<title>OFICINAS - Abril Liter\u00e1rio Virtual 2021 - Literalmente Isso...<\/title>\r\n<meta name=\"robots\" content=\"index, follow, max-snippet:-1, max-image-preview:large, max-video-preview:-1\" \/>\r\n<link rel=\"canonical\" href=\"https:\/\/portaleducacao.guarulhos.sp.gov.br\/wp_site\/abrilliterario2021\/oficinas\/\" \/>\r\n<meta property=\"og:locale\" content=\"pt_BR\" \/>\r\n<meta property=\"og:type\" content=\"article\" \/>\r\n<meta property=\"og:title\" content=\"OFICINAS - Abril Liter\u00e1rio Virtual 2021 - Literalmente Isso...\" \/>\r\n<meta property=\"og:description\" content=\"Tambol\u00e9 &#8211; M\u00fasica de Brincar, Brincadeira de CantarObjetivo: Tambol\u00e9 \u00e9 um passeio musical onde vamos juntos explorar diversos ritmos, dan\u00e7as tradicionais, percuss\u00e3o corporal, brincadeiras musicais e muitos saberes da cultura [&hellip;]\" \/>\r\n<meta property=\"og:url\" content=\"https:\/\/portaleducacao.guarulhos.sp.gov.br\/wp_site\/abrilliterario2021\/oficinas\/\" \/>\r\n<meta property=\"og:site_name\" content=\"Abril Liter\u00e1rio Virtual 2021 - Literalmente Isso...\" \/>\r\n<meta property=\"article:modified_time\" content=\"2021-04-06T13:16:41+00:00\" \/>\r\n<meta name=\"twitter:card\" content=\"summary_large_image\" \/>\r\n<meta name=\"twitter:label1\" content=\"Est. tempo de leitura\" \/>\n\t<meta name=\"twitter:data1\" content=\"3 minutos\" \/>\r\n<script type=\"application\/ld+json\" class=\"yoast-schema-graph\">{\"@context\":\"https:\/\/schema.org\",\"@graph\":[{\"@type\":\"WebPage\",\"@id\":\"https:\/\/portaleducacao.guarulhos.sp.gov.br\/wp_site\/abrilliterario2021\/oficinas\/\",\"url\":\"https:\/\/portaleducacao.guarulhos.sp.gov.br\/wp_site\/abrilliterario2021\/oficinas\/\",\"name\":\"OFICINAS - Abril Liter\u00e1rio Virtual 2021 - Literalmente Isso...\",\"isPartOf\":{\"@id\":\"https:\/\/portaleducacao.guarulhos.sp.gov.br\/wp_site\/abrilliterario2021\/#website\"},\"datePublished\":\"2021-04-06T12:42:09+00:00\",\"dateModified\":\"2021-04-06T13:16:41+00:00\",\"breadcrumb\":{\"@id\":\"https:\/\/portaleducacao.guarulhos.sp.gov.br\/wp_site\/abrilliterario2021\/oficinas\/#breadcrumb\"},\"inLanguage\":\"pt-BR\",\"potentialAction\":[{\"@type\":\"ReadAction\",\"target\":[\"https:\/\/portaleducacao.guarulhos.sp.gov.br\/wp_site\/abrilliterario2021\/oficinas\/\"]}]},{\"@type\":\"BreadcrumbList\",\"@id\":\"https:\/\/portaleducacao.guarulhos.sp.gov.br\/wp_site\/abrilliterario2021\/oficinas\/#breadcrumb\",\"itemListElement\":[{\"@type\":\"ListItem\",\"position\":1,\"name\":\"In\u00edcio\",\"item\":\"https:\/\/portaleducacao.guarulhos.sp.gov.br\/wp_site\/abrilliterario2021\/\"},{\"@type\":\"ListItem\",\"position\":2,\"name\":\"OFICINAS\"}]},{\"@type\":\"WebSite\",\"@id\":\"https:\/\/portaleducacao.guarulhos.sp.gov.br\/wp_site\/abrilliterario2021\/#website\",\"url\":\"https:\/\/portaleducacao.guarulhos.sp.gov.br\/wp_site\/abrilliterario2021\/\",\"name\":\"Abril Liter\u00e1rio Virtual 2021 - Literalmente Isso...\",\"description\":\"Secretaria Municipal de Educa\u00e7\u00e3o de Guarulhos\",\"potentialAction\":[{\"@type\":\"SearchAction\",\"target\":{\"@type\":\"EntryPoint\",\"urlTemplate\":\"https:\/\/portaleducacao.guarulhos.sp.gov.br\/wp_site\/abrilliterario2021\/?s={search_term_string}\"},\"query-input\":\"required name=search_term_string\"}],\"inLanguage\":\"pt-BR\"}]}<\/script>\r\n<!-- \/ Yoast SEO plugin. -->","yoast_head_json":{"title":"OFICINAS - Abril Liter\u00e1rio Virtual 2021 - Literalmente Isso...","robots":{"index":"index","follow":"follow","max-snippet":"max-snippet:-1","max-image-preview":"max-image-preview:large","max-video-preview":"max-video-preview:-1"},"canonical":"https:\/\/portaleducacao.guarulhos.sp.gov.br\/wp_site\/abrilliterario2021\/oficinas\/","og_locale":"pt_BR","og_type":"article","og_title":"OFICINAS - Abril Liter\u00e1rio Virtual 2021 - Literalmente Isso...","og_description":"Tambol\u00e9 &#8211; M\u00fasica de Brincar, Brincadeira de CantarObjetivo: Tambol\u00e9 \u00e9 um passeio musical onde vamos juntos explorar diversos ritmos, dan\u00e7as tradicionais, percuss\u00e3o corporal, brincadeiras musicais e muitos saberes da cultura [&hellip;]","og_url":"https:\/\/portaleducacao.guarulhos.sp.gov.br\/wp_site\/abrilliterario2021\/oficinas\/","og_site_name":"Abril Liter\u00e1rio Virtual 2021 - Literalmente Isso...","article_modified_time":"2021-04-06T13:16:41+00:00","twitter_card":"summary_large_image","twitter_misc":{"Est. tempo de leitura":"3 minutos"},"schema":{"@context":"https:\/\/schema.org","@graph":[{"@type":"WebPage","@id":"https:\/\/portaleducacao.guarulhos.sp.gov.br\/wp_site\/abrilliterario2021\/oficinas\/","url":"https:\/\/portaleducacao.guarulhos.sp.gov.br\/wp_site\/abrilliterario2021\/oficinas\/","name":"OFICINAS - Abril Liter\u00e1rio Virtual 2021 - Literalmente Isso...","isPartOf":{"@id":"https:\/\/portaleducacao.guarulhos.sp.gov.br\/wp_site\/abrilliterario2021\/#website"},"datePublished":"2021-04-06T12:42:09+00:00","dateModified":"2021-04-06T13:16:41+00:00","breadcrumb":{"@id":"https:\/\/portaleducacao.guarulhos.sp.gov.br\/wp_site\/abrilliterario2021\/oficinas\/#breadcrumb"},"inLanguage":"pt-BR","potentialAction":[{"@type":"ReadAction","target":["https:\/\/portaleducacao.guarulhos.sp.gov.br\/wp_site\/abrilliterario2021\/oficinas\/"]}]},{"@type":"BreadcrumbList","@id":"https:\/\/portaleducacao.guarulhos.sp.gov.br\/wp_site\/abrilliterario2021\/oficinas\/#breadcrumb","itemListElement":[{"@type":"ListItem","position":1,"name":"In\u00edcio","item":"https:\/\/portaleducacao.guarulhos.sp.gov.br\/wp_site\/abrilliterario2021\/"},{"@type":"ListItem","position":2,"name":"OFICINAS"}]},{"@type":"WebSite","@id":"https:\/\/portaleducacao.guarulhos.sp.gov.br\/wp_site\/abrilliterario2021\/#website","url":"https:\/\/portaleducacao.guarulhos.sp.gov.br\/wp_site\/abrilliterario2021\/","name":"Abril Liter\u00e1rio Virtual 2021 - Literalmente Isso...","description":"Secretaria Municipal de Educa\u00e7\u00e3o de Guarulhos","potentialAction":[{"@type":"SearchAction","target":{"@type":"EntryPoint","urlTemplate":"https:\/\/portaleducacao.guarulhos.sp.gov.br\/wp_site\/abrilliterario2021\/?s={search_term_string}"},"query-input":"required name=search_term_string"}],"inLanguage":"pt-BR"}]}},"_links":{"self":[{"href":"https:\/\/portaleducacao.guarulhos.sp.gov.br\/wp_site\/abrilliterario2021\/wp-json\/wp\/v2\/pages\/219"}],"collection":[{"href":"https:\/\/portaleducacao.guarulhos.sp.gov.br\/wp_site\/abrilliterario2021\/wp-json\/wp\/v2\/pages"}],"about":[{"href":"https:\/\/portaleducacao.guarulhos.sp.gov.br\/wp_site\/abrilliterario2021\/wp-json\/wp\/v2\/types\/page"}],"author":[{"embeddable":true,"href":"https:\/\/portaleducacao.guarulhos.sp.gov.br\/wp_site\/abrilliterario2021\/wp-json\/wp\/v2\/users\/1"}],"replies":[{"embeddable":true,"href":"https:\/\/portaleducacao.guarulhos.sp.gov.br\/wp_site\/abrilliterario2021\/wp-json\/wp\/v2\/comments?post=219"}],"version-history":[{"count":4,"href":"https:\/\/portaleducacao.guarulhos.sp.gov.br\/wp_site\/abrilliterario2021\/wp-json\/wp\/v2\/pages\/219\/revisions"}],"predecessor-version":[{"id":226,"href":"https:\/\/portaleducacao.guarulhos.sp.gov.br\/wp_site\/abrilliterario2021\/wp-json\/wp\/v2\/pages\/219\/revisions\/226"}],"wp:attachment":[{"href":"https:\/\/portaleducacao.guarulhos.sp.gov.br\/wp_site\/abrilliterario2021\/wp-json\/wp\/v2\/media?parent=219"}],"wp:term":[{"taxonomy":"category","embeddable":true,"href":"https:\/\/portaleducacao.guarulhos.sp.gov.br\/wp_site\/abrilliterario2021\/wp-json\/wp\/v2\/categories?post=219"},{"taxonomy":"post_tag","embeddable":true,"href":"https:\/\/portaleducacao.guarulhos.sp.gov.br\/wp_site\/abrilliterario2021\/wp-json\/wp\/v2\/tags?post=219"}],"curies":[{"name":"wp","href":"https:\/\/api.w.org\/{rel}","templated":true}]}}