{"id":239,"date":"2022-04-01T16:05:49","date_gmt":"2022-04-01T19:05:49","guid":{"rendered":"http:\/\/portaleducacao.guarulhos.sp.gov.br\/wp_site\/abrilliterario\/?page_id=239"},"modified":"2022-04-01T16:13:55","modified_gmt":"2022-04-01T19:13:55","slug":"bullying-sabemos-realmente-o-que-e","status":"publish","type":"page","link":"https:\/\/portaleducacao.guarulhos.sp.gov.br\/wp_site\/abrilliterario2022\/bullying-sabemos-realmente-o-que-e\/","title":{"rendered":"BULLYING: SABEMOS REALMENTE O QUE \u00c9?"},"content":{"rendered":"\n<p class=\"has-medium-font-size\" id=\"block-69fada0b-bc0e-4a83-8813-30abdca3f9f3\">A experi\u00eancia educativa \u00e9 complexa e abrangente, pois, na apreens\u00e3o de saberes e aprendizagens, h\u00e1 a necessidade de estabelecer rela\u00e7\u00f5es sociais e, frequentemente, lidar com o que, para cada um de n\u00f3s, pode ser considerado como \u201cdiferente\u201d. Neste sentido, as descobertas, a constru\u00e7\u00e3o de novos conhecimentos e a conviv\u00eancia com o outro podem, por vezes, serem marcadas por momentos de dor e sofrimento decorrentes de situa\u00e7\u00f5es como o bullying.<\/p>\n\n\n\n<p class=\"has-medium-font-size\" id=\"block-404946ec-0074-4e34-bcbc-a2c644b195d8\">Ante tal complexidade, como podemos nos posicionar e contribuir para que nossas crian\u00e7as, jovens e adultos tenham uma experi\u00eancia escolar de maior acolhimento e respeito? O que \u00e9 indispens\u00e1vel conhecer sobre esse tema? Toda forma de viol\u00eancia escolar pode ser considerada como uma situa\u00e7\u00e3o de \u201cbullying\u201d?<\/p>\n\n\n\n<p class=\"has-medium-font-size\" id=\"block-4401dc28-54d6-4342-9b2c-b95f813c6ac5\">O Professor Dr. Marcos Cezar de Freitas, docente da UNIFESP e autor de grandes t\u00edtulos da literatura n\u00e3o apenas acad\u00eamica, mas tamb\u00e9m infantil, com a sensibilidade e a profundidade necess\u00e1rias, nos auxilia na reflex\u00e3o sobre o bullying, seu significado e impactos na trajet\u00f3ria de todos e de cada um, enriquecendo ainda mais o nosso conhecimento sobre os fundamentos de uma educa\u00e7\u00e3o verdadeiramente inclusiva. N\u00e3o deixe de conferir!<\/p>\n\n\n\n<figure class=\"wp-block-embed-youtube wp-block-embed is-type-video is-provider-youtube wp-embed-aspect-16-9 wp-has-aspect-ratio\"><div class=\"wp-block-embed__wrapper\">\n<iframe loading=\"lazy\" title=\"BULLYING: SABEMOS REALMENTE O QUE \u00c9? \u2013 POR PROFESSOR DR. MARCOS CEZAR DE FREITAS\" width=\"870\" height=\"489\" src=\"https:\/\/www.youtube.com\/embed\/U5KbUA0XENM?feature=oembed\" frameborder=\"0\" allow=\"accelerometer; autoplay; clipboard-write; encrypted-media; gyroscope; picture-in-picture\" allowfullscreen><\/iframe>\n<\/div><\/figure>\n","protected":false},"excerpt":{"rendered":"<p>A experi\u00eancia educativa \u00e9 complexa e abrangente, pois, na apreens\u00e3o de saberes e aprendizagens, h\u00e1 a necessidade de estabelecer rela\u00e7\u00f5es sociais e, frequentemente, lidar com o que, para cada um [&hellip;]<\/p>\n","protected":false},"author":8,"featured_media":0,"parent":0,"menu_order":0,"comment_status":"closed","ping_status":"closed","template":"","meta":{"_monsterinsights_skip_tracking":false,"_monsterinsights_sitenote_active":false,"_monsterinsights_sitenote_note":"","_monsterinsights_sitenote_category":0,"_expiration-date-status":"","_expiration-date":0,"_expiration-date-type":"","_expiration-date-categories":[],"_expiration-date-options":[]},"categories":[],"tags":[],"yoast_head":"<!-- This site is optimized with the Yoast SEO plugin v19.7.1 - https:\/\/yoast.com\/wordpress\/plugins\/seo\/ -->\r\n<title>BULLYING: SABEMOS REALMENTE O QUE \u00c9? - Abril Liter\u00e1rio 2022<\/title>\r\n<meta name=\"robots\" content=\"index, follow, max-snippet:-1, max-image-preview:large, max-video-preview:-1\" \/>\r\n<link rel=\"canonical\" href=\"https:\/\/portaleducacao.guarulhos.sp.gov.br\/wp_site\/abrilliterario2022\/bullying-sabemos-realmente-o-que-e\/\" \/>\r\n<meta property=\"og:locale\" content=\"pt_BR\" \/>\r\n<meta property=\"og:type\" content=\"article\" \/>\r\n<meta property=\"og:title\" content=\"BULLYING: SABEMOS REALMENTE O QUE \u00c9? - Abril Liter\u00e1rio 2022\" \/>\r\n<meta property=\"og:description\" content=\"A experi\u00eancia educativa \u00e9 complexa e abrangente, pois, na apreens\u00e3o de saberes e aprendizagens, h\u00e1 a necessidade de estabelecer rela\u00e7\u00f5es sociais e, frequentemente, lidar com o que, para cada um [&hellip;]\" \/>\r\n<meta property=\"og:url\" content=\"https:\/\/portaleducacao.guarulhos.sp.gov.br\/wp_site\/abrilliterario2022\/bullying-sabemos-realmente-o-que-e\/\" \/>\r\n<meta property=\"og:site_name\" content=\"Abril Liter\u00e1rio 2022\" \/>\r\n<meta property=\"article:modified_time\" content=\"2022-04-01T19:13:55+00:00\" \/>\r\n<meta name=\"twitter:card\" content=\"summary_large_image\" \/>\r\n<meta name=\"twitter:label1\" content=\"Est. tempo de leitura\" \/>\n\t<meta name=\"twitter:data1\" content=\"1 minuto\" \/>\r\n<script type=\"application\/ld+json\" class=\"yoast-schema-graph\">{\"@context\":\"https:\/\/schema.org\",\"@graph\":[{\"@type\":\"WebPage\",\"@id\":\"https:\/\/portaleducacao.guarulhos.sp.gov.br\/wp_site\/abrilliterario2022\/bullying-sabemos-realmente-o-que-e\/\",\"url\":\"https:\/\/portaleducacao.guarulhos.sp.gov.br\/wp_site\/abrilliterario2022\/bullying-sabemos-realmente-o-que-e\/\",\"name\":\"BULLYING: SABEMOS REALMENTE O QUE \u00c9? - Abril Liter\u00e1rio 2022\",\"isPartOf\":{\"@id\":\"https:\/\/portaleducacao.guarulhos.sp.gov.br\/wp_site\/abrilliterario2022\/#website\"},\"datePublished\":\"2022-04-01T19:05:49+00:00\",\"dateModified\":\"2022-04-01T19:13:55+00:00\",\"breadcrumb\":{\"@id\":\"https:\/\/portaleducacao.guarulhos.sp.gov.br\/wp_site\/abrilliterario2022\/bullying-sabemos-realmente-o-que-e\/#breadcrumb\"},\"inLanguage\":\"pt-BR\",\"potentialAction\":[{\"@type\":\"ReadAction\",\"target\":[\"https:\/\/portaleducacao.guarulhos.sp.gov.br\/wp_site\/abrilliterario2022\/bullying-sabemos-realmente-o-que-e\/\"]}]},{\"@type\":\"BreadcrumbList\",\"@id\":\"https:\/\/portaleducacao.guarulhos.sp.gov.br\/wp_site\/abrilliterario2022\/bullying-sabemos-realmente-o-que-e\/#breadcrumb\",\"itemListElement\":[{\"@type\":\"ListItem\",\"position\":1,\"name\":\"In\u00edcio\",\"item\":\"https:\/\/portaleducacao.guarulhos.sp.gov.br\/wp_site\/abrilliterario2022\/\"},{\"@type\":\"ListItem\",\"position\":2,\"name\":\"BULLYING: SABEMOS REALMENTE O QUE \u00c9?\"}]},{\"@type\":\"WebSite\",\"@id\":\"https:\/\/portaleducacao.guarulhos.sp.gov.br\/wp_site\/abrilliterario2022\/#website\",\"url\":\"https:\/\/portaleducacao.guarulhos.sp.gov.br\/wp_site\/abrilliterario2022\/\",\"name\":\"Abril Liter\u00e1rio 2022\",\"description\":\"Literalmente isso...\",\"potentialAction\":[{\"@type\":\"SearchAction\",\"target\":{\"@type\":\"EntryPoint\",\"urlTemplate\":\"https:\/\/portaleducacao.guarulhos.sp.gov.br\/wp_site\/abrilliterario2022\/?s={search_term_string}\"},\"query-input\":\"required name=search_term_string\"}],\"inLanguage\":\"pt-BR\"}]}<\/script>\r\n<!-- \/ Yoast SEO plugin. -->","yoast_head_json":{"title":"BULLYING: SABEMOS REALMENTE O QUE \u00c9? - Abril Liter\u00e1rio 2022","robots":{"index":"index","follow":"follow","max-snippet":"max-snippet:-1","max-image-preview":"max-image-preview:large","max-video-preview":"max-video-preview:-1"},"canonical":"https:\/\/portaleducacao.guarulhos.sp.gov.br\/wp_site\/abrilliterario2022\/bullying-sabemos-realmente-o-que-e\/","og_locale":"pt_BR","og_type":"article","og_title":"BULLYING: SABEMOS REALMENTE O QUE \u00c9? - Abril Liter\u00e1rio 2022","og_description":"A experi\u00eancia educativa \u00e9 complexa e abrangente, pois, na apreens\u00e3o de saberes e aprendizagens, h\u00e1 a necessidade de estabelecer rela\u00e7\u00f5es sociais e, frequentemente, lidar com o que, para cada um [&hellip;]","og_url":"https:\/\/portaleducacao.guarulhos.sp.gov.br\/wp_site\/abrilliterario2022\/bullying-sabemos-realmente-o-que-e\/","og_site_name":"Abril Liter\u00e1rio 2022","article_modified_time":"2022-04-01T19:13:55+00:00","twitter_card":"summary_large_image","twitter_misc":{"Est. tempo de leitura":"1 minuto"},"schema":{"@context":"https:\/\/schema.org","@graph":[{"@type":"WebPage","@id":"https:\/\/portaleducacao.guarulhos.sp.gov.br\/wp_site\/abrilliterario2022\/bullying-sabemos-realmente-o-que-e\/","url":"https:\/\/portaleducacao.guarulhos.sp.gov.br\/wp_site\/abrilliterario2022\/bullying-sabemos-realmente-o-que-e\/","name":"BULLYING: SABEMOS REALMENTE O QUE \u00c9? - Abril Liter\u00e1rio 2022","isPartOf":{"@id":"https:\/\/portaleducacao.guarulhos.sp.gov.br\/wp_site\/abrilliterario2022\/#website"},"datePublished":"2022-04-01T19:05:49+00:00","dateModified":"2022-04-01T19:13:55+00:00","breadcrumb":{"@id":"https:\/\/portaleducacao.guarulhos.sp.gov.br\/wp_site\/abrilliterario2022\/bullying-sabemos-realmente-o-que-e\/#breadcrumb"},"inLanguage":"pt-BR","potentialAction":[{"@type":"ReadAction","target":["https:\/\/portaleducacao.guarulhos.sp.gov.br\/wp_site\/abrilliterario2022\/bullying-sabemos-realmente-o-que-e\/"]}]},{"@type":"BreadcrumbList","@id":"https:\/\/portaleducacao.guarulhos.sp.gov.br\/wp_site\/abrilliterario2022\/bullying-sabemos-realmente-o-que-e\/#breadcrumb","itemListElement":[{"@type":"ListItem","position":1,"name":"In\u00edcio","item":"https:\/\/portaleducacao.guarulhos.sp.gov.br\/wp_site\/abrilliterario2022\/"},{"@type":"ListItem","position":2,"name":"BULLYING: SABEMOS REALMENTE O QUE \u00c9?"}]},{"@type":"WebSite","@id":"https:\/\/portaleducacao.guarulhos.sp.gov.br\/wp_site\/abrilliterario2022\/#website","url":"https:\/\/portaleducacao.guarulhos.sp.gov.br\/wp_site\/abrilliterario2022\/","name":"Abril Liter\u00e1rio 2022","description":"Literalmente isso...","potentialAction":[{"@type":"SearchAction","target":{"@type":"EntryPoint","urlTemplate":"https:\/\/portaleducacao.guarulhos.sp.gov.br\/wp_site\/abrilliterario2022\/?s={search_term_string}"},"query-input":"required name=search_term_string"}],"inLanguage":"pt-BR"}]}},"_links":{"self":[{"href":"https:\/\/portaleducacao.guarulhos.sp.gov.br\/wp_site\/abrilliterario2022\/wp-json\/wp\/v2\/pages\/239"}],"collection":[{"href":"https:\/\/portaleducacao.guarulhos.sp.gov.br\/wp_site\/abrilliterario2022\/wp-json\/wp\/v2\/pages"}],"about":[{"href":"https:\/\/portaleducacao.guarulhos.sp.gov.br\/wp_site\/abrilliterario2022\/wp-json\/wp\/v2\/types\/page"}],"author":[{"embeddable":true,"href":"https:\/\/portaleducacao.guarulhos.sp.gov.br\/wp_site\/abrilliterario2022\/wp-json\/wp\/v2\/users\/8"}],"replies":[{"embeddable":true,"href":"https:\/\/portaleducacao.guarulhos.sp.gov.br\/wp_site\/abrilliterario2022\/wp-json\/wp\/v2\/comments?post=239"}],"version-history":[{"count":2,"href":"https:\/\/portaleducacao.guarulhos.sp.gov.br\/wp_site\/abrilliterario2022\/wp-json\/wp\/v2\/pages\/239\/revisions"}],"predecessor-version":[{"id":243,"href":"https:\/\/portaleducacao.guarulhos.sp.gov.br\/wp_site\/abrilliterario2022\/wp-json\/wp\/v2\/pages\/239\/revisions\/243"}],"wp:attachment":[{"href":"https:\/\/portaleducacao.guarulhos.sp.gov.br\/wp_site\/abrilliterario2022\/wp-json\/wp\/v2\/media?parent=239"}],"wp:term":[{"taxonomy":"category","embeddable":true,"href":"https:\/\/portaleducacao.guarulhos.sp.gov.br\/wp_site\/abrilliterario2022\/wp-json\/wp\/v2\/categories?post=239"},{"taxonomy":"post_tag","embeddable":true,"href":"https:\/\/portaleducacao.guarulhos.sp.gov.br\/wp_site\/abrilliterario2022\/wp-json\/wp\/v2\/tags?post=239"}],"curies":[{"name":"wp","href":"https:\/\/api.w.org\/{rel}","templated":true}]}}