{"id":78,"date":"2022-03-31T11:06:02","date_gmt":"2022-03-31T14:06:02","guid":{"rendered":"http:\/\/portaleducacao.guarulhos.sp.gov.br\/wp_site\/abrilliterario\/?page_id=78"},"modified":"2023-02-24T11:27:30","modified_gmt":"2023-02-24T13:27:30","slug":"apresentacao","status":"publish","type":"page","link":"https:\/\/portaleducacao.guarulhos.sp.gov.br\/wp_site\/abrilliterario2022\/apresentacao\/","title":{"rendered":"APRESENTA\u00c7\u00c3O"},"content":{"rendered":"\n<p class=\"has-medium-font-size\"><p>A Secretaria de Educa\u00e7\u00e3o de Guarulhos, em parceria com a Secretaria de Cultura, tem o prazer de anunciar mais uma edi\u00e7\u00e3o do <strong>Abril Liter\u00e1rio 2022\u2013<\/strong><em> Literalmente isso&#8230;<\/em>&nbsp;<\/p><\/p>\n\n\n\n<p>O evento, organizado anualmente em atendimento \u00e0 Lei n\u00ba 7.016\/2012, visa promover o fomento ao livro, \u00e0 leitura e \u00e0 literatura na cidade, mobilizando diferentes atores e espa\u00e7os sociais em um esfor\u00e7o conjunto para democratizar o acesso aos bens culturais e, ainda, contribuir para a forma\u00e7\u00e3o de uma sociedade leitora.<\/p>\n\n\n\n<p class=\"has-medium-font-size\"><p><em><\/em>Em 2022, a tem\u00e1tica do evento destacar\u00e1 <strong>o Poema, a Poesia e a Prosa<\/strong> e contar\u00e1 com a realiza\u00e7\u00e3o de propostas presenciais e virtuais que possibilitar\u00e3o aos participantes explorar diferentes aspectos da leitura e da literatura por meio de manifesta\u00e7\u00f5es art\u00edsticas e culturais diversas.<\/p><\/p>\n\n\n\n<p class=\"has-medium-font-size\"><p>Neste ano, educandos, educadores e comunidade podem acessar a plataforma virtual do <strong>Abril Liter\u00e1rio 2022\u2013<\/strong><em> Literalmente isso&#8230; <\/em>para verificar a programa\u00e7\u00e3o das Escolas da Prefeitura de Guarulhos, Institui\u00e7\u00f5es Parceiras e CEUs; acessar a videoteca do Professor e conhecer as sugest\u00f5es liter\u00e1rias que podem contribuir com o trabalho docente. Al\u00e9m disso, tamb\u00e9m ser\u00e3o realizadas atividades formativas e <em>webin\u00e1rios<\/em> com grandes nomes da literatura no Brasil.&nbsp;<\/p><\/p>\n\n\n\n<p class=\"has-medium-font-size\"><p>A realiza\u00e7\u00e3o do <strong>Abril Liter\u00e1rio 2022\u2013<\/strong><em> Literalmente isso&#8230; <\/em>expressa o compromisso coletivo e institucional em favor da difus\u00e3o de pol\u00edticas que favore\u00e7am e oportunizem o desenvolvimento da criatividade, da imagina\u00e7\u00e3o, do conhecimento e do entretenimento em nosso munic\u00edpio, por isso, n\u00e3o fique de fora, participe dessa grande iniciativa de est\u00edmulo, valoriza\u00e7\u00e3o e socializa\u00e7\u00e3o do patrim\u00f4nio art\u00edstico e liter\u00e1rio em nossa cidade! Assim, com alegria, desejamos que sejam todos bem-vindos ao <strong>Abril Liter\u00e1rio 2022 \u2013 <\/strong><strong><em>Literalmente isso&#8230;<\/em><\/strong>!<\/p><\/p>\n","protected":false},"excerpt":{"rendered":"<p>A Secretaria de Educa\u00e7\u00e3o de Guarulhos, em parceria com a Secretaria de Cultura, tem o prazer de anunciar mais uma edi\u00e7\u00e3o do Abril Liter\u00e1rio 2022\u2013 Literalmente isso&#8230;&nbsp; O evento, organizado [&hellip;]<\/p>\n","protected":false},"author":8,"featured_media":0,"parent":0,"menu_order":0,"comment_status":"closed","ping_status":"closed","template":"","meta":{"_monsterinsights_skip_tracking":false,"_monsterinsights_sitenote_active":false,"_monsterinsights_sitenote_note":"","_monsterinsights_sitenote_category":0,"_expiration-date-status":"","_expiration-date":1677857207,"_expiration-date-type":"draft","_expiration-date-categories":[],"_expiration-date-options":[]},"categories":[],"tags":[],"yoast_head":"<!-- This site is optimized with the Yoast SEO plugin v19.7.1 - https:\/\/yoast.com\/wordpress\/plugins\/seo\/ -->\r\n<title>APRESENTA\u00c7\u00c3O - Abril Liter\u00e1rio 2022<\/title>\r\n<meta name=\"robots\" content=\"index, follow, max-snippet:-1, max-image-preview:large, max-video-preview:-1\" \/>\r\n<link rel=\"canonical\" href=\"https:\/\/portaleducacao.guarulhos.sp.gov.br\/wp_site\/abrilliterario2022\/apresentacao\/\" \/>\r\n<meta property=\"og:locale\" content=\"pt_BR\" \/>\r\n<meta property=\"og:type\" content=\"article\" \/>\r\n<meta property=\"og:title\" content=\"APRESENTA\u00c7\u00c3O - Abril Liter\u00e1rio 2022\" \/>\r\n<meta property=\"og:description\" content=\"A Secretaria de Educa\u00e7\u00e3o de Guarulhos, em parceria com a Secretaria de Cultura, tem o prazer de anunciar mais uma edi\u00e7\u00e3o do Abril Liter\u00e1rio 2022\u2013 Literalmente isso&#8230;&nbsp; O evento, organizado [&hellip;]\" \/>\r\n<meta property=\"og:url\" content=\"https:\/\/portaleducacao.guarulhos.sp.gov.br\/wp_site\/abrilliterario2022\/apresentacao\/\" \/>\r\n<meta property=\"og:site_name\" content=\"Abril Liter\u00e1rio 2022\" \/>\r\n<meta property=\"article:modified_time\" content=\"2023-02-24T13:27:30+00:00\" \/>\r\n<meta name=\"twitter:card\" content=\"summary_large_image\" \/>\r\n<meta name=\"twitter:label1\" content=\"Est. tempo de leitura\" \/>\n\t<meta name=\"twitter:data1\" content=\"2 minutos\" \/>\r\n<script type=\"application\/ld+json\" class=\"yoast-schema-graph\">{\"@context\":\"https:\/\/schema.org\",\"@graph\":[{\"@type\":\"WebPage\",\"@id\":\"https:\/\/portaleducacao.guarulhos.sp.gov.br\/wp_site\/abrilliterario2022\/apresentacao\/\",\"url\":\"https:\/\/portaleducacao.guarulhos.sp.gov.br\/wp_site\/abrilliterario2022\/apresentacao\/\",\"name\":\"APRESENTA\u00c7\u00c3O - Abril Liter\u00e1rio 2022\",\"isPartOf\":{\"@id\":\"https:\/\/portaleducacao.guarulhos.sp.gov.br\/wp_site\/abrilliterario2022\/#website\"},\"datePublished\":\"2022-03-31T14:06:02+00:00\",\"dateModified\":\"2023-02-24T13:27:30+00:00\",\"breadcrumb\":{\"@id\":\"https:\/\/portaleducacao.guarulhos.sp.gov.br\/wp_site\/abrilliterario2022\/apresentacao\/#breadcrumb\"},\"inLanguage\":\"pt-BR\",\"potentialAction\":[{\"@type\":\"ReadAction\",\"target\":[\"https:\/\/portaleducacao.guarulhos.sp.gov.br\/wp_site\/abrilliterario2022\/apresentacao\/\"]}]},{\"@type\":\"BreadcrumbList\",\"@id\":\"https:\/\/portaleducacao.guarulhos.sp.gov.br\/wp_site\/abrilliterario2022\/apresentacao\/#breadcrumb\",\"itemListElement\":[{\"@type\":\"ListItem\",\"position\":1,\"name\":\"In\u00edcio\",\"item\":\"https:\/\/portaleducacao.guarulhos.sp.gov.br\/wp_site\/abrilliterario2022\/\"},{\"@type\":\"ListItem\",\"position\":2,\"name\":\"APRESENTA\u00c7\u00c3O\"}]},{\"@type\":\"WebSite\",\"@id\":\"https:\/\/portaleducacao.guarulhos.sp.gov.br\/wp_site\/abrilliterario2022\/#website\",\"url\":\"https:\/\/portaleducacao.guarulhos.sp.gov.br\/wp_site\/abrilliterario2022\/\",\"name\":\"Abril Liter\u00e1rio 2022\",\"description\":\"Literalmente isso...\",\"potentialAction\":[{\"@type\":\"SearchAction\",\"target\":{\"@type\":\"EntryPoint\",\"urlTemplate\":\"https:\/\/portaleducacao.guarulhos.sp.gov.br\/wp_site\/abrilliterario2022\/?s={search_term_string}\"},\"query-input\":\"required name=search_term_string\"}],\"inLanguage\":\"pt-BR\"}]}<\/script>\r\n<!-- \/ Yoast SEO plugin. -->","yoast_head_json":{"title":"APRESENTA\u00c7\u00c3O - Abril Liter\u00e1rio 2022","robots":{"index":"index","follow":"follow","max-snippet":"max-snippet:-1","max-image-preview":"max-image-preview:large","max-video-preview":"max-video-preview:-1"},"canonical":"https:\/\/portaleducacao.guarulhos.sp.gov.br\/wp_site\/abrilliterario2022\/apresentacao\/","og_locale":"pt_BR","og_type":"article","og_title":"APRESENTA\u00c7\u00c3O - Abril Liter\u00e1rio 2022","og_description":"A Secretaria de Educa\u00e7\u00e3o de Guarulhos, em parceria com a Secretaria de Cultura, tem o prazer de anunciar mais uma edi\u00e7\u00e3o do Abril Liter\u00e1rio 2022\u2013 Literalmente isso&#8230;&nbsp; O evento, organizado [&hellip;]","og_url":"https:\/\/portaleducacao.guarulhos.sp.gov.br\/wp_site\/abrilliterario2022\/apresentacao\/","og_site_name":"Abril Liter\u00e1rio 2022","article_modified_time":"2023-02-24T13:27:30+00:00","twitter_card":"summary_large_image","twitter_misc":{"Est. tempo de leitura":"2 minutos"},"schema":{"@context":"https:\/\/schema.org","@graph":[{"@type":"WebPage","@id":"https:\/\/portaleducacao.guarulhos.sp.gov.br\/wp_site\/abrilliterario2022\/apresentacao\/","url":"https:\/\/portaleducacao.guarulhos.sp.gov.br\/wp_site\/abrilliterario2022\/apresentacao\/","name":"APRESENTA\u00c7\u00c3O - Abril Liter\u00e1rio 2022","isPartOf":{"@id":"https:\/\/portaleducacao.guarulhos.sp.gov.br\/wp_site\/abrilliterario2022\/#website"},"datePublished":"2022-03-31T14:06:02+00:00","dateModified":"2023-02-24T13:27:30+00:00","breadcrumb":{"@id":"https:\/\/portaleducacao.guarulhos.sp.gov.br\/wp_site\/abrilliterario2022\/apresentacao\/#breadcrumb"},"inLanguage":"pt-BR","potentialAction":[{"@type":"ReadAction","target":["https:\/\/portaleducacao.guarulhos.sp.gov.br\/wp_site\/abrilliterario2022\/apresentacao\/"]}]},{"@type":"BreadcrumbList","@id":"https:\/\/portaleducacao.guarulhos.sp.gov.br\/wp_site\/abrilliterario2022\/apresentacao\/#breadcrumb","itemListElement":[{"@type":"ListItem","position":1,"name":"In\u00edcio","item":"https:\/\/portaleducacao.guarulhos.sp.gov.br\/wp_site\/abrilliterario2022\/"},{"@type":"ListItem","position":2,"name":"APRESENTA\u00c7\u00c3O"}]},{"@type":"WebSite","@id":"https:\/\/portaleducacao.guarulhos.sp.gov.br\/wp_site\/abrilliterario2022\/#website","url":"https:\/\/portaleducacao.guarulhos.sp.gov.br\/wp_site\/abrilliterario2022\/","name":"Abril Liter\u00e1rio 2022","description":"Literalmente isso...","potentialAction":[{"@type":"SearchAction","target":{"@type":"EntryPoint","urlTemplate":"https:\/\/portaleducacao.guarulhos.sp.gov.br\/wp_site\/abrilliterario2022\/?s={search_term_string}"},"query-input":"required name=search_term_string"}],"inLanguage":"pt-BR"}]}},"_links":{"self":[{"href":"https:\/\/portaleducacao.guarulhos.sp.gov.br\/wp_site\/abrilliterario2022\/wp-json\/wp\/v2\/pages\/78"}],"collection":[{"href":"https:\/\/portaleducacao.guarulhos.sp.gov.br\/wp_site\/abrilliterario2022\/wp-json\/wp\/v2\/pages"}],"about":[{"href":"https:\/\/portaleducacao.guarulhos.sp.gov.br\/wp_site\/abrilliterario2022\/wp-json\/wp\/v2\/types\/page"}],"author":[{"embeddable":true,"href":"https:\/\/portaleducacao.guarulhos.sp.gov.br\/wp_site\/abrilliterario2022\/wp-json\/wp\/v2\/users\/8"}],"replies":[{"embeddable":true,"href":"https:\/\/portaleducacao.guarulhos.sp.gov.br\/wp_site\/abrilliterario2022\/wp-json\/wp\/v2\/comments?post=78"}],"version-history":[{"count":6,"href":"https:\/\/portaleducacao.guarulhos.sp.gov.br\/wp_site\/abrilliterario2022\/wp-json\/wp\/v2\/pages\/78\/revisions"}],"predecessor-version":[{"id":389,"href":"https:\/\/portaleducacao.guarulhos.sp.gov.br\/wp_site\/abrilliterario2022\/wp-json\/wp\/v2\/pages\/78\/revisions\/389"}],"wp:attachment":[{"href":"https:\/\/portaleducacao.guarulhos.sp.gov.br\/wp_site\/abrilliterario2022\/wp-json\/wp\/v2\/media?parent=78"}],"wp:term":[{"taxonomy":"category","embeddable":true,"href":"https:\/\/portaleducacao.guarulhos.sp.gov.br\/wp_site\/abrilliterario2022\/wp-json\/wp\/v2\/categories?post=78"},{"taxonomy":"post_tag","embeddable":true,"href":"https:\/\/portaleducacao.guarulhos.sp.gov.br\/wp_site\/abrilliterario2022\/wp-json\/wp\/v2\/tags?post=78"}],"curies":[{"name":"wp","href":"https:\/\/api.w.org\/{rel}","templated":true}]}}