{"id":94,"date":"2022-03-31T11:32:02","date_gmt":"2022-03-31T14:32:02","guid":{"rendered":"http:\/\/portaleducacao.guarulhos.sp.gov.br\/wp_site\/abrilliterario\/?page_id=94"},"modified":"2022-04-06T02:19:42","modified_gmt":"2022-04-06T05:19:42","slug":"ceus","status":"publish","type":"page","link":"https:\/\/portaleducacao.guarulhos.sp.gov.br\/wp_site\/abrilliterario2022\/ceus\/","title":{"rendered":"CEUs"},"content":{"rendered":"\n<p class=\"has-medium-font-size\"><strong>Data:<\/strong> 01 \u00e0 30\/04\/2022<br><strong>Unidade:<\/strong> CEU BONSUCESSO<br><strong>Respons\u00e1vel:<\/strong> Juliana Pontes, J\u00e9ssica Akiyama, Tatiane Taderi<br><strong>Atividade\/Descri\u00e7\u00e3o:<\/strong> Exposi\u00e7\u00e3o dos personagens do S\u00edtio do Pica-pau Amarelo em displays e hist\u00f3rias dos personagens em v\u00eddeo (Centro de Incentivo a Leitura)<br>09 \u2013 Sarau &#8211; Tema: \u201cProcura-se poetas\u201d<br>13 \u2013 Pe\u00e7a teatral: \u201cJo\u00e3o e Maria\u201d (destinado aos alunos da rede de 2\u00b0s a 5\u00b0s anos)<br>26 \u2013 Apresenta\u00e7\u00e3o de Bal\u00e9 em grupo (destinada aos alunos da EJA da rede)<br>27 \u2013 Pe\u00e7a teatral: \u201cO Menino Maluquinho\u201d (apresenta\u00e7\u00e3o aberta aos mun\u00edcipes)<br>28 \u2013 Pe\u00e7a teatral: \u201cQuem roubou as cebolinhas da vov\u00f3?\u201d (destinadas aos alunos da rede de Est\u00e1gio I ao 1\u00b0 ano)<br>29 \u2013 Visita ao Museu Monteiro Lobato &#8211; S\u00edtio do Pica-pau Amarelo (Centro de Incentivo a Leitura)<br>30 \u2013 Apresenta\u00e7\u00e3o de esquetes: \u201cOs saltimbancos\u201d e \u201cO auto da Barca do Inferno\u201d (apresenta\u00e7\u00e3o aberta aos mun\u00edcipes)<br><strong>P\u00fablico-alvo: <\/strong>Educa\u00e7\u00e3o Infantil &#8211; Pr\u00e9-Escola, Ensino Fundamental &#8211; 1\u00ba ao 5\u00ba ano, Educa\u00e7\u00e3o de Jovens d Adultos \u2013 EJA<\/p>\n\n\n\n<hr class=\"wp-block-separator is-style-wide\" \/>\n\n\n\n<p class=\"has-medium-font-size\"><strong>Data: <\/strong>10\/04\/2022<br><strong>Unidade:<\/strong> CEU JARDIM CUMBICA<br><strong>Respons\u00e1vel: <\/strong>Roberto Cezar Curcio<br><strong>Atividade\/Descri\u00e7\u00e3o:<\/strong> A proposta consiste na comemora\u00e7\u00e3o do anivers\u00e1rio de 8 anos da rede Transv\u00ea Poesias, a qual busca promover uma homenagem em n\u00edvel nacional ao centen\u00e1rio da Semana de Arte Moderna. Para tal, ser\u00e3o reutilizadas 100 garrafas long necks envolvidas em jornais e papel celofane transparente com poesias anexadas. Essas garrafas po\u00e9ticas ser\u00e3o penduradas em todo o espa\u00e7o externo do CEU Jd. Cumbica, e deixaremos para serem levadas gratuitamente. O objetivo \u00e9 levar poesia e incentivar a leitura a nossa comunidade. (Tarde e Intermedi\u00e1rio)<br><strong>P\u00fablico-alvo:<\/strong> Para toda a comunidade escolar<\/p>\n","protected":false},"excerpt":{"rendered":"<p>Data: 01 \u00e0 30\/04\/2022Unidade: CEU BONSUCESSORespons\u00e1vel: Juliana Pontes, J\u00e9ssica Akiyama, Tatiane TaderiAtividade\/Descri\u00e7\u00e3o: Exposi\u00e7\u00e3o dos personagens do S\u00edtio do Pica-pau Amarelo em displays e hist\u00f3rias dos personagens em v\u00eddeo (Centro de [&hellip;]<\/p>\n","protected":false},"author":8,"featured_media":0,"parent":0,"menu_order":0,"comment_status":"closed","ping_status":"closed","template":"","meta":{"_monsterinsights_skip_tracking":false,"_monsterinsights_sitenote_active":false,"_monsterinsights_sitenote_note":"","_monsterinsights_sitenote_category":0,"_expiration-date-status":"","_expiration-date":0,"_expiration-date-type":"","_expiration-date-categories":[],"_expiration-date-options":[]},"categories":[],"tags":[],"yoast_head":"<!-- This site is optimized with the Yoast SEO plugin v19.7.1 - https:\/\/yoast.com\/wordpress\/plugins\/seo\/ -->\r\n<title>CEUs - Abril Liter\u00e1rio 2022<\/title>\r\n<meta name=\"robots\" content=\"index, follow, max-snippet:-1, max-image-preview:large, max-video-preview:-1\" \/>\r\n<link rel=\"canonical\" href=\"http:\/\/portaleducacao.guarulhos.sp.gov.br\/wp_site\/abrilliterario2022\/ceus\/\" \/>\r\n<meta property=\"og:locale\" content=\"pt_BR\" \/>\r\n<meta property=\"og:type\" content=\"article\" \/>\r\n<meta property=\"og:title\" content=\"CEUs - Abril Liter\u00e1rio 2022\" \/>\r\n<meta property=\"og:description\" content=\"Data: 01 \u00e0 30\/04\/2022Unidade: CEU BONSUCESSORespons\u00e1vel: Juliana Pontes, J\u00e9ssica Akiyama, Tatiane TaderiAtividade\/Descri\u00e7\u00e3o: Exposi\u00e7\u00e3o dos personagens do S\u00edtio do Pica-pau Amarelo em displays e hist\u00f3rias dos personagens em v\u00eddeo (Centro de [&hellip;]\" \/>\r\n<meta property=\"og:url\" content=\"http:\/\/portaleducacao.guarulhos.sp.gov.br\/wp_site\/abrilliterario2022\/ceus\/\" \/>\r\n<meta property=\"og:site_name\" content=\"Abril Liter\u00e1rio 2022\" \/>\r\n<meta property=\"article:modified_time\" content=\"2022-04-06T05:19:42+00:00\" \/>\r\n<meta name=\"twitter:card\" content=\"summary_large_image\" \/>\r\n<meta name=\"twitter:label1\" content=\"Est. tempo de leitura\" \/>\n\t<meta name=\"twitter:data1\" content=\"1 minuto\" \/>\r\n<script type=\"application\/ld+json\" class=\"yoast-schema-graph\">{\"@context\":\"https:\/\/schema.org\",\"@graph\":[{\"@type\":\"WebPage\",\"@id\":\"http:\/\/portaleducacao.guarulhos.sp.gov.br\/wp_site\/abrilliterario2022\/ceus\/\",\"url\":\"http:\/\/portaleducacao.guarulhos.sp.gov.br\/wp_site\/abrilliterario2022\/ceus\/\",\"name\":\"CEUs - Abril Liter\u00e1rio 2022\",\"isPartOf\":{\"@id\":\"https:\/\/portaleducacao.guarulhos.sp.gov.br\/wp_site\/abrilliterario2022\/#website\"},\"datePublished\":\"2022-03-31T14:32:02+00:00\",\"dateModified\":\"2022-04-06T05:19:42+00:00\",\"breadcrumb\":{\"@id\":\"http:\/\/portaleducacao.guarulhos.sp.gov.br\/wp_site\/abrilliterario2022\/ceus\/#breadcrumb\"},\"inLanguage\":\"pt-BR\",\"potentialAction\":[{\"@type\":\"ReadAction\",\"target\":[\"http:\/\/portaleducacao.guarulhos.sp.gov.br\/wp_site\/abrilliterario2022\/ceus\/\"]}]},{\"@type\":\"BreadcrumbList\",\"@id\":\"http:\/\/portaleducacao.guarulhos.sp.gov.br\/wp_site\/abrilliterario2022\/ceus\/#breadcrumb\",\"itemListElement\":[{\"@type\":\"ListItem\",\"position\":1,\"name\":\"In\u00edcio\",\"item\":\"https:\/\/portaleducacao.guarulhos.sp.gov.br\/wp_site\/abrilliterario2022\/\"},{\"@type\":\"ListItem\",\"position\":2,\"name\":\"CEUs\"}]},{\"@type\":\"WebSite\",\"@id\":\"https:\/\/portaleducacao.guarulhos.sp.gov.br\/wp_site\/abrilliterario2022\/#website\",\"url\":\"https:\/\/portaleducacao.guarulhos.sp.gov.br\/wp_site\/abrilliterario2022\/\",\"name\":\"Abril Liter\u00e1rio 2022\",\"description\":\"Literalmente isso...\",\"potentialAction\":[{\"@type\":\"SearchAction\",\"target\":{\"@type\":\"EntryPoint\",\"urlTemplate\":\"https:\/\/portaleducacao.guarulhos.sp.gov.br\/wp_site\/abrilliterario2022\/?s={search_term_string}\"},\"query-input\":\"required name=search_term_string\"}],\"inLanguage\":\"pt-BR\"}]}<\/script>\r\n<!-- \/ Yoast SEO plugin. -->","yoast_head_json":{"title":"CEUs - Abril Liter\u00e1rio 2022","robots":{"index":"index","follow":"follow","max-snippet":"max-snippet:-1","max-image-preview":"max-image-preview:large","max-video-preview":"max-video-preview:-1"},"canonical":"http:\/\/portaleducacao.guarulhos.sp.gov.br\/wp_site\/abrilliterario2022\/ceus\/","og_locale":"pt_BR","og_type":"article","og_title":"CEUs - Abril Liter\u00e1rio 2022","og_description":"Data: 01 \u00e0 30\/04\/2022Unidade: CEU BONSUCESSORespons\u00e1vel: Juliana Pontes, J\u00e9ssica Akiyama, Tatiane TaderiAtividade\/Descri\u00e7\u00e3o: Exposi\u00e7\u00e3o dos personagens do S\u00edtio do Pica-pau Amarelo em displays e hist\u00f3rias dos personagens em v\u00eddeo (Centro de [&hellip;]","og_url":"http:\/\/portaleducacao.guarulhos.sp.gov.br\/wp_site\/abrilliterario2022\/ceus\/","og_site_name":"Abril Liter\u00e1rio 2022","article_modified_time":"2022-04-06T05:19:42+00:00","twitter_card":"summary_large_image","twitter_misc":{"Est. tempo de leitura":"1 minuto"},"schema":{"@context":"https:\/\/schema.org","@graph":[{"@type":"WebPage","@id":"http:\/\/portaleducacao.guarulhos.sp.gov.br\/wp_site\/abrilliterario2022\/ceus\/","url":"http:\/\/portaleducacao.guarulhos.sp.gov.br\/wp_site\/abrilliterario2022\/ceus\/","name":"CEUs - Abril Liter\u00e1rio 2022","isPartOf":{"@id":"https:\/\/portaleducacao.guarulhos.sp.gov.br\/wp_site\/abrilliterario2022\/#website"},"datePublished":"2022-03-31T14:32:02+00:00","dateModified":"2022-04-06T05:19:42+00:00","breadcrumb":{"@id":"http:\/\/portaleducacao.guarulhos.sp.gov.br\/wp_site\/abrilliterario2022\/ceus\/#breadcrumb"},"inLanguage":"pt-BR","potentialAction":[{"@type":"ReadAction","target":["http:\/\/portaleducacao.guarulhos.sp.gov.br\/wp_site\/abrilliterario2022\/ceus\/"]}]},{"@type":"BreadcrumbList","@id":"http:\/\/portaleducacao.guarulhos.sp.gov.br\/wp_site\/abrilliterario2022\/ceus\/#breadcrumb","itemListElement":[{"@type":"ListItem","position":1,"name":"In\u00edcio","item":"https:\/\/portaleducacao.guarulhos.sp.gov.br\/wp_site\/abrilliterario2022\/"},{"@type":"ListItem","position":2,"name":"CEUs"}]},{"@type":"WebSite","@id":"https:\/\/portaleducacao.guarulhos.sp.gov.br\/wp_site\/abrilliterario2022\/#website","url":"https:\/\/portaleducacao.guarulhos.sp.gov.br\/wp_site\/abrilliterario2022\/","name":"Abril Liter\u00e1rio 2022","description":"Literalmente isso...","potentialAction":[{"@type":"SearchAction","target":{"@type":"EntryPoint","urlTemplate":"https:\/\/portaleducacao.guarulhos.sp.gov.br\/wp_site\/abrilliterario2022\/?s={search_term_string}"},"query-input":"required name=search_term_string"}],"inLanguage":"pt-BR"}]}},"_links":{"self":[{"href":"https:\/\/portaleducacao.guarulhos.sp.gov.br\/wp_site\/abrilliterario2022\/wp-json\/wp\/v2\/pages\/94"}],"collection":[{"href":"https:\/\/portaleducacao.guarulhos.sp.gov.br\/wp_site\/abrilliterario2022\/wp-json\/wp\/v2\/pages"}],"about":[{"href":"https:\/\/portaleducacao.guarulhos.sp.gov.br\/wp_site\/abrilliterario2022\/wp-json\/wp\/v2\/types\/page"}],"author":[{"embeddable":true,"href":"https:\/\/portaleducacao.guarulhos.sp.gov.br\/wp_site\/abrilliterario2022\/wp-json\/wp\/v2\/users\/8"}],"replies":[{"embeddable":true,"href":"https:\/\/portaleducacao.guarulhos.sp.gov.br\/wp_site\/abrilliterario2022\/wp-json\/wp\/v2\/comments?post=94"}],"version-history":[{"count":4,"href":"https:\/\/portaleducacao.guarulhos.sp.gov.br\/wp_site\/abrilliterario2022\/wp-json\/wp\/v2\/pages\/94\/revisions"}],"predecessor-version":[{"id":305,"href":"https:\/\/portaleducacao.guarulhos.sp.gov.br\/wp_site\/abrilliterario2022\/wp-json\/wp\/v2\/pages\/94\/revisions\/305"}],"wp:attachment":[{"href":"https:\/\/portaleducacao.guarulhos.sp.gov.br\/wp_site\/abrilliterario2022\/wp-json\/wp\/v2\/media?parent=94"}],"wp:term":[{"taxonomy":"category","embeddable":true,"href":"https:\/\/portaleducacao.guarulhos.sp.gov.br\/wp_site\/abrilliterario2022\/wp-json\/wp\/v2\/categories?post=94"},{"taxonomy":"post_tag","embeddable":true,"href":"https:\/\/portaleducacao.guarulhos.sp.gov.br\/wp_site\/abrilliterario2022\/wp-json\/wp\/v2\/tags?post=94"}],"curies":[{"name":"wp","href":"https:\/\/api.w.org\/{rel}","templated":true}]}}