{"id":1713,"date":"2024-05-27T14:55:30","date_gmt":"2024-05-27T17:55:30","guid":{"rendered":"https:\/\/portaleducacao.guarulhos.sp.gov.br\/wp_site\/brincar\/?page_id=1713"},"modified":"2024-06-19T08:52:34","modified_gmt":"2024-06-19T11:52:34","slug":"pilulas_brincar","status":"publish","type":"page","link":"https:\/\/portaleducacao.guarulhos.sp.gov.br\/wp_site\/brincar\/pilulas_brincar\/","title":{"rendered":"pilulas do brincar"},"content":{"rendered":"\t\t<div data-elementor-type=\"wp-page\" data-elementor-id=\"1713\" class=\"elementor elementor-1713\">\n\t\t\t\t\t\t\t<div class=\"elementor-element elementor-element-042474d e-con-boxed e-con\" data-id=\"042474d\" data-element_type=\"container\" data-settings=\"{&quot;content_width&quot;:&quot;boxed&quot;}\">\n\t\t\t\t\t<div class=\"e-con-inner\">\n\t\t\t\t<div class=\"elementor-element elementor-element-ce921c2 elementor-widget elementor-widget-heading\" data-id=\"ce921c2\" data-element_type=\"widget\" data-widget_type=\"heading.default\">\n\t\t\t\t<div class=\"elementor-widget-container\">\n\t\t\t<style>\/*! elementor - v3.12.1 - 02-04-2023 *\/\n.elementor-heading-title{padding:0;margin:0;line-height:1}.elementor-widget-heading .elementor-heading-title[class*=elementor-size-]>a{color:inherit;font-size:inherit;line-height:inherit}.elementor-widget-heading .elementor-heading-title.elementor-size-small{font-size:15px}.elementor-widget-heading .elementor-heading-title.elementor-size-medium{font-size:19px}.elementor-widget-heading .elementor-heading-title.elementor-size-large{font-size:29px}.elementor-widget-heading .elementor-heading-title.elementor-size-xl{font-size:39px}.elementor-widget-heading .elementor-heading-title.elementor-size-xxl{font-size:59px}<\/style><h1 class=\"elementor-heading-title elementor-size-default\">P\u00edlulas do Brincar<\/h1>\t\t<\/div>\n\t\t\t\t<\/div>\n\t\t\t\t\t<\/div>\n\t\t\t\t<\/div>\n\t\t<div class=\"elementor-element elementor-element-4cdc334 e-con-boxed e-con\" data-id=\"4cdc334\" data-element_type=\"container\" data-settings=\"{&quot;content_width&quot;:&quot;boxed&quot;}\">\n\t\t\t\t\t<div class=\"e-con-inner\">\n\t\t<div class=\"elementor-element elementor-element-0e06eca e-con-full e-con\" data-id=\"0e06eca\" data-element_type=\"container\" data-settings=\"{&quot;content_width&quot;:&quot;full&quot;}\">\n\t\t\t\t<div class=\"elementor-element elementor-element-b2ef871 elementor-widget elementor-widget-image\" data-id=\"b2ef871\" data-element_type=\"widget\" data-widget_type=\"image.default\">\n\t\t\t\t<div class=\"elementor-widget-container\">\n\t\t\t<style>\/*! elementor - v3.12.1 - 02-04-2023 *\/\n.elementor-widget-image{text-align:center}.elementor-widget-image a{display:inline-block}.elementor-widget-image a img[src$=\".svg\"]{width:48px}.elementor-widget-image img{vertical-align:middle;display:inline-block}<\/style>\t\t\t\t\t\t\t\t\t\t\t\t\t<a href=\"https:\/\/portaleducacao.guarulhos.sp.gov.br\/wp_site\/brincar\/imaginacao_criacao\/\" target=\"_blank\">\n\t\t\t\t\t\t\t<img width=\"1024\" height=\"771\" src=\"https:\/\/portaleducacao.guarulhos.sp.gov.br\/wp_site\/brincar\/wp-content\/uploads\/sites\/25\/2024\/05\/WhatsApp-Image-2024-05-22-at-16.08.25.jpeg\" class=\"attachment-large size-large wp-image-1731\" alt=\"\" loading=\"lazy\" \/>\t\t\t\t\t\t\t\t<\/a>\n\t\t\t\t\t\t\t\t\t\t\t\t\t\t\t<\/div>\n\t\t\t\t<\/div>\n\t\t\t\t<div class=\"elementor-element elementor-element-deda1af elementor-widget elementor-widget-heading\" data-id=\"deda1af\" data-element_type=\"widget\" data-widget_type=\"heading.default\">\n\t\t\t\t<div class=\"elementor-widget-container\">\n\t\t\t<h2 class=\"elementor-heading-title elementor-size-default\"><a href=\"https:\/\/portaleducacao.guarulhos.sp.gov.br\/wp_site\/brincar\/imaginacao_criacao\/\" target=\"_blank\">Imagina\u00e7\u00e3o e cria\u00e7\u00e3o: o brincar e a arte. <\/a><\/h2>\t\t<\/div>\n\t\t\t\t<\/div>\n\t\t\t\t<div class=\"elementor-element elementor-element-94ba1b1 elementor-widget elementor-widget-text-editor\" data-id=\"94ba1b1\" data-element_type=\"widget\" data-widget_type=\"text-editor.default\">\n\t\t\t\t<div class=\"elementor-widget-container\">\n\t\t\t<style>\/*! elementor - v3.12.1 - 02-04-2023 *\/\n.elementor-widget-text-editor.elementor-drop-cap-view-stacked .elementor-drop-cap{background-color:#69727d;color:#fff}.elementor-widget-text-editor.elementor-drop-cap-view-framed .elementor-drop-cap{color:#69727d;border:3px solid;background-color:transparent}.elementor-widget-text-editor:not(.elementor-drop-cap-view-default) .elementor-drop-cap{margin-top:8px}.elementor-widget-text-editor:not(.elementor-drop-cap-view-default) .elementor-drop-cap-letter{width:1em;height:1em}.elementor-widget-text-editor .elementor-drop-cap{float:left;text-align:center;line-height:1;font-size:50px}.elementor-widget-text-editor .elementor-drop-cap-letter{display:inline-block}<\/style>\t\t\t\t<p>Angela Dezoti Consiglio <\/p>\t\t\t\t\t\t<\/div>\n\t\t\t\t<\/div>\n\t\t\t\t<\/div>\n\t\t<div class=\"elementor-element elementor-element-fcd3736 e-con-full e-con\" data-id=\"fcd3736\" data-element_type=\"container\" data-settings=\"{&quot;content_width&quot;:&quot;full&quot;}\">\n\t\t\t\t<div class=\"elementor-element elementor-element-8b06f13 elementor-widget elementor-widget-image\" data-id=\"8b06f13\" data-element_type=\"widget\" data-widget_type=\"image.default\">\n\t\t\t\t<div class=\"elementor-widget-container\">\n\t\t\t\t\t\t\t\t\t\t\t\t\t\t\t\t<a href=\"https:\/\/portaleducacao.guarulhos.sp.gov.br\/wp_site\/brincar\/vem_brincar\/\" target=\"_blank\">\n\t\t\t\t\t\t\t<img width=\"1024\" height=\"771\" src=\"https:\/\/portaleducacao.guarulhos.sp.gov.br\/wp_site\/brincar\/wp-content\/uploads\/sites\/25\/2024\/05\/WhatsApp-Image-2024-05-28-at-10.39.59-1024x771.jpeg\" class=\"attachment-large size-large wp-image-1737\" alt=\"\" loading=\"lazy\" srcset=\"https:\/\/portaleducacao.guarulhos.sp.gov.br\/wp_site\/brincar\/wp-content\/uploads\/sites\/25\/2024\/05\/WhatsApp-Image-2024-05-28-at-10.39.59-1024x771.jpeg 1024w, https:\/\/portaleducacao.guarulhos.sp.gov.br\/wp_site\/brincar\/wp-content\/uploads\/sites\/25\/2024\/05\/WhatsApp-Image-2024-05-28-at-10.39.59-300x226.jpeg 300w, https:\/\/portaleducacao.guarulhos.sp.gov.br\/wp_site\/brincar\/wp-content\/uploads\/sites\/25\/2024\/05\/WhatsApp-Image-2024-05-28-at-10.39.59-768x578.jpeg 768w, https:\/\/portaleducacao.guarulhos.sp.gov.br\/wp_site\/brincar\/wp-content\/uploads\/sites\/25\/2024\/05\/WhatsApp-Image-2024-05-28-at-10.39.59-1536x1156.jpeg 1536w, https:\/\/portaleducacao.guarulhos.sp.gov.br\/wp_site\/brincar\/wp-content\/uploads\/sites\/25\/2024\/05\/WhatsApp-Image-2024-05-28-at-10.39.59.jpeg 1600w\" sizes=\"(max-width: 1024px) 100vw, 1024px\" \/>\t\t\t\t\t\t\t\t<\/a>\n\t\t\t\t\t\t\t\t\t\t\t\t\t\t\t<\/div>\n\t\t\t\t<\/div>\n\t\t\t\t<div class=\"elementor-element elementor-element-1fe0a4d elementor-widget elementor-widget-heading\" data-id=\"1fe0a4d\" data-element_type=\"widget\" data-widget_type=\"heading.default\">\n\t\t\t\t<div class=\"elementor-widget-container\">\n\t\t\t<h2 class=\"elementor-heading-title elementor-size-default\"><a href=\"https:\/\/portaleducacao.guarulhos.sp.gov.br\/wp_site\/brincar\/vem_brincar\" target=\"_blank\">Vem brincar<\/a><\/h2>\t\t<\/div>\n\t\t\t\t<\/div>\n\t\t\t\t<div class=\"elementor-element elementor-element-14b06f0 elementor-widget elementor-widget-text-editor\" data-id=\"14b06f0\" data-element_type=\"widget\" data-widget_type=\"text-editor.default\">\n\t\t\t\t<div class=\"elementor-widget-container\">\n\t\t\t\t\t\t\t<p>Fabiana Lyra <\/p>\t\t\t\t\t\t<\/div>\n\t\t\t\t<\/div>\n\t\t\t\t<\/div>\n\t\t<div class=\"elementor-element elementor-element-82bb71b e-con-full e-con\" data-id=\"82bb71b\" data-element_type=\"container\" data-settings=\"{&quot;content_width&quot;:&quot;full&quot;}\">\n\t\t\t\t<div class=\"elementor-element elementor-element-5053356 elementor-widget elementor-widget-image\" data-id=\"5053356\" data-element_type=\"widget\" data-widget_type=\"image.default\">\n\t\t\t\t<div class=\"elementor-widget-container\">\n\t\t\t\t\t\t\t\t\t\t\t\t\t\t\t\t<a href=\"https:\/\/portaleducacao.guarulhos.sp.gov.br\/wp_site\/brincar\/brincar_inutil\" target=\"_blank\">\n\t\t\t\t\t\t\t<img width=\"720\" height=\"521\" src=\"https:\/\/portaleducacao.guarulhos.sp.gov.br\/wp_site\/brincar\/wp-content\/uploads\/sites\/25\/2024\/05\/Para-o-texto-da-Mariana.png\" class=\"attachment-large size-large wp-image-1735\" alt=\"\" loading=\"lazy\" srcset=\"https:\/\/portaleducacao.guarulhos.sp.gov.br\/wp_site\/brincar\/wp-content\/uploads\/sites\/25\/2024\/05\/Para-o-texto-da-Mariana.png 720w, https:\/\/portaleducacao.guarulhos.sp.gov.br\/wp_site\/brincar\/wp-content\/uploads\/sites\/25\/2024\/05\/Para-o-texto-da-Mariana-300x217.png 300w\" sizes=\"(max-width: 720px) 100vw, 720px\" \/>\t\t\t\t\t\t\t\t<\/a>\n\t\t\t\t\t\t\t\t\t\t\t\t\t\t\t<\/div>\n\t\t\t\t<\/div>\n\t\t\t\t<div class=\"elementor-element elementor-element-10c37b8 elementor-widget elementor-widget-heading\" data-id=\"10c37b8\" data-element_type=\"widget\" data-widget_type=\"heading.default\">\n\t\t\t\t<div class=\"elementor-widget-container\">\n\t\t\t<h2 class=\"elementor-heading-title elementor-size-default\"><a href=\"https:\/\/portaleducacao.guarulhos.sp.gov.br\/wp_site\/brincar\/brincar_inutil\" target=\"_blank\">Brincar \u00e9 inutil <\/a><\/h2>\t\t<\/div>\n\t\t\t\t<\/div>\n\t\t\t\t<div class=\"elementor-element elementor-element-da84d93 elementor-widget elementor-widget-text-editor\" data-id=\"da84d93\" data-element_type=\"widget\" data-widget_type=\"text-editor.default\">\n\t\t\t\t<div class=\"elementor-widget-container\">\n\t\t\t\t\t\t\t<p>Mariana Leite Cacciatori <\/p>\t\t\t\t\t\t<\/div>\n\t\t\t\t<\/div>\n\t\t\t\t<\/div>\n\t\t<div class=\"elementor-element elementor-element-05b50f8 e-con-full e-con\" data-id=\"05b50f8\" data-element_type=\"container\" data-settings=\"{&quot;content_width&quot;:&quot;full&quot;}\">\n\t\t\t\t<div class=\"elementor-element elementor-element-32c5eb6 elementor-widget elementor-widget-image\" data-id=\"32c5eb6\" data-element_type=\"widget\" data-widget_type=\"image.default\">\n\t\t\t\t<div class=\"elementor-widget-container\">\n\t\t\t\t\t\t\t\t\t\t\t\t\t\t\t\t<a href=\"https:\/\/portaleducacao.guarulhos.sp.gov.br\/wp_site\/brincar\/brincar-rodar-ritmar\" target=\"_blank\">\n\t\t\t\t\t\t\t<img width=\"1024\" height=\"771\" src=\"https:\/\/portaleducacao.guarulhos.sp.gov.br\/wp_site\/brincar\/wp-content\/uploads\/sites\/25\/2024\/05\/WhatsApp-Image-2024-05-23-at-17.28.18-1024x771.jpeg\" class=\"attachment-large size-large wp-image-1736\" alt=\"\" loading=\"lazy\" srcset=\"https:\/\/portaleducacao.guarulhos.sp.gov.br\/wp_site\/brincar\/wp-content\/uploads\/sites\/25\/2024\/05\/WhatsApp-Image-2024-05-23-at-17.28.18-1024x771.jpeg 1024w, https:\/\/portaleducacao.guarulhos.sp.gov.br\/wp_site\/brincar\/wp-content\/uploads\/sites\/25\/2024\/05\/WhatsApp-Image-2024-05-23-at-17.28.18-300x226.jpeg 300w, https:\/\/portaleducacao.guarulhos.sp.gov.br\/wp_site\/brincar\/wp-content\/uploads\/sites\/25\/2024\/05\/WhatsApp-Image-2024-05-23-at-17.28.18-768x578.jpeg 768w, https:\/\/portaleducacao.guarulhos.sp.gov.br\/wp_site\/brincar\/wp-content\/uploads\/sites\/25\/2024\/05\/WhatsApp-Image-2024-05-23-at-17.28.18-1536x1156.jpeg 1536w, https:\/\/portaleducacao.guarulhos.sp.gov.br\/wp_site\/brincar\/wp-content\/uploads\/sites\/25\/2024\/05\/WhatsApp-Image-2024-05-23-at-17.28.18.jpeg 1600w\" sizes=\"(max-width: 1024px) 100vw, 1024px\" \/>\t\t\t\t\t\t\t\t<\/a>\n\t\t\t\t\t\t\t\t\t\t\t\t\t\t\t<\/div>\n\t\t\t\t<\/div>\n\t\t\t\t<div class=\"elementor-element elementor-element-4a537af elementor-widget elementor-widget-heading\" data-id=\"4a537af\" data-element_type=\"widget\" data-widget_type=\"heading.default\">\n\t\t\t\t<div class=\"elementor-widget-container\">\n\t\t\t<h2 class=\"elementor-heading-title elementor-size-default\"><a href=\"https:\/\/portaleducacao.guarulhos.sp.gov.br\/wp_site\/brincar\/brincar-rodar-ritmar\" target=\"_blank\">BrincAR, RodAR, RitmAR\u200b<\/a><\/h2>\t\t<\/div>\n\t\t\t\t<\/div>\n\t\t\t\t<div class=\"elementor-element elementor-element-6cca882 elementor-widget elementor-widget-text-editor\" data-id=\"6cca882\" data-element_type=\"widget\" data-widget_type=\"text-editor.default\">\n\t\t\t\t<div class=\"elementor-widget-container\">\n\t\t\t\t\t\t\t<p>Thalita Wanderley Queiroz Rios<\/p>\t\t\t\t\t\t<\/div>\n\t\t\t\t<\/div>\n\t\t\t\t<\/div>\n\t\t\t\t\t<\/div>\n\t\t\t\t<\/div>\n\t\t\t\t\t\t\t<\/div>\n\t\t","protected":false},"excerpt":{"rendered":"<p>P\u00edlulas do Brincar Imagina\u00e7\u00e3o e cria\u00e7\u00e3o: o brincar e a arte. Angela Dezoti Consiglio Vem brincar Fabiana Lyra Brincar \u00e9 inutil Mariana Leite Cacciatori BrincAR, RodAR, RitmAR\u200b Thalita Wanderley Queiroz &hellip;<\/p>\n<p class=\"read-more\"> <a class=\"\" href=\"https:\/\/portaleducacao.guarulhos.sp.gov.br\/wp_site\/brincar\/pilulas_brincar\/\"> <span class=\"screen-reader-text\">pilulas do brincar<\/span> Leia mais &raquo;<\/a><\/p>\n","protected":false},"author":1,"featured_media":0,"parent":0,"menu_order":0,"comment_status":"closed","ping_status":"closed","template":"","meta":{"_monsterinsights_skip_tracking":false,"_monsterinsights_sitenote_active":false,"_monsterinsights_sitenote_note":"","_monsterinsights_sitenote_category":0,"site-sidebar-layout":"no-sidebar","site-content-layout":"page-builder","ast-global-header-display":"","ast-main-header-display":"","ast-hfb-above-header-display":"","ast-hfb-below-header-display":"","ast-hfb-mobile-header-display":"","site-post-title":"disabled","ast-breadcrumbs-content":"","ast-featured-img":"disabled","footer-sml-layout":"","theme-transparent-header-meta":"","adv-header-id-meta":"","stick-header-meta":"","header-above-stick-meta":"","header-main-stick-meta":"","header-below-stick-meta":"","_expiration-date-status":"","_expiration-date":0,"_expiration-date-type":"","_expiration-date-categories":[],"_expiration-date-options":[]},"categories":[43,44],"tags":[],"yoast_head":"<!-- This site is optimized with the Yoast SEO plugin v19.7.1 - https:\/\/yoast.com\/wordpress\/plugins\/seo\/ -->\r\n<title>pilulas do brincar - Semana Mundial do Brincar 2023<\/title>\r\n<meta name=\"robots\" content=\"index, follow, max-snippet:-1, max-image-preview:large, max-video-preview:-1\" \/>\r\n<link rel=\"canonical\" href=\"https:\/\/portaleducacao.guarulhos.sp.gov.br\/wp_site\/brincar\/pilulas_brincar\/\" \/>\r\n<meta property=\"og:locale\" content=\"pt_BR\" \/>\r\n<meta property=\"og:type\" content=\"article\" \/>\r\n<meta property=\"og:title\" content=\"pilulas do brincar - Semana Mundial do Brincar 2023\" \/>\r\n<meta property=\"og:description\" content=\"P\u00edlulas do Brincar Imagina\u00e7\u00e3o e cria\u00e7\u00e3o: o brincar e a arte. Angela Dezoti Consiglio Vem brincar Fabiana Lyra Brincar \u00e9 inutil Mariana Leite Cacciatori BrincAR, RodAR, RitmAR\u200b Thalita Wanderley Queiroz &hellip; pilulas do brincar Leia mais &raquo;\" \/>\r\n<meta property=\"og:url\" content=\"https:\/\/portaleducacao.guarulhos.sp.gov.br\/wp_site\/brincar\/pilulas_brincar\/\" \/>\r\n<meta property=\"og:site_name\" content=\"Semana Mundial do Brincar 2023\" \/>\r\n<meta property=\"article:modified_time\" content=\"2024-06-19T11:52:34+00:00\" \/>\r\n<meta property=\"og:image\" content=\"http:\/\/portaleducacao.guarulhos.sp.gov.br\/wp_site\/brincar\/wp-content\/uploads\/sites\/25\/2024\/05\/WhatsApp-Image-2024-05-22-at-16.08.25.jpeg\" \/>\r\n<meta name=\"twitter:card\" content=\"summary_large_image\" \/>\r\n<meta name=\"twitter:label1\" content=\"Est. tempo de leitura\" \/>\n\t<meta name=\"twitter:data1\" content=\"1 minuto\" \/>\r\n<script type=\"application\/ld+json\" class=\"yoast-schema-graph\">{\"@context\":\"https:\/\/schema.org\",\"@graph\":[{\"@type\":\"WebPage\",\"@id\":\"https:\/\/portaleducacao.guarulhos.sp.gov.br\/wp_site\/brincar\/pilulas_brincar\/\",\"url\":\"https:\/\/portaleducacao.guarulhos.sp.gov.br\/wp_site\/brincar\/pilulas_brincar\/\",\"name\":\"pilulas do brincar - Semana Mundial do Brincar 2023\",\"isPartOf\":{\"@id\":\"https:\/\/portaleducacao.guarulhos.sp.gov.br\/wp_site\/brincar\/#website\"},\"datePublished\":\"2024-05-27T17:55:30+00:00\",\"dateModified\":\"2024-06-19T11:52:34+00:00\",\"breadcrumb\":{\"@id\":\"https:\/\/portaleducacao.guarulhos.sp.gov.br\/wp_site\/brincar\/pilulas_brincar\/#breadcrumb\"},\"inLanguage\":\"pt-BR\",\"potentialAction\":[{\"@type\":\"ReadAction\",\"target\":[\"https:\/\/portaleducacao.guarulhos.sp.gov.br\/wp_site\/brincar\/pilulas_brincar\/\"]}]},{\"@type\":\"BreadcrumbList\",\"@id\":\"https:\/\/portaleducacao.guarulhos.sp.gov.br\/wp_site\/brincar\/pilulas_brincar\/#breadcrumb\",\"itemListElement\":[{\"@type\":\"ListItem\",\"position\":1,\"name\":\"In\u00edcio\",\"item\":\"https:\/\/portaleducacao.guarulhos.sp.gov.br\/wp_site\/brincar\/\"},{\"@type\":\"ListItem\",\"position\":2,\"name\":\"pilulas do brincar\"}]},{\"@type\":\"WebSite\",\"@id\":\"https:\/\/portaleducacao.guarulhos.sp.gov.br\/wp_site\/brincar\/#website\",\"url\":\"https:\/\/portaleducacao.guarulhos.sp.gov.br\/wp_site\/brincar\/\",\"name\":\"Semana Mundial do Brincar 2023\",\"description\":\"Semana Mundial do Brincar 2023\",\"potentialAction\":[{\"@type\":\"SearchAction\",\"target\":{\"@type\":\"EntryPoint\",\"urlTemplate\":\"https:\/\/portaleducacao.guarulhos.sp.gov.br\/wp_site\/brincar\/?s={search_term_string}\"},\"query-input\":\"required name=search_term_string\"}],\"inLanguage\":\"pt-BR\"}]}<\/script>\r\n<!-- \/ Yoast SEO plugin. -->","yoast_head_json":{"title":"pilulas do brincar - Semana Mundial do Brincar 2023","robots":{"index":"index","follow":"follow","max-snippet":"max-snippet:-1","max-image-preview":"max-image-preview:large","max-video-preview":"max-video-preview:-1"},"canonical":"https:\/\/portaleducacao.guarulhos.sp.gov.br\/wp_site\/brincar\/pilulas_brincar\/","og_locale":"pt_BR","og_type":"article","og_title":"pilulas do brincar - Semana Mundial do Brincar 2023","og_description":"P\u00edlulas do Brincar Imagina\u00e7\u00e3o e cria\u00e7\u00e3o: o brincar e a arte. Angela Dezoti Consiglio Vem brincar Fabiana Lyra Brincar \u00e9 inutil Mariana Leite Cacciatori BrincAR, RodAR, RitmAR\u200b Thalita Wanderley Queiroz &hellip; pilulas do brincar Leia mais &raquo;","og_url":"https:\/\/portaleducacao.guarulhos.sp.gov.br\/wp_site\/brincar\/pilulas_brincar\/","og_site_name":"Semana Mundial do Brincar 2023","article_modified_time":"2024-06-19T11:52:34+00:00","og_image":[{"url":"http:\/\/portaleducacao.guarulhos.sp.gov.br\/wp_site\/brincar\/wp-content\/uploads\/sites\/25\/2024\/05\/WhatsApp-Image-2024-05-22-at-16.08.25.jpeg"}],"twitter_card":"summary_large_image","twitter_misc":{"Est. tempo de leitura":"1 minuto"},"schema":{"@context":"https:\/\/schema.org","@graph":[{"@type":"WebPage","@id":"https:\/\/portaleducacao.guarulhos.sp.gov.br\/wp_site\/brincar\/pilulas_brincar\/","url":"https:\/\/portaleducacao.guarulhos.sp.gov.br\/wp_site\/brincar\/pilulas_brincar\/","name":"pilulas do brincar - Semana Mundial do Brincar 2023","isPartOf":{"@id":"https:\/\/portaleducacao.guarulhos.sp.gov.br\/wp_site\/brincar\/#website"},"datePublished":"2024-05-27T17:55:30+00:00","dateModified":"2024-06-19T11:52:34+00:00","breadcrumb":{"@id":"https:\/\/portaleducacao.guarulhos.sp.gov.br\/wp_site\/brincar\/pilulas_brincar\/#breadcrumb"},"inLanguage":"pt-BR","potentialAction":[{"@type":"ReadAction","target":["https:\/\/portaleducacao.guarulhos.sp.gov.br\/wp_site\/brincar\/pilulas_brincar\/"]}]},{"@type":"BreadcrumbList","@id":"https:\/\/portaleducacao.guarulhos.sp.gov.br\/wp_site\/brincar\/pilulas_brincar\/#breadcrumb","itemListElement":[{"@type":"ListItem","position":1,"name":"In\u00edcio","item":"https:\/\/portaleducacao.guarulhos.sp.gov.br\/wp_site\/brincar\/"},{"@type":"ListItem","position":2,"name":"pilulas do brincar"}]},{"@type":"WebSite","@id":"https:\/\/portaleducacao.guarulhos.sp.gov.br\/wp_site\/brincar\/#website","url":"https:\/\/portaleducacao.guarulhos.sp.gov.br\/wp_site\/brincar\/","name":"Semana Mundial do Brincar 2023","description":"Semana Mundial do Brincar 2023","potentialAction":[{"@type":"SearchAction","target":{"@type":"EntryPoint","urlTemplate":"https:\/\/portaleducacao.guarulhos.sp.gov.br\/wp_site\/brincar\/?s={search_term_string}"},"query-input":"required name=search_term_string"}],"inLanguage":"pt-BR"}]}},"_links":{"self":[{"href":"https:\/\/portaleducacao.guarulhos.sp.gov.br\/wp_site\/brincar\/wp-json\/wp\/v2\/pages\/1713"}],"collection":[{"href":"https:\/\/portaleducacao.guarulhos.sp.gov.br\/wp_site\/brincar\/wp-json\/wp\/v2\/pages"}],"about":[{"href":"https:\/\/portaleducacao.guarulhos.sp.gov.br\/wp_site\/brincar\/wp-json\/wp\/v2\/types\/page"}],"author":[{"embeddable":true,"href":"https:\/\/portaleducacao.guarulhos.sp.gov.br\/wp_site\/brincar\/wp-json\/wp\/v2\/users\/1"}],"replies":[{"embeddable":true,"href":"https:\/\/portaleducacao.guarulhos.sp.gov.br\/wp_site\/brincar\/wp-json\/wp\/v2\/comments?post=1713"}],"version-history":[{"count":40,"href":"https:\/\/portaleducacao.guarulhos.sp.gov.br\/wp_site\/brincar\/wp-json\/wp\/v2\/pages\/1713\/revisions"}],"predecessor-version":[{"id":2199,"href":"https:\/\/portaleducacao.guarulhos.sp.gov.br\/wp_site\/brincar\/wp-json\/wp\/v2\/pages\/1713\/revisions\/2199"}],"wp:attachment":[{"href":"https:\/\/portaleducacao.guarulhos.sp.gov.br\/wp_site\/brincar\/wp-json\/wp\/v2\/media?parent=1713"}],"wp:term":[{"taxonomy":"category","embeddable":true,"href":"https:\/\/portaleducacao.guarulhos.sp.gov.br\/wp_site\/brincar\/wp-json\/wp\/v2\/categories?post=1713"},{"taxonomy":"post_tag","embeddable":true,"href":"https:\/\/portaleducacao.guarulhos.sp.gov.br\/wp_site\/brincar\/wp-json\/wp\/v2\/tags?post=1713"}],"curies":[{"name":"wp","href":"https:\/\/api.w.org\/{rel}","templated":true}]}}