{"id":1774,"date":"2024-05-28T11:20:15","date_gmt":"2024-05-28T14:20:15","guid":{"rendered":"https:\/\/portaleducacao.guarulhos.sp.gov.br\/wp_site\/brincar\/?page_id=1774"},"modified":"2024-05-28T11:35:03","modified_gmt":"2024-05-28T14:35:03","slug":"brincar_inutil","status":"publish","type":"page","link":"https:\/\/portaleducacao.guarulhos.sp.gov.br\/wp_site\/brincar\/brincar_inutil\/","title":{"rendered":"Brincar \u00e9 In\u00fatil"},"content":{"rendered":"\t\t<div data-elementor-type=\"wp-page\" data-elementor-id=\"1774\" class=\"elementor elementor-1774\">\n\t\t\t\t\t\t\t<div class=\"elementor-element elementor-element-72467b8 e-con-boxed e-con\" data-id=\"72467b8\" data-element_type=\"container\" data-settings=\"{&quot;content_width&quot;:&quot;boxed&quot;}\">\n\t\t\t\t\t<div class=\"e-con-inner\">\n\t\t\t\t<div class=\"elementor-element elementor-element-85bd141 elementor-widget elementor-widget-heading\" data-id=\"85bd141\" data-element_type=\"widget\" data-widget_type=\"heading.default\">\n\t\t\t\t<div class=\"elementor-widget-container\">\n\t\t\t<style>\/*! elementor - v3.12.1 - 02-04-2023 *\/\n.elementor-heading-title{padding:0;margin:0;line-height:1}.elementor-widget-heading .elementor-heading-title[class*=elementor-size-]>a{color:inherit;font-size:inherit;line-height:inherit}.elementor-widget-heading .elementor-heading-title.elementor-size-small{font-size:15px}.elementor-widget-heading .elementor-heading-title.elementor-size-medium{font-size:19px}.elementor-widget-heading .elementor-heading-title.elementor-size-large{font-size:29px}.elementor-widget-heading .elementor-heading-title.elementor-size-xl{font-size:39px}.elementor-widget-heading .elementor-heading-title.elementor-size-xxl{font-size:59px}<\/style><h2 class=\"elementor-heading-title elementor-size-default\">Brincar \u00e9 inutil <\/h2>\t\t<\/div>\n\t\t\t\t<\/div>\n\t\t\t\t<div class=\"elementor-element elementor-element-f0881dd elementor-widget elementor-widget-text-editor\" data-id=\"f0881dd\" data-element_type=\"widget\" data-widget_type=\"text-editor.default\">\n\t\t\t\t<div class=\"elementor-widget-container\">\n\t\t\t<style>\/*! elementor - v3.12.1 - 02-04-2023 *\/\n.elementor-widget-text-editor.elementor-drop-cap-view-stacked .elementor-drop-cap{background-color:#69727d;color:#fff}.elementor-widget-text-editor.elementor-drop-cap-view-framed .elementor-drop-cap{color:#69727d;border:3px solid;background-color:transparent}.elementor-widget-text-editor:not(.elementor-drop-cap-view-default) .elementor-drop-cap{margin-top:8px}.elementor-widget-text-editor:not(.elementor-drop-cap-view-default) .elementor-drop-cap-letter{width:1em;height:1em}.elementor-widget-text-editor .elementor-drop-cap{float:left;text-align:center;line-height:1;font-size:50px}.elementor-widget-text-editor .elementor-drop-cap-letter{display:inline-block}<\/style>\t\t\t\t<p>Mariana Leite Cacciatori &#8211; Professora na EPG Professor Milton Luiz Ziller <\/p>\t\t\t\t\t\t<\/div>\n\t\t\t\t<\/div>\n\t\t\t\t\t<\/div>\n\t\t\t\t<\/div>\n\t\t<div class=\"elementor-element elementor-element-5aeebc8 e-con-boxed e-con\" data-id=\"5aeebc8\" data-element_type=\"container\" data-settings=\"{&quot;content_width&quot;:&quot;boxed&quot;}\">\n\t\t\t\t\t<div class=\"e-con-inner\">\n\t\t\t\t<div class=\"elementor-element elementor-element-02f6e8f elementor-widget elementor-widget-text-editor\" data-id=\"02f6e8f\" data-element_type=\"widget\" data-widget_type=\"text-editor.default\">\n\t\t\t\t<div class=\"elementor-widget-container\">\n\t\t\t\t\t\t\t<p>\u201cA racionalidade capitalista, impregnada nas inst\u00e2ncias e pr\u00e1ticas educativas das institui\u00e7\u00f5es, despreza por completo o tempo dos homens; o tempo social, qualitativo; tempo subjetivo e agente de cria\u00e7\u00e3o, hist\u00f3ria e cultura; tempo total, integral, simult\u00e2neo, passado, presente\/futuro fundidos em instantes de plenitude; tempo de repeti\u00e7\u00e3o criativa dos jogos infantis, tempo de lentid\u00e3o, da contempla\u00e7\u00e3o; tempo da forma\u00e7\u00e3o humana e n\u00e3o um tempo para adapta\u00e7\u00e3o passiva dos indiv\u00edduos \u00e0 perpetua\u00e7\u00e3o do capital.\u201d<\/p><p>(SILVA, in ARROYO, M.G. e SILVA, M.R., 2018, p.230)<\/p>\t\t\t\t\t\t<\/div>\n\t\t\t\t<\/div>\n\t\t\t\t<div class=\"elementor-element elementor-element-b5a341f elementor-widget elementor-widget-text-editor\" data-id=\"b5a341f\" data-element_type=\"widget\" data-widget_type=\"text-editor.default\">\n\t\t\t\t<div class=\"elementor-widget-container\">\n\t\t\t\t\t\t\t<p>Inicio esse texto com uma reflex\u00e3o, para que serve o brincar? \nE logo vem \u00e0 mente uma s\u00e9rie de explica\u00e7\u00f5es sobre como as crian\u00e7as aprendem brincando.\nEnt\u00e3o brincar serve para aprender? Para assimilar conte\u00fados?\nA educa\u00e7\u00e3o infantil historicamente descredibilizada, ao passo que ganha import\u00e2ncia nas \u00faltimas d\u00e9cadas, se torna tamb\u00e9m ref\u00e9m desta mesma notoriedade.\nEnt\u00e3o, ir para a escola \u201csomente\u201d para brincar, parece pouco e nada razo\u00e1vel. Precisamos talvez justificar esse brincar. \u201cBrincar disso, para aprender aquilo.\u201d E assim, esse brincar vai ganhando finalidades espec\u00edficas, como aprender cores, numerais, formas geom\u00e9tricas, etc.\nE com isso questiono: com quais compromissos ou documentos as crian\u00e7as est\u00e3o seriamente comprometidas que seu tempo na escola precisa ser otimizado?\nCom nenhum. A crian\u00e7a est\u00e1 comprometida com a confec\u00e7\u00e3o do seu bolinho de areia, em encontrar pedrinhas e folhinhas, em ser super her\u00f3i, em se esconder ou correr mais r\u00e1pido.\nTudo isso, agora. \nAqui n\u00e3o pretendo negar a import\u00e2ncia da escola para perpetuar os saberes humanos, entretanto \u00e9 necess\u00e1rio estar atento para que tais saberes n\u00e3o se sobreponham \u00e0(s) inf\u00e2ncia(s), \u00e0s suas urg\u00eancias, bonitezas e po\u00e9ticas.\nBrincar na escola para sobreviver. Para sonhar. Primordialmente.\n\u00c9 neste momento da vida, e talvez somente neste, que os indiv\u00edduos possam desfrutar do t\u00e3o estimado, e cada vez mais raro, tempo.\nComo cantou Caetano Veloso em Ora\u00e7\u00e3o ao Tempo:\n<\/p>\t\t\t\t\t\t<\/div>\n\t\t\t\t<\/div>\n\t\t\t\t<div class=\"elementor-element elementor-element-54b0ec1 elementor-widget elementor-widget-text-editor\" data-id=\"54b0ec1\" data-element_type=\"widget\" data-widget_type=\"text-editor.default\">\n\t\t\t\t<div class=\"elementor-widget-container\">\n\t\t\t\t\t\t\t<p>\u201cAinda assim acredito<br>\nser poss\u00edvel reunirmo-nos<br>\nTempo, tempo, tempo, tempo<br>\nNum outro n\u00edvel de v\u00ednculo.\u201d<\/p>\t\t\t\t\t\t<\/div>\n\t\t\t\t<\/div>\n\t\t\t\t<div class=\"elementor-element elementor-element-96d9858 elementor-widget elementor-widget-text-editor\" data-id=\"96d9858\" data-element_type=\"widget\" data-widget_type=\"text-editor.default\">\n\t\t\t\t<div class=\"elementor-widget-container\">\n\t\t\t\t\t\t\t<p>Disse-me tamb\u00e9m Pyetro, ao entrar no parque, tirar sapatos e camiseta e deitar na grama:\n\u201cAinda bem que a gente tem tempo, n\u00e9?\u201d\nO menino que contemplava o c\u00e9u, possivelmente nem imaginou que seu gesto seria t\u00e3o significante \u00e0 esta educadora, que sentiu ali uma tremenda satisfa\u00e7\u00e3o, pois teve sempre como posicionamento a defesa do brincar livre. Ali estava a justificativa (ou uma delas) que eu tanto j\u00e1 havia buscado.\n<\/p>\t\t\t\t\t\t<\/div>\n\t\t\t\t<\/div>\n\t\t\t\t<div class=\"elementor-element elementor-element-cfee14b elementor-widget elementor-widget-image\" data-id=\"cfee14b\" data-element_type=\"widget\" data-widget_type=\"image.default\">\n\t\t\t\t<div class=\"elementor-widget-container\">\n\t\t\t<style>\/*! elementor - v3.12.1 - 02-04-2023 *\/\n.elementor-widget-image{text-align:center}.elementor-widget-image a{display:inline-block}.elementor-widget-image a img[src$=\".svg\"]{width:48px}.elementor-widget-image img{vertical-align:middle;display:inline-block}<\/style>\t\t\t\t\t\t\t\t\t\t\t\t<img width=\"720\" height=\"521\" src=\"https:\/\/portaleducacao.guarulhos.sp.gov.br\/wp_site\/brincar\/wp-content\/uploads\/sites\/25\/2024\/05\/Para-o-texto-da-Mariana.png\" class=\"attachment-large size-large wp-image-1735\" alt=\"\" loading=\"lazy\" srcset=\"https:\/\/portaleducacao.guarulhos.sp.gov.br\/wp_site\/brincar\/wp-content\/uploads\/sites\/25\/2024\/05\/Para-o-texto-da-Mariana.png 720w, https:\/\/portaleducacao.guarulhos.sp.gov.br\/wp_site\/brincar\/wp-content\/uploads\/sites\/25\/2024\/05\/Para-o-texto-da-Mariana-300x217.png 300w\" sizes=\"(max-width: 720px) 100vw, 720px\" \/>\t\t\t\t\t\t\t\t\t\t\t\t\t\t\t<\/div>\n\t\t\t\t<\/div>\n\t\t\t\t\t<\/div>\n\t\t\t\t<\/div>\n\t\t\t\t\t\t\t<\/div>\n\t\t","protected":false},"excerpt":{"rendered":"<p>Brincar \u00e9 inutil Mariana Leite Cacciatori &#8211; Professora na EPG Professor Milton Luiz Ziller \u201cA racionalidade capitalista, impregnada nas inst\u00e2ncias e pr\u00e1ticas educativas das institui\u00e7\u00f5es, despreza por completo o tempo &hellip;<\/p>\n<p class=\"read-more\"> <a class=\"\" href=\"https:\/\/portaleducacao.guarulhos.sp.gov.br\/wp_site\/brincar\/brincar_inutil\/\"> <span class=\"screen-reader-text\">Brincar \u00e9 In\u00fatil<\/span> Leia mais &raquo;<\/a><\/p>\n","protected":false},"author":1,"featured_media":0,"parent":0,"menu_order":0,"comment_status":"closed","ping_status":"closed","template":"","meta":{"_monsterinsights_skip_tracking":false,"_monsterinsights_sitenote_active":false,"_monsterinsights_sitenote_note":"","_monsterinsights_sitenote_category":0,"site-sidebar-layout":"no-sidebar","site-content-layout":"page-builder","ast-global-header-display":"","ast-main-header-display":"","ast-hfb-above-header-display":"","ast-hfb-below-header-display":"","ast-hfb-mobile-header-display":"","site-post-title":"disabled","ast-breadcrumbs-content":"","ast-featured-img":"disabled","footer-sml-layout":"","theme-transparent-header-meta":"","adv-header-id-meta":"","stick-header-meta":"","header-above-stick-meta":"","header-main-stick-meta":"","header-below-stick-meta":"","_expiration-date-status":"","_expiration-date":0,"_expiration-date-type":"","_expiration-date-categories":[],"_expiration-date-options":[]},"categories":[43,44],"tags":[],"yoast_head":"<!-- This site is optimized with the Yoast SEO plugin v19.7.1 - https:\/\/yoast.com\/wordpress\/plugins\/seo\/ -->\r\n<title>Brincar \u00e9 In\u00fatil - Semana Mundial do Brincar 2023<\/title>\r\n<meta name=\"robots\" content=\"index, follow, max-snippet:-1, max-image-preview:large, max-video-preview:-1\" \/>\r\n<link rel=\"canonical\" href=\"https:\/\/portaleducacao.guarulhos.sp.gov.br\/wp_site\/brincar\/brincar_inutil\/\" \/>\r\n<meta property=\"og:locale\" content=\"pt_BR\" \/>\r\n<meta property=\"og:type\" content=\"article\" \/>\r\n<meta property=\"og:title\" content=\"Brincar \u00e9 In\u00fatil - Semana Mundial do Brincar 2023\" \/>\r\n<meta property=\"og:description\" content=\"Brincar \u00e9 inutil Mariana Leite Cacciatori &#8211; Professora na EPG Professor Milton Luiz Ziller \u201cA racionalidade capitalista, impregnada nas inst\u00e2ncias e pr\u00e1ticas educativas das institui\u00e7\u00f5es, despreza por completo o tempo &hellip; Brincar \u00e9 In\u00fatil Leia mais &raquo;\" \/>\r\n<meta property=\"og:url\" content=\"https:\/\/portaleducacao.guarulhos.sp.gov.br\/wp_site\/brincar\/brincar_inutil\/\" \/>\r\n<meta property=\"og:site_name\" content=\"Semana Mundial do Brincar 2023\" \/>\r\n<meta property=\"article:modified_time\" content=\"2024-05-28T14:35:03+00:00\" \/>\r\n<meta property=\"og:image\" content=\"http:\/\/portaleducacao.guarulhos.sp.gov.br\/wp_site\/brincar\/wp-content\/uploads\/sites\/25\/2024\/05\/Para-o-texto-da-Mariana.png\" \/>\r\n<meta name=\"twitter:card\" content=\"summary_large_image\" \/>\r\n<meta name=\"twitter:label1\" content=\"Est. tempo de leitura\" \/>\n\t<meta name=\"twitter:data1\" content=\"3 minutos\" \/>\r\n<script type=\"application\/ld+json\" class=\"yoast-schema-graph\">{\"@context\":\"https:\/\/schema.org\",\"@graph\":[{\"@type\":\"WebPage\",\"@id\":\"https:\/\/portaleducacao.guarulhos.sp.gov.br\/wp_site\/brincar\/brincar_inutil\/\",\"url\":\"https:\/\/portaleducacao.guarulhos.sp.gov.br\/wp_site\/brincar\/brincar_inutil\/\",\"name\":\"Brincar \u00e9 In\u00fatil - Semana Mundial do Brincar 2023\",\"isPartOf\":{\"@id\":\"https:\/\/portaleducacao.guarulhos.sp.gov.br\/wp_site\/brincar\/#website\"},\"datePublished\":\"2024-05-28T14:20:15+00:00\",\"dateModified\":\"2024-05-28T14:35:03+00:00\",\"breadcrumb\":{\"@id\":\"https:\/\/portaleducacao.guarulhos.sp.gov.br\/wp_site\/brincar\/brincar_inutil\/#breadcrumb\"},\"inLanguage\":\"pt-BR\",\"potentialAction\":[{\"@type\":\"ReadAction\",\"target\":[\"https:\/\/portaleducacao.guarulhos.sp.gov.br\/wp_site\/brincar\/brincar_inutil\/\"]}]},{\"@type\":\"BreadcrumbList\",\"@id\":\"https:\/\/portaleducacao.guarulhos.sp.gov.br\/wp_site\/brincar\/brincar_inutil\/#breadcrumb\",\"itemListElement\":[{\"@type\":\"ListItem\",\"position\":1,\"name\":\"In\u00edcio\",\"item\":\"https:\/\/portaleducacao.guarulhos.sp.gov.br\/wp_site\/brincar\/\"},{\"@type\":\"ListItem\",\"position\":2,\"name\":\"Brincar \u00e9 In\u00fatil\"}]},{\"@type\":\"WebSite\",\"@id\":\"https:\/\/portaleducacao.guarulhos.sp.gov.br\/wp_site\/brincar\/#website\",\"url\":\"https:\/\/portaleducacao.guarulhos.sp.gov.br\/wp_site\/brincar\/\",\"name\":\"Semana Mundial do Brincar 2023\",\"description\":\"Semana Mundial do Brincar 2023\",\"potentialAction\":[{\"@type\":\"SearchAction\",\"target\":{\"@type\":\"EntryPoint\",\"urlTemplate\":\"https:\/\/portaleducacao.guarulhos.sp.gov.br\/wp_site\/brincar\/?s={search_term_string}\"},\"query-input\":\"required name=search_term_string\"}],\"inLanguage\":\"pt-BR\"}]}<\/script>\r\n<!-- \/ Yoast SEO plugin. -->","yoast_head_json":{"title":"Brincar \u00e9 In\u00fatil - Semana Mundial do Brincar 2023","robots":{"index":"index","follow":"follow","max-snippet":"max-snippet:-1","max-image-preview":"max-image-preview:large","max-video-preview":"max-video-preview:-1"},"canonical":"https:\/\/portaleducacao.guarulhos.sp.gov.br\/wp_site\/brincar\/brincar_inutil\/","og_locale":"pt_BR","og_type":"article","og_title":"Brincar \u00e9 In\u00fatil - Semana Mundial do Brincar 2023","og_description":"Brincar \u00e9 inutil Mariana Leite Cacciatori &#8211; Professora na EPG Professor Milton Luiz Ziller \u201cA racionalidade capitalista, impregnada nas inst\u00e2ncias e pr\u00e1ticas educativas das institui\u00e7\u00f5es, despreza por completo o tempo &hellip; Brincar \u00e9 In\u00fatil Leia mais &raquo;","og_url":"https:\/\/portaleducacao.guarulhos.sp.gov.br\/wp_site\/brincar\/brincar_inutil\/","og_site_name":"Semana Mundial do Brincar 2023","article_modified_time":"2024-05-28T14:35:03+00:00","og_image":[{"url":"http:\/\/portaleducacao.guarulhos.sp.gov.br\/wp_site\/brincar\/wp-content\/uploads\/sites\/25\/2024\/05\/Para-o-texto-da-Mariana.png"}],"twitter_card":"summary_large_image","twitter_misc":{"Est. tempo de leitura":"3 minutos"},"schema":{"@context":"https:\/\/schema.org","@graph":[{"@type":"WebPage","@id":"https:\/\/portaleducacao.guarulhos.sp.gov.br\/wp_site\/brincar\/brincar_inutil\/","url":"https:\/\/portaleducacao.guarulhos.sp.gov.br\/wp_site\/brincar\/brincar_inutil\/","name":"Brincar \u00e9 In\u00fatil - Semana Mundial do Brincar 2023","isPartOf":{"@id":"https:\/\/portaleducacao.guarulhos.sp.gov.br\/wp_site\/brincar\/#website"},"datePublished":"2024-05-28T14:20:15+00:00","dateModified":"2024-05-28T14:35:03+00:00","breadcrumb":{"@id":"https:\/\/portaleducacao.guarulhos.sp.gov.br\/wp_site\/brincar\/brincar_inutil\/#breadcrumb"},"inLanguage":"pt-BR","potentialAction":[{"@type":"ReadAction","target":["https:\/\/portaleducacao.guarulhos.sp.gov.br\/wp_site\/brincar\/brincar_inutil\/"]}]},{"@type":"BreadcrumbList","@id":"https:\/\/portaleducacao.guarulhos.sp.gov.br\/wp_site\/brincar\/brincar_inutil\/#breadcrumb","itemListElement":[{"@type":"ListItem","position":1,"name":"In\u00edcio","item":"https:\/\/portaleducacao.guarulhos.sp.gov.br\/wp_site\/brincar\/"},{"@type":"ListItem","position":2,"name":"Brincar \u00e9 In\u00fatil"}]},{"@type":"WebSite","@id":"https:\/\/portaleducacao.guarulhos.sp.gov.br\/wp_site\/brincar\/#website","url":"https:\/\/portaleducacao.guarulhos.sp.gov.br\/wp_site\/brincar\/","name":"Semana Mundial do Brincar 2023","description":"Semana Mundial do Brincar 2023","potentialAction":[{"@type":"SearchAction","target":{"@type":"EntryPoint","urlTemplate":"https:\/\/portaleducacao.guarulhos.sp.gov.br\/wp_site\/brincar\/?s={search_term_string}"},"query-input":"required name=search_term_string"}],"inLanguage":"pt-BR"}]}},"_links":{"self":[{"href":"https:\/\/portaleducacao.guarulhos.sp.gov.br\/wp_site\/brincar\/wp-json\/wp\/v2\/pages\/1774"}],"collection":[{"href":"https:\/\/portaleducacao.guarulhos.sp.gov.br\/wp_site\/brincar\/wp-json\/wp\/v2\/pages"}],"about":[{"href":"https:\/\/portaleducacao.guarulhos.sp.gov.br\/wp_site\/brincar\/wp-json\/wp\/v2\/types\/page"}],"author":[{"embeddable":true,"href":"https:\/\/portaleducacao.guarulhos.sp.gov.br\/wp_site\/brincar\/wp-json\/wp\/v2\/users\/1"}],"replies":[{"embeddable":true,"href":"https:\/\/portaleducacao.guarulhos.sp.gov.br\/wp_site\/brincar\/wp-json\/wp\/v2\/comments?post=1774"}],"version-history":[{"count":4,"href":"https:\/\/portaleducacao.guarulhos.sp.gov.br\/wp_site\/brincar\/wp-json\/wp\/v2\/pages\/1774\/revisions"}],"predecessor-version":[{"id":1779,"href":"https:\/\/portaleducacao.guarulhos.sp.gov.br\/wp_site\/brincar\/wp-json\/wp\/v2\/pages\/1774\/revisions\/1779"}],"wp:attachment":[{"href":"https:\/\/portaleducacao.guarulhos.sp.gov.br\/wp_site\/brincar\/wp-json\/wp\/v2\/media?parent=1774"}],"wp:term":[{"taxonomy":"category","embeddable":true,"href":"https:\/\/portaleducacao.guarulhos.sp.gov.br\/wp_site\/brincar\/wp-json\/wp\/v2\/categories?post=1774"},{"taxonomy":"post_tag","embeddable":true,"href":"https:\/\/portaleducacao.guarulhos.sp.gov.br\/wp_site\/brincar\/wp-json\/wp\/v2\/tags?post=1774"}],"curies":[{"name":"wp","href":"https:\/\/api.w.org\/{rel}","templated":true}]}}