{"id":1833,"date":"2024-05-29T10:47:08","date_gmt":"2024-05-29T13:47:08","guid":{"rendered":"https:\/\/portaleducacao.guarulhos.sp.gov.br\/wp_site\/brincar\/?page_id=1833"},"modified":"2024-05-29T10:57:34","modified_gmt":"2024-05-29T13:57:34","slug":"experiencias-brincantes","status":"publish","type":"page","link":"https:\/\/portaleducacao.guarulhos.sp.gov.br\/wp_site\/brincar\/experiencias-brincantes\/","title":{"rendered":"Experi\u00eancias Brincantes"},"content":{"rendered":"\t\t<div data-elementor-type=\"wp-page\" data-elementor-id=\"1833\" class=\"elementor elementor-1833\">\n\t\t\t\t\t\t\t<div class=\"elementor-element elementor-element-415844d e-con-boxed e-con\" data-id=\"415844d\" data-element_type=\"container\" data-settings=\"{&quot;content_width&quot;:&quot;boxed&quot;}\">\n\t\t\t\t\t<div class=\"e-con-inner\">\n\t\t<div class=\"elementor-element elementor-element-4671a10 e-con-boxed e-con\" data-id=\"4671a10\" data-element_type=\"container\" data-settings=\"{&quot;content_width&quot;:&quot;boxed&quot;}\">\n\t\t\t\t\t<div class=\"e-con-inner\">\n\t\t\t\t<div class=\"elementor-element elementor-element-3b3e5c7 elementor-widget elementor-widget-heading\" data-id=\"3b3e5c7\" data-element_type=\"widget\" data-widget_type=\"heading.default\">\n\t\t\t\t<div class=\"elementor-widget-container\">\n\t\t\t<style>\/*! elementor - v3.12.1 - 02-04-2023 *\/\n.elementor-heading-title{padding:0;margin:0;line-height:1}.elementor-widget-heading .elementor-heading-title[class*=elementor-size-]>a{color:inherit;font-size:inherit;line-height:inherit}.elementor-widget-heading .elementor-heading-title.elementor-size-small{font-size:15px}.elementor-widget-heading .elementor-heading-title.elementor-size-medium{font-size:19px}.elementor-widget-heading .elementor-heading-title.elementor-size-large{font-size:29px}.elementor-widget-heading .elementor-heading-title.elementor-size-xl{font-size:39px}.elementor-widget-heading .elementor-heading-title.elementor-size-xxl{font-size:59px}<\/style><h1 class=\"elementor-heading-title elementor-size-default\">Experi\u00eancias Brincantes<\/h1>\t\t<\/div>\n\t\t\t\t<\/div>\n\t\t\t\t<div class=\"elementor-element elementor-element-501a29a elementor-widget elementor-widget-text-editor\" data-id=\"501a29a\" data-element_type=\"widget\" data-widget_type=\"text-editor.default\">\n\t\t\t\t<div class=\"elementor-widget-container\">\n\t\t\t<style>\/*! elementor - v3.12.1 - 02-04-2023 *\/\n.elementor-widget-text-editor.elementor-drop-cap-view-stacked .elementor-drop-cap{background-color:#69727d;color:#fff}.elementor-widget-text-editor.elementor-drop-cap-view-framed .elementor-drop-cap{color:#69727d;border:3px solid;background-color:transparent}.elementor-widget-text-editor:not(.elementor-drop-cap-view-default) .elementor-drop-cap{margin-top:8px}.elementor-widget-text-editor:not(.elementor-drop-cap-view-default) .elementor-drop-cap-letter{width:1em;height:1em}.elementor-widget-text-editor .elementor-drop-cap{float:left;text-align:center;line-height:1;font-size:50px}.elementor-widget-text-editor .elementor-drop-cap-letter{display:inline-block}<\/style>\t\t\t\t<div><p>Clique para assistir os v\u00eddeos que preparamos para voc\u00ea!<\/p><\/div>\t\t\t\t\t\t<\/div>\n\t\t\t\t<\/div>\n\t\t\t\t\t<\/div>\n\t\t\t\t<\/div>\n\t\t\t\t\t<\/div>\n\t\t\t\t<\/div>\n\t\t<div class=\"elementor-element elementor-element-7ee4a60 e-con-boxed e-con\" data-id=\"7ee4a60\" data-element_type=\"container\" data-settings=\"{&quot;content_width&quot;:&quot;boxed&quot;}\">\n\t\t\t\t\t<div class=\"e-con-inner\">\n\t\t<div class=\"elementor-element elementor-element-2b45f0d e-con-full e-con\" data-id=\"2b45f0d\" data-element_type=\"container\" data-settings=\"{&quot;content_width&quot;:&quot;full&quot;}\">\n\t\t\t\t<div class=\"elementor-element elementor-element-a4cac54 elementor-widget elementor-widget-image\" data-id=\"a4cac54\" data-element_type=\"widget\" data-widget_type=\"image.default\">\n\t\t\t\t<div class=\"elementor-widget-container\">\n\t\t\t<style>\/*! elementor - v3.12.1 - 02-04-2023 *\/\n.elementor-widget-image{text-align:center}.elementor-widget-image a{display:inline-block}.elementor-widget-image a img[src$=\".svg\"]{width:48px}.elementor-widget-image img{vertical-align:middle;display:inline-block}<\/style>\t\t\t\t\t\t\t\t\t\t\t\t\t<a href=\"https:\/\/youtu.be\/zGn_xLAFsXk\" target=\"_blank\">\n\t\t\t\t\t\t\t<img width=\"1024\" height=\"577\" src=\"https:\/\/portaleducacao.guarulhos.sp.gov.br\/wp_site\/brincar\/wp-content\/uploads\/sites\/25\/2024\/05\/WhatsApp-Image-2024-05-29-at-10.50.32-1-1024x577.jpeg\" class=\"attachment-large size-large wp-image-1837\" alt=\"\" loading=\"lazy\" srcset=\"https:\/\/portaleducacao.guarulhos.sp.gov.br\/wp_site\/brincar\/wp-content\/uploads\/sites\/25\/2024\/05\/WhatsApp-Image-2024-05-29-at-10.50.32-1-1024x577.jpeg 1024w, https:\/\/portaleducacao.guarulhos.sp.gov.br\/wp_site\/brincar\/wp-content\/uploads\/sites\/25\/2024\/05\/WhatsApp-Image-2024-05-29-at-10.50.32-1-300x169.jpeg 300w, https:\/\/portaleducacao.guarulhos.sp.gov.br\/wp_site\/brincar\/wp-content\/uploads\/sites\/25\/2024\/05\/WhatsApp-Image-2024-05-29-at-10.50.32-1-768x433.jpeg 768w, https:\/\/portaleducacao.guarulhos.sp.gov.br\/wp_site\/brincar\/wp-content\/uploads\/sites\/25\/2024\/05\/WhatsApp-Image-2024-05-29-at-10.50.32-1-1536x866.jpeg 1536w, https:\/\/portaleducacao.guarulhos.sp.gov.br\/wp_site\/brincar\/wp-content\/uploads\/sites\/25\/2024\/05\/WhatsApp-Image-2024-05-29-at-10.50.32-1.jpeg 1600w\" sizes=\"(max-width: 1024px) 100vw, 1024px\" \/>\t\t\t\t\t\t\t\t<\/a>\n\t\t\t\t\t\t\t\t\t\t\t\t\t\t\t<\/div>\n\t\t\t\t<\/div>\n\t\t\t\t<\/div>\n\t\t<div class=\"elementor-element elementor-element-9a074f9 e-con-full e-con\" data-id=\"9a074f9\" data-element_type=\"container\" data-settings=\"{&quot;content_width&quot;:&quot;full&quot;}\">\n\t\t\t\t<div class=\"elementor-element elementor-element-04b5d80 elementor-widget elementor-widget-image\" data-id=\"04b5d80\" data-element_type=\"widget\" data-widget_type=\"image.default\">\n\t\t\t\t<div class=\"elementor-widget-container\">\n\t\t\t\t\t\t\t\t\t\t\t\t\t\t\t\t<a href=\"https:\/\/youtu.be\/3D8tDE_NRIA\" target=\"_blank\">\n\t\t\t\t\t\t\t<img width=\"1024\" height=\"576\" src=\"https:\/\/portaleducacao.guarulhos.sp.gov.br\/wp_site\/brincar\/wp-content\/uploads\/sites\/25\/2024\/05\/WhatsApp-Image-2024-05-29-at-10.50.32-1024x576.jpeg\" class=\"attachment-large size-large wp-image-1838\" alt=\"\" loading=\"lazy\" srcset=\"https:\/\/portaleducacao.guarulhos.sp.gov.br\/wp_site\/brincar\/wp-content\/uploads\/sites\/25\/2024\/05\/WhatsApp-Image-2024-05-29-at-10.50.32-1024x576.jpeg 1024w, https:\/\/portaleducacao.guarulhos.sp.gov.br\/wp_site\/brincar\/wp-content\/uploads\/sites\/25\/2024\/05\/WhatsApp-Image-2024-05-29-at-10.50.32-300x169.jpeg 300w, https:\/\/portaleducacao.guarulhos.sp.gov.br\/wp_site\/brincar\/wp-content\/uploads\/sites\/25\/2024\/05\/WhatsApp-Image-2024-05-29-at-10.50.32-768x432.jpeg 768w, https:\/\/portaleducacao.guarulhos.sp.gov.br\/wp_site\/brincar\/wp-content\/uploads\/sites\/25\/2024\/05\/WhatsApp-Image-2024-05-29-at-10.50.32-1536x864.jpeg 1536w, https:\/\/portaleducacao.guarulhos.sp.gov.br\/wp_site\/brincar\/wp-content\/uploads\/sites\/25\/2024\/05\/WhatsApp-Image-2024-05-29-at-10.50.32.jpeg 1600w\" sizes=\"(max-width: 1024px) 100vw, 1024px\" \/>\t\t\t\t\t\t\t\t<\/a>\n\t\t\t\t\t\t\t\t\t\t\t\t\t\t\t<\/div>\n\t\t\t\t<\/div>\n\t\t\t\t<\/div>\n\t\t\t\t\t<\/div>\n\t\t\t\t<\/div>\n\t\t\t\t\t\t\t<\/div>\n\t\t","protected":false},"excerpt":{"rendered":"<p>Experi\u00eancias Brincantes Clique para assistir os v\u00eddeos que preparamos para voc\u00ea!<\/p>\n","protected":false},"author":1,"featured_media":0,"parent":0,"menu_order":0,"comment_status":"closed","ping_status":"closed","template":"","meta":{"_monsterinsights_skip_tracking":false,"_monsterinsights_sitenote_active":false,"_monsterinsights_sitenote_note":"","_monsterinsights_sitenote_category":0,"site-sidebar-layout":"no-sidebar","site-content-layout":"page-builder","ast-global-header-display":"","ast-main-header-display":"","ast-hfb-above-header-display":"","ast-hfb-below-header-display":"","ast-hfb-mobile-header-display":"","site-post-title":"disabled","ast-breadcrumbs-content":"","ast-featured-img":"disabled","footer-sml-layout":"","theme-transparent-header-meta":"","adv-header-id-meta":"","stick-header-meta":"","header-above-stick-meta":"","header-main-stick-meta":"","header-below-stick-meta":"","_expiration-date-status":"","_expiration-date":0,"_expiration-date-type":"","_expiration-date-categories":[],"_expiration-date-options":[]},"categories":[43,44],"tags":[],"yoast_head":"<!-- This site is optimized with the Yoast SEO plugin v19.7.1 - https:\/\/yoast.com\/wordpress\/plugins\/seo\/ -->\r\n<title>Experi\u00eancias Brincantes - Semana Mundial do Brincar 2023<\/title>\r\n<meta name=\"robots\" content=\"index, follow, max-snippet:-1, max-image-preview:large, max-video-preview:-1\" \/>\r\n<link rel=\"canonical\" href=\"https:\/\/portaleducacao.guarulhos.sp.gov.br\/wp_site\/brincar\/experiencias-brincantes\/\" \/>\r\n<meta property=\"og:locale\" content=\"pt_BR\" \/>\r\n<meta property=\"og:type\" content=\"article\" \/>\r\n<meta property=\"og:title\" content=\"Experi\u00eancias Brincantes - Semana Mundial do Brincar 2023\" \/>\r\n<meta property=\"og:description\" content=\"Experi\u00eancias Brincantes Clique para assistir os v\u00eddeos que preparamos para voc\u00ea!\" \/>\r\n<meta property=\"og:url\" content=\"https:\/\/portaleducacao.guarulhos.sp.gov.br\/wp_site\/brincar\/experiencias-brincantes\/\" \/>\r\n<meta property=\"og:site_name\" content=\"Semana Mundial do Brincar 2023\" \/>\r\n<meta property=\"article:modified_time\" content=\"2024-05-29T13:57:34+00:00\" \/>\r\n<meta property=\"og:image\" content=\"http:\/\/portaleducacao.guarulhos.sp.gov.br\/wp_site\/brincar\/wp-content\/uploads\/sites\/25\/2024\/05\/WhatsApp-Image-2024-05-29-at-10.50.32-1-1024x577.jpeg\" \/>\r\n<meta name=\"twitter:card\" content=\"summary_large_image\" \/>\r\n<meta name=\"twitter:label1\" content=\"Est. tempo de leitura\" \/>\n\t<meta name=\"twitter:data1\" content=\"1 minuto\" \/>\r\n<script type=\"application\/ld+json\" class=\"yoast-schema-graph\">{\"@context\":\"https:\/\/schema.org\",\"@graph\":[{\"@type\":\"WebPage\",\"@id\":\"https:\/\/portaleducacao.guarulhos.sp.gov.br\/wp_site\/brincar\/experiencias-brincantes\/\",\"url\":\"https:\/\/portaleducacao.guarulhos.sp.gov.br\/wp_site\/brincar\/experiencias-brincantes\/\",\"name\":\"Experi\u00eancias Brincantes - Semana Mundial do Brincar 2023\",\"isPartOf\":{\"@id\":\"https:\/\/portaleducacao.guarulhos.sp.gov.br\/wp_site\/brincar\/#website\"},\"datePublished\":\"2024-05-29T13:47:08+00:00\",\"dateModified\":\"2024-05-29T13:57:34+00:00\",\"breadcrumb\":{\"@id\":\"https:\/\/portaleducacao.guarulhos.sp.gov.br\/wp_site\/brincar\/experiencias-brincantes\/#breadcrumb\"},\"inLanguage\":\"pt-BR\",\"potentialAction\":[{\"@type\":\"ReadAction\",\"target\":[\"https:\/\/portaleducacao.guarulhos.sp.gov.br\/wp_site\/brincar\/experiencias-brincantes\/\"]}]},{\"@type\":\"BreadcrumbList\",\"@id\":\"https:\/\/portaleducacao.guarulhos.sp.gov.br\/wp_site\/brincar\/experiencias-brincantes\/#breadcrumb\",\"itemListElement\":[{\"@type\":\"ListItem\",\"position\":1,\"name\":\"In\u00edcio\",\"item\":\"https:\/\/portaleducacao.guarulhos.sp.gov.br\/wp_site\/brincar\/\"},{\"@type\":\"ListItem\",\"position\":2,\"name\":\"Experi\u00eancias Brincantes\"}]},{\"@type\":\"WebSite\",\"@id\":\"https:\/\/portaleducacao.guarulhos.sp.gov.br\/wp_site\/brincar\/#website\",\"url\":\"https:\/\/portaleducacao.guarulhos.sp.gov.br\/wp_site\/brincar\/\",\"name\":\"Semana Mundial do Brincar 2023\",\"description\":\"Semana Mundial do Brincar 2023\",\"potentialAction\":[{\"@type\":\"SearchAction\",\"target\":{\"@type\":\"EntryPoint\",\"urlTemplate\":\"https:\/\/portaleducacao.guarulhos.sp.gov.br\/wp_site\/brincar\/?s={search_term_string}\"},\"query-input\":\"required name=search_term_string\"}],\"inLanguage\":\"pt-BR\"}]}<\/script>\r\n<!-- \/ Yoast SEO plugin. -->","yoast_head_json":{"title":"Experi\u00eancias Brincantes - Semana Mundial do Brincar 2023","robots":{"index":"index","follow":"follow","max-snippet":"max-snippet:-1","max-image-preview":"max-image-preview:large","max-video-preview":"max-video-preview:-1"},"canonical":"https:\/\/portaleducacao.guarulhos.sp.gov.br\/wp_site\/brincar\/experiencias-brincantes\/","og_locale":"pt_BR","og_type":"article","og_title":"Experi\u00eancias Brincantes - Semana Mundial do Brincar 2023","og_description":"Experi\u00eancias Brincantes Clique para assistir os v\u00eddeos que preparamos para voc\u00ea!","og_url":"https:\/\/portaleducacao.guarulhos.sp.gov.br\/wp_site\/brincar\/experiencias-brincantes\/","og_site_name":"Semana Mundial do Brincar 2023","article_modified_time":"2024-05-29T13:57:34+00:00","og_image":[{"url":"http:\/\/portaleducacao.guarulhos.sp.gov.br\/wp_site\/brincar\/wp-content\/uploads\/sites\/25\/2024\/05\/WhatsApp-Image-2024-05-29-at-10.50.32-1-1024x577.jpeg"}],"twitter_card":"summary_large_image","twitter_misc":{"Est. tempo de leitura":"1 minuto"},"schema":{"@context":"https:\/\/schema.org","@graph":[{"@type":"WebPage","@id":"https:\/\/portaleducacao.guarulhos.sp.gov.br\/wp_site\/brincar\/experiencias-brincantes\/","url":"https:\/\/portaleducacao.guarulhos.sp.gov.br\/wp_site\/brincar\/experiencias-brincantes\/","name":"Experi\u00eancias Brincantes - Semana Mundial do Brincar 2023","isPartOf":{"@id":"https:\/\/portaleducacao.guarulhos.sp.gov.br\/wp_site\/brincar\/#website"},"datePublished":"2024-05-29T13:47:08+00:00","dateModified":"2024-05-29T13:57:34+00:00","breadcrumb":{"@id":"https:\/\/portaleducacao.guarulhos.sp.gov.br\/wp_site\/brincar\/experiencias-brincantes\/#breadcrumb"},"inLanguage":"pt-BR","potentialAction":[{"@type":"ReadAction","target":["https:\/\/portaleducacao.guarulhos.sp.gov.br\/wp_site\/brincar\/experiencias-brincantes\/"]}]},{"@type":"BreadcrumbList","@id":"https:\/\/portaleducacao.guarulhos.sp.gov.br\/wp_site\/brincar\/experiencias-brincantes\/#breadcrumb","itemListElement":[{"@type":"ListItem","position":1,"name":"In\u00edcio","item":"https:\/\/portaleducacao.guarulhos.sp.gov.br\/wp_site\/brincar\/"},{"@type":"ListItem","position":2,"name":"Experi\u00eancias Brincantes"}]},{"@type":"WebSite","@id":"https:\/\/portaleducacao.guarulhos.sp.gov.br\/wp_site\/brincar\/#website","url":"https:\/\/portaleducacao.guarulhos.sp.gov.br\/wp_site\/brincar\/","name":"Semana Mundial do Brincar 2023","description":"Semana Mundial do Brincar 2023","potentialAction":[{"@type":"SearchAction","target":{"@type":"EntryPoint","urlTemplate":"https:\/\/portaleducacao.guarulhos.sp.gov.br\/wp_site\/brincar\/?s={search_term_string}"},"query-input":"required name=search_term_string"}],"inLanguage":"pt-BR"}]}},"_links":{"self":[{"href":"https:\/\/portaleducacao.guarulhos.sp.gov.br\/wp_site\/brincar\/wp-json\/wp\/v2\/pages\/1833"}],"collection":[{"href":"https:\/\/portaleducacao.guarulhos.sp.gov.br\/wp_site\/brincar\/wp-json\/wp\/v2\/pages"}],"about":[{"href":"https:\/\/portaleducacao.guarulhos.sp.gov.br\/wp_site\/brincar\/wp-json\/wp\/v2\/types\/page"}],"author":[{"embeddable":true,"href":"https:\/\/portaleducacao.guarulhos.sp.gov.br\/wp_site\/brincar\/wp-json\/wp\/v2\/users\/1"}],"replies":[{"embeddable":true,"href":"https:\/\/portaleducacao.guarulhos.sp.gov.br\/wp_site\/brincar\/wp-json\/wp\/v2\/comments?post=1833"}],"version-history":[{"count":10,"href":"https:\/\/portaleducacao.guarulhos.sp.gov.br\/wp_site\/brincar\/wp-json\/wp\/v2\/pages\/1833\/revisions"}],"predecessor-version":[{"id":1847,"href":"https:\/\/portaleducacao.guarulhos.sp.gov.br\/wp_site\/brincar\/wp-json\/wp\/v2\/pages\/1833\/revisions\/1847"}],"wp:attachment":[{"href":"https:\/\/portaleducacao.guarulhos.sp.gov.br\/wp_site\/brincar\/wp-json\/wp\/v2\/media?parent=1833"}],"wp:term":[{"taxonomy":"category","embeddable":true,"href":"https:\/\/portaleducacao.guarulhos.sp.gov.br\/wp_site\/brincar\/wp-json\/wp\/v2\/categories?post=1833"},{"taxonomy":"post_tag","embeddable":true,"href":"https:\/\/portaleducacao.guarulhos.sp.gov.br\/wp_site\/brincar\/wp-json\/wp\/v2\/tags?post=1833"}],"curies":[{"name":"wp","href":"https:\/\/api.w.org\/{rel}","templated":true}]}}