{"id":348,"date":"2023-05-17T13:57:45","date_gmt":"2023-05-17T16:57:45","guid":{"rendered":"https:\/\/portaleducacao.guarulhos.sp.gov.br\/wp_site\/brincar\/?page_id=348"},"modified":"2023-05-22T14:05:45","modified_gmt":"2023-05-22T17:05:45","slug":"livros","status":"publish","type":"page","link":"https:\/\/portaleducacao.guarulhos.sp.gov.br\/wp_site\/brincar\/livros\/","title":{"rendered":"livros"},"content":{"rendered":"\t\t<div data-elementor-type=\"wp-page\" data-elementor-id=\"348\" class=\"elementor elementor-348\">\n\t\t\t\t\t\t\t<div class=\"elementor-element elementor-element-0b79d33 e-con-boxed e-con\" data-id=\"0b79d33\" data-element_type=\"container\" data-settings=\"{&quot;content_width&quot;:&quot;boxed&quot;}\">\n\t\t\t\t\t<div class=\"e-con-inner\">\n\t\t<div class=\"elementor-element elementor-element-b69c9a6 e-con-boxed e-con\" data-id=\"b69c9a6\" data-element_type=\"container\" data-settings=\"{&quot;content_width&quot;:&quot;boxed&quot;}\">\n\t\t\t\t\t<div class=\"e-con-inner\">\n\t\t\t\t<div class=\"elementor-element elementor-element-4146d4f elementor-widget elementor-widget-heading\" data-id=\"4146d4f\" data-element_type=\"widget\" data-widget_type=\"heading.default\">\n\t\t\t\t<div class=\"elementor-widget-container\">\n\t\t\t<style>\/*! elementor - v3.12.1 - 02-04-2023 *\/\n.elementor-heading-title{padding:0;margin:0;line-height:1}.elementor-widget-heading .elementor-heading-title[class*=elementor-size-]>a{color:inherit;font-size:inherit;line-height:inherit}.elementor-widget-heading .elementor-heading-title.elementor-size-small{font-size:15px}.elementor-widget-heading .elementor-heading-title.elementor-size-medium{font-size:19px}.elementor-widget-heading .elementor-heading-title.elementor-size-large{font-size:29px}.elementor-widget-heading .elementor-heading-title.elementor-size-xl{font-size:39px}.elementor-widget-heading .elementor-heading-title.elementor-size-xxl{font-size:59px}<\/style><h1 class=\"elementor-heading-title elementor-size-default\">Livros <\/h1>\t\t<\/div>\n\t\t\t\t<\/div>\n\t\t\t\t\t<\/div>\n\t\t\t\t<\/div>\n\t\t\t\t\t<\/div>\n\t\t\t\t<\/div>\n\t\t<div class=\"elementor-element elementor-element-10d51f1 e-con-boxed e-con\" data-id=\"10d51f1\" data-element_type=\"container\" data-settings=\"{&quot;content_width&quot;:&quot;boxed&quot;}\">\n\t\t\t\t\t<div class=\"e-con-inner\">\n\t\t<div class=\"elementor-element elementor-element-2525bfb e-con-full e-con\" data-id=\"2525bfb\" data-element_type=\"container\" data-settings=\"{&quot;content_width&quot;:&quot;full&quot;}\">\n\t\t\t\t<div class=\"elementor-element elementor-element-352f175 elementor-widget elementor-widget-image\" data-id=\"352f175\" data-element_type=\"widget\" data-widget_type=\"image.default\">\n\t\t\t\t<div class=\"elementor-widget-container\">\n\t\t\t<style>\/*! elementor - v3.12.1 - 02-04-2023 *\/\n.elementor-widget-image{text-align:center}.elementor-widget-image a{display:inline-block}.elementor-widget-image a img[src$=\".svg\"]{width:48px}.elementor-widget-image img{vertical-align:middle;display:inline-block}<\/style>\t\t\t\t\t\t\t\t\t\t\t\t<img width=\"531\" height=\"753\" src=\"https:\/\/portaleducacao.guarulhos.sp.gov.br\/wp_site\/brincar\/wp-content\/uploads\/sites\/25\/2023\/05\/quintaisBrincantes-1.jpg\" class=\"attachment-large size-large wp-image-352\" alt=\"\" loading=\"lazy\" srcset=\"https:\/\/portaleducacao.guarulhos.sp.gov.br\/wp_site\/brincar\/wp-content\/uploads\/sites\/25\/2023\/05\/quintaisBrincantes-1.jpg 531w, https:\/\/portaleducacao.guarulhos.sp.gov.br\/wp_site\/brincar\/wp-content\/uploads\/sites\/25\/2023\/05\/quintaisBrincantes-1-212x300.jpg 212w\" sizes=\"(max-width: 531px) 100vw, 531px\" \/>\t\t\t\t\t\t\t\t\t\t\t\t\t\t\t<\/div>\n\t\t\t\t<\/div>\n\t\t\t\t<div class=\"elementor-element elementor-element-3acd2d8 elementor-widget elementor-widget-heading\" data-id=\"3acd2d8\" data-element_type=\"widget\" data-widget_type=\"heading.default\">\n\t\t\t\t<div class=\"elementor-widget-container\">\n\t\t\t<h2 class=\"elementor-heading-title elementor-size-default\">Quintais Brincantes:<br>\nSobrevoos por viv\u00eancias educativas brasileiras<\/h2>\t\t<\/div>\n\t\t\t\t<\/div>\n\t\t\t\t<div class=\"elementor-element elementor-element-a89d54f elementor-widget elementor-widget-text-editor\" data-id=\"a89d54f\" data-element_type=\"widget\" data-widget_type=\"text-editor.default\">\n\t\t\t\t<div class=\"elementor-widget-container\">\n\t\t\t<style>\/*! elementor - v3.12.1 - 02-04-2023 *\/\n.elementor-widget-text-editor.elementor-drop-cap-view-stacked .elementor-drop-cap{background-color:#69727d;color:#fff}.elementor-widget-text-editor.elementor-drop-cap-view-framed .elementor-drop-cap{color:#69727d;border:3px solid;background-color:transparent}.elementor-widget-text-editor:not(.elementor-drop-cap-view-default) .elementor-drop-cap{margin-top:8px}.elementor-widget-text-editor:not(.elementor-drop-cap-view-default) .elementor-drop-cap-letter{width:1em;height:1em}.elementor-widget-text-editor .elementor-drop-cap{float:left;text-align:center;line-height:1;font-size:50px}.elementor-widget-text-editor .elementor-drop-cap-letter{display:inline-block}<\/style>\t\t\t\t<p><a class=\"linksAlternados\" href=\"https:\/\/criancaenatureza.org.br\/wp-content\/uploads\/2022\/10\/Quintais-Brincantes-Sobrevoos-por-Vivencias-Educativas-Brasileiras.pdf\">Clique para fazer o download do livro<\/a><\/p>\t\t\t\t\t\t<\/div>\n\t\t\t\t<\/div>\n\t\t\t\t<\/div>\n\t\t<div class=\"elementor-element elementor-element-7fc5f7d e-con-full e-con\" data-id=\"7fc5f7d\" data-element_type=\"container\" data-settings=\"{&quot;content_width&quot;:&quot;full&quot;}\">\n\t\t\t\t<div class=\"elementor-element elementor-element-281728c elementor-widget elementor-widget-image\" data-id=\"281728c\" data-element_type=\"widget\" data-widget_type=\"image.default\">\n\t\t\t\t<div class=\"elementor-widget-container\">\n\t\t\t\t\t\t\t\t\t\t\t\t\t\t\t<img width=\"724\" height=\"1024\" src=\"https:\/\/portaleducacao.guarulhos.sp.gov.br\/wp_site\/brincar\/wp-content\/uploads\/sites\/25\/2023\/05\/manualPEdiatra-724x1024.jpg\" class=\"attachment-large size-large wp-image-353\" alt=\"\" loading=\"lazy\" srcset=\"https:\/\/portaleducacao.guarulhos.sp.gov.br\/wp_site\/brincar\/wp-content\/uploads\/sites\/25\/2023\/05\/manualPEdiatra-724x1024.jpg 724w, https:\/\/portaleducacao.guarulhos.sp.gov.br\/wp_site\/brincar\/wp-content\/uploads\/sites\/25\/2023\/05\/manualPEdiatra-212x300.jpg 212w, https:\/\/portaleducacao.guarulhos.sp.gov.br\/wp_site\/brincar\/wp-content\/uploads\/sites\/25\/2023\/05\/manualPEdiatra-768x1086.jpg 768w, https:\/\/portaleducacao.guarulhos.sp.gov.br\/wp_site\/brincar\/wp-content\/uploads\/sites\/25\/2023\/05\/manualPEdiatra-1086x1536.jpg 1086w, https:\/\/portaleducacao.guarulhos.sp.gov.br\/wp_site\/brincar\/wp-content\/uploads\/sites\/25\/2023\/05\/manualPEdiatra-1448x2048.jpg 1448w, https:\/\/portaleducacao.guarulhos.sp.gov.br\/wp_site\/brincar\/wp-content\/uploads\/sites\/25\/2023\/05\/manualPEdiatra.jpg 1654w\" sizes=\"(max-width: 724px) 100vw, 724px\" \/>\t\t\t\t\t\t\t\t\t\t\t\t\t\t\t<\/div>\n\t\t\t\t<\/div>\n\t\t\t\t<div class=\"elementor-element elementor-element-39a986d elementor-widget elementor-widget-heading\" data-id=\"39a986d\" data-element_type=\"widget\" data-widget_type=\"heading.default\">\n\t\t\t\t<div class=\"elementor-widget-container\">\n\t\t\t<h2 class=\"elementor-heading-title elementor-size-default\">Manual de Orienta\u00e7\u00e3o Benef\u00edcios da Natureza no Desenvolvimento de Crian\u00e7as e Adolescentes<\/h2>\t\t<\/div>\n\t\t\t\t<\/div>\n\t\t\t\t<div class=\"elementor-element elementor-element-7829d0d elementor-widget elementor-widget-text-editor\" data-id=\"7829d0d\" data-element_type=\"widget\" data-widget_type=\"text-editor.default\">\n\t\t\t\t<div class=\"elementor-widget-container\">\n\t\t\t\t\t\t\t<p><a class=\"linksAlternados\" href=\"https:\/\/criancaenatureza.org.br\/wp-content\/uploads\/2019\/05\/manual_orientacao_sbp_cen.pdf\">Clique para fazer o download do livro<\/a><\/p>\t\t\t\t\t\t<\/div>\n\t\t\t\t<\/div>\n\t\t\t\t<\/div>\n\t\t<div class=\"elementor-element elementor-element-b128119 e-con-full e-con\" data-id=\"b128119\" data-element_type=\"container\" data-settings=\"{&quot;content_width&quot;:&quot;full&quot;}\">\n\t\t\t\t<div class=\"elementor-element elementor-element-34e7750 elementor-widget elementor-widget-image\" data-id=\"34e7750\" data-element_type=\"widget\" data-widget_type=\"image.default\">\n\t\t\t\t<div class=\"elementor-widget-container\">\n\t\t\t\t\t\t\t\t\t\t\t\t\t\t\t<img width=\"531\" height=\"753\" src=\"https:\/\/portaleducacao.guarulhos.sp.gov.br\/wp_site\/brincar\/wp-content\/uploads\/sites\/25\/2023\/05\/desemparedamento.jpg\" class=\"attachment-large size-large wp-image-356\" alt=\"\" loading=\"lazy\" srcset=\"https:\/\/portaleducacao.guarulhos.sp.gov.br\/wp_site\/brincar\/wp-content\/uploads\/sites\/25\/2023\/05\/desemparedamento.jpg 531w, https:\/\/portaleducacao.guarulhos.sp.gov.br\/wp_site\/brincar\/wp-content\/uploads\/sites\/25\/2023\/05\/desemparedamento-212x300.jpg 212w\" sizes=\"(max-width: 531px) 100vw, 531px\" \/>\t\t\t\t\t\t\t\t\t\t\t\t\t\t\t<\/div>\n\t\t\t\t<\/div>\n\t\t\t\t<div class=\"elementor-element elementor-element-370fd56 elementor-widget elementor-widget-heading\" data-id=\"370fd56\" data-element_type=\"widget\" data-widget_type=\"heading.default\">\n\t\t\t\t<div class=\"elementor-widget-container\">\n\t\t\t<h2 class=\"elementor-heading-title elementor-size-default\">Desemparedamento da inf\u00e2ncia: A escola como lugar de encontro com a natureza<\/h2>\t\t<\/div>\n\t\t\t\t<\/div>\n\t\t\t\t<div class=\"elementor-element elementor-element-b5c08d6 elementor-widget elementor-widget-text-editor\" data-id=\"b5c08d6\" data-element_type=\"widget\" data-widget_type=\"text-editor.default\">\n\t\t\t\t<div class=\"elementor-widget-container\">\n\t\t\t\t\t\t\t<p><a class=\"linksAlternados\" href=\"https:\/\/criancaenatureza.org.br\/wp-content\/uploads\/2018\/08\/Desemparedamento_infancia.pdf\" target=\"_blank\" rel=\"noopener\">Clique para fazer o download do livro<\/a><\/p>\t\t\t\t\t\t<\/div>\n\t\t\t\t<\/div>\n\t\t\t\t<\/div>\n\t\t\t\t\t<\/div>\n\t\t\t\t<\/div>\n\t\t<div class=\"elementor-element elementor-element-a542837 e-con-boxed e-con\" data-id=\"a542837\" data-element_type=\"container\" data-settings=\"{&quot;content_width&quot;:&quot;boxed&quot;}\">\n\t\t\t\t\t<div class=\"e-con-inner\">\n\t\t<div class=\"elementor-element elementor-element-77bff8f e-con-full e-con\" data-id=\"77bff8f\" data-element_type=\"container\" data-settings=\"{&quot;content_width&quot;:&quot;full&quot;}\">\n\t\t\t\t<div class=\"elementor-element elementor-element-cbe5743 elementor-widget elementor-widget-image\" data-id=\"cbe5743\" data-element_type=\"widget\" data-widget_type=\"image.default\">\n\t\t\t\t<div class=\"elementor-widget-container\">\n\t\t\t\t\t\t\t\t\t\t\t\t\t\t\t<img width=\"405\" height=\"600\" src=\"https:\/\/portaleducacao.guarulhos.sp.gov.br\/wp_site\/brincar\/wp-content\/uploads\/sites\/25\/2023\/05\/brincarComNatureza.jpg\" class=\"attachment-large size-large wp-image-359\" alt=\"\" loading=\"lazy\" srcset=\"https:\/\/portaleducacao.guarulhos.sp.gov.br\/wp_site\/brincar\/wp-content\/uploads\/sites\/25\/2023\/05\/brincarComNatureza.jpg 405w, https:\/\/portaleducacao.guarulhos.sp.gov.br\/wp_site\/brincar\/wp-content\/uploads\/sites\/25\/2023\/05\/brincarComNatureza-203x300.jpg 203w\" sizes=\"(max-width: 405px) 100vw, 405px\" \/>\t\t\t\t\t\t\t\t\t\t\t\t\t\t\t<\/div>\n\t\t\t\t<\/div>\n\t\t\t\t<div class=\"elementor-element elementor-element-09f2f96 elementor-widget elementor-widget-heading\" data-id=\"09f2f96\" data-element_type=\"widget\" data-widget_type=\"heading.default\">\n\t\t\t\t<div class=\"elementor-widget-container\">\n\t\t\t<h2 class=\"elementor-heading-title elementor-size-default\">Guia brincar com e na <br>8natureza<\/h2>\t\t<\/div>\n\t\t\t\t<\/div>\n\t\t\t\t<div class=\"elementor-element elementor-element-d105aa2 elementor-widget elementor-widget-text-editor\" data-id=\"d105aa2\" data-element_type=\"widget\" data-widget_type=\"text-editor.default\">\n\t\t\t\t<div class=\"elementor-widget-container\">\n\t\t\t\t\t\t\t<p><a class=\"linksAlternados\" href=\"https:\/\/drive.google.com\/file\/d\/1pt3B39RUNWBrRKajaBjY-iYN7dZh7O_R\/view\">Clique para fazer o download do livro<\/a><\/p>\t\t\t\t\t\t<\/div>\n\t\t\t\t<\/div>\n\t\t\t\t<\/div>\n\t\t<div class=\"elementor-element elementor-element-5975e97 e-con-full e-con\" data-id=\"5975e97\" data-element_type=\"container\" data-settings=\"{&quot;content_width&quot;:&quot;full&quot;}\">\n\t\t\t\t<div class=\"elementor-element elementor-element-c84530d elementor-widget elementor-widget-image\" data-id=\"c84530d\" data-element_type=\"widget\" data-widget_type=\"image.default\">\n\t\t\t\t<div class=\"elementor-widget-container\">\n\t\t\t\t\t\t\t\t\t\t\t\t\t\t\t<img width=\"405\" height=\"600\" src=\"https:\/\/portaleducacao.guarulhos.sp.gov.br\/wp_site\/brincar\/wp-content\/uploads\/sites\/25\/2023\/05\/plasticoCrianca-1.jpg\" class=\"attachment-large size-large wp-image-358\" alt=\"\" loading=\"lazy\" srcset=\"https:\/\/portaleducacao.guarulhos.sp.gov.br\/wp_site\/brincar\/wp-content\/uploads\/sites\/25\/2023\/05\/plasticoCrianca-1.jpg 405w, https:\/\/portaleducacao.guarulhos.sp.gov.br\/wp_site\/brincar\/wp-content\/uploads\/sites\/25\/2023\/05\/plasticoCrianca-1-203x300.jpg 203w\" sizes=\"(max-width: 405px) 100vw, 405px\" \/>\t\t\t\t\t\t\t\t\t\t\t\t\t\t\t<\/div>\n\t\t\t\t<\/div>\n\t\t\t\t<div class=\"elementor-element elementor-element-a9dd840 elementor-widget elementor-widget-heading\" data-id=\"a9dd840\" data-element_type=\"widget\" data-widget_type=\"heading.default\">\n\t\t\t\t<div class=\"elementor-widget-container\">\n\t\t\t<h2 class=\"elementor-heading-title elementor-size-default\">A brincadeira e o brinquedo precisam do pl\u00e1stico?<\/h2>\t\t<\/div>\n\t\t\t\t<\/div>\n\t\t\t\t<div class=\"elementor-element elementor-element-f57a015 elementor-widget elementor-widget-text-editor\" data-id=\"f57a015\" data-element_type=\"widget\" data-widget_type=\"text-editor.default\">\n\t\t\t\t<div class=\"elementor-widget-container\">\n\t\t\t\t\t\t\t<p><a class=\"linksAlternados\" href=\"https:\/\/criancaenatureza.org.br\/wp-content\/uploads\/2020\/10\/a-brincadeira_e_o_plastico.pdf\">Clique para fazer o download do livro<\/a><\/p>\t\t\t\t\t\t<\/div>\n\t\t\t\t<\/div>\n\t\t\t\t<\/div>\n\t\t<div class=\"elementor-element elementor-element-645fe36 e-con-full e-con\" data-id=\"645fe36\" data-element_type=\"container\" data-settings=\"{&quot;content_width&quot;:&quot;full&quot;}\">\n\t\t\t\t<div class=\"elementor-element elementor-element-45b5149 elementor-widget elementor-widget-image\" data-id=\"45b5149\" data-element_type=\"widget\" data-widget_type=\"image.default\">\n\t\t\t\t<div class=\"elementor-widget-container\">\n\t\t\t\t\t\t\t\t\t\t\t\t\t\t\t<img width=\"531\" height=\"753\" src=\"https:\/\/portaleducacao.guarulhos.sp.gov.br\/wp_site\/brincar\/wp-content\/uploads\/sites\/25\/2023\/05\/livroLaNoMeuQuintal.jpg\" class=\"attachment-large size-large wp-image-541\" alt=\"\" loading=\"lazy\" srcset=\"https:\/\/portaleducacao.guarulhos.sp.gov.br\/wp_site\/brincar\/wp-content\/uploads\/sites\/25\/2023\/05\/livroLaNoMeuQuintal.jpg 531w, https:\/\/portaleducacao.guarulhos.sp.gov.br\/wp_site\/brincar\/wp-content\/uploads\/sites\/25\/2023\/05\/livroLaNoMeuQuintal-212x300.jpg 212w\" sizes=\"(max-width: 531px) 100vw, 531px\" \/>\t\t\t\t\t\t\t\t\t\t\t\t\t\t\t<\/div>\n\t\t\t\t<\/div>\n\t\t\t\t<div class=\"elementor-element elementor-element-3718b62 elementor-widget elementor-widget-heading\" data-id=\"3718b62\" data-element_type=\"widget\" data-widget_type=\"heading.default\">\n\t\t\t\t<div class=\"elementor-widget-container\">\n\t\t\t<h2 class=\"elementor-heading-title elementor-size-default\">L\u00e1 no meu quintal: O brincar de meninas e meninos de Norte a Sul<\/h2>\t\t<\/div>\n\t\t\t\t<\/div>\n\t\t\t\t<div class=\"elementor-element elementor-element-1eed02d elementor-widget elementor-widget-text-editor\" data-id=\"1eed02d\" data-element_type=\"widget\" data-widget_type=\"text-editor.default\">\n\t\t\t\t<div class=\"elementor-widget-container\">\n\t\t\t\t\t\t\t<p><a class=\"linksAlternados\" href=\"https:\/\/www.editorapeiropolis.com.br\/la-no-meu-quintal\" target=\"_blank\" rel=\"noopener\">Clique aqui para comprar o livro<\/a><\/p>\t\t\t\t\t\t<\/div>\n\t\t\t\t<\/div>\n\t\t\t\t<\/div>\n\t\t\t\t\t<\/div>\n\t\t\t\t<\/div>\n\t\t<div class=\"elementor-element elementor-element-3fcd0c8 e-con-boxed e-con\" data-id=\"3fcd0c8\" data-element_type=\"container\" data-settings=\"{&quot;content_width&quot;:&quot;boxed&quot;}\">\n\t\t\t\t\t<div class=\"e-con-inner\">\n\t\t<div class=\"elementor-element elementor-element-adc1adf e-con-full e-con\" data-id=\"adc1adf\" data-element_type=\"container\" data-settings=\"{&quot;content_width&quot;:&quot;full&quot;}\">\n\t\t\t\t<div class=\"elementor-element elementor-element-02a9052 elementor-widget elementor-widget-image\" data-id=\"02a9052\" data-element_type=\"widget\" data-widget_type=\"image.default\">\n\t\t\t\t<div class=\"elementor-widget-container\">\n\t\t\t\t\t\t\t\t\t\t\t\t\t\t\t<img width=\"531\" height=\"753\" src=\"https:\/\/portaleducacao.guarulhos.sp.gov.br\/wp_site\/brincar\/wp-content\/uploads\/sites\/25\/2023\/05\/cozinhandoQuintal.jpg\" class=\"attachment-large size-large wp-image-838\" alt=\"\" loading=\"lazy\" srcset=\"https:\/\/portaleducacao.guarulhos.sp.gov.br\/wp_site\/brincar\/wp-content\/uploads\/sites\/25\/2023\/05\/cozinhandoQuintal.jpg 531w, https:\/\/portaleducacao.guarulhos.sp.gov.br\/wp_site\/brincar\/wp-content\/uploads\/sites\/25\/2023\/05\/cozinhandoQuintal-212x300.jpg 212w\" sizes=\"(max-width: 531px) 100vw, 531px\" \/>\t\t\t\t\t\t\t\t\t\t\t\t\t\t\t<\/div>\n\t\t\t\t<\/div>\n\t\t\t\t<div class=\"elementor-element elementor-element-a909720 elementor-widget elementor-widget-heading\" data-id=\"a909720\" data-element_type=\"widget\" data-widget_type=\"heading.default\">\n\t\t\t\t<div class=\"elementor-widget-container\">\n\t\t\t<h2 class=\"elementor-heading-title elementor-size-default\">Cozinhando no quintal<\/h2>\t\t<\/div>\n\t\t\t\t<\/div>\n\t\t\t\t<div class=\"elementor-element elementor-element-15b8d97 elementor-widget elementor-widget-text-editor\" data-id=\"15b8d97\" data-element_type=\"widget\" data-widget_type=\"text-editor.default\">\n\t\t\t\t<div class=\"elementor-widget-container\">\n\t\t\t\t\t\t\t<p><a class=\"linksAlternados\" href=\"https:\/\/www.amazon.com.br\/dp\/8578161424?ref_=cm_sw_r_mwn_dp_EB8PBTGGN1J2W43CP2PW\">Clique para comprar o livro<\/a><\/p>\t\t\t\t\t\t<\/div>\n\t\t\t\t<\/div>\n\t\t\t\t<\/div>\n\t\t\t\t\t<\/div>\n\t\t\t\t<\/div>\n\t\t\t\t\t\t\t<\/div>\n\t\t","protected":false},"excerpt":{"rendered":"<p>Livros Quintais Brincantes: Sobrevoos por viv\u00eancias educativas brasileiras Clique para fazer o download do livro Manual de Orienta\u00e7\u00e3o Benef\u00edcios da Natureza no Desenvolvimento de Crian\u00e7as e Adolescentes Clique para fazer &hellip;<\/p>\n<p class=\"read-more\"> <a class=\"\" href=\"https:\/\/portaleducacao.guarulhos.sp.gov.br\/wp_site\/brincar\/livros\/\"> <span class=\"screen-reader-text\">livros<\/span> Leia mais &raquo;<\/a><\/p>\n","protected":false},"author":1,"featured_media":0,"parent":0,"menu_order":0,"comment_status":"closed","ping_status":"closed","template":"","meta":{"_monsterinsights_skip_tracking":false,"_monsterinsights_sitenote_active":false,"_monsterinsights_sitenote_note":"","_monsterinsights_sitenote_category":0,"site-sidebar-layout":"no-sidebar","site-content-layout":"page-builder","ast-global-header-display":"","ast-main-header-display":"","ast-hfb-above-header-display":"","ast-hfb-below-header-display":"","ast-hfb-mobile-header-display":"","site-post-title":"disabled","ast-breadcrumbs-content":"","ast-featured-img":"disabled","footer-sml-layout":"","theme-transparent-header-meta":"","adv-header-id-meta":"","stick-header-meta":"","header-above-stick-meta":"","header-main-stick-meta":"","header-below-stick-meta":"","_expiration-date-status":"","_expiration-date":0,"_expiration-date-type":"","_expiration-date-categories":[],"_expiration-date-options":[]},"categories":[],"tags":[],"yoast_head":"<!-- This site is optimized with the Yoast SEO plugin v19.7.1 - https:\/\/yoast.com\/wordpress\/plugins\/seo\/ -->\r\n<title>livros - Semana Mundial do Brincar 2023<\/title>\r\n<meta name=\"robots\" content=\"index, follow, max-snippet:-1, max-image-preview:large, max-video-preview:-1\" \/>\r\n<link rel=\"canonical\" href=\"https:\/\/portaleducacao.guarulhos.sp.gov.br\/wp_site\/brincar\/livros\/\" \/>\r\n<meta property=\"og:locale\" content=\"pt_BR\" \/>\r\n<meta property=\"og:type\" content=\"article\" \/>\r\n<meta property=\"og:title\" content=\"livros - Semana Mundial do Brincar 2023\" \/>\r\n<meta property=\"og:description\" content=\"Livros Quintais Brincantes: Sobrevoos por viv\u00eancias educativas brasileiras Clique para fazer o download do livro Manual de Orienta\u00e7\u00e3o Benef\u00edcios da Natureza no Desenvolvimento de Crian\u00e7as e Adolescentes Clique para fazer &hellip; livros Leia mais &raquo;\" \/>\r\n<meta property=\"og:url\" content=\"https:\/\/portaleducacao.guarulhos.sp.gov.br\/wp_site\/brincar\/livros\/\" \/>\r\n<meta property=\"og:site_name\" content=\"Semana Mundial do Brincar 2023\" \/>\r\n<meta property=\"article:modified_time\" content=\"2023-05-22T17:05:45+00:00\" \/>\r\n<meta property=\"og:image\" content=\"http:\/\/portaleducacao.guarulhos.sp.gov.br\/wp_site\/brincar\/wp-content\/uploads\/sites\/25\/2023\/05\/quintaisBrincantes-1.jpg\" \/>\r\n<meta name=\"twitter:card\" content=\"summary_large_image\" \/>\r\n<meta name=\"twitter:label1\" content=\"Est. tempo de leitura\" \/>\n\t<meta name=\"twitter:data1\" content=\"3 minutos\" \/>\r\n<script type=\"application\/ld+json\" class=\"yoast-schema-graph\">{\"@context\":\"https:\/\/schema.org\",\"@graph\":[{\"@type\":\"WebPage\",\"@id\":\"https:\/\/portaleducacao.guarulhos.sp.gov.br\/wp_site\/brincar\/livros\/\",\"url\":\"https:\/\/portaleducacao.guarulhos.sp.gov.br\/wp_site\/brincar\/livros\/\",\"name\":\"livros - Semana Mundial do Brincar 2023\",\"isPartOf\":{\"@id\":\"https:\/\/portaleducacao.guarulhos.sp.gov.br\/wp_site\/brincar\/#website\"},\"datePublished\":\"2023-05-17T16:57:45+00:00\",\"dateModified\":\"2023-05-22T17:05:45+00:00\",\"breadcrumb\":{\"@id\":\"https:\/\/portaleducacao.guarulhos.sp.gov.br\/wp_site\/brincar\/livros\/#breadcrumb\"},\"inLanguage\":\"pt-BR\",\"potentialAction\":[{\"@type\":\"ReadAction\",\"target\":[\"https:\/\/portaleducacao.guarulhos.sp.gov.br\/wp_site\/brincar\/livros\/\"]}]},{\"@type\":\"BreadcrumbList\",\"@id\":\"https:\/\/portaleducacao.guarulhos.sp.gov.br\/wp_site\/brincar\/livros\/#breadcrumb\",\"itemListElement\":[{\"@type\":\"ListItem\",\"position\":1,\"name\":\"In\u00edcio\",\"item\":\"https:\/\/portaleducacao.guarulhos.sp.gov.br\/wp_site\/brincar\/\"},{\"@type\":\"ListItem\",\"position\":2,\"name\":\"livros\"}]},{\"@type\":\"WebSite\",\"@id\":\"https:\/\/portaleducacao.guarulhos.sp.gov.br\/wp_site\/brincar\/#website\",\"url\":\"https:\/\/portaleducacao.guarulhos.sp.gov.br\/wp_site\/brincar\/\",\"name\":\"Semana Mundial do Brincar 2023\",\"description\":\"Semana Mundial do Brincar 2023\",\"potentialAction\":[{\"@type\":\"SearchAction\",\"target\":{\"@type\":\"EntryPoint\",\"urlTemplate\":\"https:\/\/portaleducacao.guarulhos.sp.gov.br\/wp_site\/brincar\/?s={search_term_string}\"},\"query-input\":\"required name=search_term_string\"}],\"inLanguage\":\"pt-BR\"}]}<\/script>\r\n<!-- \/ Yoast SEO plugin. -->","yoast_head_json":{"title":"livros - Semana Mundial do Brincar 2023","robots":{"index":"index","follow":"follow","max-snippet":"max-snippet:-1","max-image-preview":"max-image-preview:large","max-video-preview":"max-video-preview:-1"},"canonical":"https:\/\/portaleducacao.guarulhos.sp.gov.br\/wp_site\/brincar\/livros\/","og_locale":"pt_BR","og_type":"article","og_title":"livros - Semana Mundial do Brincar 2023","og_description":"Livros Quintais Brincantes: Sobrevoos por viv\u00eancias educativas brasileiras Clique para fazer o download do livro Manual de Orienta\u00e7\u00e3o Benef\u00edcios da Natureza no Desenvolvimento de Crian\u00e7as e Adolescentes Clique para fazer &hellip; livros Leia mais &raquo;","og_url":"https:\/\/portaleducacao.guarulhos.sp.gov.br\/wp_site\/brincar\/livros\/","og_site_name":"Semana Mundial do Brincar 2023","article_modified_time":"2023-05-22T17:05:45+00:00","og_image":[{"url":"http:\/\/portaleducacao.guarulhos.sp.gov.br\/wp_site\/brincar\/wp-content\/uploads\/sites\/25\/2023\/05\/quintaisBrincantes-1.jpg"}],"twitter_card":"summary_large_image","twitter_misc":{"Est. tempo de leitura":"3 minutos"},"schema":{"@context":"https:\/\/schema.org","@graph":[{"@type":"WebPage","@id":"https:\/\/portaleducacao.guarulhos.sp.gov.br\/wp_site\/brincar\/livros\/","url":"https:\/\/portaleducacao.guarulhos.sp.gov.br\/wp_site\/brincar\/livros\/","name":"livros - Semana Mundial do Brincar 2023","isPartOf":{"@id":"https:\/\/portaleducacao.guarulhos.sp.gov.br\/wp_site\/brincar\/#website"},"datePublished":"2023-05-17T16:57:45+00:00","dateModified":"2023-05-22T17:05:45+00:00","breadcrumb":{"@id":"https:\/\/portaleducacao.guarulhos.sp.gov.br\/wp_site\/brincar\/livros\/#breadcrumb"},"inLanguage":"pt-BR","potentialAction":[{"@type":"ReadAction","target":["https:\/\/portaleducacao.guarulhos.sp.gov.br\/wp_site\/brincar\/livros\/"]}]},{"@type":"BreadcrumbList","@id":"https:\/\/portaleducacao.guarulhos.sp.gov.br\/wp_site\/brincar\/livros\/#breadcrumb","itemListElement":[{"@type":"ListItem","position":1,"name":"In\u00edcio","item":"https:\/\/portaleducacao.guarulhos.sp.gov.br\/wp_site\/brincar\/"},{"@type":"ListItem","position":2,"name":"livros"}]},{"@type":"WebSite","@id":"https:\/\/portaleducacao.guarulhos.sp.gov.br\/wp_site\/brincar\/#website","url":"https:\/\/portaleducacao.guarulhos.sp.gov.br\/wp_site\/brincar\/","name":"Semana Mundial do Brincar 2023","description":"Semana Mundial do Brincar 2023","potentialAction":[{"@type":"SearchAction","target":{"@type":"EntryPoint","urlTemplate":"https:\/\/portaleducacao.guarulhos.sp.gov.br\/wp_site\/brincar\/?s={search_term_string}"},"query-input":"required name=search_term_string"}],"inLanguage":"pt-BR"}]}},"_links":{"self":[{"href":"https:\/\/portaleducacao.guarulhos.sp.gov.br\/wp_site\/brincar\/wp-json\/wp\/v2\/pages\/348"}],"collection":[{"href":"https:\/\/portaleducacao.guarulhos.sp.gov.br\/wp_site\/brincar\/wp-json\/wp\/v2\/pages"}],"about":[{"href":"https:\/\/portaleducacao.guarulhos.sp.gov.br\/wp_site\/brincar\/wp-json\/wp\/v2\/types\/page"}],"author":[{"embeddable":true,"href":"https:\/\/portaleducacao.guarulhos.sp.gov.br\/wp_site\/brincar\/wp-json\/wp\/v2\/users\/1"}],"replies":[{"embeddable":true,"href":"https:\/\/portaleducacao.guarulhos.sp.gov.br\/wp_site\/brincar\/wp-json\/wp\/v2\/comments?post=348"}],"version-history":[{"count":43,"href":"https:\/\/portaleducacao.guarulhos.sp.gov.br\/wp_site\/brincar\/wp-json\/wp\/v2\/pages\/348\/revisions"}],"predecessor-version":[{"id":852,"href":"https:\/\/portaleducacao.guarulhos.sp.gov.br\/wp_site\/brincar\/wp-json\/wp\/v2\/pages\/348\/revisions\/852"}],"wp:attachment":[{"href":"https:\/\/portaleducacao.guarulhos.sp.gov.br\/wp_site\/brincar\/wp-json\/wp\/v2\/media?parent=348"}],"wp:term":[{"taxonomy":"category","embeddable":true,"href":"https:\/\/portaleducacao.guarulhos.sp.gov.br\/wp_site\/brincar\/wp-json\/wp\/v2\/categories?post=348"},{"taxonomy":"post_tag","embeddable":true,"href":"https:\/\/portaleducacao.guarulhos.sp.gov.br\/wp_site\/brincar\/wp-json\/wp\/v2\/tags?post=348"}],"curies":[{"name":"wp","href":"https:\/\/api.w.org\/{rel}","templated":true}]}}