{"id":13,"date":"2021-05-14T09:11:43","date_gmt":"2021-05-14T12:11:43","guid":{"rendered":"http:\/\/portaleducacao.guarulhos.sp.gov.br\/wp_site\/brincar\/?page_id=13"},"modified":"2022-05-03T10:58:29","modified_gmt":"2022-05-03T13:58:29","slug":"para-brincar-em-casa","status":"publish","type":"page","link":"https:\/\/portaleducacao.guarulhos.sp.gov.br\/wp_site\/brincar2022\/para-brincar-em-casa\/","title":{"rendered":"para brincar"},"content":{"rendered":"\n<h2 class=\"has-text-align-center\"><strong><span class=\"has-inline-color has-vivid-cyan-blue-color\">Vamos brincar de:<\/span><\/strong><\/h2>\n\n\n\n<p class=\"has-medium-font-size\"><strong><span class=\"has-inline-color has-luminous-vivid-orange-color\">OBJETO SECRETO <\/span><\/strong><br><br>Um participante segura um objeto (x\u00edcara, colher de pau, controle remoto, escova de dente, caneta\u2026) em sua m\u00e3o ou em seu colo, sem que os outros possam v\u00ea-lo, envolvido por um pano. O grupo vai fazendo perguntas ( ex.:\u00c9 objeto de cozinha? Serve para por l\u00edquido? etc) em que o participante possa responder apenas Sim ou N\u00e3o, at\u00e9 que algu\u00e9m adivinhe qual \u00e9 esse objeto. Quem acertar, conduzir\u00e1 a brincadeira, sendo sua vez de esconder o objeto.<br><br><\/p>\n\n\n\n<p class=\"has-medium-font-size\"><br><strong><span class=\"has-inline-color has-luminous-vivid-orange-color\">QUAL \u00c9 A HIST\u00d3RIA ? <\/span><\/strong><br><br>O condutor da brincadeira vai citar alguns elementos que fazem parte da hist\u00f3ria e o grupo dever\u00e1 adivinhar qual \u00e9 a hist\u00f3ria. Quem acertar o nome, ser\u00e1 o pr\u00f3ximo condutor ou ganhar\u00e1 aplausos do grupo. Exemplos: <br>1 &#8211; an\u00e3, ma\u00e7\u00e3, bruxa, floresta, princesa e mina; <br>2 &#8211; floresta, crian\u00e7as, doces, bruxa, pa\u00eds, casinha; <br>3 &#8211; carpinteiro, mar, escola, crian\u00e7as, baleia, boneco, circo; <br>4 &#8211; biblioteca, rosa, x\u00edcara, valsa, rel\u00f3gio, bule<br><br><\/p>\n\n\n\n<p class=\"has-medium-font-size\"><br><strong><span class=\"has-inline-color has-luminous-vivid-orange-color\">HIST\u00d3RIA SONORIZADA <\/span><\/strong><br><br>O professor vai contando uma hist\u00f3ria e fazendo as pausas para que a crian\u00e7a sonorize, utilizando a voz, os movimentos com o corpo e objetos&#8230;criando os sons correspondentes.<br><br><\/p>\n\n\n\n<p class=\"has-medium-font-size\"><br><strong><span class=\"has-inline-color has-luminous-vivid-orange-color\">OLHA QUEM EST\u00c1 FALTANDO <\/span><\/strong><br><br>Numa superf\u00edcie que todos possam ver, colocar de 5 a 10 objetos (dependendo da faixa et\u00e1ria dos participantes), dar um minuto para que possam olhar e memorizar, depois cobrir com um pano grande e retirar um discretamente, sem que possam ver qual foi tirado. Descobrir e verificar quem acerta primeiro o que foi retirado.<br><br><\/p>\n\n\n\n<p class=\"has-medium-font-size\"><br><strong><span class=\"has-inline-color has-luminous-vivid-orange-color\">STOP <\/span><\/strong><br><br>Cada crian\u00e7a pega uma folha de papel e coloca 5 colunas ou mais, dependendo da faixa et\u00e1ria ou op\u00e7\u00e3o do grupo. <br>Exemplos para a coluna: nome, cor, flor, fruta, cidade, pa\u00eds, animal.<br>A cada rodada, um participante escolhe uma letra. Quem preencher primeiro todos os campos com uma palavra para cada coluna, come\u00e7ando com a letra determinada, deve dizer STOP e todos os outros param de escrever. A cada resposta igual, os participantes levam 5 pontos. Se forem diferentes, 10 pontos. E se os outros n\u00e3o tiverem colocado nada, 15 pontos.<br><br><\/p>\n\n\n\n<p class=\"has-medium-font-size\"><br><strong><span class=\"has-inline-color has-luminous-vivid-orange-color\">L\u00c1 VAI UMA BARQUINHA <\/span><\/strong><br><br>Os participantes combinam previamente o que v\u00e3o carregar na barca: frutas, flores, animais&#8230;entre outros. Se por exemplo, escolherem levar animais, o primeiro participante diz movimentando as m\u00e3os para frente e para tr\u00e1s : &#8220;L\u00e1 vai uma barquinha levando peixes&#8230;&#8221; o segundo participante diz L\u00e1 vai uma barquinha levando peixes e passarinhos\u2026 o seguinte vai dizer: &#8220;L\u00e1 vai uma barquinha levando peixes, passarinhos e \u2026 a brincadeira segue de forma&nbsp; acumulativa.<br><br><\/p>\n\n\n\n<p class=\"has-medium-font-size\"><br><strong><span class=\"has-inline-color has-luminous-vivid-orange-color\">BRINCADEIRA CANTADA<\/span><\/strong><br><br>Tchutchu\u00e1 \u00e9 uma dan\u00e7a legal, <br>Polegar para a frente! <br>Cotovelos para tr\u00e1s! <br>Joelhinho dobrado! <br>Perninha para dentro! <br>Pescocinho quebrado! <br>A linguinha de fora! <br>Tchutchu\u00e1 \u00e9 uma dan\u00e7a legal<br><br><\/p>\n\n\n\n<p class=\"has-medium-font-size\"><br><strong><span class=\"has-inline-color has-luminous-vivid-orange-color\">BRINCANDO DE CARETAS<\/span><\/strong><br><br>O brincar de caras e bocas as crian\u00e7as fazem caretas, imitam as pessoas e exploram diversas express\u00f5es. <br>A auto-descoberta \u00e9 uma explora\u00e7\u00e3o sensorial relacionada ao desenvolvimento psicol\u00f3gico, essencial para que a crian\u00e7a se perceba indiv\u00edduo e aut\u00f4nomo. <a href=\"https:\/\/www.tempojunto.com\/2021\/04\/30\/10-brincadeiras-legais-para-fazer-em-casa\/\">https:\/\/www.tempojunto.com\/2021\/04\/30\/10-brincadeiras-legais-para-fazer-em-casa\/<\/a><br><br><\/p>\n\n\n\n<p class=\"has-medium-font-size\"><br><strong><span class=\"has-inline-color has-luminous-vivid-orange-color\">FESTA DO PIJAMA NA SALA<\/span><\/strong><br><br>Aqui \u00e9 o lugar onde todo mundo se encontra, n\u00e9? Mas a televis\u00e3o n\u00e3o precisa ser a protagonista do espa\u00e7o o tempo todo. Se brincar de cabaninha j\u00e1 \u00e9 legal, imagina usar o sof\u00e1 e algumas cadeiras para montar a melhor cabaninha de todas e passar a noite nessa \u201ccasa dentro da casa\u201d? Com o conforto do travesseiro, cobertores e os brinquedos preferidos, rola at\u00e9 providenciar uma festa do pijama! Para os pequenos aventureiros, usar as almofadas para se proteger dos impactos de um cabo de guerra pode expirar a energia acumulada! Todo mundo pode tamb\u00e9m entrar na dan\u00e7a: imagina que divertido pais e filhos fazendo juntos as coreografias das suas m\u00fasicas favoritas? <a href=\"https:\/\/lunetas.com.br\/brincar-em-casa-sugestoes-simples-de-como-explorar-cada-comodo\/\">https:\/\/lunetas.com.br\/brincar-em-casa-sugestoes-simples-de-como-explorar-cada-comodo\/<\/a><br><br><\/p>\n\n\n\n<p class=\"has-medium-font-size\"><br><strong><span class=\"has-inline-color has-luminous-vivid-orange-color\">CORRIDA DE TAMPINHAS<\/span><\/strong><br><br>Desenha-se um caminho no ch\u00e3o, que ser\u00e1 a pista de corrida. Ela pode ter retas e curvas alternadas, marcando diferentes graus de dificuldade do jogo. Os participantes colocam suas tampinhas num mesmo ponto de partida. A cada jogada, cada um d\u00e1 um toque, de leve, com o dedo (\u201cpeteleco\u201d) para movimentar a tampinha, que n\u00e3o pode sair do caminho ou encostar na linha. Se isso acontecer, a tampinha volta para onde estava no in\u00edcio da jogada e o jogador perde a vez. O primeiro a fazer sua tampinha terminar o caminho, vence. <a href=\"http:\/\/aliancapelainfancia.org.br\/wp-content\/uploads\/2020\/05\/Guia-de-Brincadeiras-SMB-2020-portugues.pdf\">http:\/\/aliancapelainfancia.org.br\/wp-content\/uploads\/2020\/05\/Guia-de-Brincadeiras-SMB-2020-portugues.pdf<\/a><br><br><\/p>\n\n\n\n<p class=\"has-medium-font-size\"><br><strong><span class=\"has-inline-color has-luminous-vivid-orange-color\">M\u00cdMICA<\/span><\/strong><br><br>Em uma videochamada (ou por envio de v\u00eddeos curtos) pelo celular ou computador, fazer m\u00edmica para a pessoa que est\u00e1 do outro lado da telinha adivinhar. \u00c9 poss\u00edvel escolher uma tem\u00e1tica (animais, alimentos, m\u00fasicas, etc.). Em um encontro s\u00edncrono (imediato), pode-se dividir em 2 ou mais grupos, e o grupo que mais acertar as m\u00edmicas dos outros, vence.<\/p>\n\n\n\n<p class=\"has-medium-font-size\"><br><br><\/p>\n\n\n\n<p class=\"has-medium-font-size\"><br><strong><span class=\"has-inline-color has-luminous-vivid-orange-color\">DESCUBRA O SOM<\/span><\/strong><br><br>Imitar sons para que a pessoa que est\u00e1 do outro lado da telinha identifique. \u00c9 poss\u00edvel tamb\u00e9m escolher uma tem\u00e1tica (objetos, animais,etc.). Em um encontro s\u00edncrono, pode-se dividir em 2 ou mais grupos, e o grupo que mais acertar os sons dos outros, vence.<br><br><\/p>\n\n\n\n<p class=\"has-medium-font-size\"><br><strong><span class=\"has-inline-color has-luminous-vivid-orange-color\">QUAL \u00c9 O FILME<\/span><\/strong><br><br>Envie emojis que se identifiquem com o t\u00edtulo de filmes para que os participantes do grupo descubram seus nomes.<\/p>\n","protected":false},"excerpt":{"rendered":"<p>Vamos brincar de: OBJETO SECRETO Um participante segura um objeto (x\u00edcara, colher de pau, controle remoto, escova de dente, caneta\u2026) em sua m\u00e3o ou em seu colo, sem que os [&hellip;]<\/p>\n","protected":false},"author":1,"featured_media":0,"parent":0,"menu_order":0,"comment_status":"closed","ping_status":"closed","template":"","meta":{"_monsterinsights_skip_tracking":false,"_monsterinsights_sitenote_active":false,"_monsterinsights_sitenote_note":"","_monsterinsights_sitenote_category":0,"_expiration-date-status":"","_expiration-date":0,"_expiration-date-type":"","_expiration-date-categories":[],"_expiration-date-options":[]},"categories":[],"tags":[],"yoast_head":"<!-- This site is optimized with the Yoast SEO plugin v19.7.1 - https:\/\/yoast.com\/wordpress\/plugins\/seo\/ -->\r\n<title>para brincar - Semana Mundial do Brincar 2022<\/title>\r\n<meta name=\"robots\" content=\"index, follow, max-snippet:-1, max-image-preview:large, max-video-preview:-1\" \/>\r\n<link rel=\"canonical\" href=\"https:\/\/portaleducacao.guarulhos.sp.gov.br\/wp_site\/brincar2022\/para-brincar-em-casa\/\" \/>\r\n<meta property=\"og:locale\" content=\"pt_BR\" \/>\r\n<meta property=\"og:type\" content=\"article\" \/>\r\n<meta property=\"og:title\" content=\"para brincar - Semana Mundial do Brincar 2022\" \/>\r\n<meta property=\"og:description\" content=\"Vamos brincar de: OBJETO SECRETO Um participante segura um objeto (x\u00edcara, colher de pau, controle remoto, escova de dente, caneta\u2026) em sua m\u00e3o ou em seu colo, sem que os [&hellip;]\" \/>\r\n<meta property=\"og:url\" content=\"https:\/\/portaleducacao.guarulhos.sp.gov.br\/wp_site\/brincar2022\/para-brincar-em-casa\/\" \/>\r\n<meta property=\"og:site_name\" content=\"Semana Mundial do Brincar 2022\" \/>\r\n<meta property=\"article:modified_time\" content=\"2022-05-03T13:58:29+00:00\" \/>\r\n<meta name=\"twitter:card\" content=\"summary_large_image\" \/>\r\n<meta name=\"twitter:label1\" content=\"Est. tempo de leitura\" \/>\n\t<meta name=\"twitter:data1\" content=\"4 minutos\" \/>\r\n<script type=\"application\/ld+json\" class=\"yoast-schema-graph\">{\"@context\":\"https:\/\/schema.org\",\"@graph\":[{\"@type\":\"WebPage\",\"@id\":\"https:\/\/portaleducacao.guarulhos.sp.gov.br\/wp_site\/brincar2022\/para-brincar-em-casa\/\",\"url\":\"https:\/\/portaleducacao.guarulhos.sp.gov.br\/wp_site\/brincar2022\/para-brincar-em-casa\/\",\"name\":\"para brincar - Semana Mundial do Brincar 2022\",\"isPartOf\":{\"@id\":\"http:\/\/portaleducacao.guarulhos.sp.gov.br\/wp_site\/brincar2022\/#website\"},\"datePublished\":\"2021-05-14T12:11:43+00:00\",\"dateModified\":\"2022-05-03T13:58:29+00:00\",\"breadcrumb\":{\"@id\":\"https:\/\/portaleducacao.guarulhos.sp.gov.br\/wp_site\/brincar2022\/para-brincar-em-casa\/#breadcrumb\"},\"inLanguage\":\"pt-BR\",\"potentialAction\":[{\"@type\":\"ReadAction\",\"target\":[\"https:\/\/portaleducacao.guarulhos.sp.gov.br\/wp_site\/brincar2022\/para-brincar-em-casa\/\"]}]},{\"@type\":\"BreadcrumbList\",\"@id\":\"https:\/\/portaleducacao.guarulhos.sp.gov.br\/wp_site\/brincar2022\/para-brincar-em-casa\/#breadcrumb\",\"itemListElement\":[{\"@type\":\"ListItem\",\"position\":1,\"name\":\"In\u00edcio\",\"item\":\"http:\/\/portaleducacao.guarulhos.sp.gov.br\/wp_site\/brincar2022\/\"},{\"@type\":\"ListItem\",\"position\":2,\"name\":\"para brincar\"}]},{\"@type\":\"WebSite\",\"@id\":\"http:\/\/portaleducacao.guarulhos.sp.gov.br\/wp_site\/brincar2022\/#website\",\"url\":\"http:\/\/portaleducacao.guarulhos.sp.gov.br\/wp_site\/brincar2022\/\",\"name\":\"Semana Mundial do Brincar 2022\",\"description\":\"Confiar na for\u00e7a do Brincar\",\"potentialAction\":[{\"@type\":\"SearchAction\",\"target\":{\"@type\":\"EntryPoint\",\"urlTemplate\":\"http:\/\/portaleducacao.guarulhos.sp.gov.br\/wp_site\/brincar2022\/?s={search_term_string}\"},\"query-input\":\"required name=search_term_string\"}],\"inLanguage\":\"pt-BR\"}]}<\/script>\r\n<!-- \/ Yoast SEO plugin. -->","yoast_head_json":{"title":"para brincar - Semana Mundial do Brincar 2022","robots":{"index":"index","follow":"follow","max-snippet":"max-snippet:-1","max-image-preview":"max-image-preview:large","max-video-preview":"max-video-preview:-1"},"canonical":"https:\/\/portaleducacao.guarulhos.sp.gov.br\/wp_site\/brincar2022\/para-brincar-em-casa\/","og_locale":"pt_BR","og_type":"article","og_title":"para brincar - Semana Mundial do Brincar 2022","og_description":"Vamos brincar de: OBJETO SECRETO Um participante segura um objeto (x\u00edcara, colher de pau, controle remoto, escova de dente, caneta\u2026) em sua m\u00e3o ou em seu colo, sem que os [&hellip;]","og_url":"https:\/\/portaleducacao.guarulhos.sp.gov.br\/wp_site\/brincar2022\/para-brincar-em-casa\/","og_site_name":"Semana Mundial do Brincar 2022","article_modified_time":"2022-05-03T13:58:29+00:00","twitter_card":"summary_large_image","twitter_misc":{"Est. tempo de leitura":"4 minutos"},"schema":{"@context":"https:\/\/schema.org","@graph":[{"@type":"WebPage","@id":"https:\/\/portaleducacao.guarulhos.sp.gov.br\/wp_site\/brincar2022\/para-brincar-em-casa\/","url":"https:\/\/portaleducacao.guarulhos.sp.gov.br\/wp_site\/brincar2022\/para-brincar-em-casa\/","name":"para brincar - Semana Mundial do Brincar 2022","isPartOf":{"@id":"http:\/\/portaleducacao.guarulhos.sp.gov.br\/wp_site\/brincar2022\/#website"},"datePublished":"2021-05-14T12:11:43+00:00","dateModified":"2022-05-03T13:58:29+00:00","breadcrumb":{"@id":"https:\/\/portaleducacao.guarulhos.sp.gov.br\/wp_site\/brincar2022\/para-brincar-em-casa\/#breadcrumb"},"inLanguage":"pt-BR","potentialAction":[{"@type":"ReadAction","target":["https:\/\/portaleducacao.guarulhos.sp.gov.br\/wp_site\/brincar2022\/para-brincar-em-casa\/"]}]},{"@type":"BreadcrumbList","@id":"https:\/\/portaleducacao.guarulhos.sp.gov.br\/wp_site\/brincar2022\/para-brincar-em-casa\/#breadcrumb","itemListElement":[{"@type":"ListItem","position":1,"name":"In\u00edcio","item":"http:\/\/portaleducacao.guarulhos.sp.gov.br\/wp_site\/brincar2022\/"},{"@type":"ListItem","position":2,"name":"para brincar"}]},{"@type":"WebSite","@id":"http:\/\/portaleducacao.guarulhos.sp.gov.br\/wp_site\/brincar2022\/#website","url":"http:\/\/portaleducacao.guarulhos.sp.gov.br\/wp_site\/brincar2022\/","name":"Semana Mundial do Brincar 2022","description":"Confiar na for\u00e7a do Brincar","potentialAction":[{"@type":"SearchAction","target":{"@type":"EntryPoint","urlTemplate":"http:\/\/portaleducacao.guarulhos.sp.gov.br\/wp_site\/brincar2022\/?s={search_term_string}"},"query-input":"required name=search_term_string"}],"inLanguage":"pt-BR"}]}},"_links":{"self":[{"href":"https:\/\/portaleducacao.guarulhos.sp.gov.br\/wp_site\/brincar2022\/wp-json\/wp\/v2\/pages\/13"}],"collection":[{"href":"https:\/\/portaleducacao.guarulhos.sp.gov.br\/wp_site\/brincar2022\/wp-json\/wp\/v2\/pages"}],"about":[{"href":"https:\/\/portaleducacao.guarulhos.sp.gov.br\/wp_site\/brincar2022\/wp-json\/wp\/v2\/types\/page"}],"author":[{"embeddable":true,"href":"https:\/\/portaleducacao.guarulhos.sp.gov.br\/wp_site\/brincar2022\/wp-json\/wp\/v2\/users\/1"}],"replies":[{"embeddable":true,"href":"https:\/\/portaleducacao.guarulhos.sp.gov.br\/wp_site\/brincar2022\/wp-json\/wp\/v2\/comments?post=13"}],"version-history":[{"count":41,"href":"https:\/\/portaleducacao.guarulhos.sp.gov.br\/wp_site\/brincar2022\/wp-json\/wp\/v2\/pages\/13\/revisions"}],"predecessor-version":[{"id":308,"href":"https:\/\/portaleducacao.guarulhos.sp.gov.br\/wp_site\/brincar2022\/wp-json\/wp\/v2\/pages\/13\/revisions\/308"}],"wp:attachment":[{"href":"https:\/\/portaleducacao.guarulhos.sp.gov.br\/wp_site\/brincar2022\/wp-json\/wp\/v2\/media?parent=13"}],"wp:term":[{"taxonomy":"category","embeddable":true,"href":"https:\/\/portaleducacao.guarulhos.sp.gov.br\/wp_site\/brincar2022\/wp-json\/wp\/v2\/categories?post=13"},{"taxonomy":"post_tag","embeddable":true,"href":"https:\/\/portaleducacao.guarulhos.sp.gov.br\/wp_site\/brincar2022\/wp-json\/wp\/v2\/tags?post=13"}],"curies":[{"name":"wp","href":"https:\/\/api.w.org\/{rel}","templated":true}]}}