{"id":14,"date":"2021-05-14T09:11:43","date_gmt":"2021-05-14T12:11:43","guid":{"rendered":"http:\/\/portaleducacao.guarulhos.sp.gov.br\/wp_site\/brincar\/?page_id=14"},"modified":"2022-05-03T12:15:17","modified_gmt":"2022-05-03T15:15:17","slug":"saiba-mais","status":"publish","type":"page","link":"https:\/\/portaleducacao.guarulhos.sp.gov.br\/wp_site\/brincar2022\/saiba-mais\/","title":{"rendered":"Saiba Mais"},"content":{"rendered":"\n<h2 class=\"has-luminous-vivid-orange-color has-text-color\"><strong>Revista&nbsp; Brincar 1<\/strong><\/h2>\n\n\n\n<p><a href=\"https:\/\/portaleducacao.guarulhos.sp.gov.br\/siseduc\/portal\/exibir\/arquivo\/486\/inline\/\">https:\/\/portaleducacao.guarulhos.sp.gov.br\/siseduc\/portal\/exibir\/arquivo\/486\/inline\/<\/a><\/p>\n\n\n\n<div style=\"height:68px\" aria-hidden=\"true\" class=\"wp-block-spacer\"><\/div>\n\n\n\n<h2 class=\"has-luminous-vivid-orange-color has-text-color\"><strong>Revista&nbsp; Brincar 2<\/strong><\/h2>\n\n\n\n<p><a href=\"https:\/\/portaleducacao.guarulhos.sp.gov.br\/siseduc\/portal\/exibir\/arquivo\/504\/inline\/\">https:\/\/portaleducacao.guarulhos.sp.gov.br\/siseduc\/portal\/exibir\/arquivo\/504\/inline\/<\/a><\/p>\n\n\n\n<div style=\"height:68px\" aria-hidden=\"true\" class=\"wp-block-spacer\"><\/div>\n\n\n\n<h2 class=\"has-luminous-vivid-orange-color has-text-color\"><strong>Revista&nbsp;Brincar 3<\/strong><\/h2>\n\n\n\n<p><a href=\"https:\/\/www.guarulhos.sp.gov.br\/sites\/default\/files\/2019-04\/revista_3_brincar_baixa.pdf\">https:\/\/www.guarulhos.sp.gov.br\/sites\/default\/files\/2019-04\/revista_3_brincar_baixa.pdf<\/a><\/p>\n\n\n\n<div style=\"height:68px\" aria-hidden=\"true\" class=\"wp-block-spacer\"><\/div>\n\n\n\n<h2><a rel=\"noreferrer noopener\" href=\"https:\/\/portaleducacao.guarulhos.sp.gov.br\/siseduc\/portal\/exibir\/arquivo\/9474\/inline\/\" data-type=\"URL\" data-id=\"https:\/\/portaleducacao.guarulhos.sp.gov.br\/siseduc\/portal\/exibir\/arquivo\/9474\/inline\/\" target=\"_blank\"><strong><span class=\"has-inline-color has-luminous-vivid-orange-color\">Revista Semana do Brincar 2021<\/span><\/strong><\/a><\/h2>\n\n\n\n<div style=\"height:68px\" aria-hidden=\"true\" class=\"wp-block-spacer\"><\/div>\n\n\n\n<h2 class=\"has-luminous-vivid-orange-color has-text-color\"><strong>CADERNO VOLUME 2 &#8211; Propostas pr\u00e1ticas para brincadeiras inclusivas na Educa\u00e7\u00e3o Infantil:<\/strong><\/h2>\n\n\n\n<p><a href=\"https:\/\/www.fmcsv.org.br\/pt-BR\/biblioteca\/apostila-brincar-propostas-praticas-brincadeiras-inclusivas-educacao-infantil\/\">https:\/\/www.fmcsv.org.br\/pt-BR\/biblioteca\/apostila-brincar-propostas-praticas-brincadeiras-inclusivas-educacao-infantil\/<\/a><\/p>\n\n\n\n<div style=\"height:68px\" aria-hidden=\"true\" class=\"wp-block-spacer\"><\/div>\n\n\n\n<h2 class=\"has-luminous-vivid-orange-color has-text-color\"><strong>As brincadeiras africanas de Weza: o m\u00faltiplo brincar africano<\/strong><\/h2>\n\n\n\n<p><a href=\"https:\/\/lunetas.com.br\/as-brincadeiras-africanas-de-weza\/?utm_source=instagram&amp;utm_medium=stories\">https:\/\/lunetas.com.br\/as-brincadeiras-africanas-de-weza\/?utm_source=instagram&amp;utm_medium=stories<\/a><\/p>\n\n\n\n<div style=\"height:68px\" aria-hidden=\"true\" class=\"wp-block-spacer\"><\/div>\n\n\n\n<h2 class=\"has-luminous-vivid-orange-color has-text-color\"><strong>Idealizado pela educadora Joana Schossler, jogo da mem\u00f3ria homenageia 15 brasileiras por meio do brincar<\/strong><\/h2>\n\n\n\n<p><a href=\"https:\/\/lunetas.com.br\/memorelas-jogo-da-memoria\/\">https:\/\/lunetas.com.br\/memorelas-jogo-da-memoria\/<\/a><\/p>\n\n\n\n<div style=\"height:68px\" aria-hidden=\"true\" class=\"wp-block-spacer\"><\/div>\n\n\n\n<h2 class=\"has-luminous-vivid-orange-color has-text-color\"><strong>Inf\u00e2ncia sem pl\u00e1stico: vamos brincar com os elementos da natureza?<\/strong><\/h2>\n\n\n\n<p><a href=\"https:\/\/lunetas.com.br\/infancia-sem-plastico-brincar-elementos-natureza\/?utm_source=instagram&amp;utm_medium=stories\">https:\/\/lunetas.com.br\/infancia-sem-plastico-brincar-elementos-natureza\/?utm_source=instagram&amp;utm_medium=stories<\/a><\/p>\n\n\n\n<div style=\"height:68px\" aria-hidden=\"true\" class=\"wp-block-spacer\"><\/div>\n\n\n\n<h2 class=\"has-luminous-vivid-orange-color has-text-color\"><strong>15 ideias de brincadeiras para fazer com&nbsp; elementos da natureza<\/strong><\/h2>\n\n\n\n<p><a href=\"https:\/\/lunetas.com.br\/ideias-brincadeiras-com-elementos-da-natureza\/?utm_source=instagram&amp;utm_medium=stories\">https:\/\/lunetas.com.br\/ideias-brincadeiras-com-elementos-da-natureza\/?utm_source=instagram&amp;utm_medium=stories<\/a><\/p>\n\n\n\n<div style=\"height:68px\" aria-hidden=\"true\" class=\"wp-block-spacer\"><\/div>\n\n\n\n<h2 class=\"has-luminous-vivid-orange-color has-text-color\"><strong>Quintais Brincantes &#8211; Sobrevoo por viv\u00eancias Educativas Brasileiras<\/strong><\/h2>\n\n\n\n<p><a href=\"https:\/\/drive.google.com\/file\/d\/14oAc_BzgfZw2y8v_GrSDzEJLCxMO1TWR\/view?usp=sharing\">https:\/\/drive.google.com\/file\/d\/14oAc_BzgfZw2y8v_GrSDzEJLCxMO1TWR\/view?usp=sharing<\/a><\/p>\n\n\n\n<div style=\"height:68px\" aria-hidden=\"true\" class=\"wp-block-spacer\"><\/div>\n\n\n\n<h2><span class=\"has-inline-color has-luminous-vivid-orange-color\"><strong>A escola como espa\u00e7o de Desemparedamento: Uma concep\u00e7\u00e3o para que o educando se integre \u00e0 natureza!<\/strong><\/span><\/h2>\n\n\n\n<div class=\"wp-block-file\"><a href=\"http:\/\/portaleducacao.guarulhos.sp.gov.br\/wp_site\/brincar\/wp-content\/uploads\/sites\/10\/2021\/05\/A-escola-como-espaco-de-Desemparedamento.pdf\">A escola como espa\u00e7o de Desemparedamento<\/a><a href=\"http:\/\/portaleducacao.guarulhos.sp.gov.br\/wp_site\/brincar\/wp-content\/uploads\/sites\/10\/2021\/05\/A-escola-como-espaco-de-Desemparedamento.pdf\" class=\"wp-block-file__button\" download>Baixar<\/a><\/div>\n\n\n\n<div style=\"height:68px\" aria-hidden=\"true\" class=\"wp-block-spacer\"><\/div>\n\n\n\n<h2><strong><span class=\"has-inline-color has-luminous-vivid-orange-color\">Cartilha de Atividades: quarentena &#8211; Instituto Futebol de Rua<\/span><\/strong><\/h2>\n\n\n\n<div class=\"wp-block-file\"><a href=\"http:\/\/portaleducacao.guarulhos.sp.gov.br\/wp_site\/brincar\/wp-content\/uploads\/sites\/10\/2021\/05\/Ebook-de-Atividades-Instituto-Futebol-de-Rua_.pdf\">Ebook de Atividades- Instituto Futebol de Rua_<\/a><a href=\"http:\/\/portaleducacao.guarulhos.sp.gov.br\/wp_site\/brincar\/wp-content\/uploads\/sites\/10\/2021\/05\/Ebook-de-Atividades-Instituto-Futebol-de-Rua_.pdf\" class=\"wp-block-file__button\" download>Baixar<\/a><\/div>\n\n\n\n<div style=\"height:68px\" aria-hidden=\"true\" class=\"wp-block-spacer\"><\/div>\n\n\n\n<h2><strong><span class=\"has-inline-color has-luminous-vivid-orange-color\">Jogos e brincadeiras na perspectiva inclusiva<\/span><\/strong><\/h2>\n\n\n\n<p class=\"has-medium-font-size\"><a href=\"https:\/\/portaleducacao.guarulhos.sp.gov.br\/siseduc\/portal\/exibir\/arquivo\/9481\/inline\/\">https:\/\/portaleducacao.guarulhos.sp.gov.br\/siseduc\/portal\/exibir\/arquivo\/9481\/inline\/<\/a><\/p>\n\n\n\n<div style=\"height:68px\" aria-hidden=\"true\" class=\"wp-block-spacer\"><\/div>\n\n\n\n<h2><strong><span class=\"has-inline-color has-luminous-vivid-orange-color\">Brincadeiras e atividades simples e divertidas para fazer dentro de casa<\/span><\/strong><\/h2>\n\n\n\n<p class=\"has-medium-font-size\"><a href=\"http:\/\/aliancapelainfancia.org.br\/brincadeiras-e-atividades-simples-e-divertidas-para-fazer-dentro-de-casa\/\">http:\/\/aliancapelainfancia.org.br\/brincadeiras-e-atividades-simples-e-divertidas-para-fazer-dentro-de-casa\/<\/a><\/p>\n\n\n\n<div style=\"height:68px\" aria-hidden=\"true\" class=\"wp-block-spacer\"><\/div>\n\n\n\n<h2><strong><span class=\"has-inline-color has-luminous-vivid-orange-color\">Website &#8220;Tempo de creche&#8221; &#8211; Brincadeiras<\/span><\/strong><\/h2>\n\n\n\n<p class=\"has-medium-font-size\"><a rel=\"noreferrer noopener\" href=\"https:\/\/tempodecreche.com.br\/?s=brincadeiras\" target=\"_blank\">https:\/\/tempodecreche.com.br\/?s=brincadeiras<\/a><\/p>\n\n\n\n<div style=\"height:68px\" aria-hidden=\"true\" class=\"wp-block-spacer\"><\/div>\n\n\n\n<h2><strong><span class=\"has-inline-color has-luminous-vivid-orange-color\">Website &#8220;Tempo junto&#8221;<\/span><\/strong><\/h2>\n\n\n\n<p class=\"has-medium-font-size\"><a rel=\"noreferrer noopener\" href=\"https:\/\/www.tempojunto.com\/\" target=\"_blank\">https:\/\/www.tempojunto.com\/<\/a><\/p>\n\n\n\n<div style=\"height:68px\" aria-hidden=\"true\" class=\"wp-block-spacer\"><\/div>\n\n\n\n<h2><span class=\"has-inline-color has-luminous-vivid-orange-color\"><strong>Website &#8220;Lunetas&#8221;<\/strong><\/span><\/h2>\n\n\n\n<p class=\"has-medium-font-size\"><a rel=\"noreferrer noopener\" href=\"https:\/\/lunetas.com.br\/temas\/brincar\/\" target=\"_blank\">https:\/\/lunetas.com.br\/temas\/brincar\/<\/a><\/p>\n\n\n\n<div style=\"height:68px\" aria-hidden=\"true\" class=\"wp-block-spacer\"><\/div>\n\n\n\n<p><\/p>\n","protected":false},"excerpt":{"rendered":"<p>Revista&nbsp; Brincar 1 https:\/\/portaleducacao.guarulhos.sp.gov.br\/siseduc\/portal\/exibir\/arquivo\/486\/inline\/ Revista&nbsp; Brincar 2 https:\/\/portaleducacao.guarulhos.sp.gov.br\/siseduc\/portal\/exibir\/arquivo\/504\/inline\/ Revista&nbsp;Brincar 3 https:\/\/www.guarulhos.sp.gov.br\/sites\/default\/files\/2019-04\/revista_3_brincar_baixa.pdf Revista Semana do Brincar 2021 CADERNO VOLUME 2 &#8211; Propostas pr\u00e1ticas para brincadeiras inclusivas na Educa\u00e7\u00e3o Infantil: https:\/\/www.fmcsv.org.br\/pt-BR\/biblioteca\/apostila-brincar-propostas-praticas-brincadeiras-inclusivas-educacao-infantil\/ As [&hellip;]<\/p>\n","protected":false},"author":1,"featured_media":0,"parent":0,"menu_order":0,"comment_status":"closed","ping_status":"closed","template":"","meta":{"_monsterinsights_skip_tracking":false,"_monsterinsights_sitenote_active":false,"_monsterinsights_sitenote_note":"","_monsterinsights_sitenote_category":0,"_expiration-date-status":"","_expiration-date":0,"_expiration-date-type":"","_expiration-date-categories":[],"_expiration-date-options":[]},"categories":[],"tags":[],"yoast_head":"<!-- This site is optimized with the Yoast SEO plugin v19.7.1 - https:\/\/yoast.com\/wordpress\/plugins\/seo\/ -->\r\n<title>Saiba Mais - Semana Mundial do Brincar 2022<\/title>\r\n<meta name=\"robots\" content=\"index, follow, max-snippet:-1, max-image-preview:large, max-video-preview:-1\" \/>\r\n<link rel=\"canonical\" href=\"https:\/\/portaleducacao.guarulhos.sp.gov.br\/wp_site\/brincar2022\/saiba-mais\/\" \/>\r\n<meta property=\"og:locale\" content=\"pt_BR\" \/>\r\n<meta property=\"og:type\" content=\"article\" \/>\r\n<meta property=\"og:title\" content=\"Saiba Mais - Semana Mundial do Brincar 2022\" \/>\r\n<meta property=\"og:description\" content=\"Revista&nbsp; Brincar 1 https:\/\/portaleducacao.guarulhos.sp.gov.br\/siseduc\/portal\/exibir\/arquivo\/486\/inline\/ Revista&nbsp; Brincar 2 https:\/\/portaleducacao.guarulhos.sp.gov.br\/siseduc\/portal\/exibir\/arquivo\/504\/inline\/ Revista&nbsp;Brincar 3 https:\/\/www.guarulhos.sp.gov.br\/sites\/default\/files\/2019-04\/revista_3_brincar_baixa.pdf Revista Semana do Brincar 2021 CADERNO VOLUME 2 &#8211; Propostas pr\u00e1ticas para brincadeiras inclusivas na Educa\u00e7\u00e3o Infantil: https:\/\/www.fmcsv.org.br\/pt-BR\/biblioteca\/apostila-brincar-propostas-praticas-brincadeiras-inclusivas-educacao-infantil\/ As [&hellip;]\" \/>\r\n<meta property=\"og:url\" content=\"https:\/\/portaleducacao.guarulhos.sp.gov.br\/wp_site\/brincar2022\/saiba-mais\/\" \/>\r\n<meta property=\"og:site_name\" content=\"Semana Mundial do Brincar 2022\" \/>\r\n<meta property=\"article:modified_time\" content=\"2022-05-03T15:15:17+00:00\" \/>\r\n<meta name=\"twitter:card\" content=\"summary_large_image\" \/>\r\n<meta name=\"twitter:label1\" content=\"Est. tempo de leitura\" \/>\n\t<meta name=\"twitter:data1\" content=\"1 minuto\" \/>\r\n<script type=\"application\/ld+json\" class=\"yoast-schema-graph\">{\"@context\":\"https:\/\/schema.org\",\"@graph\":[{\"@type\":\"WebPage\",\"@id\":\"https:\/\/portaleducacao.guarulhos.sp.gov.br\/wp_site\/brincar2022\/saiba-mais\/\",\"url\":\"https:\/\/portaleducacao.guarulhos.sp.gov.br\/wp_site\/brincar2022\/saiba-mais\/\",\"name\":\"Saiba Mais - Semana Mundial do Brincar 2022\",\"isPartOf\":{\"@id\":\"http:\/\/portaleducacao.guarulhos.sp.gov.br\/wp_site\/brincar2022\/#website\"},\"datePublished\":\"2021-05-14T12:11:43+00:00\",\"dateModified\":\"2022-05-03T15:15:17+00:00\",\"breadcrumb\":{\"@id\":\"https:\/\/portaleducacao.guarulhos.sp.gov.br\/wp_site\/brincar2022\/saiba-mais\/#breadcrumb\"},\"inLanguage\":\"pt-BR\",\"potentialAction\":[{\"@type\":\"ReadAction\",\"target\":[\"https:\/\/portaleducacao.guarulhos.sp.gov.br\/wp_site\/brincar2022\/saiba-mais\/\"]}]},{\"@type\":\"BreadcrumbList\",\"@id\":\"https:\/\/portaleducacao.guarulhos.sp.gov.br\/wp_site\/brincar2022\/saiba-mais\/#breadcrumb\",\"itemListElement\":[{\"@type\":\"ListItem\",\"position\":1,\"name\":\"In\u00edcio\",\"item\":\"http:\/\/portaleducacao.guarulhos.sp.gov.br\/wp_site\/brincar2022\/\"},{\"@type\":\"ListItem\",\"position\":2,\"name\":\"Saiba Mais\"}]},{\"@type\":\"WebSite\",\"@id\":\"http:\/\/portaleducacao.guarulhos.sp.gov.br\/wp_site\/brincar2022\/#website\",\"url\":\"http:\/\/portaleducacao.guarulhos.sp.gov.br\/wp_site\/brincar2022\/\",\"name\":\"Semana Mundial do Brincar 2022\",\"description\":\"Confiar na for\u00e7a do Brincar\",\"potentialAction\":[{\"@type\":\"SearchAction\",\"target\":{\"@type\":\"EntryPoint\",\"urlTemplate\":\"http:\/\/portaleducacao.guarulhos.sp.gov.br\/wp_site\/brincar2022\/?s={search_term_string}\"},\"query-input\":\"required name=search_term_string\"}],\"inLanguage\":\"pt-BR\"}]}<\/script>\r\n<!-- \/ Yoast SEO plugin. -->","yoast_head_json":{"title":"Saiba Mais - Semana Mundial do Brincar 2022","robots":{"index":"index","follow":"follow","max-snippet":"max-snippet:-1","max-image-preview":"max-image-preview:large","max-video-preview":"max-video-preview:-1"},"canonical":"https:\/\/portaleducacao.guarulhos.sp.gov.br\/wp_site\/brincar2022\/saiba-mais\/","og_locale":"pt_BR","og_type":"article","og_title":"Saiba Mais - Semana Mundial do Brincar 2022","og_description":"Revista&nbsp; Brincar 1 https:\/\/portaleducacao.guarulhos.sp.gov.br\/siseduc\/portal\/exibir\/arquivo\/486\/inline\/ Revista&nbsp; Brincar 2 https:\/\/portaleducacao.guarulhos.sp.gov.br\/siseduc\/portal\/exibir\/arquivo\/504\/inline\/ Revista&nbsp;Brincar 3 https:\/\/www.guarulhos.sp.gov.br\/sites\/default\/files\/2019-04\/revista_3_brincar_baixa.pdf Revista Semana do Brincar 2021 CADERNO VOLUME 2 &#8211; Propostas pr\u00e1ticas para brincadeiras inclusivas na Educa\u00e7\u00e3o Infantil: https:\/\/www.fmcsv.org.br\/pt-BR\/biblioteca\/apostila-brincar-propostas-praticas-brincadeiras-inclusivas-educacao-infantil\/ As [&hellip;]","og_url":"https:\/\/portaleducacao.guarulhos.sp.gov.br\/wp_site\/brincar2022\/saiba-mais\/","og_site_name":"Semana Mundial do Brincar 2022","article_modified_time":"2022-05-03T15:15:17+00:00","twitter_card":"summary_large_image","twitter_misc":{"Est. tempo de leitura":"1 minuto"},"schema":{"@context":"https:\/\/schema.org","@graph":[{"@type":"WebPage","@id":"https:\/\/portaleducacao.guarulhos.sp.gov.br\/wp_site\/brincar2022\/saiba-mais\/","url":"https:\/\/portaleducacao.guarulhos.sp.gov.br\/wp_site\/brincar2022\/saiba-mais\/","name":"Saiba Mais - Semana Mundial do Brincar 2022","isPartOf":{"@id":"http:\/\/portaleducacao.guarulhos.sp.gov.br\/wp_site\/brincar2022\/#website"},"datePublished":"2021-05-14T12:11:43+00:00","dateModified":"2022-05-03T15:15:17+00:00","breadcrumb":{"@id":"https:\/\/portaleducacao.guarulhos.sp.gov.br\/wp_site\/brincar2022\/saiba-mais\/#breadcrumb"},"inLanguage":"pt-BR","potentialAction":[{"@type":"ReadAction","target":["https:\/\/portaleducacao.guarulhos.sp.gov.br\/wp_site\/brincar2022\/saiba-mais\/"]}]},{"@type":"BreadcrumbList","@id":"https:\/\/portaleducacao.guarulhos.sp.gov.br\/wp_site\/brincar2022\/saiba-mais\/#breadcrumb","itemListElement":[{"@type":"ListItem","position":1,"name":"In\u00edcio","item":"http:\/\/portaleducacao.guarulhos.sp.gov.br\/wp_site\/brincar2022\/"},{"@type":"ListItem","position":2,"name":"Saiba Mais"}]},{"@type":"WebSite","@id":"http:\/\/portaleducacao.guarulhos.sp.gov.br\/wp_site\/brincar2022\/#website","url":"http:\/\/portaleducacao.guarulhos.sp.gov.br\/wp_site\/brincar2022\/","name":"Semana Mundial do Brincar 2022","description":"Confiar na for\u00e7a do Brincar","potentialAction":[{"@type":"SearchAction","target":{"@type":"EntryPoint","urlTemplate":"http:\/\/portaleducacao.guarulhos.sp.gov.br\/wp_site\/brincar2022\/?s={search_term_string}"},"query-input":"required name=search_term_string"}],"inLanguage":"pt-BR"}]}},"_links":{"self":[{"href":"https:\/\/portaleducacao.guarulhos.sp.gov.br\/wp_site\/brincar2022\/wp-json\/wp\/v2\/pages\/14"}],"collection":[{"href":"https:\/\/portaleducacao.guarulhos.sp.gov.br\/wp_site\/brincar2022\/wp-json\/wp\/v2\/pages"}],"about":[{"href":"https:\/\/portaleducacao.guarulhos.sp.gov.br\/wp_site\/brincar2022\/wp-json\/wp\/v2\/types\/page"}],"author":[{"embeddable":true,"href":"https:\/\/portaleducacao.guarulhos.sp.gov.br\/wp_site\/brincar2022\/wp-json\/wp\/v2\/users\/1"}],"replies":[{"embeddable":true,"href":"https:\/\/portaleducacao.guarulhos.sp.gov.br\/wp_site\/brincar2022\/wp-json\/wp\/v2\/comments?post=14"}],"version-history":[{"count":19,"href":"https:\/\/portaleducacao.guarulhos.sp.gov.br\/wp_site\/brincar2022\/wp-json\/wp\/v2\/pages\/14\/revisions"}],"predecessor-version":[{"id":319,"href":"https:\/\/portaleducacao.guarulhos.sp.gov.br\/wp_site\/brincar2022\/wp-json\/wp\/v2\/pages\/14\/revisions\/319"}],"wp:attachment":[{"href":"https:\/\/portaleducacao.guarulhos.sp.gov.br\/wp_site\/brincar2022\/wp-json\/wp\/v2\/media?parent=14"}],"wp:term":[{"taxonomy":"category","embeddable":true,"href":"https:\/\/portaleducacao.guarulhos.sp.gov.br\/wp_site\/brincar2022\/wp-json\/wp\/v2\/categories?post=14"},{"taxonomy":"post_tag","embeddable":true,"href":"https:\/\/portaleducacao.guarulhos.sp.gov.br\/wp_site\/brincar2022\/wp-json\/wp\/v2\/tags?post=14"}],"curies":[{"name":"wp","href":"https:\/\/api.w.org\/{rel}","templated":true}]}}