{"id":2,"date":"2021-05-14T08:51:49","date_gmt":"2021-05-14T11:51:49","guid":{"rendered":"http:\/\/portaleducacao.guarulhos.sp.gov.br\/wp_site\/brincar\/?page_id=2"},"modified":"2022-05-06T15:02:45","modified_gmt":"2022-05-06T18:02:45","slug":"pagina-exemplo","status":"publish","type":"page","link":"https:\/\/portaleducacao.guarulhos.sp.gov.br\/wp_site\/brincar2022\/","title":{"rendered":"APRESENTA\u00c7\u00c3O"},"content":{"rendered":"\n<blockquote class=\"wp-block-quote is-style-default\"><p>Quanta coisa cabe em uma brincadeira&#8230;<br>Seja crian\u00e7a, jovem ou adulto<br>Vem com a gente experimentar!<\/p><\/blockquote>\n\n\n\n<div class=\"wp-container-1 wp-block-group\"><div class=\"wp-block-group__inner-container\">\n<div style=\"height:53px\" aria-hidden=\"true\" class=\"wp-block-spacer\"><\/div>\n\n\n\n<p class=\"has-medium-font-size\">Maio \u00e9 o m\u00eas da<strong> Semana Mundial do Brincar<\/strong> <strong>(SMB) <\/strong>e j\u00e1 se sabe que para brincar n\u00e3o existe data e nem idade, no entanto, \u00e9 neste m\u00eas que a\u00e7\u00f5es que potencializam tal atividade ocorrem com o objetivo de sensibilizar e promover viv\u00eancias e reflex\u00f5es sobre sua import\u00e2ncia durante todo o ano.<\/p>\n\n\n\n<p class=\"has-medium-font-size\">Em 2022 a <strong>SMB <\/strong>ocorrer\u00e1 entre os dias<strong> 21 e 29 de maio<\/strong> trazendo como tema <strong>\u201cConfiar na for\u00e7a do brincar\u201d<\/strong>.<br>Buscando espalhar e reafirmar o brincar como um ato essencial, o mote escolhido chama aten\u00e7\u00e3o para a confian\u00e7a do sujeito nele e no outro, estabelecida por meio das brincadeiras. Al\u00e9m disso, reafirma a esperan\u00e7a da constru\u00e7\u00e3o de um mundo melhor, j\u00e1 que brincar \u00e9 estar no mundo, \u00e9 viver, aprender, interagir e criar cultura.<\/p>\n\n\n\n<p class=\"has-medium-font-size\">Vamos mobilizar a cidade, os diferentes territ\u00f3rios e ambientes, reafirmando-os como espa\u00e7os brincantes e potentes de intera\u00e7\u00e3o, brincadeiras, experi\u00eancias e muita alegria.<\/p>\n\n\n\n<p class=\"has-medium-font-size\">A Secretaria de Educa\u00e7\u00e3o convida todas as escolas da Rede Municipal, Centros de Educa\u00e7\u00e3o Unificados (CEUs), Centros Municipais de Educa\u00e7\u00e3o (CMEs), Universidades, Institui\u00e7\u00f5es Parceiras, outras s Secretarias, ONGs, Entidades a e a todos para este grande \u201cencontro\u201d com o Brincar.<\/p>\n\n\n\n<p class=\"has-vivid-red-color has-text-color has-medium-font-size\">Compartilhem conosco suas experi\u00eancias pela\u00a0<strong><a href=\"https:\/\/portaleducacao.guarulhos.sp.gov.br\/wp_site\/brincar2022\/tag\/guarulhosbrincando2022\/\">#guarulhosbrincando2022<\/a><\/strong><\/p>\n<\/div><\/div>\n\n\n\n<p><\/p>\n","protected":false},"excerpt":{"rendered":"<p>Quanta coisa cabe em uma brincadeira&#8230;Seja crian\u00e7a, jovem ou adultoVem com a gente experimentar! Maio \u00e9 o m\u00eas da Semana Mundial do Brincar (SMB) e j\u00e1 se sabe que para [&hellip;]<\/p>\n","protected":false},"author":2,"featured_media":0,"parent":0,"menu_order":0,"comment_status":"closed","ping_status":"open","template":"","meta":{"_monsterinsights_skip_tracking":false,"_monsterinsights_sitenote_active":false,"_monsterinsights_sitenote_note":"","_monsterinsights_sitenote_category":0,"_expiration-date-status":"","_expiration-date":0,"_expiration-date-type":"","_expiration-date-categories":[],"_expiration-date-options":[]},"categories":[],"tags":[6],"yoast_head":"<!-- This site is optimized with the Yoast SEO plugin v19.7.1 - https:\/\/yoast.com\/wordpress\/plugins\/seo\/ -->\r\n<title>APRESENTA\u00c7\u00c3O - Semana Mundial do Brincar 2022<\/title>\r\n<meta name=\"robots\" content=\"index, follow, max-snippet:-1, max-image-preview:large, max-video-preview:-1\" \/>\r\n<link rel=\"canonical\" href=\"http:\/\/portaleducacao.guarulhos.sp.gov.br\/wp_site\/brincar2022\/\" \/>\r\n<meta property=\"og:locale\" content=\"pt_BR\" \/>\r\n<meta property=\"og:type\" content=\"article\" \/>\r\n<meta property=\"og:title\" content=\"APRESENTA\u00c7\u00c3O - Semana Mundial do Brincar 2022\" \/>\r\n<meta property=\"og:description\" content=\"Quanta coisa cabe em uma brincadeira&#8230;Seja crian\u00e7a, jovem ou adultoVem com a gente experimentar! Maio \u00e9 o m\u00eas da Semana Mundial do Brincar (SMB) e j\u00e1 se sabe que para [&hellip;]\" \/>\r\n<meta property=\"og:url\" content=\"http:\/\/portaleducacao.guarulhos.sp.gov.br\/wp_site\/brincar2022\/\" \/>\r\n<meta property=\"og:site_name\" content=\"Semana Mundial do Brincar 2022\" \/>\r\n<meta property=\"article:modified_time\" content=\"2022-05-06T18:02:45+00:00\" \/>\r\n<meta name=\"twitter:card\" content=\"summary_large_image\" \/>\r\n<meta name=\"twitter:label1\" content=\"Est. tempo de leitura\" \/>\n\t<meta name=\"twitter:data1\" content=\"1 minuto\" \/>\r\n<script type=\"application\/ld+json\" class=\"yoast-schema-graph\">{\"@context\":\"https:\/\/schema.org\",\"@graph\":[{\"@type\":\"WebPage\",\"@id\":\"http:\/\/portaleducacao.guarulhos.sp.gov.br\/wp_site\/brincar2022\/\",\"url\":\"http:\/\/portaleducacao.guarulhos.sp.gov.br\/wp_site\/brincar2022\/\",\"name\":\"APRESENTA\u00c7\u00c3O - Semana Mundial do Brincar 2022\",\"isPartOf\":{\"@id\":\"http:\/\/portaleducacao.guarulhos.sp.gov.br\/wp_site\/brincar2022\/#website\"},\"datePublished\":\"2021-05-14T11:51:49+00:00\",\"dateModified\":\"2022-05-06T18:02:45+00:00\",\"breadcrumb\":{\"@id\":\"http:\/\/portaleducacao.guarulhos.sp.gov.br\/wp_site\/brincar2022\/#breadcrumb\"},\"inLanguage\":\"pt-BR\",\"potentialAction\":[{\"@type\":\"ReadAction\",\"target\":[\"http:\/\/portaleducacao.guarulhos.sp.gov.br\/wp_site\/brincar2022\/\"]}]},{\"@type\":\"BreadcrumbList\",\"@id\":\"http:\/\/portaleducacao.guarulhos.sp.gov.br\/wp_site\/brincar2022\/#breadcrumb\",\"itemListElement\":[{\"@type\":\"ListItem\",\"position\":1,\"name\":\"In\u00edcio\",\"item\":\"http:\/\/portaleducacao.guarulhos.sp.gov.br\/wp_site\/brincar2022\/\"},{\"@type\":\"ListItem\",\"position\":2,\"name\":\"APRESENTA\u00c7\u00c3O\"}]},{\"@type\":\"WebSite\",\"@id\":\"http:\/\/portaleducacao.guarulhos.sp.gov.br\/wp_site\/brincar2022\/#website\",\"url\":\"http:\/\/portaleducacao.guarulhos.sp.gov.br\/wp_site\/brincar2022\/\",\"name\":\"Semana Mundial do Brincar 2022\",\"description\":\"Confiar na for\u00e7a do Brincar\",\"potentialAction\":[{\"@type\":\"SearchAction\",\"target\":{\"@type\":\"EntryPoint\",\"urlTemplate\":\"http:\/\/portaleducacao.guarulhos.sp.gov.br\/wp_site\/brincar2022\/?s={search_term_string}\"},\"query-input\":\"required name=search_term_string\"}],\"inLanguage\":\"pt-BR\"}]}<\/script>\r\n<!-- \/ Yoast SEO plugin. -->","yoast_head_json":{"title":"APRESENTA\u00c7\u00c3O - Semana Mundial do Brincar 2022","robots":{"index":"index","follow":"follow","max-snippet":"max-snippet:-1","max-image-preview":"max-image-preview:large","max-video-preview":"max-video-preview:-1"},"canonical":"http:\/\/portaleducacao.guarulhos.sp.gov.br\/wp_site\/brincar2022\/","og_locale":"pt_BR","og_type":"article","og_title":"APRESENTA\u00c7\u00c3O - Semana Mundial do Brincar 2022","og_description":"Quanta coisa cabe em uma brincadeira&#8230;Seja crian\u00e7a, jovem ou adultoVem com a gente experimentar! Maio \u00e9 o m\u00eas da Semana Mundial do Brincar (SMB) e j\u00e1 se sabe que para [&hellip;]","og_url":"http:\/\/portaleducacao.guarulhos.sp.gov.br\/wp_site\/brincar2022\/","og_site_name":"Semana Mundial do Brincar 2022","article_modified_time":"2022-05-06T18:02:45+00:00","twitter_card":"summary_large_image","twitter_misc":{"Est. tempo de leitura":"1 minuto"},"schema":{"@context":"https:\/\/schema.org","@graph":[{"@type":"WebPage","@id":"http:\/\/portaleducacao.guarulhos.sp.gov.br\/wp_site\/brincar2022\/","url":"http:\/\/portaleducacao.guarulhos.sp.gov.br\/wp_site\/brincar2022\/","name":"APRESENTA\u00c7\u00c3O - Semana Mundial do Brincar 2022","isPartOf":{"@id":"http:\/\/portaleducacao.guarulhos.sp.gov.br\/wp_site\/brincar2022\/#website"},"datePublished":"2021-05-14T11:51:49+00:00","dateModified":"2022-05-06T18:02:45+00:00","breadcrumb":{"@id":"http:\/\/portaleducacao.guarulhos.sp.gov.br\/wp_site\/brincar2022\/#breadcrumb"},"inLanguage":"pt-BR","potentialAction":[{"@type":"ReadAction","target":["http:\/\/portaleducacao.guarulhos.sp.gov.br\/wp_site\/brincar2022\/"]}]},{"@type":"BreadcrumbList","@id":"http:\/\/portaleducacao.guarulhos.sp.gov.br\/wp_site\/brincar2022\/#breadcrumb","itemListElement":[{"@type":"ListItem","position":1,"name":"In\u00edcio","item":"http:\/\/portaleducacao.guarulhos.sp.gov.br\/wp_site\/brincar2022\/"},{"@type":"ListItem","position":2,"name":"APRESENTA\u00c7\u00c3O"}]},{"@type":"WebSite","@id":"http:\/\/portaleducacao.guarulhos.sp.gov.br\/wp_site\/brincar2022\/#website","url":"http:\/\/portaleducacao.guarulhos.sp.gov.br\/wp_site\/brincar2022\/","name":"Semana Mundial do Brincar 2022","description":"Confiar na for\u00e7a do Brincar","potentialAction":[{"@type":"SearchAction","target":{"@type":"EntryPoint","urlTemplate":"http:\/\/portaleducacao.guarulhos.sp.gov.br\/wp_site\/brincar2022\/?s={search_term_string}"},"query-input":"required name=search_term_string"}],"inLanguage":"pt-BR"}]}},"_links":{"self":[{"href":"https:\/\/portaleducacao.guarulhos.sp.gov.br\/wp_site\/brincar2022\/wp-json\/wp\/v2\/pages\/2"}],"collection":[{"href":"https:\/\/portaleducacao.guarulhos.sp.gov.br\/wp_site\/brincar2022\/wp-json\/wp\/v2\/pages"}],"about":[{"href":"https:\/\/portaleducacao.guarulhos.sp.gov.br\/wp_site\/brincar2022\/wp-json\/wp\/v2\/types\/page"}],"author":[{"embeddable":true,"href":"https:\/\/portaleducacao.guarulhos.sp.gov.br\/wp_site\/brincar2022\/wp-json\/wp\/v2\/users\/2"}],"replies":[{"embeddable":true,"href":"https:\/\/portaleducacao.guarulhos.sp.gov.br\/wp_site\/brincar2022\/wp-json\/wp\/v2\/comments?post=2"}],"version-history":[{"count":21,"href":"https:\/\/portaleducacao.guarulhos.sp.gov.br\/wp_site\/brincar2022\/wp-json\/wp\/v2\/pages\/2\/revisions"}],"predecessor-version":[{"id":327,"href":"https:\/\/portaleducacao.guarulhos.sp.gov.br\/wp_site\/brincar2022\/wp-json\/wp\/v2\/pages\/2\/revisions\/327"}],"wp:attachment":[{"href":"https:\/\/portaleducacao.guarulhos.sp.gov.br\/wp_site\/brincar2022\/wp-json\/wp\/v2\/media?parent=2"}],"wp:term":[{"taxonomy":"category","embeddable":true,"href":"https:\/\/portaleducacao.guarulhos.sp.gov.br\/wp_site\/brincar2022\/wp-json\/wp\/v2\/categories?post=2"},{"taxonomy":"post_tag","embeddable":true,"href":"https:\/\/portaleducacao.guarulhos.sp.gov.br\/wp_site\/brincar2022\/wp-json\/wp\/v2\/tags?post=2"}],"curies":[{"name":"wp","href":"https:\/\/api.w.org\/{rel}","templated":true}]}}