{"id":41,"date":"2021-05-14T10:14:25","date_gmt":"2021-05-14T13:14:25","guid":{"rendered":"http:\/\/portaleducacao.guarulhos.sp.gov.br\/wp_site\/brincar\/?page_id=41"},"modified":"2022-05-23T12:32:24","modified_gmt":"2022-05-23T15:32:24","slug":"oficinas-e-lives","status":"publish","type":"page","link":"https:\/\/portaleducacao.guarulhos.sp.gov.br\/wp_site\/brincar2022\/oficinas-e-lives\/","title":{"rendered":"encontros formativos"},"content":{"rendered":"\n<h2><strong>ENCONTROS FORMATIVOS<\/strong><\/h2>\n\n\n\n<div style=\"height:47px\" aria-hidden=\"true\" class=\"wp-block-spacer\"><\/div>\n\n\n\n<h3 class=\"has-text-align-center has-vivid-red-color has-text-color\" style=\"font-size:41px\">Per\u00edodo de inscri\u00e7\u00e3o: 23 e 24 de maio de 2022<\/h3>\n\n\n\n<div style=\"height:47px\" aria-hidden=\"true\" class=\"wp-block-spacer\"><\/div>\n\n\n\n<p class=\"has-medium-font-size\"><strong>Data: <\/strong>24 de maio<br><strong>Hor\u00e1rio:<\/strong> 14h \u00e0s 17h<br><strong>Proposta:<\/strong> Ampliar a reflex\u00e3o acerca da Inf\u00e2ncia em busca de uma escuta para al\u00e9m do que as crian\u00e7as s\u00e3o capazes de verbalizar e um olhar sens\u00edvel sobre a Educa\u00e7\u00e3o que valoriza as rela\u00e7\u00f5es e as brincadeiras vividas, experimentadas, investigadas e cantadas no cotidiano da escola. Qual o papel do educador neste contexto?<br><strong>Modalidade: <\/strong>Presencial<br><strong>P\u00fablico Alvo:<\/strong> Educadores (40 vagas &#8211; necess\u00e1rio realizar inscri\u00e7\u00e3o)<br><strong>Respons\u00e1vel:<\/strong>&nbsp; Andressa Carla da Silva Reis, Maria da Concei\u00e7\u00e3o de Andrade Pinto e Regilane Ciolin Paiola<br><strong>Local:<\/strong> EPG Patr\u00edcia Galv\u00e3o<br><strong>Inscri\u00e7\u00e3o: <\/strong><a href=\"https:\/\/portaleducacao.guarulhos.sp.gov.br\/cursos\/formulario\/cadastro.php\">https:\/\/portaleducacao.guarulhos.sp.gov.br\/cursos\/formulario\/cadastro.php<\/a><\/p>\n\n\n\n<div style=\"height:100px\" aria-hidden=\"true\" class=\"wp-block-spacer\"><\/div>\n\n\n\n<p class=\"has-medium-font-size\"><strong>Data: <\/strong>26\/05<br><strong>Hor\u00e1rio<\/strong>: 19h<br><strong>Proposta: <\/strong>Forma\u00e7\u00e3o no Sesc \u2013 Guarulhos com o tema \u201cConfiar no Brincar\u201d<br><strong>Modalidade: <\/strong>Presencial<br><strong>P\u00fablico Alvo: <\/strong>Educadores (22 vagas &#8211; necess\u00e1rio realizar inscri\u00e7\u00e3o)<br><strong>Local<\/strong>: SESC \u2013 Guarulhos &#8211; Sala 4 com transmiss\u00e3o ao vivo pelo Youtube Sesc Guarulhos<br><strong>Respons\u00e1vel:<\/strong> SESC<br><strong>Inscri\u00e7\u00e3o: <\/strong><a href=\"https:\/\/portaleducacao.guarulhos.sp.gov.br\/cursos\/formulario\/cadastro.phpV\"><\/a><a href=\"https:\/\/portaleducacao.guarulhos.sp.gov.br\/cursos\/formulario\/cadastro.php\">https:\/\/portaleducacao.guarulhos.sp.gov.br\/cursos\/formulario\/cadastro.php<\/a><\/p>\n\n\n\n<div style=\"height:100px\" aria-hidden=\"true\" class=\"wp-block-spacer\"><\/div>\n\n\n\n<p class=\"has-medium-font-size\"><strong>Data: <\/strong>27 de maio<br><strong>Hor\u00e1rio: <\/strong>8h \u00e0s 11h<br><strong>Unidade: <\/strong>Secretaria de Educa\u00e7\u00e3o<br><strong>Proposta: C<\/strong>onvidaremos os educadores e educadoras a refletirem sobre os conceitos acerca do Brincar Heur\u00edstico &#8211; brincar da descoberta &#8211; compreendendo a sua inspira\u00e7\u00e3o e a sua import\u00e2ncia para as Inf\u00e2ncias nas escolas. Para tanto, a inten\u00e7\u00e3o da proposta pr\u00e1tica \u00e9 ofertar o espa\u00e7o como lugar de cria\u00e7\u00e3o, para que nele se construa coletivamente os Contextos Investigativos usando os Materiais N\u00e3o Estruturados e os Elementos da Natureza coletados dentro do parque, no territ\u00f3rio formativo.<br><strong>Modalidade: <\/strong>Presencial<br><strong>P\u00fablico Alvo:<\/strong> Educadores (40 vagas &#8211; necess\u00e1rio realizar inscri\u00e7\u00e3o)<br><strong>Respons\u00e1vel: <\/strong>Divis\u00e3o T\u00e9cnica de Forma\u00e7\u00e3o e de Educa\u00e7\u00e3o Ambiental<br><strong>Local: <\/strong>Parque Municipal J\u00falio Fracalanza<br><strong>Inscri\u00e7\u00e3o: <\/strong><a href=\"https:\/\/portaleducacao.guarulhos.sp.gov.br\/cursos\/formulario\/cadastro.php\">https:\/\/portaleducacao.guarulhos.sp.gov.br\/cursos\/formulario\/cadastro.php<\/a><\/p>\n\n\n\n<div style=\"height:100px\" aria-hidden=\"true\" class=\"wp-block-spacer\"><\/div>\n\n\n\n<p class=\"has-medium-font-size\"><strong>Data: <\/strong>27 de maio<br><strong>Hor\u00e1rio:<\/strong> 13h30 \u00e0s 15h<br><strong>Proposta:<\/strong> Criando e Brincando com materiais n\u00e3o estruturados. Oficina criativa que convida a imaginar possibilidades para transformar materiais e objetos diversos em brinquedos e brincadeiras, potencializando as diferentes linguagens e protagonismo infantil. Teremos atividades M\u00e3o na massa e reflex\u00f5es dialogando com o Quadro de Saberes Necess\u00e1rios.<br><strong>Modalidade: <\/strong>Presencial<br><strong>P\u00fablico Alvo:<\/strong> Educadores (40 vagas &#8211; necess\u00e1rio realizar inscri\u00e7\u00e3o)<br><strong>Respons\u00e1vel:<\/strong> PCP da EPG Jo\u00e3o Guimar\u00e3es Rosa &#8211; Elizabete Rodas<br><strong>Local: <\/strong>CEU Continental<br><strong>Inscri\u00e7\u00e3o: <\/strong><a href=\"https:\/\/portaleducacao.guarulhos.sp.gov.br\/cursos\/formulario\/cadastro.php\">https:\/\/portaleducacao.guarulhos.sp.gov.br\/cursos\/formulario\/cadastro.php<\/a><\/p>\n\n\n\n<div style=\"height:100px\" aria-hidden=\"true\" class=\"wp-block-spacer\"><\/div>\n\n\n\n<p class=\"has-medium-font-size\"><strong>Data: <\/strong>27 de maio<br><strong>Hor\u00e1rio: <\/strong>14h \u00e0s 17h<br><strong>Unidade: <\/strong>Secretaria de Educa\u00e7\u00e3o<br><strong>Proposta: <\/strong>Nesse encontro convidaremos os educadores e educadoras a refletirem sobre os conceitos acerca do Brincar Heur\u00edstico &#8211; brincar da descoberta &#8211; compreendendo a sua inspira\u00e7\u00e3o e a sua import\u00e2ncia para as Inf\u00e2ncias nas escolas. Para tanto, a inten\u00e7\u00e3o da proposta pr\u00e1tica \u00e9 ofertar o espa\u00e7o como lugar de cria\u00e7\u00e3o, para que nele se construa coletivamente os Contextos Investigativos usando os Materiais N\u00e3o Estruturados e os Elementos da Natureza coletados dentro do parque, no territ\u00f3rio formativo.<br><strong>Modalidade: <\/strong>Presencial<br><strong>P\u00fablico Alvo: <\/strong>Educadores (40 vagas &#8211; necess\u00e1rio realizar inscri\u00e7\u00e3o)<br><strong>Respons\u00e1vel: <\/strong>Divis\u00e3o T\u00e9cnica de Forma\u00e7\u00e3o e de Educa\u00e7\u00e3o Ambiental<br><strong>Local: <\/strong>Parque Municipal J\u00falio Fracalanza<br><strong>Inscri\u00e7\u00e3o: <\/strong><a href=\"https:\/\/portaleducacao.guarulhos.sp.gov.br\/cursos\/formulario\/cadastro.php\">https:\/\/portaleducacao.guarulhos.sp.gov.br\/cursos\/formulario\/cadastro.php<\/a><\/p>\n\n\n\n<div style=\"height:100px\" aria-hidden=\"true\" class=\"wp-block-spacer\"><\/div>\n","protected":false},"excerpt":{"rendered":"<p>ENCONTROS FORMATIVOS Per\u00edodo de inscri\u00e7\u00e3o: 23 e 24 de maio de 2022 Data: 24 de maioHor\u00e1rio: 14h \u00e0s 17hProposta: Ampliar a reflex\u00e3o acerca da Inf\u00e2ncia em busca de uma escuta [&hellip;]<\/p>\n","protected":false},"author":1,"featured_media":0,"parent":0,"menu_order":0,"comment_status":"closed","ping_status":"closed","template":"","meta":{"_monsterinsights_skip_tracking":false,"_monsterinsights_sitenote_active":false,"_monsterinsights_sitenote_note":"","_monsterinsights_sitenote_category":0,"_expiration-date-status":"","_expiration-date":0,"_expiration-date-type":"","_expiration-date-categories":[],"_expiration-date-options":[]},"categories":[],"tags":[],"yoast_head":"<!-- This site is optimized with the Yoast SEO plugin v19.7.1 - https:\/\/yoast.com\/wordpress\/plugins\/seo\/ -->\r\n<title>encontros formativos - Semana Mundial do Brincar 2022<\/title>\r\n<meta name=\"robots\" content=\"index, follow, max-snippet:-1, max-image-preview:large, max-video-preview:-1\" \/>\r\n<link rel=\"canonical\" href=\"https:\/\/portaleducacao.guarulhos.sp.gov.br\/wp_site\/brincar2022\/oficinas-e-lives\/\" \/>\r\n<meta property=\"og:locale\" content=\"pt_BR\" \/>\r\n<meta property=\"og:type\" content=\"article\" \/>\r\n<meta property=\"og:title\" content=\"encontros formativos - Semana Mundial do Brincar 2022\" \/>\r\n<meta property=\"og:description\" content=\"ENCONTROS FORMATIVOS Per\u00edodo de inscri\u00e7\u00e3o: 23 e 24 de maio de 2022 Data: 24 de maioHor\u00e1rio: 14h \u00e0s 17hProposta: Ampliar a reflex\u00e3o acerca da Inf\u00e2ncia em busca de uma escuta [&hellip;]\" \/>\r\n<meta property=\"og:url\" content=\"https:\/\/portaleducacao.guarulhos.sp.gov.br\/wp_site\/brincar2022\/oficinas-e-lives\/\" \/>\r\n<meta property=\"og:site_name\" content=\"Semana Mundial do Brincar 2022\" \/>\r\n<meta property=\"article:modified_time\" content=\"2022-05-23T15:32:24+00:00\" \/>\r\n<meta name=\"twitter:card\" content=\"summary_large_image\" \/>\r\n<meta name=\"twitter:label1\" content=\"Est. tempo de leitura\" \/>\n\t<meta name=\"twitter:data1\" content=\"3 minutos\" \/>\r\n<script type=\"application\/ld+json\" class=\"yoast-schema-graph\">{\"@context\":\"https:\/\/schema.org\",\"@graph\":[{\"@type\":\"WebPage\",\"@id\":\"https:\/\/portaleducacao.guarulhos.sp.gov.br\/wp_site\/brincar2022\/oficinas-e-lives\/\",\"url\":\"https:\/\/portaleducacao.guarulhos.sp.gov.br\/wp_site\/brincar2022\/oficinas-e-lives\/\",\"name\":\"encontros formativos - Semana Mundial do Brincar 2022\",\"isPartOf\":{\"@id\":\"http:\/\/portaleducacao.guarulhos.sp.gov.br\/wp_site\/brincar2022\/#website\"},\"datePublished\":\"2021-05-14T13:14:25+00:00\",\"dateModified\":\"2022-05-23T15:32:24+00:00\",\"breadcrumb\":{\"@id\":\"https:\/\/portaleducacao.guarulhos.sp.gov.br\/wp_site\/brincar2022\/oficinas-e-lives\/#breadcrumb\"},\"inLanguage\":\"pt-BR\",\"potentialAction\":[{\"@type\":\"ReadAction\",\"target\":[\"https:\/\/portaleducacao.guarulhos.sp.gov.br\/wp_site\/brincar2022\/oficinas-e-lives\/\"]}]},{\"@type\":\"BreadcrumbList\",\"@id\":\"https:\/\/portaleducacao.guarulhos.sp.gov.br\/wp_site\/brincar2022\/oficinas-e-lives\/#breadcrumb\",\"itemListElement\":[{\"@type\":\"ListItem\",\"position\":1,\"name\":\"In\u00edcio\",\"item\":\"http:\/\/portaleducacao.guarulhos.sp.gov.br\/wp_site\/brincar2022\/\"},{\"@type\":\"ListItem\",\"position\":2,\"name\":\"encontros formativos\"}]},{\"@type\":\"WebSite\",\"@id\":\"http:\/\/portaleducacao.guarulhos.sp.gov.br\/wp_site\/brincar2022\/#website\",\"url\":\"http:\/\/portaleducacao.guarulhos.sp.gov.br\/wp_site\/brincar2022\/\",\"name\":\"Semana Mundial do Brincar 2022\",\"description\":\"Confiar na for\u00e7a do Brincar\",\"potentialAction\":[{\"@type\":\"SearchAction\",\"target\":{\"@type\":\"EntryPoint\",\"urlTemplate\":\"http:\/\/portaleducacao.guarulhos.sp.gov.br\/wp_site\/brincar2022\/?s={search_term_string}\"},\"query-input\":\"required name=search_term_string\"}],\"inLanguage\":\"pt-BR\"}]}<\/script>\r\n<!-- \/ Yoast SEO plugin. -->","yoast_head_json":{"title":"encontros formativos - Semana Mundial do Brincar 2022","robots":{"index":"index","follow":"follow","max-snippet":"max-snippet:-1","max-image-preview":"max-image-preview:large","max-video-preview":"max-video-preview:-1"},"canonical":"https:\/\/portaleducacao.guarulhos.sp.gov.br\/wp_site\/brincar2022\/oficinas-e-lives\/","og_locale":"pt_BR","og_type":"article","og_title":"encontros formativos - Semana Mundial do Brincar 2022","og_description":"ENCONTROS FORMATIVOS Per\u00edodo de inscri\u00e7\u00e3o: 23 e 24 de maio de 2022 Data: 24 de maioHor\u00e1rio: 14h \u00e0s 17hProposta: Ampliar a reflex\u00e3o acerca da Inf\u00e2ncia em busca de uma escuta [&hellip;]","og_url":"https:\/\/portaleducacao.guarulhos.sp.gov.br\/wp_site\/brincar2022\/oficinas-e-lives\/","og_site_name":"Semana Mundial do Brincar 2022","article_modified_time":"2022-05-23T15:32:24+00:00","twitter_card":"summary_large_image","twitter_misc":{"Est. tempo de leitura":"3 minutos"},"schema":{"@context":"https:\/\/schema.org","@graph":[{"@type":"WebPage","@id":"https:\/\/portaleducacao.guarulhos.sp.gov.br\/wp_site\/brincar2022\/oficinas-e-lives\/","url":"https:\/\/portaleducacao.guarulhos.sp.gov.br\/wp_site\/brincar2022\/oficinas-e-lives\/","name":"encontros formativos - Semana Mundial do Brincar 2022","isPartOf":{"@id":"http:\/\/portaleducacao.guarulhos.sp.gov.br\/wp_site\/brincar2022\/#website"},"datePublished":"2021-05-14T13:14:25+00:00","dateModified":"2022-05-23T15:32:24+00:00","breadcrumb":{"@id":"https:\/\/portaleducacao.guarulhos.sp.gov.br\/wp_site\/brincar2022\/oficinas-e-lives\/#breadcrumb"},"inLanguage":"pt-BR","potentialAction":[{"@type":"ReadAction","target":["https:\/\/portaleducacao.guarulhos.sp.gov.br\/wp_site\/brincar2022\/oficinas-e-lives\/"]}]},{"@type":"BreadcrumbList","@id":"https:\/\/portaleducacao.guarulhos.sp.gov.br\/wp_site\/brincar2022\/oficinas-e-lives\/#breadcrumb","itemListElement":[{"@type":"ListItem","position":1,"name":"In\u00edcio","item":"http:\/\/portaleducacao.guarulhos.sp.gov.br\/wp_site\/brincar2022\/"},{"@type":"ListItem","position":2,"name":"encontros formativos"}]},{"@type":"WebSite","@id":"http:\/\/portaleducacao.guarulhos.sp.gov.br\/wp_site\/brincar2022\/#website","url":"http:\/\/portaleducacao.guarulhos.sp.gov.br\/wp_site\/brincar2022\/","name":"Semana Mundial do Brincar 2022","description":"Confiar na for\u00e7a do Brincar","potentialAction":[{"@type":"SearchAction","target":{"@type":"EntryPoint","urlTemplate":"http:\/\/portaleducacao.guarulhos.sp.gov.br\/wp_site\/brincar2022\/?s={search_term_string}"},"query-input":"required name=search_term_string"}],"inLanguage":"pt-BR"}]}},"_links":{"self":[{"href":"https:\/\/portaleducacao.guarulhos.sp.gov.br\/wp_site\/brincar2022\/wp-json\/wp\/v2\/pages\/41"}],"collection":[{"href":"https:\/\/portaleducacao.guarulhos.sp.gov.br\/wp_site\/brincar2022\/wp-json\/wp\/v2\/pages"}],"about":[{"href":"https:\/\/portaleducacao.guarulhos.sp.gov.br\/wp_site\/brincar2022\/wp-json\/wp\/v2\/types\/page"}],"author":[{"embeddable":true,"href":"https:\/\/portaleducacao.guarulhos.sp.gov.br\/wp_site\/brincar2022\/wp-json\/wp\/v2\/users\/1"}],"replies":[{"embeddable":true,"href":"https:\/\/portaleducacao.guarulhos.sp.gov.br\/wp_site\/brincar2022\/wp-json\/wp\/v2\/comments?post=41"}],"version-history":[{"count":28,"href":"https:\/\/portaleducacao.guarulhos.sp.gov.br\/wp_site\/brincar2022\/wp-json\/wp\/v2\/pages\/41\/revisions"}],"predecessor-version":[{"id":499,"href":"https:\/\/portaleducacao.guarulhos.sp.gov.br\/wp_site\/brincar2022\/wp-json\/wp\/v2\/pages\/41\/revisions\/499"}],"wp:attachment":[{"href":"https:\/\/portaleducacao.guarulhos.sp.gov.br\/wp_site\/brincar2022\/wp-json\/wp\/v2\/media?parent=41"}],"wp:term":[{"taxonomy":"category","embeddable":true,"href":"https:\/\/portaleducacao.guarulhos.sp.gov.br\/wp_site\/brincar2022\/wp-json\/wp\/v2\/categories?post=41"},{"taxonomy":"post_tag","embeddable":true,"href":"https:\/\/portaleducacao.guarulhos.sp.gov.br\/wp_site\/brincar2022\/wp-json\/wp\/v2\/tags?post=41"}],"curies":[{"name":"wp","href":"https:\/\/api.w.org\/{rel}","templated":true}]}}