{"id":129,"date":"2021-06-02T11:12:30","date_gmt":"2021-06-02T14:12:30","guid":{"rendered":"http:\/\/portaleducacao.guarulhos.sp.gov.br\/wp_site\/englishgru\/?page_id=129"},"modified":"2021-06-02T11:12:30","modified_gmt":"2021-06-02T14:12:30","slug":"semana-do-brincar-2021","status":"publish","type":"page","link":"https:\/\/portaleducacao.guarulhos.sp.gov.br\/wp_site\/englishgru\/semana-do-brincar-2021\/","title":{"rendered":"Semana do Brincar &#8211; 2021"},"content":{"rendered":"\n<p>Na \u00faltima semana do m\u00eas de Maio, acontece a Semana Mundial do Brincar, no nosso munic\u00edpio j\u00e1 \u00e9 tradi\u00e7\u00e3o comemorar essa semana t\u00e3o especial nas nossas escolas.<\/p>\n\n\n\n<p>Em 2021, mesmo com o distanciamento social, n\u00e3o poder\u00edamos deixar de celebrar. Para isso, aconteceram v\u00e1rias a\u00e7\u00f5es, dentre elas, as Teachers Thalita Rios e Fernanda Batista fizeram uma live com jogos e brincadeiras on-line, com intera\u00e7\u00e3o das crian\u00e7as atrav\u00e9s do chat.<\/p>\n\n\n\n<figure class=\"wp-block-image size-large is-resized\"><img loading=\"lazy\" src=\"http:\/\/portaleducacao.guarulhos.sp.gov.br\/wp_site\/englishgru\/wp-content\/uploads\/sites\/8\/2021\/06\/WhatsApp-Image-2021-06-02-at-11.02.35-AM-1024x1024.jpeg\" alt=\"\" class=\"wp-image-130\" width=\"518\" height=\"518\" srcset=\"https:\/\/portaleducacao.guarulhos.sp.gov.br\/wp_site\/englishgru\/wp-content\/uploads\/sites\/8\/2021\/06\/WhatsApp-Image-2021-06-02-at-11.02.35-AM-1024x1024.jpeg 1024w, https:\/\/portaleducacao.guarulhos.sp.gov.br\/wp_site\/englishgru\/wp-content\/uploads\/sites\/8\/2021\/06\/WhatsApp-Image-2021-06-02-at-11.02.35-AM-300x300.jpeg 300w, https:\/\/portaleducacao.guarulhos.sp.gov.br\/wp_site\/englishgru\/wp-content\/uploads\/sites\/8\/2021\/06\/WhatsApp-Image-2021-06-02-at-11.02.35-AM-150x150.jpeg 150w, https:\/\/portaleducacao.guarulhos.sp.gov.br\/wp_site\/englishgru\/wp-content\/uploads\/sites\/8\/2021\/06\/WhatsApp-Image-2021-06-02-at-11.02.35-AM-768x768.jpeg 768w, https:\/\/portaleducacao.guarulhos.sp.gov.br\/wp_site\/englishgru\/wp-content\/uploads\/sites\/8\/2021\/06\/WhatsApp-Image-2021-06-02-at-11.02.35-AM.jpeg 1080w\" sizes=\"(max-width: 518px) 100vw, 518px\" \/><\/figure>\n\n\n\n<p class=\"has-larger-font-size\">Assista a grava\u00e7\u00e3o da live <a href=\"http:\/\/www.youtube.com\/watch?v=QttKs0T5jQw\">clicando aqui<\/a>, and enjoy it!!!<\/p>\n","protected":false},"excerpt":{"rendered":"<p>Na \u00faltima semana do m\u00eas de Maio, acontece a Semana Mundial do Brincar, no nosso munic\u00edpio j\u00e1 \u00e9 tradi\u00e7\u00e3o comemorar essa semana t\u00e3o especial nas nossas escolas. Em 2021, mesmo [&hellip;]<\/p>\n","protected":false},"author":9,"featured_media":0,"parent":0,"menu_order":0,"comment_status":"closed","ping_status":"closed","template":"","meta":{"_monsterinsights_skip_tracking":false,"_monsterinsights_sitenote_active":false,"_monsterinsights_sitenote_note":"","_monsterinsights_sitenote_category":0,"_expiration-date-status":"","_expiration-date":0,"_expiration-date-type":"","_expiration-date-categories":[],"_expiration-date-options":[]},"categories":[],"tags":[],"yoast_head":"<!-- This site is optimized with the Yoast SEO plugin v19.7.1 - https:\/\/yoast.com\/wordpress\/plugins\/seo\/ -->\r\n<title>Semana do Brincar - 2021 - English Gru<\/title>\r\n<meta name=\"robots\" content=\"index, follow, max-snippet:-1, max-image-preview:large, max-video-preview:-1\" \/>\r\n<link rel=\"canonical\" href=\"http:\/\/portaleducacao.guarulhos.sp.gov.br\/wp_site\/englishgru\/semana-do-brincar-2021\/\" \/>\r\n<meta property=\"og:locale\" content=\"pt_BR\" \/>\r\n<meta property=\"og:type\" content=\"article\" \/>\r\n<meta property=\"og:title\" content=\"Semana do Brincar - 2021 - English Gru\" \/>\r\n<meta property=\"og:description\" content=\"Na \u00faltima semana do m\u00eas de Maio, acontece a Semana Mundial do Brincar, no nosso munic\u00edpio j\u00e1 \u00e9 tradi\u00e7\u00e3o comemorar essa semana t\u00e3o especial nas nossas escolas. Em 2021, mesmo [&hellip;]\" \/>\r\n<meta property=\"og:url\" content=\"http:\/\/portaleducacao.guarulhos.sp.gov.br\/wp_site\/englishgru\/semana-do-brincar-2021\/\" \/>\r\n<meta property=\"og:site_name\" content=\"English Gru\" \/>\r\n<meta property=\"og:image\" content=\"http:\/\/portaleducacao.guarulhos.sp.gov.br\/wp_site\/englishgru\/wp-content\/uploads\/sites\/8\/2021\/06\/WhatsApp-Image-2021-06-02-at-11.02.35-AM-1024x1024.jpeg\" \/>\r\n<meta name=\"twitter:card\" content=\"summary_large_image\" \/>\r\n<script type=\"application\/ld+json\" class=\"yoast-schema-graph\">{\"@context\":\"https:\/\/schema.org\",\"@graph\":[{\"@type\":\"WebPage\",\"@id\":\"http:\/\/portaleducacao.guarulhos.sp.gov.br\/wp_site\/englishgru\/semana-do-brincar-2021\/\",\"url\":\"http:\/\/portaleducacao.guarulhos.sp.gov.br\/wp_site\/englishgru\/semana-do-brincar-2021\/\",\"name\":\"Semana do Brincar - 2021 - English Gru\",\"isPartOf\":{\"@id\":\"https:\/\/portaleducacao.guarulhos.sp.gov.br\/wp_site\/englishgru\/#website\"},\"datePublished\":\"2021-06-02T14:12:30+00:00\",\"dateModified\":\"2021-06-02T14:12:30+00:00\",\"breadcrumb\":{\"@id\":\"http:\/\/portaleducacao.guarulhos.sp.gov.br\/wp_site\/englishgru\/semana-do-brincar-2021\/#breadcrumb\"},\"inLanguage\":\"pt-BR\",\"potentialAction\":[{\"@type\":\"ReadAction\",\"target\":[\"http:\/\/portaleducacao.guarulhos.sp.gov.br\/wp_site\/englishgru\/semana-do-brincar-2021\/\"]}]},{\"@type\":\"BreadcrumbList\",\"@id\":\"http:\/\/portaleducacao.guarulhos.sp.gov.br\/wp_site\/englishgru\/semana-do-brincar-2021\/#breadcrumb\",\"itemListElement\":[{\"@type\":\"ListItem\",\"position\":1,\"name\":\"In\u00edcio\",\"item\":\"https:\/\/portaleducacao.guarulhos.sp.gov.br\/wp_site\/englishgru\/\"},{\"@type\":\"ListItem\",\"position\":2,\"name\":\"Semana do Brincar &#8211; 2021\"}]},{\"@type\":\"WebSite\",\"@id\":\"https:\/\/portaleducacao.guarulhos.sp.gov.br\/wp_site\/englishgru\/#website\",\"url\":\"https:\/\/portaleducacao.guarulhos.sp.gov.br\/wp_site\/englishgru\/\",\"name\":\"English Gru\",\"description\":\"L\u00edngua e Cultura Inglesa - LECI\",\"publisher\":{\"@id\":\"https:\/\/portaleducacao.guarulhos.sp.gov.br\/wp_site\/englishgru\/#organization\"},\"potentialAction\":[{\"@type\":\"SearchAction\",\"target\":{\"@type\":\"EntryPoint\",\"urlTemplate\":\"https:\/\/portaleducacao.guarulhos.sp.gov.br\/wp_site\/englishgru\/?s={search_term_string}\"},\"query-input\":\"required name=search_term_string\"}],\"inLanguage\":\"pt-BR\"},{\"@type\":\"Organization\",\"@id\":\"https:\/\/portaleducacao.guarulhos.sp.gov.br\/wp_site\/englishgru\/#organization\",\"name\":\"English Gru\",\"url\":\"https:\/\/portaleducacao.guarulhos.sp.gov.br\/wp_site\/englishgru\/\",\"sameAs\":[],\"logo\":{\"@type\":\"ImageObject\",\"inLanguage\":\"pt-BR\",\"@id\":\"https:\/\/portaleducacao.guarulhos.sp.gov.br\/wp_site\/englishgru\/#\/schema\/logo\/image\/\",\"url\":\"https:\/\/portaleducacao.guarulhos.sp.gov.br\/wp_site\/englishgru\/wp-content\/uploads\/sites\/8\/2021\/04\/cropped-logo_transparente-removebg-preview.png\",\"contentUrl\":\"https:\/\/portaleducacao.guarulhos.sp.gov.br\/wp_site\/englishgru\/wp-content\/uploads\/sites\/8\/2021\/04\/cropped-logo_transparente-removebg-preview.png\",\"width\":382,\"height\":222,\"caption\":\"English Gru\"},\"image\":{\"@id\":\"https:\/\/portaleducacao.guarulhos.sp.gov.br\/wp_site\/englishgru\/#\/schema\/logo\/image\/\"}}]}<\/script>\r\n<!-- \/ Yoast SEO plugin. -->","yoast_head_json":{"title":"Semana do Brincar - 2021 - English Gru","robots":{"index":"index","follow":"follow","max-snippet":"max-snippet:-1","max-image-preview":"max-image-preview:large","max-video-preview":"max-video-preview:-1"},"canonical":"http:\/\/portaleducacao.guarulhos.sp.gov.br\/wp_site\/englishgru\/semana-do-brincar-2021\/","og_locale":"pt_BR","og_type":"article","og_title":"Semana do Brincar - 2021 - English Gru","og_description":"Na \u00faltima semana do m\u00eas de Maio, acontece a Semana Mundial do Brincar, no nosso munic\u00edpio j\u00e1 \u00e9 tradi\u00e7\u00e3o comemorar essa semana t\u00e3o especial nas nossas escolas. Em 2021, mesmo [&hellip;]","og_url":"http:\/\/portaleducacao.guarulhos.sp.gov.br\/wp_site\/englishgru\/semana-do-brincar-2021\/","og_site_name":"English Gru","og_image":[{"url":"http:\/\/portaleducacao.guarulhos.sp.gov.br\/wp_site\/englishgru\/wp-content\/uploads\/sites\/8\/2021\/06\/WhatsApp-Image-2021-06-02-at-11.02.35-AM-1024x1024.jpeg"}],"twitter_card":"summary_large_image","schema":{"@context":"https:\/\/schema.org","@graph":[{"@type":"WebPage","@id":"http:\/\/portaleducacao.guarulhos.sp.gov.br\/wp_site\/englishgru\/semana-do-brincar-2021\/","url":"http:\/\/portaleducacao.guarulhos.sp.gov.br\/wp_site\/englishgru\/semana-do-brincar-2021\/","name":"Semana do Brincar - 2021 - English Gru","isPartOf":{"@id":"https:\/\/portaleducacao.guarulhos.sp.gov.br\/wp_site\/englishgru\/#website"},"datePublished":"2021-06-02T14:12:30+00:00","dateModified":"2021-06-02T14:12:30+00:00","breadcrumb":{"@id":"http:\/\/portaleducacao.guarulhos.sp.gov.br\/wp_site\/englishgru\/semana-do-brincar-2021\/#breadcrumb"},"inLanguage":"pt-BR","potentialAction":[{"@type":"ReadAction","target":["http:\/\/portaleducacao.guarulhos.sp.gov.br\/wp_site\/englishgru\/semana-do-brincar-2021\/"]}]},{"@type":"BreadcrumbList","@id":"http:\/\/portaleducacao.guarulhos.sp.gov.br\/wp_site\/englishgru\/semana-do-brincar-2021\/#breadcrumb","itemListElement":[{"@type":"ListItem","position":1,"name":"In\u00edcio","item":"https:\/\/portaleducacao.guarulhos.sp.gov.br\/wp_site\/englishgru\/"},{"@type":"ListItem","position":2,"name":"Semana do Brincar &#8211; 2021"}]},{"@type":"WebSite","@id":"https:\/\/portaleducacao.guarulhos.sp.gov.br\/wp_site\/englishgru\/#website","url":"https:\/\/portaleducacao.guarulhos.sp.gov.br\/wp_site\/englishgru\/","name":"English Gru","description":"L\u00edngua e Cultura Inglesa - LECI","publisher":{"@id":"https:\/\/portaleducacao.guarulhos.sp.gov.br\/wp_site\/englishgru\/#organization"},"potentialAction":[{"@type":"SearchAction","target":{"@type":"EntryPoint","urlTemplate":"https:\/\/portaleducacao.guarulhos.sp.gov.br\/wp_site\/englishgru\/?s={search_term_string}"},"query-input":"required name=search_term_string"}],"inLanguage":"pt-BR"},{"@type":"Organization","@id":"https:\/\/portaleducacao.guarulhos.sp.gov.br\/wp_site\/englishgru\/#organization","name":"English Gru","url":"https:\/\/portaleducacao.guarulhos.sp.gov.br\/wp_site\/englishgru\/","sameAs":[],"logo":{"@type":"ImageObject","inLanguage":"pt-BR","@id":"https:\/\/portaleducacao.guarulhos.sp.gov.br\/wp_site\/englishgru\/#\/schema\/logo\/image\/","url":"https:\/\/portaleducacao.guarulhos.sp.gov.br\/wp_site\/englishgru\/wp-content\/uploads\/sites\/8\/2021\/04\/cropped-logo_transparente-removebg-preview.png","contentUrl":"https:\/\/portaleducacao.guarulhos.sp.gov.br\/wp_site\/englishgru\/wp-content\/uploads\/sites\/8\/2021\/04\/cropped-logo_transparente-removebg-preview.png","width":382,"height":222,"caption":"English Gru"},"image":{"@id":"https:\/\/portaleducacao.guarulhos.sp.gov.br\/wp_site\/englishgru\/#\/schema\/logo\/image\/"}}]}},"_links":{"self":[{"href":"https:\/\/portaleducacao.guarulhos.sp.gov.br\/wp_site\/englishgru\/wp-json\/wp\/v2\/pages\/129"}],"collection":[{"href":"https:\/\/portaleducacao.guarulhos.sp.gov.br\/wp_site\/englishgru\/wp-json\/wp\/v2\/pages"}],"about":[{"href":"https:\/\/portaleducacao.guarulhos.sp.gov.br\/wp_site\/englishgru\/wp-json\/wp\/v2\/types\/page"}],"author":[{"embeddable":true,"href":"https:\/\/portaleducacao.guarulhos.sp.gov.br\/wp_site\/englishgru\/wp-json\/wp\/v2\/users\/9"}],"replies":[{"embeddable":true,"href":"https:\/\/portaleducacao.guarulhos.sp.gov.br\/wp_site\/englishgru\/wp-json\/wp\/v2\/comments?post=129"}],"version-history":[{"count":1,"href":"https:\/\/portaleducacao.guarulhos.sp.gov.br\/wp_site\/englishgru\/wp-json\/wp\/v2\/pages\/129\/revisions"}],"predecessor-version":[{"id":131,"href":"https:\/\/portaleducacao.guarulhos.sp.gov.br\/wp_site\/englishgru\/wp-json\/wp\/v2\/pages\/129\/revisions\/131"}],"wp:attachment":[{"href":"https:\/\/portaleducacao.guarulhos.sp.gov.br\/wp_site\/englishgru\/wp-json\/wp\/v2\/media?parent=129"}],"wp:term":[{"taxonomy":"category","embeddable":true,"href":"https:\/\/portaleducacao.guarulhos.sp.gov.br\/wp_site\/englishgru\/wp-json\/wp\/v2\/categories?post=129"},{"taxonomy":"post_tag","embeddable":true,"href":"https:\/\/portaleducacao.guarulhos.sp.gov.br\/wp_site\/englishgru\/wp-json\/wp\/v2\/tags?post=129"}],"curies":[{"name":"wp","href":"https:\/\/api.w.org\/{rel}","templated":true}]}}