{"id":136,"date":"2021-06-02T11:21:37","date_gmt":"2021-06-02T14:21:37","guid":{"rendered":"http:\/\/portaleducacao.guarulhos.sp.gov.br\/wp_site\/englishgru\/?page_id=136"},"modified":"2021-06-02T11:21:37","modified_gmt":"2021-06-02T14:21:37","slug":"e-hora-do-ingles-2","status":"publish","type":"page","link":"https:\/\/portaleducacao.guarulhos.sp.gov.br\/wp_site\/englishgru\/e-hora-do-ingles-2\/","title":{"rendered":"\u00c9 Hora do Ingl\u00eas"},"content":{"rendered":"\n<p>No dia 15 de Maio de 2020, aconteceu a estreia do quadro \u00c9 Hora do Ingl\u00eas, no Programa Saberes em Casa.<\/p>\n\n\n\n<p>Cheio de ludicidade, com muita alegria, nossos Teachers entram nos lares das crian\u00e7as, fortalecendo o v\u00ednculo afetivo e ampliando a vis\u00e3o de mundo dos nossos educandos e educandas.<\/p>\n\n\n\n<p>Al\u00e9m dos epis\u00f3dios do programa, a\u00e7\u00f5es como exposi\u00e7\u00f5es virtuais e formul\u00e1rios para intera\u00e7\u00e3o s\u00e3o realizadas todos os meses. Acompanhe no menu tudo que j\u00e1 foi realizado, and enjoy it!<\/p>\n","protected":false},"excerpt":{"rendered":"<p>No dia 15 de Maio de 2020, aconteceu a estreia do quadro \u00c9 Hora do Ingl\u00eas, no Programa Saberes em Casa. Cheio de ludicidade, com muita alegria, nossos Teachers entram [&hellip;]<\/p>\n","protected":false},"author":9,"featured_media":0,"parent":0,"menu_order":0,"comment_status":"closed","ping_status":"closed","template":"","meta":{"_monsterinsights_skip_tracking":false,"_monsterinsights_sitenote_active":false,"_monsterinsights_sitenote_note":"","_monsterinsights_sitenote_category":0,"_expiration-date-status":"","_expiration-date":0,"_expiration-date-type":"","_expiration-date-categories":[],"_expiration-date-options":[]},"categories":[],"tags":[],"yoast_head":"<!-- This site is optimized with the Yoast SEO plugin v19.7.1 - https:\/\/yoast.com\/wordpress\/plugins\/seo\/ -->\r\n<title>\u00c9 Hora do Ingl\u00eas - English Gru<\/title>\r\n<meta name=\"robots\" content=\"index, follow, max-snippet:-1, max-image-preview:large, max-video-preview:-1\" \/>\r\n<link rel=\"canonical\" href=\"http:\/\/portaleducacao.guarulhos.sp.gov.br\/wp_site\/englishgru\/e-hora-do-ingles-2\/\" \/>\r\n<meta property=\"og:locale\" content=\"pt_BR\" \/>\r\n<meta property=\"og:type\" content=\"article\" \/>\r\n<meta property=\"og:title\" content=\"\u00c9 Hora do Ingl\u00eas - English Gru\" \/>\r\n<meta property=\"og:description\" content=\"No dia 15 de Maio de 2020, aconteceu a estreia do quadro \u00c9 Hora do Ingl\u00eas, no Programa Saberes em Casa. Cheio de ludicidade, com muita alegria, nossos Teachers entram [&hellip;]\" \/>\r\n<meta property=\"og:url\" content=\"http:\/\/portaleducacao.guarulhos.sp.gov.br\/wp_site\/englishgru\/e-hora-do-ingles-2\/\" \/>\r\n<meta property=\"og:site_name\" content=\"English Gru\" \/>\r\n<meta name=\"twitter:card\" content=\"summary_large_image\" \/>\r\n<script type=\"application\/ld+json\" class=\"yoast-schema-graph\">{\"@context\":\"https:\/\/schema.org\",\"@graph\":[{\"@type\":\"WebPage\",\"@id\":\"http:\/\/portaleducacao.guarulhos.sp.gov.br\/wp_site\/englishgru\/e-hora-do-ingles-2\/\",\"url\":\"http:\/\/portaleducacao.guarulhos.sp.gov.br\/wp_site\/englishgru\/e-hora-do-ingles-2\/\",\"name\":\"\u00c9 Hora do Ingl\u00eas - English Gru\",\"isPartOf\":{\"@id\":\"https:\/\/portaleducacao.guarulhos.sp.gov.br\/wp_site\/englishgru\/#website\"},\"datePublished\":\"2021-06-02T14:21:37+00:00\",\"dateModified\":\"2021-06-02T14:21:37+00:00\",\"breadcrumb\":{\"@id\":\"http:\/\/portaleducacao.guarulhos.sp.gov.br\/wp_site\/englishgru\/e-hora-do-ingles-2\/#breadcrumb\"},\"inLanguage\":\"pt-BR\",\"potentialAction\":[{\"@type\":\"ReadAction\",\"target\":[\"http:\/\/portaleducacao.guarulhos.sp.gov.br\/wp_site\/englishgru\/e-hora-do-ingles-2\/\"]}]},{\"@type\":\"BreadcrumbList\",\"@id\":\"http:\/\/portaleducacao.guarulhos.sp.gov.br\/wp_site\/englishgru\/e-hora-do-ingles-2\/#breadcrumb\",\"itemListElement\":[{\"@type\":\"ListItem\",\"position\":1,\"name\":\"In\u00edcio\",\"item\":\"https:\/\/portaleducacao.guarulhos.sp.gov.br\/wp_site\/englishgru\/\"},{\"@type\":\"ListItem\",\"position\":2,\"name\":\"\u00c9 Hora do Ingl\u00eas\"}]},{\"@type\":\"WebSite\",\"@id\":\"https:\/\/portaleducacao.guarulhos.sp.gov.br\/wp_site\/englishgru\/#website\",\"url\":\"https:\/\/portaleducacao.guarulhos.sp.gov.br\/wp_site\/englishgru\/\",\"name\":\"English Gru\",\"description\":\"L\u00edngua e Cultura Inglesa - LECI\",\"publisher\":{\"@id\":\"https:\/\/portaleducacao.guarulhos.sp.gov.br\/wp_site\/englishgru\/#organization\"},\"potentialAction\":[{\"@type\":\"SearchAction\",\"target\":{\"@type\":\"EntryPoint\",\"urlTemplate\":\"https:\/\/portaleducacao.guarulhos.sp.gov.br\/wp_site\/englishgru\/?s={search_term_string}\"},\"query-input\":\"required name=search_term_string\"}],\"inLanguage\":\"pt-BR\"},{\"@type\":\"Organization\",\"@id\":\"https:\/\/portaleducacao.guarulhos.sp.gov.br\/wp_site\/englishgru\/#organization\",\"name\":\"English Gru\",\"url\":\"https:\/\/portaleducacao.guarulhos.sp.gov.br\/wp_site\/englishgru\/\",\"sameAs\":[],\"logo\":{\"@type\":\"ImageObject\",\"inLanguage\":\"pt-BR\",\"@id\":\"https:\/\/portaleducacao.guarulhos.sp.gov.br\/wp_site\/englishgru\/#\/schema\/logo\/image\/\",\"url\":\"https:\/\/portaleducacao.guarulhos.sp.gov.br\/wp_site\/englishgru\/wp-content\/uploads\/sites\/8\/2021\/04\/cropped-logo_transparente-removebg-preview.png\",\"contentUrl\":\"https:\/\/portaleducacao.guarulhos.sp.gov.br\/wp_site\/englishgru\/wp-content\/uploads\/sites\/8\/2021\/04\/cropped-logo_transparente-removebg-preview.png\",\"width\":382,\"height\":222,\"caption\":\"English Gru\"},\"image\":{\"@id\":\"https:\/\/portaleducacao.guarulhos.sp.gov.br\/wp_site\/englishgru\/#\/schema\/logo\/image\/\"}}]}<\/script>\r\n<!-- \/ Yoast SEO plugin. -->","yoast_head_json":{"title":"\u00c9 Hora do Ingl\u00eas - English Gru","robots":{"index":"index","follow":"follow","max-snippet":"max-snippet:-1","max-image-preview":"max-image-preview:large","max-video-preview":"max-video-preview:-1"},"canonical":"http:\/\/portaleducacao.guarulhos.sp.gov.br\/wp_site\/englishgru\/e-hora-do-ingles-2\/","og_locale":"pt_BR","og_type":"article","og_title":"\u00c9 Hora do Ingl\u00eas - English Gru","og_description":"No dia 15 de Maio de 2020, aconteceu a estreia do quadro \u00c9 Hora do Ingl\u00eas, no Programa Saberes em Casa. Cheio de ludicidade, com muita alegria, nossos Teachers entram [&hellip;]","og_url":"http:\/\/portaleducacao.guarulhos.sp.gov.br\/wp_site\/englishgru\/e-hora-do-ingles-2\/","og_site_name":"English Gru","twitter_card":"summary_large_image","schema":{"@context":"https:\/\/schema.org","@graph":[{"@type":"WebPage","@id":"http:\/\/portaleducacao.guarulhos.sp.gov.br\/wp_site\/englishgru\/e-hora-do-ingles-2\/","url":"http:\/\/portaleducacao.guarulhos.sp.gov.br\/wp_site\/englishgru\/e-hora-do-ingles-2\/","name":"\u00c9 Hora do Ingl\u00eas - English Gru","isPartOf":{"@id":"https:\/\/portaleducacao.guarulhos.sp.gov.br\/wp_site\/englishgru\/#website"},"datePublished":"2021-06-02T14:21:37+00:00","dateModified":"2021-06-02T14:21:37+00:00","breadcrumb":{"@id":"http:\/\/portaleducacao.guarulhos.sp.gov.br\/wp_site\/englishgru\/e-hora-do-ingles-2\/#breadcrumb"},"inLanguage":"pt-BR","potentialAction":[{"@type":"ReadAction","target":["http:\/\/portaleducacao.guarulhos.sp.gov.br\/wp_site\/englishgru\/e-hora-do-ingles-2\/"]}]},{"@type":"BreadcrumbList","@id":"http:\/\/portaleducacao.guarulhos.sp.gov.br\/wp_site\/englishgru\/e-hora-do-ingles-2\/#breadcrumb","itemListElement":[{"@type":"ListItem","position":1,"name":"In\u00edcio","item":"https:\/\/portaleducacao.guarulhos.sp.gov.br\/wp_site\/englishgru\/"},{"@type":"ListItem","position":2,"name":"\u00c9 Hora do Ingl\u00eas"}]},{"@type":"WebSite","@id":"https:\/\/portaleducacao.guarulhos.sp.gov.br\/wp_site\/englishgru\/#website","url":"https:\/\/portaleducacao.guarulhos.sp.gov.br\/wp_site\/englishgru\/","name":"English Gru","description":"L\u00edngua e Cultura Inglesa - LECI","publisher":{"@id":"https:\/\/portaleducacao.guarulhos.sp.gov.br\/wp_site\/englishgru\/#organization"},"potentialAction":[{"@type":"SearchAction","target":{"@type":"EntryPoint","urlTemplate":"https:\/\/portaleducacao.guarulhos.sp.gov.br\/wp_site\/englishgru\/?s={search_term_string}"},"query-input":"required name=search_term_string"}],"inLanguage":"pt-BR"},{"@type":"Organization","@id":"https:\/\/portaleducacao.guarulhos.sp.gov.br\/wp_site\/englishgru\/#organization","name":"English Gru","url":"https:\/\/portaleducacao.guarulhos.sp.gov.br\/wp_site\/englishgru\/","sameAs":[],"logo":{"@type":"ImageObject","inLanguage":"pt-BR","@id":"https:\/\/portaleducacao.guarulhos.sp.gov.br\/wp_site\/englishgru\/#\/schema\/logo\/image\/","url":"https:\/\/portaleducacao.guarulhos.sp.gov.br\/wp_site\/englishgru\/wp-content\/uploads\/sites\/8\/2021\/04\/cropped-logo_transparente-removebg-preview.png","contentUrl":"https:\/\/portaleducacao.guarulhos.sp.gov.br\/wp_site\/englishgru\/wp-content\/uploads\/sites\/8\/2021\/04\/cropped-logo_transparente-removebg-preview.png","width":382,"height":222,"caption":"English Gru"},"image":{"@id":"https:\/\/portaleducacao.guarulhos.sp.gov.br\/wp_site\/englishgru\/#\/schema\/logo\/image\/"}}]}},"_links":{"self":[{"href":"https:\/\/portaleducacao.guarulhos.sp.gov.br\/wp_site\/englishgru\/wp-json\/wp\/v2\/pages\/136"}],"collection":[{"href":"https:\/\/portaleducacao.guarulhos.sp.gov.br\/wp_site\/englishgru\/wp-json\/wp\/v2\/pages"}],"about":[{"href":"https:\/\/portaleducacao.guarulhos.sp.gov.br\/wp_site\/englishgru\/wp-json\/wp\/v2\/types\/page"}],"author":[{"embeddable":true,"href":"https:\/\/portaleducacao.guarulhos.sp.gov.br\/wp_site\/englishgru\/wp-json\/wp\/v2\/users\/9"}],"replies":[{"embeddable":true,"href":"https:\/\/portaleducacao.guarulhos.sp.gov.br\/wp_site\/englishgru\/wp-json\/wp\/v2\/comments?post=136"}],"version-history":[{"count":1,"href":"https:\/\/portaleducacao.guarulhos.sp.gov.br\/wp_site\/englishgru\/wp-json\/wp\/v2\/pages\/136\/revisions"}],"predecessor-version":[{"id":137,"href":"https:\/\/portaleducacao.guarulhos.sp.gov.br\/wp_site\/englishgru\/wp-json\/wp\/v2\/pages\/136\/revisions\/137"}],"wp:attachment":[{"href":"https:\/\/portaleducacao.guarulhos.sp.gov.br\/wp_site\/englishgru\/wp-json\/wp\/v2\/media?parent=136"}],"wp:term":[{"taxonomy":"category","embeddable":true,"href":"https:\/\/portaleducacao.guarulhos.sp.gov.br\/wp_site\/englishgru\/wp-json\/wp\/v2\/categories?post=136"},{"taxonomy":"post_tag","embeddable":true,"href":"https:\/\/portaleducacao.guarulhos.sp.gov.br\/wp_site\/englishgru\/wp-json\/wp\/v2\/tags?post=136"}],"curies":[{"name":"wp","href":"https:\/\/api.w.org\/{rel}","templated":true}]}}