{"id":16,"date":"2021-04-26T11:52:55","date_gmt":"2021-04-26T14:52:55","guid":{"rendered":"http:\/\/portaleducacao.guarulhos.sp.gov.br\/wp_site\/englishgru\/?page_id=16"},"modified":"2021-04-26T12:33:53","modified_gmt":"2021-04-26T15:33:53","slug":"canal","status":"publish","type":"page","link":"https:\/\/portaleducacao.guarulhos.sp.gov.br\/wp_site\/englishgru\/canal\/","title":{"rendered":"EnglishGru Channel"},"content":{"rendered":"\n<p class=\"has-text-align-center has-primary-color has-background-background-color has-text-color has-background has-larger-font-size\"><strong><span class=\"has-inline-color has-accent-color\">Meet our channel at YouTube<\/span><\/strong><\/p>\n\n\n\n<div class=\"wp-block-image\"><figure class=\"aligncenter size-large\"><a href=\"https:\/\/www.youtube.com\/channel\/UCoHBPM-xSMQ9tPOPc5Xolxw\" target=\"_blank\" rel=\"https:\/\/www.youtube.com\/channel\/UCoHBPM-xSMQ9tPOPc5Xolxw noopener noreferrer\"><img loading=\"lazy\" width=\"550\" height=\"454\" src=\"http:\/\/portaleducacao.guarulhos.sp.gov.br\/wp_site\/englishgru\/wp-content\/uploads\/sites\/8\/2021\/04\/logo_transparente-removebg-preview-1.png\" alt=\"\" class=\"wp-image-35\" srcset=\"https:\/\/portaleducacao.guarulhos.sp.gov.br\/wp_site\/englishgru\/wp-content\/uploads\/sites\/8\/2021\/04\/logo_transparente-removebg-preview-1.png 550w, https:\/\/portaleducacao.guarulhos.sp.gov.br\/wp_site\/englishgru\/wp-content\/uploads\/sites\/8\/2021\/04\/logo_transparente-removebg-preview-1-300x248.png 300w\" sizes=\"(max-width: 550px) 100vw, 550px\" \/><\/a><figcaption>Clique na imagem e conhe\u00e7a nosso canal no YouTube<\/figcaption><\/figure><\/div>\n\n\n\n<p>O canal English Guarulhos no YouTube surgiu em 2020, ano pand\u00eamico\u2026 De isolamento social, distanciamento, suspens\u00e3o das aulas\u2026<\/p>\n\n\n\n<p>E foi assim que surgiu nosso canal. O intuito principal foi transform\u00e1-lo um lugar para armazenamento de conte\u00fados, com v\u00eddeos produzidos pelos nossos Teachers, e enviados aos nossos educandos e educandas, para que o v\u00ednculo afetivo gerado nas aulas de LECI (L\u00edngua e Cultura Inglesa), n\u00e3o se perdesse. Todo nosso olhar pedag\u00f3gico presente neste site e em todas as nossas outras a\u00e7\u00f5es s\u00f3 existe porque temos nossos alunos e alunas!<\/p>\n\n\n\n<p>Aproveite para aprender Ingl\u00eas tamb\u00e9m, e se encante com nossos v\u00eddeos, produzidos sempre com dedica\u00e7\u00e3o e muito carinho. Enjoy it!<\/p>\n\n\n\n<figure class=\"wp-block-embed-youtube wp-block-embed is-type-video is-provider-youtube wp-embed-aspect-16-9 wp-has-aspect-ratio\"><div class=\"wp-block-embed__wrapper\">\n<iframe loading=\"lazy\" title=\"Apresenta\u00e7\u00e3o do projeto\" width=\"580\" height=\"326\" src=\"https:\/\/www.youtube.com\/embed\/Xl0E6EFnlEs?start=19&#038;feature=oembed\" frameborder=\"0\" allow=\"accelerometer; autoplay; clipboard-write; encrypted-media; gyroscope; picture-in-picture\" allowfullscreen><\/iframe>\n<\/div><\/figure>\n\n\n\n<p><\/p>\n","protected":false},"excerpt":{"rendered":"<p>Meet our channel at YouTube O canal English Guarulhos no YouTube surgiu em 2020, ano pand\u00eamico\u2026 De isolamento social, distanciamento, suspens\u00e3o das aulas\u2026 E foi assim que surgiu nosso canal. [&hellip;]<\/p>\n","protected":false},"author":9,"featured_media":0,"parent":0,"menu_order":0,"comment_status":"open","ping_status":"closed","template":"","meta":{"_monsterinsights_skip_tracking":false,"_monsterinsights_sitenote_active":false,"_monsterinsights_sitenote_note":"","_monsterinsights_sitenote_category":0,"_expiration-date-status":"","_expiration-date":0,"_expiration-date-type":"","_expiration-date-categories":[],"_expiration-date-options":[]},"categories":[],"tags":[],"yoast_head":"<!-- This site is optimized with the Yoast SEO plugin v19.7.1 - https:\/\/yoast.com\/wordpress\/plugins\/seo\/ -->\r\n<title>EnglishGru Channel - English Gru<\/title>\r\n<meta name=\"robots\" content=\"index, follow, max-snippet:-1, max-image-preview:large, max-video-preview:-1\" \/>\r\n<link rel=\"canonical\" href=\"https:\/\/portaleducacao.guarulhos.sp.gov.br\/wp_site\/englishgru\/canal\/\" \/>\r\n<meta property=\"og:locale\" content=\"pt_BR\" \/>\r\n<meta property=\"og:type\" content=\"article\" \/>\r\n<meta property=\"og:title\" content=\"EnglishGru Channel - English Gru\" \/>\r\n<meta property=\"og:description\" content=\"Meet our channel at YouTube O canal English Guarulhos no YouTube surgiu em 2020, ano pand\u00eamico\u2026 De isolamento social, distanciamento, suspens\u00e3o das aulas\u2026 E foi assim que surgiu nosso canal. [&hellip;]\" \/>\r\n<meta property=\"og:url\" content=\"https:\/\/portaleducacao.guarulhos.sp.gov.br\/wp_site\/englishgru\/canal\/\" \/>\r\n<meta property=\"og:site_name\" content=\"English Gru\" \/>\r\n<meta property=\"article:modified_time\" content=\"2021-04-26T15:33:53+00:00\" \/>\r\n<meta property=\"og:image\" content=\"http:\/\/portaleducacao.guarulhos.sp.gov.br\/wp_site\/englishgru\/wp-content\/uploads\/sites\/8\/2021\/04\/logo_transparente-removebg-preview-1.png\" \/>\r\n<meta name=\"twitter:card\" content=\"summary_large_image\" \/>\r\n<meta name=\"twitter:label1\" content=\"Est. tempo de leitura\" \/>\n\t<meta name=\"twitter:data1\" content=\"1 minuto\" \/>\r\n<script type=\"application\/ld+json\" class=\"yoast-schema-graph\">{\"@context\":\"https:\/\/schema.org\",\"@graph\":[{\"@type\":\"WebPage\",\"@id\":\"https:\/\/portaleducacao.guarulhos.sp.gov.br\/wp_site\/englishgru\/canal\/\",\"url\":\"https:\/\/portaleducacao.guarulhos.sp.gov.br\/wp_site\/englishgru\/canal\/\",\"name\":\"EnglishGru Channel - English Gru\",\"isPartOf\":{\"@id\":\"https:\/\/portaleducacao.guarulhos.sp.gov.br\/wp_site\/englishgru\/#website\"},\"datePublished\":\"2021-04-26T14:52:55+00:00\",\"dateModified\":\"2021-04-26T15:33:53+00:00\",\"breadcrumb\":{\"@id\":\"https:\/\/portaleducacao.guarulhos.sp.gov.br\/wp_site\/englishgru\/canal\/#breadcrumb\"},\"inLanguage\":\"pt-BR\",\"potentialAction\":[{\"@type\":\"ReadAction\",\"target\":[\"https:\/\/portaleducacao.guarulhos.sp.gov.br\/wp_site\/englishgru\/canal\/\"]}]},{\"@type\":\"BreadcrumbList\",\"@id\":\"https:\/\/portaleducacao.guarulhos.sp.gov.br\/wp_site\/englishgru\/canal\/#breadcrumb\",\"itemListElement\":[{\"@type\":\"ListItem\",\"position\":1,\"name\":\"In\u00edcio\",\"item\":\"https:\/\/portaleducacao.guarulhos.sp.gov.br\/wp_site\/englishgru\/\"},{\"@type\":\"ListItem\",\"position\":2,\"name\":\"EnglishGru Channel\"}]},{\"@type\":\"WebSite\",\"@id\":\"https:\/\/portaleducacao.guarulhos.sp.gov.br\/wp_site\/englishgru\/#website\",\"url\":\"https:\/\/portaleducacao.guarulhos.sp.gov.br\/wp_site\/englishgru\/\",\"name\":\"English Gru\",\"description\":\"L\u00edngua e Cultura Inglesa - LECI\",\"publisher\":{\"@id\":\"https:\/\/portaleducacao.guarulhos.sp.gov.br\/wp_site\/englishgru\/#organization\"},\"potentialAction\":[{\"@type\":\"SearchAction\",\"target\":{\"@type\":\"EntryPoint\",\"urlTemplate\":\"https:\/\/portaleducacao.guarulhos.sp.gov.br\/wp_site\/englishgru\/?s={search_term_string}\"},\"query-input\":\"required name=search_term_string\"}],\"inLanguage\":\"pt-BR\"},{\"@type\":\"Organization\",\"@id\":\"https:\/\/portaleducacao.guarulhos.sp.gov.br\/wp_site\/englishgru\/#organization\",\"name\":\"English Gru\",\"url\":\"https:\/\/portaleducacao.guarulhos.sp.gov.br\/wp_site\/englishgru\/\",\"sameAs\":[],\"logo\":{\"@type\":\"ImageObject\",\"inLanguage\":\"pt-BR\",\"@id\":\"https:\/\/portaleducacao.guarulhos.sp.gov.br\/wp_site\/englishgru\/#\/schema\/logo\/image\/\",\"url\":\"https:\/\/portaleducacao.guarulhos.sp.gov.br\/wp_site\/englishgru\/wp-content\/uploads\/sites\/8\/2021\/04\/cropped-logo_transparente-removebg-preview.png\",\"contentUrl\":\"https:\/\/portaleducacao.guarulhos.sp.gov.br\/wp_site\/englishgru\/wp-content\/uploads\/sites\/8\/2021\/04\/cropped-logo_transparente-removebg-preview.png\",\"width\":382,\"height\":222,\"caption\":\"English Gru\"},\"image\":{\"@id\":\"https:\/\/portaleducacao.guarulhos.sp.gov.br\/wp_site\/englishgru\/#\/schema\/logo\/image\/\"}}]}<\/script>\r\n<!-- \/ Yoast SEO plugin. -->","yoast_head_json":{"title":"EnglishGru Channel - English Gru","robots":{"index":"index","follow":"follow","max-snippet":"max-snippet:-1","max-image-preview":"max-image-preview:large","max-video-preview":"max-video-preview:-1"},"canonical":"https:\/\/portaleducacao.guarulhos.sp.gov.br\/wp_site\/englishgru\/canal\/","og_locale":"pt_BR","og_type":"article","og_title":"EnglishGru Channel - English Gru","og_description":"Meet our channel at YouTube O canal English Guarulhos no YouTube surgiu em 2020, ano pand\u00eamico\u2026 De isolamento social, distanciamento, suspens\u00e3o das aulas\u2026 E foi assim que surgiu nosso canal. [&hellip;]","og_url":"https:\/\/portaleducacao.guarulhos.sp.gov.br\/wp_site\/englishgru\/canal\/","og_site_name":"English Gru","article_modified_time":"2021-04-26T15:33:53+00:00","og_image":[{"url":"http:\/\/portaleducacao.guarulhos.sp.gov.br\/wp_site\/englishgru\/wp-content\/uploads\/sites\/8\/2021\/04\/logo_transparente-removebg-preview-1.png"}],"twitter_card":"summary_large_image","twitter_misc":{"Est. tempo de leitura":"1 minuto"},"schema":{"@context":"https:\/\/schema.org","@graph":[{"@type":"WebPage","@id":"https:\/\/portaleducacao.guarulhos.sp.gov.br\/wp_site\/englishgru\/canal\/","url":"https:\/\/portaleducacao.guarulhos.sp.gov.br\/wp_site\/englishgru\/canal\/","name":"EnglishGru Channel - English Gru","isPartOf":{"@id":"https:\/\/portaleducacao.guarulhos.sp.gov.br\/wp_site\/englishgru\/#website"},"datePublished":"2021-04-26T14:52:55+00:00","dateModified":"2021-04-26T15:33:53+00:00","breadcrumb":{"@id":"https:\/\/portaleducacao.guarulhos.sp.gov.br\/wp_site\/englishgru\/canal\/#breadcrumb"},"inLanguage":"pt-BR","potentialAction":[{"@type":"ReadAction","target":["https:\/\/portaleducacao.guarulhos.sp.gov.br\/wp_site\/englishgru\/canal\/"]}]},{"@type":"BreadcrumbList","@id":"https:\/\/portaleducacao.guarulhos.sp.gov.br\/wp_site\/englishgru\/canal\/#breadcrumb","itemListElement":[{"@type":"ListItem","position":1,"name":"In\u00edcio","item":"https:\/\/portaleducacao.guarulhos.sp.gov.br\/wp_site\/englishgru\/"},{"@type":"ListItem","position":2,"name":"EnglishGru Channel"}]},{"@type":"WebSite","@id":"https:\/\/portaleducacao.guarulhos.sp.gov.br\/wp_site\/englishgru\/#website","url":"https:\/\/portaleducacao.guarulhos.sp.gov.br\/wp_site\/englishgru\/","name":"English Gru","description":"L\u00edngua e Cultura Inglesa - LECI","publisher":{"@id":"https:\/\/portaleducacao.guarulhos.sp.gov.br\/wp_site\/englishgru\/#organization"},"potentialAction":[{"@type":"SearchAction","target":{"@type":"EntryPoint","urlTemplate":"https:\/\/portaleducacao.guarulhos.sp.gov.br\/wp_site\/englishgru\/?s={search_term_string}"},"query-input":"required name=search_term_string"}],"inLanguage":"pt-BR"},{"@type":"Organization","@id":"https:\/\/portaleducacao.guarulhos.sp.gov.br\/wp_site\/englishgru\/#organization","name":"English Gru","url":"https:\/\/portaleducacao.guarulhos.sp.gov.br\/wp_site\/englishgru\/","sameAs":[],"logo":{"@type":"ImageObject","inLanguage":"pt-BR","@id":"https:\/\/portaleducacao.guarulhos.sp.gov.br\/wp_site\/englishgru\/#\/schema\/logo\/image\/","url":"https:\/\/portaleducacao.guarulhos.sp.gov.br\/wp_site\/englishgru\/wp-content\/uploads\/sites\/8\/2021\/04\/cropped-logo_transparente-removebg-preview.png","contentUrl":"https:\/\/portaleducacao.guarulhos.sp.gov.br\/wp_site\/englishgru\/wp-content\/uploads\/sites\/8\/2021\/04\/cropped-logo_transparente-removebg-preview.png","width":382,"height":222,"caption":"English Gru"},"image":{"@id":"https:\/\/portaleducacao.guarulhos.sp.gov.br\/wp_site\/englishgru\/#\/schema\/logo\/image\/"}}]}},"_links":{"self":[{"href":"https:\/\/portaleducacao.guarulhos.sp.gov.br\/wp_site\/englishgru\/wp-json\/wp\/v2\/pages\/16"}],"collection":[{"href":"https:\/\/portaleducacao.guarulhos.sp.gov.br\/wp_site\/englishgru\/wp-json\/wp\/v2\/pages"}],"about":[{"href":"https:\/\/portaleducacao.guarulhos.sp.gov.br\/wp_site\/englishgru\/wp-json\/wp\/v2\/types\/page"}],"author":[{"embeddable":true,"href":"https:\/\/portaleducacao.guarulhos.sp.gov.br\/wp_site\/englishgru\/wp-json\/wp\/v2\/users\/9"}],"replies":[{"embeddable":true,"href":"https:\/\/portaleducacao.guarulhos.sp.gov.br\/wp_site\/englishgru\/wp-json\/wp\/v2\/comments?post=16"}],"version-history":[{"count":2,"href":"https:\/\/portaleducacao.guarulhos.sp.gov.br\/wp_site\/englishgru\/wp-json\/wp\/v2\/pages\/16\/revisions"}],"predecessor-version":[{"id":36,"href":"https:\/\/portaleducacao.guarulhos.sp.gov.br\/wp_site\/englishgru\/wp-json\/wp\/v2\/pages\/16\/revisions\/36"}],"wp:attachment":[{"href":"https:\/\/portaleducacao.guarulhos.sp.gov.br\/wp_site\/englishgru\/wp-json\/wp\/v2\/media?parent=16"}],"wp:term":[{"taxonomy":"category","embeddable":true,"href":"https:\/\/portaleducacao.guarulhos.sp.gov.br\/wp_site\/englishgru\/wp-json\/wp\/v2\/categories?post=16"},{"taxonomy":"post_tag","embeddable":true,"href":"https:\/\/portaleducacao.guarulhos.sp.gov.br\/wp_site\/englishgru\/wp-json\/wp\/v2\/tags?post=16"}],"curies":[{"name":"wp","href":"https:\/\/api.w.org\/{rel}","templated":true}]}}