{"id":19,"date":"2021-04-26T11:52:55","date_gmt":"2021-04-26T14:52:55","guid":{"rendered":"http:\/\/portaleducacao.guarulhos.sp.gov.br\/wp_site\/englishgru\/?page_id=19"},"modified":"2021-06-02T11:29:44","modified_gmt":"2021-06-02T14:29:44","slug":"e-hora-do-ingles","status":"publish","type":"page","link":"https:\/\/portaleducacao.guarulhos.sp.gov.br\/wp_site\/englishgru\/e-hora-do-ingles\/","title":{"rendered":"Rainbow (Exposi\u00e7\u00e3o Virtual) April, 2021"},"content":{"rendered":"\n<h3 class=\"has-text-align-center has-accent-color has-text-color\"><strong>YOU ARE A&nbsp;RAINBOW<\/strong>!<\/h3>\n\n\n\n<figure class=\"wp-block-image size-large is-resized is-style-default\"><a href=\"https:\/\/www.youtube.com\/watch?v=b35BCNQWk-I&amp;t=84s\"><img loading=\"lazy\" src=\"http:\/\/portaleducacao.guarulhos.sp.gov.br\/wp_site\/englishgru\/wp-content\/uploads\/sites\/8\/2021\/04\/WhatsApp-Image-2021-04-26-at-12.36.22-PM-1024x1024.jpeg\" alt=\"\" class=\"wp-image-42\" width=\"502\" height=\"502\" srcset=\"https:\/\/portaleducacao.guarulhos.sp.gov.br\/wp_site\/englishgru\/wp-content\/uploads\/sites\/8\/2021\/04\/WhatsApp-Image-2021-04-26-at-12.36.22-PM-1024x1024.jpeg 1024w, https:\/\/portaleducacao.guarulhos.sp.gov.br\/wp_site\/englishgru\/wp-content\/uploads\/sites\/8\/2021\/04\/WhatsApp-Image-2021-04-26-at-12.36.22-PM-300x300.jpeg 300w, https:\/\/portaleducacao.guarulhos.sp.gov.br\/wp_site\/englishgru\/wp-content\/uploads\/sites\/8\/2021\/04\/WhatsApp-Image-2021-04-26-at-12.36.22-PM-150x150.jpeg 150w, https:\/\/portaleducacao.guarulhos.sp.gov.br\/wp_site\/englishgru\/wp-content\/uploads\/sites\/8\/2021\/04\/WhatsApp-Image-2021-04-26-at-12.36.22-PM-768x768.jpeg 768w, https:\/\/portaleducacao.guarulhos.sp.gov.br\/wp_site\/englishgru\/wp-content\/uploads\/sites\/8\/2021\/04\/WhatsApp-Image-2021-04-26-at-12.36.22-PM.jpeg 1080w\" sizes=\"(max-width: 502px) 100vw, 502px\" \/><\/a><\/figure>\n\n\n\n<p>Durante o m\u00eas de Abril, o programa Saberes em Casa se encheu de colors! Isso mesmo, os quadros do programa trouxeram um tema muito especial, o livro \u201cA Hist\u00f3ria do Arco \u00edris\u201d, de Daniela Padilha.<\/p>\n\n\n\n<p>No quadro \u00c9 Hora do Ingl\u00eas n\u00e3o foi diferente. E como proposta, sugerimos para nossos telespectadores nos enviarem Rainbows por meio de um formul\u00e1rio localizado no Portal da Educa\u00e7\u00e3o.<\/p>\n\n\n\n<p>Recebemos 800 lindas devolutivas!<\/p>\n\n\n\n<p><strong><a rel=\"noreferrer noopener\" href=\"https:\/\/www.youtube.com\/watch?v=b35BCNQWk-I&amp;t=84s\" target=\"_blank\">Clique aqui<\/a><\/strong> e veja o mundo atrav\u00e9s do olhar de nossas crian\u00e7as!<\/p>\n","protected":false},"excerpt":{"rendered":"<p>YOU ARE A&nbsp;RAINBOW! Durante o m\u00eas de Abril, o programa Saberes em Casa se encheu de colors! Isso mesmo, os quadros do programa trouxeram um tema muito especial, o livro [&hellip;]<\/p>\n","protected":false},"author":9,"featured_media":0,"parent":0,"menu_order":0,"comment_status":"open","ping_status":"closed","template":"","meta":{"_monsterinsights_skip_tracking":false,"_monsterinsights_sitenote_active":false,"_monsterinsights_sitenote_note":"","_monsterinsights_sitenote_category":0,"_expiration-date-status":"","_expiration-date":0,"_expiration-date-type":"","_expiration-date-categories":[],"_expiration-date-options":[]},"categories":[],"tags":[],"yoast_head":"<!-- This site is optimized with the Yoast SEO plugin v19.7.1 - https:\/\/yoast.com\/wordpress\/plugins\/seo\/ -->\r\n<title>Rainbow (Exposi\u00e7\u00e3o Virtual) April, 2021 - English Gru<\/title>\r\n<meta name=\"robots\" content=\"index, follow, max-snippet:-1, max-image-preview:large, max-video-preview:-1\" \/>\r\n<link rel=\"canonical\" href=\"http:\/\/portaleducacao.guarulhos.sp.gov.br\/wp_site\/englishgru\/e-hora-do-ingles\/\" \/>\r\n<meta property=\"og:locale\" content=\"pt_BR\" \/>\r\n<meta property=\"og:type\" content=\"article\" \/>\r\n<meta property=\"og:title\" content=\"Rainbow (Exposi\u00e7\u00e3o Virtual) April, 2021 - English Gru\" \/>\r\n<meta property=\"og:description\" content=\"YOU ARE A&nbsp;RAINBOW! Durante o m\u00eas de Abril, o programa Saberes em Casa se encheu de colors! Isso mesmo, os quadros do programa trouxeram um tema muito especial, o livro [&hellip;]\" \/>\r\n<meta property=\"og:url\" content=\"http:\/\/portaleducacao.guarulhos.sp.gov.br\/wp_site\/englishgru\/e-hora-do-ingles\/\" \/>\r\n<meta property=\"og:site_name\" content=\"English Gru\" \/>\r\n<meta property=\"article:modified_time\" content=\"2021-06-02T14:29:44+00:00\" \/>\r\n<meta property=\"og:image\" content=\"http:\/\/portaleducacao.guarulhos.sp.gov.br\/wp_site\/englishgru\/wp-content\/uploads\/sites\/8\/2021\/04\/WhatsApp-Image-2021-04-26-at-12.36.22-PM-1024x1024.jpeg\" \/>\r\n<meta name=\"twitter:card\" content=\"summary_large_image\" \/>\r\n<script type=\"application\/ld+json\" class=\"yoast-schema-graph\">{\"@context\":\"https:\/\/schema.org\",\"@graph\":[{\"@type\":\"WebPage\",\"@id\":\"http:\/\/portaleducacao.guarulhos.sp.gov.br\/wp_site\/englishgru\/e-hora-do-ingles\/\",\"url\":\"http:\/\/portaleducacao.guarulhos.sp.gov.br\/wp_site\/englishgru\/e-hora-do-ingles\/\",\"name\":\"Rainbow (Exposi\u00e7\u00e3o Virtual) April, 2021 - English Gru\",\"isPartOf\":{\"@id\":\"https:\/\/portaleducacao.guarulhos.sp.gov.br\/wp_site\/englishgru\/#website\"},\"datePublished\":\"2021-04-26T14:52:55+00:00\",\"dateModified\":\"2021-06-02T14:29:44+00:00\",\"breadcrumb\":{\"@id\":\"http:\/\/portaleducacao.guarulhos.sp.gov.br\/wp_site\/englishgru\/e-hora-do-ingles\/#breadcrumb\"},\"inLanguage\":\"pt-BR\",\"potentialAction\":[{\"@type\":\"ReadAction\",\"target\":[\"http:\/\/portaleducacao.guarulhos.sp.gov.br\/wp_site\/englishgru\/e-hora-do-ingles\/\"]}]},{\"@type\":\"BreadcrumbList\",\"@id\":\"http:\/\/portaleducacao.guarulhos.sp.gov.br\/wp_site\/englishgru\/e-hora-do-ingles\/#breadcrumb\",\"itemListElement\":[{\"@type\":\"ListItem\",\"position\":1,\"name\":\"In\u00edcio\",\"item\":\"https:\/\/portaleducacao.guarulhos.sp.gov.br\/wp_site\/englishgru\/\"},{\"@type\":\"ListItem\",\"position\":2,\"name\":\"Rainbow (Exposi\u00e7\u00e3o Virtual) April, 2021\"}]},{\"@type\":\"WebSite\",\"@id\":\"https:\/\/portaleducacao.guarulhos.sp.gov.br\/wp_site\/englishgru\/#website\",\"url\":\"https:\/\/portaleducacao.guarulhos.sp.gov.br\/wp_site\/englishgru\/\",\"name\":\"English Gru\",\"description\":\"L\u00edngua e Cultura Inglesa - LECI\",\"publisher\":{\"@id\":\"https:\/\/portaleducacao.guarulhos.sp.gov.br\/wp_site\/englishgru\/#organization\"},\"potentialAction\":[{\"@type\":\"SearchAction\",\"target\":{\"@type\":\"EntryPoint\",\"urlTemplate\":\"https:\/\/portaleducacao.guarulhos.sp.gov.br\/wp_site\/englishgru\/?s={search_term_string}\"},\"query-input\":\"required name=search_term_string\"}],\"inLanguage\":\"pt-BR\"},{\"@type\":\"Organization\",\"@id\":\"https:\/\/portaleducacao.guarulhos.sp.gov.br\/wp_site\/englishgru\/#organization\",\"name\":\"English Gru\",\"url\":\"https:\/\/portaleducacao.guarulhos.sp.gov.br\/wp_site\/englishgru\/\",\"sameAs\":[],\"logo\":{\"@type\":\"ImageObject\",\"inLanguage\":\"pt-BR\",\"@id\":\"https:\/\/portaleducacao.guarulhos.sp.gov.br\/wp_site\/englishgru\/#\/schema\/logo\/image\/\",\"url\":\"https:\/\/portaleducacao.guarulhos.sp.gov.br\/wp_site\/englishgru\/wp-content\/uploads\/sites\/8\/2021\/04\/cropped-logo_transparente-removebg-preview.png\",\"contentUrl\":\"https:\/\/portaleducacao.guarulhos.sp.gov.br\/wp_site\/englishgru\/wp-content\/uploads\/sites\/8\/2021\/04\/cropped-logo_transparente-removebg-preview.png\",\"width\":382,\"height\":222,\"caption\":\"English Gru\"},\"image\":{\"@id\":\"https:\/\/portaleducacao.guarulhos.sp.gov.br\/wp_site\/englishgru\/#\/schema\/logo\/image\/\"}}]}<\/script>\r\n<!-- \/ Yoast SEO plugin. -->","yoast_head_json":{"title":"Rainbow (Exposi\u00e7\u00e3o Virtual) April, 2021 - English Gru","robots":{"index":"index","follow":"follow","max-snippet":"max-snippet:-1","max-image-preview":"max-image-preview:large","max-video-preview":"max-video-preview:-1"},"canonical":"http:\/\/portaleducacao.guarulhos.sp.gov.br\/wp_site\/englishgru\/e-hora-do-ingles\/","og_locale":"pt_BR","og_type":"article","og_title":"Rainbow (Exposi\u00e7\u00e3o Virtual) April, 2021 - English Gru","og_description":"YOU ARE A&nbsp;RAINBOW! Durante o m\u00eas de Abril, o programa Saberes em Casa se encheu de colors! Isso mesmo, os quadros do programa trouxeram um tema muito especial, o livro [&hellip;]","og_url":"http:\/\/portaleducacao.guarulhos.sp.gov.br\/wp_site\/englishgru\/e-hora-do-ingles\/","og_site_name":"English Gru","article_modified_time":"2021-06-02T14:29:44+00:00","og_image":[{"url":"http:\/\/portaleducacao.guarulhos.sp.gov.br\/wp_site\/englishgru\/wp-content\/uploads\/sites\/8\/2021\/04\/WhatsApp-Image-2021-04-26-at-12.36.22-PM-1024x1024.jpeg"}],"twitter_card":"summary_large_image","schema":{"@context":"https:\/\/schema.org","@graph":[{"@type":"WebPage","@id":"http:\/\/portaleducacao.guarulhos.sp.gov.br\/wp_site\/englishgru\/e-hora-do-ingles\/","url":"http:\/\/portaleducacao.guarulhos.sp.gov.br\/wp_site\/englishgru\/e-hora-do-ingles\/","name":"Rainbow (Exposi\u00e7\u00e3o Virtual) April, 2021 - English Gru","isPartOf":{"@id":"https:\/\/portaleducacao.guarulhos.sp.gov.br\/wp_site\/englishgru\/#website"},"datePublished":"2021-04-26T14:52:55+00:00","dateModified":"2021-06-02T14:29:44+00:00","breadcrumb":{"@id":"http:\/\/portaleducacao.guarulhos.sp.gov.br\/wp_site\/englishgru\/e-hora-do-ingles\/#breadcrumb"},"inLanguage":"pt-BR","potentialAction":[{"@type":"ReadAction","target":["http:\/\/portaleducacao.guarulhos.sp.gov.br\/wp_site\/englishgru\/e-hora-do-ingles\/"]}]},{"@type":"BreadcrumbList","@id":"http:\/\/portaleducacao.guarulhos.sp.gov.br\/wp_site\/englishgru\/e-hora-do-ingles\/#breadcrumb","itemListElement":[{"@type":"ListItem","position":1,"name":"In\u00edcio","item":"https:\/\/portaleducacao.guarulhos.sp.gov.br\/wp_site\/englishgru\/"},{"@type":"ListItem","position":2,"name":"Rainbow (Exposi\u00e7\u00e3o Virtual) April, 2021"}]},{"@type":"WebSite","@id":"https:\/\/portaleducacao.guarulhos.sp.gov.br\/wp_site\/englishgru\/#website","url":"https:\/\/portaleducacao.guarulhos.sp.gov.br\/wp_site\/englishgru\/","name":"English Gru","description":"L\u00edngua e Cultura Inglesa - LECI","publisher":{"@id":"https:\/\/portaleducacao.guarulhos.sp.gov.br\/wp_site\/englishgru\/#organization"},"potentialAction":[{"@type":"SearchAction","target":{"@type":"EntryPoint","urlTemplate":"https:\/\/portaleducacao.guarulhos.sp.gov.br\/wp_site\/englishgru\/?s={search_term_string}"},"query-input":"required name=search_term_string"}],"inLanguage":"pt-BR"},{"@type":"Organization","@id":"https:\/\/portaleducacao.guarulhos.sp.gov.br\/wp_site\/englishgru\/#organization","name":"English Gru","url":"https:\/\/portaleducacao.guarulhos.sp.gov.br\/wp_site\/englishgru\/","sameAs":[],"logo":{"@type":"ImageObject","inLanguage":"pt-BR","@id":"https:\/\/portaleducacao.guarulhos.sp.gov.br\/wp_site\/englishgru\/#\/schema\/logo\/image\/","url":"https:\/\/portaleducacao.guarulhos.sp.gov.br\/wp_site\/englishgru\/wp-content\/uploads\/sites\/8\/2021\/04\/cropped-logo_transparente-removebg-preview.png","contentUrl":"https:\/\/portaleducacao.guarulhos.sp.gov.br\/wp_site\/englishgru\/wp-content\/uploads\/sites\/8\/2021\/04\/cropped-logo_transparente-removebg-preview.png","width":382,"height":222,"caption":"English Gru"},"image":{"@id":"https:\/\/portaleducacao.guarulhos.sp.gov.br\/wp_site\/englishgru\/#\/schema\/logo\/image\/"}}]}},"_links":{"self":[{"href":"https:\/\/portaleducacao.guarulhos.sp.gov.br\/wp_site\/englishgru\/wp-json\/wp\/v2\/pages\/19"}],"collection":[{"href":"https:\/\/portaleducacao.guarulhos.sp.gov.br\/wp_site\/englishgru\/wp-json\/wp\/v2\/pages"}],"about":[{"href":"https:\/\/portaleducacao.guarulhos.sp.gov.br\/wp_site\/englishgru\/wp-json\/wp\/v2\/types\/page"}],"author":[{"embeddable":true,"href":"https:\/\/portaleducacao.guarulhos.sp.gov.br\/wp_site\/englishgru\/wp-json\/wp\/v2\/users\/9"}],"replies":[{"embeddable":true,"href":"https:\/\/portaleducacao.guarulhos.sp.gov.br\/wp_site\/englishgru\/wp-json\/wp\/v2\/comments?post=19"}],"version-history":[{"count":6,"href":"https:\/\/portaleducacao.guarulhos.sp.gov.br\/wp_site\/englishgru\/wp-json\/wp\/v2\/pages\/19\/revisions"}],"predecessor-version":[{"id":143,"href":"https:\/\/portaleducacao.guarulhos.sp.gov.br\/wp_site\/englishgru\/wp-json\/wp\/v2\/pages\/19\/revisions\/143"}],"wp:attachment":[{"href":"https:\/\/portaleducacao.guarulhos.sp.gov.br\/wp_site\/englishgru\/wp-json\/wp\/v2\/media?parent=19"}],"wp:term":[{"taxonomy":"category","embeddable":true,"href":"https:\/\/portaleducacao.guarulhos.sp.gov.br\/wp_site\/englishgru\/wp-json\/wp\/v2\/categories?post=19"},{"taxonomy":"post_tag","embeddable":true,"href":"https:\/\/portaleducacao.guarulhos.sp.gov.br\/wp_site\/englishgru\/wp-json\/wp\/v2\/tags?post=19"}],"curies":[{"name":"wp","href":"https:\/\/api.w.org\/{rel}","templated":true}]}}