{"id":38,"date":"2021-04-26T12:37:17","date_gmt":"2021-04-26T15:37:17","guid":{"rendered":"http:\/\/portaleducacao.guarulhos.sp.gov.br\/wp_site\/englishgru\/?page_id=38"},"modified":"2021-06-02T10:52:51","modified_gmt":"2021-06-02T13:52:51","slug":"eventos","status":"publish","type":"page","link":"https:\/\/portaleducacao.guarulhos.sp.gov.br\/wp_site\/englishgru\/eventos-2\/eventos\/","title":{"rendered":"Learn and Share"},"content":{"rendered":"\n<figure class=\"wp-block-image size-large is-resized\"><img loading=\"lazy\" src=\"http:\/\/portaleducacao.guarulhos.sp.gov.br\/wp_site\/englishgru\/wp-content\/uploads\/sites\/8\/2021\/05\/Geral-723x1024.jpeg\" alt=\"\" class=\"wp-image-84\" width=\"439\" height=\"621\" srcset=\"https:\/\/portaleducacao.guarulhos.sp.gov.br\/wp_site\/englishgru\/wp-content\/uploads\/sites\/8\/2021\/05\/Geral-723x1024.jpeg 723w, https:\/\/portaleducacao.guarulhos.sp.gov.br\/wp_site\/englishgru\/wp-content\/uploads\/sites\/8\/2021\/05\/Geral-212x300.jpeg 212w, https:\/\/portaleducacao.guarulhos.sp.gov.br\/wp_site\/englishgru\/wp-content\/uploads\/sites\/8\/2021\/05\/Geral-768x1087.jpeg 768w, https:\/\/portaleducacao.guarulhos.sp.gov.br\/wp_site\/englishgru\/wp-content\/uploads\/sites\/8\/2021\/05\/Geral.jpeg 904w\" sizes=\"(max-width: 439px) 100vw, 439px\" \/><\/figure>\n\n\n\n<p>Nos dias 03, 05 e 07 de maio acontecer\u00e1 o Primeiro Learn and Share promovido pelos Professores de L\u00edngua e Cultura Inglesa da rede municipal de Guarulhos. O evento ser\u00e1 transmitido simultaneamente pelo Canal do English Guarulhos no YouTube e tamb\u00e9m atrav\u00e9s da nossa p\u00e1gina no Facebook.<\/p>\n\n\n\n<p>Na tradu\u00e7\u00e3o literal, ou seja &#8220;Aprender e Compartilhar&#8221;, faremos um momento para dividir com o p\u00fablico as ferramentas usadas pelos Teachers na elabora\u00e7\u00e3o das aulas neste per\u00edodo de ensino remoto, como criar arquivos em PDF, por exemplo, bem como editar v\u00eddeos, construir avatar, elaborar games, dentre outros.<\/p>\n\n\n\n<p>Indicado para todos os professores, de diversas \u00e1reas de ensino, Pedagogos, professores de escolas de idiomas e estudantes em geral.<\/p>\n\n\n\n<p>Confira abaixo os temas, clique nas imagens e participe conosco!<\/p>\n\n\n\n<div class=\"wp-block-media-text alignwide is-stacked-on-mobile\" style=\"grid-template-columns:28% auto\"><figure class=\"wp-block-media-text__media\"><a href=\"https:\/\/www.youtube.com\/watch?v=Xoxbdjr8O2o\"><img loading=\"lazy\" width=\"1024\" height=\"1024\" src=\"http:\/\/portaleducacao.guarulhos.sp.gov.br\/wp_site\/englishgru\/wp-content\/uploads\/sites\/8\/2021\/04\/Se_Elaine-1024x1024.jpeg\" alt=\"\" class=\"wp-image-56\" srcset=\"https:\/\/portaleducacao.guarulhos.sp.gov.br\/wp_site\/englishgru\/wp-content\/uploads\/sites\/8\/2021\/04\/Se_Elaine-1024x1024.jpeg 1024w, https:\/\/portaleducacao.guarulhos.sp.gov.br\/wp_site\/englishgru\/wp-content\/uploads\/sites\/8\/2021\/04\/Se_Elaine-300x300.jpeg 300w, https:\/\/portaleducacao.guarulhos.sp.gov.br\/wp_site\/englishgru\/wp-content\/uploads\/sites\/8\/2021\/04\/Se_Elaine-150x150.jpeg 150w, https:\/\/portaleducacao.guarulhos.sp.gov.br\/wp_site\/englishgru\/wp-content\/uploads\/sites\/8\/2021\/04\/Se_Elaine-768x768.jpeg 768w, https:\/\/portaleducacao.guarulhos.sp.gov.br\/wp_site\/englishgru\/wp-content\/uploads\/sites\/8\/2021\/04\/Se_Elaine.jpeg 1080w\" sizes=\"(max-width: 1024px) 100vw, 1024px\" \/><\/a><\/figure><div class=\"wp-block-media-text__content\">\n<p class=\"has-large-font-size\">No primeiro dia do nosso Learn and Share, vamos conversar sobre como armazenar atividades no drive, criar laudas em PDF, acrescentar avatar, enfim, vamos &#8220;iniciar do come\u00e7o&#8221;! <\/p>\n\n\n\n<p>Nossos convidados da noite s\u00e3o os professores do Projeto de L\u00ednguas S\u00e9rgio Corsini e Elaine Martins.<\/p>\n<\/div><\/div>\n\n\n\n<div class=\"wp-block-media-text alignwide is-stacked-on-mobile\" style=\"grid-template-columns:28% auto\"><figure class=\"wp-block-media-text__media\"><a href=\"https:\/\/www.youtube.com\/watch?v=6ix0mUqrmKE\"><img loading=\"lazy\" width=\"1024\" height=\"1024\" src=\"http:\/\/portaleducacao.guarulhos.sp.gov.br\/wp_site\/englishgru\/wp-content\/uploads\/sites\/8\/2021\/05\/Tha_Fe-1-1024x1024.jpeg\" alt=\"\" class=\"wp-image-78\" srcset=\"https:\/\/portaleducacao.guarulhos.sp.gov.br\/wp_site\/englishgru\/wp-content\/uploads\/sites\/8\/2021\/05\/Tha_Fe-1-1024x1024.jpeg 1024w, https:\/\/portaleducacao.guarulhos.sp.gov.br\/wp_site\/englishgru\/wp-content\/uploads\/sites\/8\/2021\/05\/Tha_Fe-1-300x300.jpeg 300w, https:\/\/portaleducacao.guarulhos.sp.gov.br\/wp_site\/englishgru\/wp-content\/uploads\/sites\/8\/2021\/05\/Tha_Fe-1-150x150.jpeg 150w, https:\/\/portaleducacao.guarulhos.sp.gov.br\/wp_site\/englishgru\/wp-content\/uploads\/sites\/8\/2021\/05\/Tha_Fe-1-768x768.jpeg 768w, https:\/\/portaleducacao.guarulhos.sp.gov.br\/wp_site\/englishgru\/wp-content\/uploads\/sites\/8\/2021\/05\/Tha_Fe-1.jpeg 1080w\" sizes=\"(max-width: 1024px) 100vw, 1024px\" \/><\/a><\/figure><div class=\"wp-block-media-text__content\">\n<p class=\"has-large-font-size\">No segundo dia, as Teachers Thalita Rios e Fernanda Batista, que tamb\u00e9m s\u00e3o as mediadoras do evento, compartilhar\u00e3o conosco sobre grava\u00e7\u00e3o e edi\u00e7\u00e3o de v\u00eddeos, lembrando que elas tamb\u00e9m integram a equipe do Programa Saberes em Casa. <\/p>\n\n\n\n<p>Dicas de aplicativos para celular e programas de f\u00e1cil acesso, para editar v\u00eddeo-aulas de forma simples, sem grandes complica\u00e7\u00f5es.<\/p>\n<\/div><\/div>\n\n\n\n<div class=\"wp-block-media-text alignwide is-stacked-on-mobile\" style=\"grid-template-columns:30% auto\"><figure class=\"wp-block-media-text__media\"><a href=\"https:\/\/www.youtube.com\/watch?v=56urELRAUHk\"><img loading=\"lazy\" width=\"1024\" height=\"1024\" src=\"http:\/\/portaleducacao.guarulhos.sp.gov.br\/wp_site\/englishgru\/wp-content\/uploads\/sites\/8\/2021\/05\/Aline_Le_cleo-2-1024x1024.jpeg\" alt=\"\" class=\"wp-image-79\" srcset=\"https:\/\/portaleducacao.guarulhos.sp.gov.br\/wp_site\/englishgru\/wp-content\/uploads\/sites\/8\/2021\/05\/Aline_Le_cleo-2-1024x1024.jpeg 1024w, https:\/\/portaleducacao.guarulhos.sp.gov.br\/wp_site\/englishgru\/wp-content\/uploads\/sites\/8\/2021\/05\/Aline_Le_cleo-2-300x300.jpeg 300w, https:\/\/portaleducacao.guarulhos.sp.gov.br\/wp_site\/englishgru\/wp-content\/uploads\/sites\/8\/2021\/05\/Aline_Le_cleo-2-150x150.jpeg 150w, https:\/\/portaleducacao.guarulhos.sp.gov.br\/wp_site\/englishgru\/wp-content\/uploads\/sites\/8\/2021\/05\/Aline_Le_cleo-2-768x768.jpeg 768w, https:\/\/portaleducacao.guarulhos.sp.gov.br\/wp_site\/englishgru\/wp-content\/uploads\/sites\/8\/2021\/05\/Aline_Le_cleo-2.jpeg 1080w\" sizes=\"(max-width: 1024px) 100vw, 1024px\" \/><\/a><\/figure><div class=\"wp-block-media-text__content\">\n<p> <\/p>\n\n\n\n<p>No \u00faltimo dia de evento, as Teachers Aline, Cl\u00e9o e Lenilva, concluir\u00e3o nosso momento com possibilidades de games via Google Forms, Wordwall, e o produto final de tudo que vivenciamos durante a semana ser\u00e1 colocado em uma ferramenta chamada Liveworksheet, uma plataforma super interessante, online, enriquecedora para incrementar nossas aulas em tempos de ensino remoto.<\/p>\n\n\n\n<ul><li><a href=\"https:\/\/www.liveworksheets.com\/c?a=s&amp;s=LandS%20Teste&amp;t=xgdu0xc8b7s&amp;sr=n&amp;l=lq&amp;i=utsznc&amp;r=yz&amp;db=3&amp;f=dzduzfzs&amp;cd=pmbnx2mk6f3platxzpglkig0ngnxgegp\">Clique aqui<\/a> e conhe\u00e7a a <strong>Liveworksheet <\/strong>do Learn and Share, dia 07 de maio de 2021.<\/li><\/ul>\n\n\n\n<ul><li><a href=\"https:\/\/docs.google.com\/forms\/d\/e\/1FAIpQLSer2L1inGNke5tbQodQLI0Mzw5nEHjBtz99Ho1LPk2jnCwVBQ\/viewform\">Clique aqui<\/a> e conhe\u00e7a o <strong>Game (Google Forms)<\/strong> do Learn and Share, dia 07 de maio de 2021.<\/li><\/ul>\n\n\n\n<ul><li><a href=\"https:\/\/wordwall.net\/play\/15696\/161\/321\">Clique aqui<\/a> e conhe\u00e7a o <strong>Wordwall <\/strong>do Learn and Share, dia 07 de maio de 2021.<\/li><\/ul>\n\n\n\n<ul><li><a href=\"https:\/\/padlet.com\/learnandsharegru\/qjd82854xp1sb9b?utm_campaign=transactional&amp;utm_content=padlet_url&amp;utm_medium=email&amp;utm_source=started_a_padlet\">Clique aqui<\/a> e conhe\u00e7a o <strong>Padlet<\/strong> do Learn and Share, dia 07 de maio  de 2021.<\/li><\/ul>\n<\/div><\/div>\n\n\n\n<p class=\"has-text-align-center\"> <strong>Se preferir, <a href=\"https:\/\/www.facebook.com\/English-Guarulhos-108261661052128\/?ref=page_internal\">clique aqui<\/a> e acesse tamb\u00e9m pela p\u00e1gina do English Guarulhos no Facebook<\/strong>.<\/p>\n","protected":false},"excerpt":{"rendered":"<p>Nos dias 03, 05 e 07 de maio acontecer\u00e1 o Primeiro Learn and Share promovido pelos Professores de L\u00edngua e Cultura Inglesa da rede municipal de Guarulhos. O evento ser\u00e1 [&hellip;]<\/p>\n","protected":false},"author":9,"featured_media":0,"parent":122,"menu_order":0,"comment_status":"open","ping_status":"closed","template":"","meta":{"_monsterinsights_skip_tracking":false,"_monsterinsights_sitenote_active":false,"_monsterinsights_sitenote_note":"","_monsterinsights_sitenote_category":0,"_expiration-date-status":"","_expiration-date":0,"_expiration-date-type":"","_expiration-date-categories":[],"_expiration-date-options":[]},"categories":[],"tags":[],"yoast_head":"<!-- This site is optimized with the Yoast SEO plugin v19.7.1 - https:\/\/yoast.com\/wordpress\/plugins\/seo\/ -->\r\n<title>Learn and Share - English Gru<\/title>\r\n<meta name=\"robots\" content=\"index, follow, max-snippet:-1, max-image-preview:large, max-video-preview:-1\" \/>\r\n<link rel=\"canonical\" href=\"http:\/\/portaleducacao.guarulhos.sp.gov.br\/wp_site\/englishgru\/eventos-2\/eventos\/\" \/>\r\n<meta property=\"og:locale\" content=\"pt_BR\" \/>\r\n<meta property=\"og:type\" content=\"article\" \/>\r\n<meta property=\"og:title\" content=\"Learn and Share - English Gru\" \/>\r\n<meta property=\"og:description\" content=\"Nos dias 03, 05 e 07 de maio acontecer\u00e1 o Primeiro Learn and Share promovido pelos Professores de L\u00edngua e Cultura Inglesa da rede municipal de Guarulhos. O evento ser\u00e1 [&hellip;]\" \/>\r\n<meta property=\"og:url\" content=\"http:\/\/portaleducacao.guarulhos.sp.gov.br\/wp_site\/englishgru\/eventos-2\/eventos\/\" \/>\r\n<meta property=\"og:site_name\" content=\"English Gru\" \/>\r\n<meta property=\"article:modified_time\" content=\"2021-06-02T13:52:51+00:00\" \/>\r\n<meta property=\"og:image\" content=\"http:\/\/portaleducacao.guarulhos.sp.gov.br\/wp_site\/englishgru\/wp-content\/uploads\/sites\/8\/2021\/05\/Geral-723x1024.jpeg\" \/>\r\n<meta name=\"twitter:card\" content=\"summary_large_image\" \/>\r\n<meta name=\"twitter:label1\" content=\"Est. tempo de leitura\" \/>\n\t<meta name=\"twitter:data1\" content=\"2 minutos\" \/>\r\n<script type=\"application\/ld+json\" class=\"yoast-schema-graph\">{\"@context\":\"https:\/\/schema.org\",\"@graph\":[{\"@type\":\"WebPage\",\"@id\":\"http:\/\/portaleducacao.guarulhos.sp.gov.br\/wp_site\/englishgru\/eventos-2\/eventos\/\",\"url\":\"http:\/\/portaleducacao.guarulhos.sp.gov.br\/wp_site\/englishgru\/eventos-2\/eventos\/\",\"name\":\"Learn and Share - English Gru\",\"isPartOf\":{\"@id\":\"https:\/\/portaleducacao.guarulhos.sp.gov.br\/wp_site\/englishgru\/#website\"},\"datePublished\":\"2021-04-26T15:37:17+00:00\",\"dateModified\":\"2021-06-02T13:52:51+00:00\",\"breadcrumb\":{\"@id\":\"http:\/\/portaleducacao.guarulhos.sp.gov.br\/wp_site\/englishgru\/eventos-2\/eventos\/#breadcrumb\"},\"inLanguage\":\"pt-BR\",\"potentialAction\":[{\"@type\":\"ReadAction\",\"target\":[\"http:\/\/portaleducacao.guarulhos.sp.gov.br\/wp_site\/englishgru\/eventos-2\/eventos\/\"]}]},{\"@type\":\"BreadcrumbList\",\"@id\":\"http:\/\/portaleducacao.guarulhos.sp.gov.br\/wp_site\/englishgru\/eventos-2\/eventos\/#breadcrumb\",\"itemListElement\":[{\"@type\":\"ListItem\",\"position\":1,\"name\":\"In\u00edcio\",\"item\":\"https:\/\/portaleducacao.guarulhos.sp.gov.br\/wp_site\/englishgru\/\"},{\"@type\":\"ListItem\",\"position\":2,\"name\":\"Eventos\",\"item\":\"http:\/\/portaleducacao.guarulhos.sp.gov.br\/wp_site\/englishgru\/eventos-2\/\"},{\"@type\":\"ListItem\",\"position\":3,\"name\":\"Learn and Share\"}]},{\"@type\":\"WebSite\",\"@id\":\"https:\/\/portaleducacao.guarulhos.sp.gov.br\/wp_site\/englishgru\/#website\",\"url\":\"https:\/\/portaleducacao.guarulhos.sp.gov.br\/wp_site\/englishgru\/\",\"name\":\"English Gru\",\"description\":\"L\u00edngua e Cultura Inglesa - LECI\",\"publisher\":{\"@id\":\"https:\/\/portaleducacao.guarulhos.sp.gov.br\/wp_site\/englishgru\/#organization\"},\"potentialAction\":[{\"@type\":\"SearchAction\",\"target\":{\"@type\":\"EntryPoint\",\"urlTemplate\":\"https:\/\/portaleducacao.guarulhos.sp.gov.br\/wp_site\/englishgru\/?s={search_term_string}\"},\"query-input\":\"required name=search_term_string\"}],\"inLanguage\":\"pt-BR\"},{\"@type\":\"Organization\",\"@id\":\"https:\/\/portaleducacao.guarulhos.sp.gov.br\/wp_site\/englishgru\/#organization\",\"name\":\"English Gru\",\"url\":\"https:\/\/portaleducacao.guarulhos.sp.gov.br\/wp_site\/englishgru\/\",\"sameAs\":[],\"logo\":{\"@type\":\"ImageObject\",\"inLanguage\":\"pt-BR\",\"@id\":\"https:\/\/portaleducacao.guarulhos.sp.gov.br\/wp_site\/englishgru\/#\/schema\/logo\/image\/\",\"url\":\"https:\/\/portaleducacao.guarulhos.sp.gov.br\/wp_site\/englishgru\/wp-content\/uploads\/sites\/8\/2021\/04\/cropped-logo_transparente-removebg-preview.png\",\"contentUrl\":\"https:\/\/portaleducacao.guarulhos.sp.gov.br\/wp_site\/englishgru\/wp-content\/uploads\/sites\/8\/2021\/04\/cropped-logo_transparente-removebg-preview.png\",\"width\":382,\"height\":222,\"caption\":\"English Gru\"},\"image\":{\"@id\":\"https:\/\/portaleducacao.guarulhos.sp.gov.br\/wp_site\/englishgru\/#\/schema\/logo\/image\/\"}}]}<\/script>\r\n<!-- \/ Yoast SEO plugin. -->","yoast_head_json":{"title":"Learn and Share - English Gru","robots":{"index":"index","follow":"follow","max-snippet":"max-snippet:-1","max-image-preview":"max-image-preview:large","max-video-preview":"max-video-preview:-1"},"canonical":"http:\/\/portaleducacao.guarulhos.sp.gov.br\/wp_site\/englishgru\/eventos-2\/eventos\/","og_locale":"pt_BR","og_type":"article","og_title":"Learn and Share - English Gru","og_description":"Nos dias 03, 05 e 07 de maio acontecer\u00e1 o Primeiro Learn and Share promovido pelos Professores de L\u00edngua e Cultura Inglesa da rede municipal de Guarulhos. O evento ser\u00e1 [&hellip;]","og_url":"http:\/\/portaleducacao.guarulhos.sp.gov.br\/wp_site\/englishgru\/eventos-2\/eventos\/","og_site_name":"English Gru","article_modified_time":"2021-06-02T13:52:51+00:00","og_image":[{"url":"http:\/\/portaleducacao.guarulhos.sp.gov.br\/wp_site\/englishgru\/wp-content\/uploads\/sites\/8\/2021\/05\/Geral-723x1024.jpeg"}],"twitter_card":"summary_large_image","twitter_misc":{"Est. tempo de leitura":"2 minutos"},"schema":{"@context":"https:\/\/schema.org","@graph":[{"@type":"WebPage","@id":"http:\/\/portaleducacao.guarulhos.sp.gov.br\/wp_site\/englishgru\/eventos-2\/eventos\/","url":"http:\/\/portaleducacao.guarulhos.sp.gov.br\/wp_site\/englishgru\/eventos-2\/eventos\/","name":"Learn and Share - English Gru","isPartOf":{"@id":"https:\/\/portaleducacao.guarulhos.sp.gov.br\/wp_site\/englishgru\/#website"},"datePublished":"2021-04-26T15:37:17+00:00","dateModified":"2021-06-02T13:52:51+00:00","breadcrumb":{"@id":"http:\/\/portaleducacao.guarulhos.sp.gov.br\/wp_site\/englishgru\/eventos-2\/eventos\/#breadcrumb"},"inLanguage":"pt-BR","potentialAction":[{"@type":"ReadAction","target":["http:\/\/portaleducacao.guarulhos.sp.gov.br\/wp_site\/englishgru\/eventos-2\/eventos\/"]}]},{"@type":"BreadcrumbList","@id":"http:\/\/portaleducacao.guarulhos.sp.gov.br\/wp_site\/englishgru\/eventos-2\/eventos\/#breadcrumb","itemListElement":[{"@type":"ListItem","position":1,"name":"In\u00edcio","item":"https:\/\/portaleducacao.guarulhos.sp.gov.br\/wp_site\/englishgru\/"},{"@type":"ListItem","position":2,"name":"Eventos","item":"http:\/\/portaleducacao.guarulhos.sp.gov.br\/wp_site\/englishgru\/eventos-2\/"},{"@type":"ListItem","position":3,"name":"Learn and Share"}]},{"@type":"WebSite","@id":"https:\/\/portaleducacao.guarulhos.sp.gov.br\/wp_site\/englishgru\/#website","url":"https:\/\/portaleducacao.guarulhos.sp.gov.br\/wp_site\/englishgru\/","name":"English Gru","description":"L\u00edngua e Cultura Inglesa - LECI","publisher":{"@id":"https:\/\/portaleducacao.guarulhos.sp.gov.br\/wp_site\/englishgru\/#organization"},"potentialAction":[{"@type":"SearchAction","target":{"@type":"EntryPoint","urlTemplate":"https:\/\/portaleducacao.guarulhos.sp.gov.br\/wp_site\/englishgru\/?s={search_term_string}"},"query-input":"required name=search_term_string"}],"inLanguage":"pt-BR"},{"@type":"Organization","@id":"https:\/\/portaleducacao.guarulhos.sp.gov.br\/wp_site\/englishgru\/#organization","name":"English Gru","url":"https:\/\/portaleducacao.guarulhos.sp.gov.br\/wp_site\/englishgru\/","sameAs":[],"logo":{"@type":"ImageObject","inLanguage":"pt-BR","@id":"https:\/\/portaleducacao.guarulhos.sp.gov.br\/wp_site\/englishgru\/#\/schema\/logo\/image\/","url":"https:\/\/portaleducacao.guarulhos.sp.gov.br\/wp_site\/englishgru\/wp-content\/uploads\/sites\/8\/2021\/04\/cropped-logo_transparente-removebg-preview.png","contentUrl":"https:\/\/portaleducacao.guarulhos.sp.gov.br\/wp_site\/englishgru\/wp-content\/uploads\/sites\/8\/2021\/04\/cropped-logo_transparente-removebg-preview.png","width":382,"height":222,"caption":"English Gru"},"image":{"@id":"https:\/\/portaleducacao.guarulhos.sp.gov.br\/wp_site\/englishgru\/#\/schema\/logo\/image\/"}}]}},"_links":{"self":[{"href":"https:\/\/portaleducacao.guarulhos.sp.gov.br\/wp_site\/englishgru\/wp-json\/wp\/v2\/pages\/38"}],"collection":[{"href":"https:\/\/portaleducacao.guarulhos.sp.gov.br\/wp_site\/englishgru\/wp-json\/wp\/v2\/pages"}],"about":[{"href":"https:\/\/portaleducacao.guarulhos.sp.gov.br\/wp_site\/englishgru\/wp-json\/wp\/v2\/types\/page"}],"author":[{"embeddable":true,"href":"https:\/\/portaleducacao.guarulhos.sp.gov.br\/wp_site\/englishgru\/wp-json\/wp\/v2\/users\/9"}],"replies":[{"embeddable":true,"href":"https:\/\/portaleducacao.guarulhos.sp.gov.br\/wp_site\/englishgru\/wp-json\/wp\/v2\/comments?post=38"}],"version-history":[{"count":16,"href":"https:\/\/portaleducacao.guarulhos.sp.gov.br\/wp_site\/englishgru\/wp-json\/wp\/v2\/pages\/38\/revisions"}],"predecessor-version":[{"id":121,"href":"https:\/\/portaleducacao.guarulhos.sp.gov.br\/wp_site\/englishgru\/wp-json\/wp\/v2\/pages\/38\/revisions\/121"}],"up":[{"embeddable":true,"href":"https:\/\/portaleducacao.guarulhos.sp.gov.br\/wp_site\/englishgru\/wp-json\/wp\/v2\/pages\/122"}],"wp:attachment":[{"href":"https:\/\/portaleducacao.guarulhos.sp.gov.br\/wp_site\/englishgru\/wp-json\/wp\/v2\/media?parent=38"}],"wp:term":[{"taxonomy":"category","embeddable":true,"href":"https:\/\/portaleducacao.guarulhos.sp.gov.br\/wp_site\/englishgru\/wp-json\/wp\/v2\/categories?post=38"},{"taxonomy":"post_tag","embeddable":true,"href":"https:\/\/portaleducacao.guarulhos.sp.gov.br\/wp_site\/englishgru\/wp-json\/wp\/v2\/tags?post=38"}],"curies":[{"name":"wp","href":"https:\/\/api.w.org\/{rel}","templated":true}]}}