{"id":188,"date":"2023-08-23T15:30:26","date_gmt":"2023-08-23T18:30:26","guid":{"rendered":"https:\/\/portaleducacao.guarulhos.sp.gov.br\/wp_site\/saberes\/?page_id=188"},"modified":"2024-06-18T16:17:54","modified_gmt":"2024-06-18T19:17:54","slug":"alemdasletras","status":"publish","type":"page","link":"https:\/\/portaleducacao.guarulhos.sp.gov.br\/wp_site\/saberes\/alemdasletras\/","title":{"rendered":"AlemDasLetras"},"content":{"rendered":"\t\t<div data-elementor-type=\"wp-page\" data-elementor-id=\"188\" class=\"elementor elementor-188\">\n\t\t\t\t\t\t\t<div class=\"elementor-element elementor-element-3ab3efed e-con-boxed e-con\" data-id=\"3ab3efed\" data-element_type=\"container\" data-settings=\"{&quot;content_width&quot;:&quot;boxed&quot;}\">\n\t\t\t\t\t<div class=\"e-con-inner\">\n\t\t\t\t<div class=\"elementor-element elementor-element-50573a85 elementor-widget elementor-widget-heading\" data-id=\"50573a85\" data-element_type=\"widget\" data-widget_type=\"heading.default\">\n\t\t\t\t<div class=\"elementor-widget-container\">\n\t\t\t<style>\/*! elementor - v3.12.1 - 02-04-2023 *\/\n.elementor-heading-title{padding:0;margin:0;line-height:1}.elementor-widget-heading .elementor-heading-title[class*=elementor-size-]>a{color:inherit;font-size:inherit;line-height:inherit}.elementor-widget-heading .elementor-heading-title.elementor-size-small{font-size:15px}.elementor-widget-heading .elementor-heading-title.elementor-size-medium{font-size:19px}.elementor-widget-heading .elementor-heading-title.elementor-size-large{font-size:29px}.elementor-widget-heading .elementor-heading-title.elementor-size-xl{font-size:39px}.elementor-widget-heading .elementor-heading-title.elementor-size-xxl{font-size:59px}<\/style><h2 class=\"elementor-heading-title elementor-size-default\">Al\u00e9m das letras\n<\/h2>\t\t<\/div>\n\t\t\t\t<\/div>\n\t\t\t\t\t<\/div>\n\t\t\t\t<\/div>\n\t\t<div class=\"elementor-element elementor-element-268b93ba e-con-boxed e-con\" data-id=\"268b93ba\" data-element_type=\"container\" data-settings=\"{&quot;content_width&quot;:&quot;boxed&quot;}\">\n\t\t\t\t\t<div class=\"e-con-inner\">\n\t\t\t\t<div class=\"elementor-element elementor-element-53670021 elementor-widget elementor-widget-text-editor\" data-id=\"53670021\" data-element_type=\"widget\" data-widget_type=\"text-editor.default\">\n\t\t\t\t<div class=\"elementor-widget-container\">\n\t\t\t<style>\/*! elementor - v3.12.1 - 02-04-2023 *\/\n.elementor-widget-text-editor.elementor-drop-cap-view-stacked .elementor-drop-cap{background-color:#69727d;color:#fff}.elementor-widget-text-editor.elementor-drop-cap-view-framed .elementor-drop-cap{color:#69727d;border:3px solid;background-color:transparent}.elementor-widget-text-editor:not(.elementor-drop-cap-view-default) .elementor-drop-cap{margin-top:8px}.elementor-widget-text-editor:not(.elementor-drop-cap-view-default) .elementor-drop-cap-letter{width:1em;height:1em}.elementor-widget-text-editor .elementor-drop-cap{float:left;text-align:center;line-height:1;font-size:50px}.elementor-widget-text-editor .elementor-drop-cap-letter{display:inline-block}<\/style>\t\t\t\t<p><span style=\"font-weight: 400;\">O bloco\u00a0<\/span><b>Al\u00e9m das Letras<\/b><span style=\"font-weight: 400;\">\u00a0\u00e9 direcionado \u00e0s crian\u00e7as dos <\/span><b>1\u00ba e 2\u00ba Anos<\/b><span style=\"font-weight: 400;\"> e tem como principal objetivo auxili\u00e1-las no processo de alfabetiza\u00e7\u00e3o, complementando o trabalho realizado em sala de aula.\u00a0\u00a0<\/span><\/p><p><span style=\"font-weight: 400;\">A proposta desse bloco visa a garantir o direito de aprendizagem \u00e0s crian\u00e7as. Para isso, apropriar-se dos g\u00eaneros textuais que circulam na sociedade \u00e9 uma forma de participar das pr\u00e1ticas sociais de forma efetiva, pois a sociedade brasileira \u00e9 letrada, por consequ\u00eancia, a atua\u00e7\u00e3o do cidad\u00e3o ocorre por meio de textos, sejam liter\u00e1rios, do cotidiano ou a servi\u00e7o da democracia.\u00a0<\/span><\/p><p><span style=\"font-weight: 400;\">Al\u00e9m disso, os educandos desses anos precisam experimentar o ato de escrever. Vale lembrar que \u00e9 um momento em que a escrita ainda n\u00e3o \u00e9 convencional. Isso n\u00e3o pode ser visto como um problema, uma vez que se trata de um processo natural em desenvolvimento.\u00a0<\/span><\/p><p><span style=\"font-weight: 400;\">A nomenclatura <\/span><b>Al\u00e9m das letras<\/b><span style=\"font-weight: 400;\"> dialoga com esse processo por evidenciar que a alfabetiza\u00e7\u00e3o n\u00e3o depende apenas de conhecer as letras do alfabeto ou mesmo as s\u00edlabas. \u00c9 necess\u00e1rio proporcionar \u00e0s crian\u00e7as diversas atividades, permitindo que as crian\u00e7as pensem sobre como se escreve e, dessa forma, entendam a rela\u00e7\u00e3o entre as letras e os sons da nossa l\u00edngua. Por isso, cantigas, parlendas, jogos e brincadeiras s\u00e3o t\u00e3o importantes quanto ouvir hist\u00f3rias e escrever.<\/span><\/p><p><span style=\"font-weight: 400;\">\u00c9 importante que as crian\u00e7as se sintam livres para fazer tentativas sem medo de errar. Nesse momento, cr\u00edticas ou repreens\u00f5es quando escreverem ou lerem diferentemente do esperado n\u00e3o s\u00e3o pr\u00e1ticas coerentes, visto que as crian\u00e7as ainda est\u00e3o no in\u00edcio da alfabetiza\u00e7\u00e3o e precisam ser encorajadas a escrever e a ler.\u00a0<\/span><\/p><p><span style=\"font-weight: 400;\">O excesso de cobran\u00e7as n\u00e3o favorece a aprendizagem e fazem com que a leitura e a escrita sejam abordadas como tarefas ma\u00e7antes. \u00c9 imprescind\u00edvel estimular o interesse, instigar as pesquisas e as descobertas, celebrar as conquistas, entendendo que as d\u00favidas e a curiosidade s\u00e3o excelentes ferramentas para o desenvolvimento da crian\u00e7a nesse processo. Seguem algumas atividades que auxiliam as crian\u00e7as no desenvolvimento da leitura e da escrita:<\/span><\/p>\t\t\t\t\t\t<\/div>\n\t\t\t\t<\/div>\n\t\t\t\t<div class=\"elementor-element elementor-element-5eb63b1 elementor-widget elementor-widget-text-editor\" data-id=\"5eb63b1\" data-element_type=\"widget\" data-widget_type=\"text-editor.default\">\n\t\t\t\t<div class=\"elementor-widget-container\">\n\t\t\t\t\t\t\t<ul><li style=\"font-weight: 400;\" aria-level=\"1\"><span style=\"font-weight: 400;\">Ler hist\u00f3rias utilizando livros ou gibis;<\/span><\/li><li style=\"font-weight: 400;\" aria-level=\"1\"><span style=\"font-weight: 400;\">Mostrar os r\u00f3tulos e embalagens dos produtos do dia a dia;<\/span><\/li><li style=\"font-weight: 400;\" aria-level=\"1\"><span style=\"font-weight: 400;\">Apresentar o nome do produto; as letras que fazem parte do nome da crian\u00e7a; os s\u00edmbolos que aparecem na embalagem;<\/span><\/li><li style=\"font-weight: 400;\" aria-level=\"1\"><span style=\"font-weight: 400;\">Explorar os letreiros dispon\u00edveis nas ruas: nomes das lojas,\u00a0<\/span><i><span style=\"font-weight: 400;\">outdoors<\/span><\/i><span style=\"font-weight: 400;\">, placas de tr\u00e2nsito, faixas, letreiros dos \u00f4nibus, etc.;<\/span><\/li><li style=\"font-weight: 400;\" aria-level=\"1\"><span style=\"font-weight: 400;\">Ler folhetos de propaganda distribu\u00eddos nas ruas, como jornais dos supermercados, folhetos de lojas e outros;<\/span><\/li><li style=\"font-weight: 400;\" aria-level=\"1\"><span style=\"font-weight: 400;\">Explicar que a escrita aparece e faz parte das pr\u00e1ticas sociais cotidianas, tais como, lista de compras, receitas, documentos pessoais, roupas, aparelhos celulares, etc.;<\/span><\/li><li style=\"font-weight: 400;\" aria-level=\"1\">Por fim, de grande import\u00e2ncia, \u00e9 proporcionar atividades que envolvam o <b style=\"font-style: inherit; color: var( --e-global-color-secondary ); font-family: var( --e-global-typography-text-font-family ), Sans-serif; text-align: var(--text-align); background-color: var(--ast-global-color-5);\">desenhar<\/b><span style=\"font-style: inherit; color: var( --e-global-color-secondary ); font-family: var( --e-global-typography-text-font-family ), Sans-serif; text-align: var(--text-align); background-color: var(--ast-global-color-5);\">, como por exemplo, estimular as crian\u00e7as a desenharem com diversos recursos, como carv\u00e3o, peda\u00e7o de tijolo, pauzinho na areia, no ch\u00e3o, em caixas de papel\u00e3o e utilizando outros materiais que estiverem dispon\u00edveis.<\/span><\/li><\/ul>\t\t\t\t\t\t<\/div>\n\t\t\t\t<\/div>\n\t\t\t\t<div class=\"elementor-element elementor-element-ad39f13 elementor-widget elementor-widget-image\" data-id=\"ad39f13\" data-element_type=\"widget\" data-widget_type=\"image.default\">\n\t\t\t\t<div class=\"elementor-widget-container\">\n\t\t\t<style>\/*! elementor - v3.12.1 - 02-04-2023 *\/\n.elementor-widget-image{text-align:center}.elementor-widget-image a{display:inline-block}.elementor-widget-image a img[src$=\".svg\"]{width:48px}.elementor-widget-image img{vertical-align:middle;display:inline-block}<\/style>\t\t\t\t\t\t\t\t\t\t\t\t\t<a href=\"https:\/\/www.youtube.com\/playlist?list=PL9Afd2a5oM1Mbbk28ocE6Ku32MLUrnONY\" target=\"_blank\">\n\t\t\t\t\t\t\t<img width=\"1024\" height=\"576\" src=\"https:\/\/portaleducacao.guarulhos.sp.gov.br\/wp_site\/saberes\/wp-content\/uploads\/sites\/26\/2024\/04\/alem-1024x576.jpeg\" class=\"attachment-large size-large wp-image-1766\" alt=\"\" loading=\"lazy\" srcset=\"https:\/\/portaleducacao.guarulhos.sp.gov.br\/wp_site\/saberes\/wp-content\/uploads\/sites\/26\/2024\/04\/alem-1024x576.jpeg 1024w, https:\/\/portaleducacao.guarulhos.sp.gov.br\/wp_site\/saberes\/wp-content\/uploads\/sites\/26\/2024\/04\/alem-300x169.jpeg 300w, https:\/\/portaleducacao.guarulhos.sp.gov.br\/wp_site\/saberes\/wp-content\/uploads\/sites\/26\/2024\/04\/alem-768x432.jpeg 768w, https:\/\/portaleducacao.guarulhos.sp.gov.br\/wp_site\/saberes\/wp-content\/uploads\/sites\/26\/2024\/04\/alem-1536x864.jpeg 1536w, https:\/\/portaleducacao.guarulhos.sp.gov.br\/wp_site\/saberes\/wp-content\/uploads\/sites\/26\/2024\/04\/alem.jpeg 1600w\" sizes=\"(max-width: 1024px) 100vw, 1024px\" \/>\t\t\t\t\t\t\t\t<\/a>\n\t\t\t\t\t\t\t\t\t\t\t\t\t\t\t<\/div>\n\t\t\t\t<\/div>\n\t\t\t\t\t<\/div>\n\t\t\t\t<\/div>\n\t\t\t\t\t\t\t<\/div>\n\t\t","protected":false},"excerpt":{"rendered":"<p>Al\u00e9m das letras O bloco\u00a0Al\u00e9m das Letras\u00a0\u00e9 direcionado \u00e0s crian\u00e7as dos 1\u00ba e 2\u00ba Anos e tem como principal objetivo auxili\u00e1-las no processo de alfabetiza\u00e7\u00e3o, complementando o trabalho realizado em &hellip;<\/p>\n<p class=\"read-more\"> <a class=\"\" href=\"https:\/\/portaleducacao.guarulhos.sp.gov.br\/wp_site\/saberes\/alemdasletras\/\"> <span class=\"screen-reader-text\">AlemDasLetras<\/span> Leia mais &raquo;<\/a><\/p>\n","protected":false},"author":1,"featured_media":0,"parent":0,"menu_order":0,"comment_status":"closed","ping_status":"closed","template":"","meta":{"_monsterinsights_skip_tracking":false,"_monsterinsights_sitenote_active":false,"_monsterinsights_sitenote_note":"","_monsterinsights_sitenote_category":0,"site-sidebar-layout":"no-sidebar","site-content-layout":"page-builder","ast-global-header-display":"","ast-main-header-display":"","ast-hfb-above-header-display":"","ast-hfb-below-header-display":"","ast-hfb-mobile-header-display":"","site-post-title":"disabled","ast-breadcrumbs-content":"","ast-featured-img":"disabled","footer-sml-layout":"","theme-transparent-header-meta":"","adv-header-id-meta":"","stick-header-meta":"","header-above-stick-meta":"","header-main-stick-meta":"","header-below-stick-meta":"","_expiration-date-status":"","_expiration-date":0,"_expiration-date-type":"","_expiration-date-categories":[],"_expiration-date-options":[]},"categories":[],"tags":[],"yoast_head":"<!-- This site is optimized with the Yoast SEO plugin v19.7.1 - https:\/\/yoast.com\/wordpress\/plugins\/seo\/ -->\r\n<title>AlemDasLetras - Saberes em Casa<\/title>\r\n<meta name=\"robots\" content=\"index, follow, max-snippet:-1, max-image-preview:large, max-video-preview:-1\" \/>\r\n<link rel=\"canonical\" href=\"https:\/\/portaleducacao.guarulhos.sp.gov.br\/wp_site\/saberes\/alemdasletras\/\" \/>\r\n<meta property=\"og:locale\" content=\"pt_BR\" \/>\r\n<meta property=\"og:type\" content=\"article\" \/>\r\n<meta property=\"og:title\" content=\"AlemDasLetras - Saberes em Casa\" \/>\r\n<meta property=\"og:description\" content=\"Al\u00e9m das letras O bloco\u00a0Al\u00e9m das Letras\u00a0\u00e9 direcionado \u00e0s crian\u00e7as dos 1\u00ba e 2\u00ba Anos e tem como principal objetivo auxili\u00e1-las no processo de alfabetiza\u00e7\u00e3o, complementando o trabalho realizado em &hellip; AlemDasLetras Leia mais &raquo;\" \/>\r\n<meta property=\"og:url\" content=\"https:\/\/portaleducacao.guarulhos.sp.gov.br\/wp_site\/saberes\/alemdasletras\/\" \/>\r\n<meta property=\"og:site_name\" content=\"Saberes em Casa\" \/>\r\n<meta property=\"article:modified_time\" content=\"2024-06-18T19:17:54+00:00\" \/>\r\n<meta property=\"og:image\" content=\"http:\/\/portaleducacao.guarulhos.sp.gov.br\/wp_site\/saberes\/wp-content\/uploads\/sites\/26\/2024\/04\/alem-1024x576.jpeg\" \/>\r\n<meta name=\"twitter:card\" content=\"summary_large_image\" \/>\r\n<meta name=\"twitter:label1\" content=\"Est. tempo de leitura\" \/>\n\t<meta name=\"twitter:data1\" content=\"3 minutos\" \/>\r\n<script type=\"application\/ld+json\" class=\"yoast-schema-graph\">{\"@context\":\"https:\/\/schema.org\",\"@graph\":[{\"@type\":\"WebPage\",\"@id\":\"https:\/\/portaleducacao.guarulhos.sp.gov.br\/wp_site\/saberes\/alemdasletras\/\",\"url\":\"https:\/\/portaleducacao.guarulhos.sp.gov.br\/wp_site\/saberes\/alemdasletras\/\",\"name\":\"AlemDasLetras - Saberes em Casa\",\"isPartOf\":{\"@id\":\"https:\/\/portaleducacao.guarulhos.sp.gov.br\/wp_site\/saberes\/#website\"},\"datePublished\":\"2023-08-23T18:30:26+00:00\",\"dateModified\":\"2024-06-18T19:17:54+00:00\",\"breadcrumb\":{\"@id\":\"https:\/\/portaleducacao.guarulhos.sp.gov.br\/wp_site\/saberes\/alemdasletras\/#breadcrumb\"},\"inLanguage\":\"pt-BR\",\"potentialAction\":[{\"@type\":\"ReadAction\",\"target\":[\"https:\/\/portaleducacao.guarulhos.sp.gov.br\/wp_site\/saberes\/alemdasletras\/\"]}]},{\"@type\":\"BreadcrumbList\",\"@id\":\"https:\/\/portaleducacao.guarulhos.sp.gov.br\/wp_site\/saberes\/alemdasletras\/#breadcrumb\",\"itemListElement\":[{\"@type\":\"ListItem\",\"position\":1,\"name\":\"In\u00edcio\",\"item\":\"https:\/\/portaleducacao.guarulhos.sp.gov.br\/wp_site\/saberes\/\"},{\"@type\":\"ListItem\",\"position\":2,\"name\":\"AlemDasLetras\"}]},{\"@type\":\"WebSite\",\"@id\":\"https:\/\/portaleducacao.guarulhos.sp.gov.br\/wp_site\/saberes\/#website\",\"url\":\"https:\/\/portaleducacao.guarulhos.sp.gov.br\/wp_site\/saberes\/\",\"name\":\"Saberes em Casa\",\"description\":\"Recursos complementares \u00e0s propostas educativas das Escolas da Prefeitura de Guarulhos\",\"potentialAction\":[{\"@type\":\"SearchAction\",\"target\":{\"@type\":\"EntryPoint\",\"urlTemplate\":\"https:\/\/portaleducacao.guarulhos.sp.gov.br\/wp_site\/saberes\/?s={search_term_string}\"},\"query-input\":\"required name=search_term_string\"}],\"inLanguage\":\"pt-BR\"}]}<\/script>\r\n<!-- \/ Yoast SEO plugin. -->","yoast_head_json":{"title":"AlemDasLetras - Saberes em Casa","robots":{"index":"index","follow":"follow","max-snippet":"max-snippet:-1","max-image-preview":"max-image-preview:large","max-video-preview":"max-video-preview:-1"},"canonical":"https:\/\/portaleducacao.guarulhos.sp.gov.br\/wp_site\/saberes\/alemdasletras\/","og_locale":"pt_BR","og_type":"article","og_title":"AlemDasLetras - Saberes em Casa","og_description":"Al\u00e9m das letras O bloco\u00a0Al\u00e9m das Letras\u00a0\u00e9 direcionado \u00e0s crian\u00e7as dos 1\u00ba e 2\u00ba Anos e tem como principal objetivo auxili\u00e1-las no processo de alfabetiza\u00e7\u00e3o, complementando o trabalho realizado em &hellip; AlemDasLetras Leia mais &raquo;","og_url":"https:\/\/portaleducacao.guarulhos.sp.gov.br\/wp_site\/saberes\/alemdasletras\/","og_site_name":"Saberes em Casa","article_modified_time":"2024-06-18T19:17:54+00:00","og_image":[{"url":"http:\/\/portaleducacao.guarulhos.sp.gov.br\/wp_site\/saberes\/wp-content\/uploads\/sites\/26\/2024\/04\/alem-1024x576.jpeg"}],"twitter_card":"summary_large_image","twitter_misc":{"Est. tempo de leitura":"3 minutos"},"schema":{"@context":"https:\/\/schema.org","@graph":[{"@type":"WebPage","@id":"https:\/\/portaleducacao.guarulhos.sp.gov.br\/wp_site\/saberes\/alemdasletras\/","url":"https:\/\/portaleducacao.guarulhos.sp.gov.br\/wp_site\/saberes\/alemdasletras\/","name":"AlemDasLetras - Saberes em Casa","isPartOf":{"@id":"https:\/\/portaleducacao.guarulhos.sp.gov.br\/wp_site\/saberes\/#website"},"datePublished":"2023-08-23T18:30:26+00:00","dateModified":"2024-06-18T19:17:54+00:00","breadcrumb":{"@id":"https:\/\/portaleducacao.guarulhos.sp.gov.br\/wp_site\/saberes\/alemdasletras\/#breadcrumb"},"inLanguage":"pt-BR","potentialAction":[{"@type":"ReadAction","target":["https:\/\/portaleducacao.guarulhos.sp.gov.br\/wp_site\/saberes\/alemdasletras\/"]}]},{"@type":"BreadcrumbList","@id":"https:\/\/portaleducacao.guarulhos.sp.gov.br\/wp_site\/saberes\/alemdasletras\/#breadcrumb","itemListElement":[{"@type":"ListItem","position":1,"name":"In\u00edcio","item":"https:\/\/portaleducacao.guarulhos.sp.gov.br\/wp_site\/saberes\/"},{"@type":"ListItem","position":2,"name":"AlemDasLetras"}]},{"@type":"WebSite","@id":"https:\/\/portaleducacao.guarulhos.sp.gov.br\/wp_site\/saberes\/#website","url":"https:\/\/portaleducacao.guarulhos.sp.gov.br\/wp_site\/saberes\/","name":"Saberes em Casa","description":"Recursos complementares \u00e0s propostas educativas das Escolas da Prefeitura de Guarulhos","potentialAction":[{"@type":"SearchAction","target":{"@type":"EntryPoint","urlTemplate":"https:\/\/portaleducacao.guarulhos.sp.gov.br\/wp_site\/saberes\/?s={search_term_string}"},"query-input":"required name=search_term_string"}],"inLanguage":"pt-BR"}]}},"_links":{"self":[{"href":"https:\/\/portaleducacao.guarulhos.sp.gov.br\/wp_site\/saberes\/wp-json\/wp\/v2\/pages\/188"}],"collection":[{"href":"https:\/\/portaleducacao.guarulhos.sp.gov.br\/wp_site\/saberes\/wp-json\/wp\/v2\/pages"}],"about":[{"href":"https:\/\/portaleducacao.guarulhos.sp.gov.br\/wp_site\/saberes\/wp-json\/wp\/v2\/types\/page"}],"author":[{"embeddable":true,"href":"https:\/\/portaleducacao.guarulhos.sp.gov.br\/wp_site\/saberes\/wp-json\/wp\/v2\/users\/1"}],"replies":[{"embeddable":true,"href":"https:\/\/portaleducacao.guarulhos.sp.gov.br\/wp_site\/saberes\/wp-json\/wp\/v2\/comments?post=188"}],"version-history":[{"count":39,"href":"https:\/\/portaleducacao.guarulhos.sp.gov.br\/wp_site\/saberes\/wp-json\/wp\/v2\/pages\/188\/revisions"}],"predecessor-version":[{"id":2011,"href":"https:\/\/portaleducacao.guarulhos.sp.gov.br\/wp_site\/saberes\/wp-json\/wp\/v2\/pages\/188\/revisions\/2011"}],"wp:attachment":[{"href":"https:\/\/portaleducacao.guarulhos.sp.gov.br\/wp_site\/saberes\/wp-json\/wp\/v2\/media?parent=188"}],"wp:term":[{"taxonomy":"category","embeddable":true,"href":"https:\/\/portaleducacao.guarulhos.sp.gov.br\/wp_site\/saberes\/wp-json\/wp\/v2\/categories?post=188"},{"taxonomy":"post_tag","embeddable":true,"href":"https:\/\/portaleducacao.guarulhos.sp.gov.br\/wp_site\/saberes\/wp-json\/wp\/v2\/tags?post=188"}],"curies":[{"name":"wp","href":"https:\/\/api.w.org\/{rel}","templated":true}]}}