{"id":831,"date":"2023-09-22T13:46:14","date_gmt":"2023-09-22T16:46:14","guid":{"rendered":"https:\/\/portaleducacao.guarulhos.sp.gov.br\/wp_site\/saberes\/?page_id=831"},"modified":"2024-06-18T16:30:44","modified_gmt":"2024-06-18T19:30:44","slug":"desafiododia","status":"publish","type":"page","link":"https:\/\/portaleducacao.guarulhos.sp.gov.br\/wp_site\/saberes\/desafiododia\/","title":{"rendered":"desafioDoDia"},"content":{"rendered":"\t\t<div data-elementor-type=\"wp-page\" data-elementor-id=\"831\" class=\"elementor elementor-831\">\n\t\t\t\t\t\t\t<div class=\"elementor-element elementor-element-37d14ed3 e-con-boxed e-con\" data-id=\"37d14ed3\" data-element_type=\"container\" data-settings=\"{&quot;content_width&quot;:&quot;boxed&quot;}\">\n\t\t\t\t\t<div class=\"e-con-inner\">\n\t\t\t\t<div class=\"elementor-element elementor-element-6f331000 elementor-widget elementor-widget-heading\" data-id=\"6f331000\" data-element_type=\"widget\" data-widget_type=\"heading.default\">\n\t\t\t\t<div class=\"elementor-widget-container\">\n\t\t\t<style>\/*! elementor - v3.12.1 - 02-04-2023 *\/\n.elementor-heading-title{padding:0;margin:0;line-height:1}.elementor-widget-heading .elementor-heading-title[class*=elementor-size-]>a{color:inherit;font-size:inherit;line-height:inherit}.elementor-widget-heading .elementor-heading-title.elementor-size-small{font-size:15px}.elementor-widget-heading .elementor-heading-title.elementor-size-medium{font-size:19px}.elementor-widget-heading .elementor-heading-title.elementor-size-large{font-size:29px}.elementor-widget-heading .elementor-heading-title.elementor-size-xl{font-size:39px}.elementor-widget-heading .elementor-heading-title.elementor-size-xxl{font-size:59px}<\/style><h2 class=\"elementor-heading-title elementor-size-default\">Desafio do dia<\/h2>\t\t<\/div>\n\t\t\t\t<\/div>\n\t\t\t\t\t<\/div>\n\t\t\t\t<\/div>\n\t\t<div class=\"elementor-element elementor-element-2a05c215 e-con-boxed e-con\" data-id=\"2a05c215\" data-element_type=\"container\" data-settings=\"{&quot;content_width&quot;:&quot;boxed&quot;}\">\n\t\t\t\t\t<div class=\"e-con-inner\">\n\t\t\t\t<div class=\"elementor-element elementor-element-7574f83e elementor-widget elementor-widget-text-editor\" data-id=\"7574f83e\" data-element_type=\"widget\" data-widget_type=\"text-editor.default\">\n\t\t\t\t<div class=\"elementor-widget-container\">\n\t\t\t<style>\/*! elementor - v3.12.1 - 02-04-2023 *\/\n.elementor-widget-text-editor.elementor-drop-cap-view-stacked .elementor-drop-cap{background-color:#69727d;color:#fff}.elementor-widget-text-editor.elementor-drop-cap-view-framed .elementor-drop-cap{color:#69727d;border:3px solid;background-color:transparent}.elementor-widget-text-editor:not(.elementor-drop-cap-view-default) .elementor-drop-cap{margin-top:8px}.elementor-widget-text-editor:not(.elementor-drop-cap-view-default) .elementor-drop-cap-letter{width:1em;height:1em}.elementor-widget-text-editor .elementor-drop-cap{float:left;text-align:center;line-height:1;font-size:50px}.elementor-widget-text-editor .elementor-drop-cap-letter{display:inline-block}<\/style>\t\t\t\t<p><span style=\"font-weight: 400;\">O bloco&nbsp;<\/span><b>Desafio do Dia<\/b><span style=\"font-weight: 400;\">&nbsp;do Saberes em casa \u00e9 direcionado aos educandos dos <\/span><b>3\u00ba, 4\u00ba e 5\u00ba anos<\/b><span style=\"font-weight: 400;\">. \u00c9 importante ressaltar que esse programa faz parte do Saberes em casa desde sua primeira temporada, em 2020, por isso \u00e9 bastante conhecido pelas crian\u00e7as.&nbsp;<\/span><\/p><p><span style=\"font-style: inherit; color: var( --e-global-color-secondary ); font-family: var( --e-global-typography-text-font-family ), Sans-serif; background-color: var(--ast-global-color-5);\">Nessa etapa de escolariza\u00e7\u00e3o, a maioria das crian\u00e7as j\u00e1 sabem ler e escrever, mas \u00e9 preciso aprofundar os conhecimentos relacionados \u00e0 produ\u00e7\u00e3o textual e \u00e0 linguagem matem\u00e1tica, sem desconsiderar a interdisciplinaridade e a explora\u00e7\u00e3o das demais \u00e1reas do conhecimento. Faz-se necess\u00e1rio ter como objetivo a valoriza\u00e7\u00e3o da curiosidade que as crian\u00e7as expressam ao conhecer e interagir com a realidade que as cerca.<\/span><\/p><p><span style=\"font-style: inherit; color: var( --e-global-color-secondary ); font-family: var( --e-global-typography-text-font-family ), Sans-serif; background-color: var(--ast-global-color-5);\">Nesse sentido, os desafios do programa buscam evidenciar propostas investigativas, partindo de assuntos presentes no dia a dia das crian\u00e7as. Por consequ\u00eancia, \u00e9 imprescind\u00edvel o uso de materiais e atividades direcionados \u00e0 pr\u00e1tica da pesquisa e da an\u00e1lise, como por exemplo, explorar revistas, encartes, livros dos anos anteriores, dicion\u00e1rios, entre outros suportes e g\u00eaneros textuais.<\/span><\/p><p><span style=\"font-style: inherit; color: var( --e-global-color-secondary ); font-family: var( --e-global-typography-text-font-family ), Sans-serif; background-color: var(--ast-global-color-5);\">Al\u00e9m disso, buscas na internet, observando o uso de diversos g\u00eaneros textuais e conex\u00f5es entre eles, auxiliam no desenvolvimento do letramento digital bem como do multiletramento. (QNS &#8211; 2019)<\/span><\/p><p><span style=\"font-style: inherit; color: var( --e-global-color-secondary ); font-family: var( --e-global-typography-text-font-family ), Sans-serif; background-color: var(--ast-global-color-5);\">A organiza\u00e7\u00e3o do programa <\/span><b style=\"font-style: inherit; color: var( --e-global-color-secondary ); font-family: var( --e-global-typography-text-font-family ), Sans-serif; background-color: var(--ast-global-color-5);\">Desafio do Dia <\/b><span style=\"font-style: inherit; color: var( --e-global-color-secondary ); font-family: var( --e-global-typography-text-font-family ), Sans-serif; background-color: var(--ast-global-color-5);\">est\u00e1 proposta em sequ\u00eancias did\u00e1ticas que possibilitam o aprofundamento e a constru\u00e7\u00e3o das aprendizagens de forma progressiva<\/span><\/p>\t\t\t\t\t\t<\/div>\n\t\t\t\t<\/div>\n\t\t\t\t<div class=\"elementor-element elementor-element-6115181 elementor-widget elementor-widget-image\" data-id=\"6115181\" data-element_type=\"widget\" data-widget_type=\"image.default\">\n\t\t\t\t<div class=\"elementor-widget-container\">\n\t\t\t<style>\/*! elementor - v3.12.1 - 02-04-2023 *\/\n.elementor-widget-image{text-align:center}.elementor-widget-image a{display:inline-block}.elementor-widget-image a img[src$=\".svg\"]{width:48px}.elementor-widget-image img{vertical-align:middle;display:inline-block}<\/style>\t\t\t\t\t\t\t\t\t\t\t\t\t<a href=\"https:\/\/www.youtube.com\/playlist?list=PL9Afd2a5oM1OLKqKwTLb9mZfc_qGyXZwX\" target=\"_blank\">\n\t\t\t\t\t\t\t<img width=\"1024\" height=\"576\" src=\"https:\/\/portaleducacao.guarulhos.sp.gov.br\/wp_site\/saberes\/wp-content\/uploads\/sites\/26\/2024\/04\/WhatsApp-Image-2024-04-12-at-08.46.29-1024x576.jpeg\" class=\"attachment-large size-large wp-image-1751\" alt=\"\" loading=\"lazy\" srcset=\"https:\/\/portaleducacao.guarulhos.sp.gov.br\/wp_site\/saberes\/wp-content\/uploads\/sites\/26\/2024\/04\/WhatsApp-Image-2024-04-12-at-08.46.29-1024x576.jpeg 1024w, https:\/\/portaleducacao.guarulhos.sp.gov.br\/wp_site\/saberes\/wp-content\/uploads\/sites\/26\/2024\/04\/WhatsApp-Image-2024-04-12-at-08.46.29-300x169.jpeg 300w, https:\/\/portaleducacao.guarulhos.sp.gov.br\/wp_site\/saberes\/wp-content\/uploads\/sites\/26\/2024\/04\/WhatsApp-Image-2024-04-12-at-08.46.29-768x432.jpeg 768w, https:\/\/portaleducacao.guarulhos.sp.gov.br\/wp_site\/saberes\/wp-content\/uploads\/sites\/26\/2024\/04\/WhatsApp-Image-2024-04-12-at-08.46.29-1536x864.jpeg 1536w, https:\/\/portaleducacao.guarulhos.sp.gov.br\/wp_site\/saberes\/wp-content\/uploads\/sites\/26\/2024\/04\/WhatsApp-Image-2024-04-12-at-08.46.29.jpeg 1600w\" sizes=\"(max-width: 1024px) 100vw, 1024px\" \/>\t\t\t\t\t\t\t\t<\/a>\n\t\t\t\t\t\t\t\t\t\t\t\t\t\t\t<\/div>\n\t\t\t\t<\/div>\n\t\t\t\t\t<\/div>\n\t\t\t\t<\/div>\n\t\t\t\t\t\t\t<\/div>\n\t\t","protected":false},"excerpt":{"rendered":"<p>Desafio do dia O bloco&nbsp;Desafio do Dia&nbsp;do Saberes em casa \u00e9 direcionado aos educandos dos 3\u00ba, 4\u00ba e 5\u00ba anos. \u00c9 importante ressaltar que esse programa faz parte do Saberes &hellip;<\/p>\n<p class=\"read-more\"> <a class=\"\" href=\"https:\/\/portaleducacao.guarulhos.sp.gov.br\/wp_site\/saberes\/desafiododia\/\"> <span class=\"screen-reader-text\">desafioDoDia<\/span> Leia mais &raquo;<\/a><\/p>\n","protected":false},"author":1,"featured_media":0,"parent":0,"menu_order":0,"comment_status":"closed","ping_status":"closed","template":"","meta":{"_monsterinsights_skip_tracking":false,"_monsterinsights_sitenote_active":false,"_monsterinsights_sitenote_note":"","_monsterinsights_sitenote_category":0,"site-sidebar-layout":"no-sidebar","site-content-layout":"page-builder","ast-global-header-display":"","ast-main-header-display":"","ast-hfb-above-header-display":"","ast-hfb-below-header-display":"","ast-hfb-mobile-header-display":"","site-post-title":"disabled","ast-breadcrumbs-content":"","ast-featured-img":"disabled","footer-sml-layout":"","theme-transparent-header-meta":"","adv-header-id-meta":"","stick-header-meta":"","header-above-stick-meta":"","header-main-stick-meta":"","header-below-stick-meta":"","_expiration-date-status":"","_expiration-date":0,"_expiration-date-type":"","_expiration-date-categories":[],"_expiration-date-options":[]},"categories":[],"tags":[],"yoast_head":"<!-- This site is optimized with the Yoast SEO plugin v19.7.1 - https:\/\/yoast.com\/wordpress\/plugins\/seo\/ -->\r\n<title>desafioDoDia - Saberes em Casa<\/title>\r\n<meta name=\"robots\" content=\"index, follow, max-snippet:-1, max-image-preview:large, max-video-preview:-1\" \/>\r\n<link rel=\"canonical\" href=\"https:\/\/portaleducacao.guarulhos.sp.gov.br\/wp_site\/saberes\/desafiododia\/\" \/>\r\n<meta property=\"og:locale\" content=\"pt_BR\" \/>\r\n<meta property=\"og:type\" content=\"article\" \/>\r\n<meta property=\"og:title\" content=\"desafioDoDia - Saberes em Casa\" \/>\r\n<meta property=\"og:description\" content=\"Desafio do dia O bloco&nbsp;Desafio do Dia&nbsp;do Saberes em casa \u00e9 direcionado aos educandos dos 3\u00ba, 4\u00ba e 5\u00ba anos. \u00c9 importante ressaltar que esse programa faz parte do Saberes &hellip; desafioDoDia Leia mais &raquo;\" \/>\r\n<meta property=\"og:url\" content=\"https:\/\/portaleducacao.guarulhos.sp.gov.br\/wp_site\/saberes\/desafiododia\/\" \/>\r\n<meta property=\"og:site_name\" content=\"Saberes em Casa\" \/>\r\n<meta property=\"article:modified_time\" content=\"2024-06-18T19:30:44+00:00\" \/>\r\n<meta property=\"og:image\" content=\"http:\/\/portaleducacao.guarulhos.sp.gov.br\/wp_site\/saberes\/wp-content\/uploads\/sites\/26\/2024\/04\/WhatsApp-Image-2024-04-12-at-08.46.29-1024x576.jpeg\" \/>\r\n<meta name=\"twitter:card\" content=\"summary_large_image\" \/>\r\n<meta name=\"twitter:label1\" content=\"Est. tempo de leitura\" \/>\n\t<meta name=\"twitter:data1\" content=\"2 minutos\" \/>\r\n<script type=\"application\/ld+json\" class=\"yoast-schema-graph\">{\"@context\":\"https:\/\/schema.org\",\"@graph\":[{\"@type\":\"WebPage\",\"@id\":\"https:\/\/portaleducacao.guarulhos.sp.gov.br\/wp_site\/saberes\/desafiododia\/\",\"url\":\"https:\/\/portaleducacao.guarulhos.sp.gov.br\/wp_site\/saberes\/desafiododia\/\",\"name\":\"desafioDoDia - Saberes em Casa\",\"isPartOf\":{\"@id\":\"https:\/\/portaleducacao.guarulhos.sp.gov.br\/wp_site\/saberes\/#website\"},\"datePublished\":\"2023-09-22T16:46:14+00:00\",\"dateModified\":\"2024-06-18T19:30:44+00:00\",\"breadcrumb\":{\"@id\":\"https:\/\/portaleducacao.guarulhos.sp.gov.br\/wp_site\/saberes\/desafiododia\/#breadcrumb\"},\"inLanguage\":\"pt-BR\",\"potentialAction\":[{\"@type\":\"ReadAction\",\"target\":[\"https:\/\/portaleducacao.guarulhos.sp.gov.br\/wp_site\/saberes\/desafiododia\/\"]}]},{\"@type\":\"BreadcrumbList\",\"@id\":\"https:\/\/portaleducacao.guarulhos.sp.gov.br\/wp_site\/saberes\/desafiododia\/#breadcrumb\",\"itemListElement\":[{\"@type\":\"ListItem\",\"position\":1,\"name\":\"In\u00edcio\",\"item\":\"https:\/\/portaleducacao.guarulhos.sp.gov.br\/wp_site\/saberes\/\"},{\"@type\":\"ListItem\",\"position\":2,\"name\":\"desafioDoDia\"}]},{\"@type\":\"WebSite\",\"@id\":\"https:\/\/portaleducacao.guarulhos.sp.gov.br\/wp_site\/saberes\/#website\",\"url\":\"https:\/\/portaleducacao.guarulhos.sp.gov.br\/wp_site\/saberes\/\",\"name\":\"Saberes em Casa\",\"description\":\"Recursos complementares \u00e0s propostas educativas das Escolas da Prefeitura de Guarulhos\",\"potentialAction\":[{\"@type\":\"SearchAction\",\"target\":{\"@type\":\"EntryPoint\",\"urlTemplate\":\"https:\/\/portaleducacao.guarulhos.sp.gov.br\/wp_site\/saberes\/?s={search_term_string}\"},\"query-input\":\"required name=search_term_string\"}],\"inLanguage\":\"pt-BR\"}]}<\/script>\r\n<!-- \/ Yoast SEO plugin. -->","yoast_head_json":{"title":"desafioDoDia - Saberes em Casa","robots":{"index":"index","follow":"follow","max-snippet":"max-snippet:-1","max-image-preview":"max-image-preview:large","max-video-preview":"max-video-preview:-1"},"canonical":"https:\/\/portaleducacao.guarulhos.sp.gov.br\/wp_site\/saberes\/desafiododia\/","og_locale":"pt_BR","og_type":"article","og_title":"desafioDoDia - Saberes em Casa","og_description":"Desafio do dia O bloco&nbsp;Desafio do Dia&nbsp;do Saberes em casa \u00e9 direcionado aos educandos dos 3\u00ba, 4\u00ba e 5\u00ba anos. \u00c9 importante ressaltar que esse programa faz parte do Saberes &hellip; desafioDoDia Leia mais &raquo;","og_url":"https:\/\/portaleducacao.guarulhos.sp.gov.br\/wp_site\/saberes\/desafiododia\/","og_site_name":"Saberes em Casa","article_modified_time":"2024-06-18T19:30:44+00:00","og_image":[{"url":"http:\/\/portaleducacao.guarulhos.sp.gov.br\/wp_site\/saberes\/wp-content\/uploads\/sites\/26\/2024\/04\/WhatsApp-Image-2024-04-12-at-08.46.29-1024x576.jpeg"}],"twitter_card":"summary_large_image","twitter_misc":{"Est. tempo de leitura":"2 minutos"},"schema":{"@context":"https:\/\/schema.org","@graph":[{"@type":"WebPage","@id":"https:\/\/portaleducacao.guarulhos.sp.gov.br\/wp_site\/saberes\/desafiododia\/","url":"https:\/\/portaleducacao.guarulhos.sp.gov.br\/wp_site\/saberes\/desafiododia\/","name":"desafioDoDia - Saberes em Casa","isPartOf":{"@id":"https:\/\/portaleducacao.guarulhos.sp.gov.br\/wp_site\/saberes\/#website"},"datePublished":"2023-09-22T16:46:14+00:00","dateModified":"2024-06-18T19:30:44+00:00","breadcrumb":{"@id":"https:\/\/portaleducacao.guarulhos.sp.gov.br\/wp_site\/saberes\/desafiododia\/#breadcrumb"},"inLanguage":"pt-BR","potentialAction":[{"@type":"ReadAction","target":["https:\/\/portaleducacao.guarulhos.sp.gov.br\/wp_site\/saberes\/desafiododia\/"]}]},{"@type":"BreadcrumbList","@id":"https:\/\/portaleducacao.guarulhos.sp.gov.br\/wp_site\/saberes\/desafiododia\/#breadcrumb","itemListElement":[{"@type":"ListItem","position":1,"name":"In\u00edcio","item":"https:\/\/portaleducacao.guarulhos.sp.gov.br\/wp_site\/saberes\/"},{"@type":"ListItem","position":2,"name":"desafioDoDia"}]},{"@type":"WebSite","@id":"https:\/\/portaleducacao.guarulhos.sp.gov.br\/wp_site\/saberes\/#website","url":"https:\/\/portaleducacao.guarulhos.sp.gov.br\/wp_site\/saberes\/","name":"Saberes em Casa","description":"Recursos complementares \u00e0s propostas educativas das Escolas da Prefeitura de Guarulhos","potentialAction":[{"@type":"SearchAction","target":{"@type":"EntryPoint","urlTemplate":"https:\/\/portaleducacao.guarulhos.sp.gov.br\/wp_site\/saberes\/?s={search_term_string}"},"query-input":"required name=search_term_string"}],"inLanguage":"pt-BR"}]}},"_links":{"self":[{"href":"https:\/\/portaleducacao.guarulhos.sp.gov.br\/wp_site\/saberes\/wp-json\/wp\/v2\/pages\/831"}],"collection":[{"href":"https:\/\/portaleducacao.guarulhos.sp.gov.br\/wp_site\/saberes\/wp-json\/wp\/v2\/pages"}],"about":[{"href":"https:\/\/portaleducacao.guarulhos.sp.gov.br\/wp_site\/saberes\/wp-json\/wp\/v2\/types\/page"}],"author":[{"embeddable":true,"href":"https:\/\/portaleducacao.guarulhos.sp.gov.br\/wp_site\/saberes\/wp-json\/wp\/v2\/users\/1"}],"replies":[{"embeddable":true,"href":"https:\/\/portaleducacao.guarulhos.sp.gov.br\/wp_site\/saberes\/wp-json\/wp\/v2\/comments?post=831"}],"version-history":[{"count":28,"href":"https:\/\/portaleducacao.guarulhos.sp.gov.br\/wp_site\/saberes\/wp-json\/wp\/v2\/pages\/831\/revisions"}],"predecessor-version":[{"id":2014,"href":"https:\/\/portaleducacao.guarulhos.sp.gov.br\/wp_site\/saberes\/wp-json\/wp\/v2\/pages\/831\/revisions\/2014"}],"wp:attachment":[{"href":"https:\/\/portaleducacao.guarulhos.sp.gov.br\/wp_site\/saberes\/wp-json\/wp\/v2\/media?parent=831"}],"wp:term":[{"taxonomy":"category","embeddable":true,"href":"https:\/\/portaleducacao.guarulhos.sp.gov.br\/wp_site\/saberes\/wp-json\/wp\/v2\/categories?post=831"},{"taxonomy":"post_tag","embeddable":true,"href":"https:\/\/portaleducacao.guarulhos.sp.gov.br\/wp_site\/saberes\/wp-json\/wp\/v2\/tags?post=831"}],"curies":[{"name":"wp","href":"https:\/\/api.w.org\/{rel}","templated":true}]}}