{"id":861,"date":"2023-09-22T14:14:33","date_gmt":"2023-09-22T17:14:33","guid":{"rendered":"https:\/\/portaleducacao.guarulhos.sp.gov.br\/wp_site\/saberes\/?page_id=861"},"modified":"2024-06-18T16:16:55","modified_gmt":"2024-06-18T19:16:55","slug":"brincandoqueseaprende","status":"publish","type":"page","link":"https:\/\/portaleducacao.guarulhos.sp.gov.br\/wp_site\/saberes\/brincandoqueseaprende\/","title":{"rendered":"brincandoQueSeAprende"},"content":{"rendered":"\t\t<div data-elementor-type=\"wp-page\" data-elementor-id=\"861\" class=\"elementor elementor-861\">\n\t\t\t\t\t\t\t<div class=\"elementor-element elementor-element-13c07595 e-con-boxed e-con\" data-id=\"13c07595\" data-element_type=\"container\" data-settings=\"{&quot;content_width&quot;:&quot;boxed&quot;}\">\n\t\t\t\t\t<div class=\"e-con-inner\">\n\t\t\t\t<div class=\"elementor-element elementor-element-538b8206 elementor-widget elementor-widget-heading\" data-id=\"538b8206\" data-element_type=\"widget\" data-widget_type=\"heading.default\">\n\t\t\t\t<div class=\"elementor-widget-container\">\n\t\t\t<style>\/*! elementor - v3.12.1 - 02-04-2023 *\/\n.elementor-heading-title{padding:0;margin:0;line-height:1}.elementor-widget-heading .elementor-heading-title[class*=elementor-size-]>a{color:inherit;font-size:inherit;line-height:inherit}.elementor-widget-heading .elementor-heading-title.elementor-size-small{font-size:15px}.elementor-widget-heading .elementor-heading-title.elementor-size-medium{font-size:19px}.elementor-widget-heading .elementor-heading-title.elementor-size-large{font-size:29px}.elementor-widget-heading .elementor-heading-title.elementor-size-xl{font-size:39px}.elementor-widget-heading .elementor-heading-title.elementor-size-xxl{font-size:59px}<\/style><h2 class=\"elementor-heading-title elementor-size-default\">\u00c9 brincando que se aprende<\/h2>\t\t<\/div>\n\t\t\t\t<\/div>\n\t\t\t\t\t<\/div>\n\t\t\t\t<\/div>\n\t\t<div class=\"elementor-element elementor-element-5850689c e-con-boxed e-con\" data-id=\"5850689c\" data-element_type=\"container\" data-settings=\"{&quot;content_width&quot;:&quot;boxed&quot;}\">\n\t\t\t\t\t<div class=\"e-con-inner\">\n\t\t\t\t<div class=\"elementor-element elementor-element-22c64877 elementor-widget elementor-widget-text-editor\" data-id=\"22c64877\" data-element_type=\"widget\" data-widget_type=\"text-editor.default\">\n\t\t\t\t<div class=\"elementor-widget-container\">\n\t\t\t<style>\/*! elementor - v3.12.1 - 02-04-2023 *\/\n.elementor-widget-text-editor.elementor-drop-cap-view-stacked .elementor-drop-cap{background-color:#69727d;color:#fff}.elementor-widget-text-editor.elementor-drop-cap-view-framed .elementor-drop-cap{color:#69727d;border:3px solid;background-color:transparent}.elementor-widget-text-editor:not(.elementor-drop-cap-view-default) .elementor-drop-cap{margin-top:8px}.elementor-widget-text-editor:not(.elementor-drop-cap-view-default) .elementor-drop-cap-letter{width:1em;height:1em}.elementor-widget-text-editor .elementor-drop-cap{float:left;text-align:center;line-height:1;font-size:50px}.elementor-widget-text-editor .elementor-drop-cap-letter{display:inline-block}<\/style>\t\t\t\t<p><span style=\"font-weight: 400;\">O bloco <\/span><b>\u00c9 brincando que se aprende<\/b><span style=\"font-weight: 400;\"> do <\/span><b>Saberes em casa<\/b><span style=\"font-weight: 400;\"> \u00e9 direcionado \u00e0s crian\u00e7as dos Est\u00e1gios I e II (4 a 5 anos). Nessa etapa da Educa\u00e7\u00e3o B\u00e1sica, a aprendizagem e o desenvolvimento continuam acontecendo por meio de intera\u00e7\u00f5es e de brincadeiras. Contudo, \u00e9 preciso considerar que essas crian\u00e7as j\u00e1 desenvolveram mais autonomia em rela\u00e7\u00e3o ao seu corpo, e as intera\u00e7\u00f5es com seus pares e com adultos ocorrem com mais frequ\u00eancia a partir da linguagem.\u00a0<\/span><\/p><p><span style=\"font-weight: 400;\">Al\u00e9m disso, habilidades motoras amplas &#8211; pr\u00e1ticas de atividades com grupos musculares maiores &#8211; e habilidades motoras finas &#8211; segurar e manusear l\u00e1pis, colar e selecionar objetos &#8211; est\u00e3o mais desenvolvidas e precisam ser consideradas no momento do planejamento das atividades.\u00a0\u00a0<\/span><\/p><p><span style=\"font-weight: 400;\">Por esse motivo, \u00e9 importante organizar um cantinho para que as crian\u00e7as possam fazer as atividades propostas, visando ao aprimoramento das habilidades motoras finas citadas anteriormente. Outra ideia para esse momento \u00e9 o uso de uma caixinha com todos os materiais: l\u00e1pis de cor, l\u00e1pis grafite, borracha, apontador, pap\u00e9is, etc.\u00a0<\/span><\/p><p><span style=\"font-weight: 400;\">\u00c9 interessante permitir que as crian\u00e7as desenhem, pintem, recortem e colem DO JEITO QUE ELAS DESEJAREM, tanto a caixa quanto o cantinho, a fim de que aconte\u00e7a o reconhecimento com esse material e\/ou esse espa\u00e7o. A identifica\u00e7\u00e3o pessoal com a caixa e\/ou com o cantinho, al\u00e9m de facilitar a aprendizagem, desenvolve ainda mais a autonomia e a pr\u00e1tica da escolha.\u00a0<\/span><\/p><p><span style=\"font-weight: 400;\">Al\u00e9m disso, quando o educador indicar a caixa e\/ou cantinho para as atividades, os educandos j\u00e1 saber\u00e3o que se trata do momento de intera\u00e7\u00e3o com esses objetos e com esse espa\u00e7o, criando assim mais familiaridade.<\/span><\/p>\t\t\t\t\t\t<\/div>\n\t\t\t\t<\/div>\n\t\t\t\t\t<\/div>\n\t\t\t\t<\/div>\n\t\t<div class=\"elementor-element elementor-element-551edd6 e-con-boxed e-con\" data-id=\"551edd6\" data-element_type=\"container\" data-settings=\"{&quot;content_width&quot;:&quot;boxed&quot;}\">\n\t\t\t\t\t<div class=\"e-con-inner\">\n\t\t\t\t<div class=\"elementor-element elementor-element-0df54b7 elementor-widget elementor-widget-image\" data-id=\"0df54b7\" data-element_type=\"widget\" data-widget_type=\"image.default\">\n\t\t\t\t<div class=\"elementor-widget-container\">\n\t\t\t<style>\/*! elementor - v3.12.1 - 02-04-2023 *\/\n.elementor-widget-image{text-align:center}.elementor-widget-image a{display:inline-block}.elementor-widget-image a img[src$=\".svg\"]{width:48px}.elementor-widget-image img{vertical-align:middle;display:inline-block}<\/style>\t\t\t\t\t\t\t\t\t\t\t\t\t<a href=\"https:\/\/www.youtube.com\/playlist?list=PL9Afd2a5oM1Mpnmn2N0qa8QSeBPce6QBv\" target=\"_blank\">\n\t\t\t\t\t\t\t<img width=\"1024\" height=\"576\" src=\"https:\/\/portaleducacao.guarulhos.sp.gov.br\/wp_site\/saberes\/wp-content\/uploads\/sites\/26\/2024\/04\/WhatsApp-Image-2024-04-11-at-16.17.23-1-1024x576.jpeg\" class=\"attachment-large size-large wp-image-1722\" alt=\"\" loading=\"lazy\" srcset=\"https:\/\/portaleducacao.guarulhos.sp.gov.br\/wp_site\/saberes\/wp-content\/uploads\/sites\/26\/2024\/04\/WhatsApp-Image-2024-04-11-at-16.17.23-1-1024x576.jpeg 1024w, https:\/\/portaleducacao.guarulhos.sp.gov.br\/wp_site\/saberes\/wp-content\/uploads\/sites\/26\/2024\/04\/WhatsApp-Image-2024-04-11-at-16.17.23-1-300x169.jpeg 300w, https:\/\/portaleducacao.guarulhos.sp.gov.br\/wp_site\/saberes\/wp-content\/uploads\/sites\/26\/2024\/04\/WhatsApp-Image-2024-04-11-at-16.17.23-1-768x432.jpeg 768w, https:\/\/portaleducacao.guarulhos.sp.gov.br\/wp_site\/saberes\/wp-content\/uploads\/sites\/26\/2024\/04\/WhatsApp-Image-2024-04-11-at-16.17.23-1-1536x864.jpeg 1536w, https:\/\/portaleducacao.guarulhos.sp.gov.br\/wp_site\/saberes\/wp-content\/uploads\/sites\/26\/2024\/04\/WhatsApp-Image-2024-04-11-at-16.17.23-1.jpeg 1600w\" sizes=\"(max-width: 1024px) 100vw, 1024px\" \/>\t\t\t\t\t\t\t\t<\/a>\n\t\t\t\t\t\t\t\t\t\t\t\t\t\t\t<\/div>\n\t\t\t\t<\/div>\n\t\t\t\t\t<\/div>\n\t\t\t\t<\/div>\n\t\t\t\t\t\t\t<\/div>\n\t\t","protected":false},"excerpt":{"rendered":"<p>\u00c9 brincando que se aprende O bloco \u00c9 brincando que se aprende do Saberes em casa \u00e9 direcionado \u00e0s crian\u00e7as dos Est\u00e1gios I e II (4 a 5 anos). Nessa &hellip;<\/p>\n<p class=\"read-more\"> <a class=\"\" href=\"https:\/\/portaleducacao.guarulhos.sp.gov.br\/wp_site\/saberes\/brincandoqueseaprende\/\"> <span class=\"screen-reader-text\">brincandoQueSeAprende<\/span> Leia mais &raquo;<\/a><\/p>\n","protected":false},"author":1,"featured_media":0,"parent":0,"menu_order":0,"comment_status":"closed","ping_status":"closed","template":"","meta":{"_monsterinsights_skip_tracking":false,"_monsterinsights_sitenote_active":false,"_monsterinsights_sitenote_note":"","_monsterinsights_sitenote_category":0,"site-sidebar-layout":"no-sidebar","site-content-layout":"page-builder","ast-global-header-display":"","ast-main-header-display":"","ast-hfb-above-header-display":"","ast-hfb-below-header-display":"","ast-hfb-mobile-header-display":"","site-post-title":"disabled","ast-breadcrumbs-content":"","ast-featured-img":"disabled","footer-sml-layout":"","theme-transparent-header-meta":"","adv-header-id-meta":"","stick-header-meta":"","header-above-stick-meta":"","header-main-stick-meta":"","header-below-stick-meta":"","_expiration-date-status":"","_expiration-date":0,"_expiration-date-type":"","_expiration-date-categories":[],"_expiration-date-options":[]},"categories":[],"tags":[],"yoast_head":"<!-- This site is optimized with the Yoast SEO plugin v19.7.1 - https:\/\/yoast.com\/wordpress\/plugins\/seo\/ -->\r\n<title>brincandoQueSeAprende - Saberes em Casa<\/title>\r\n<meta name=\"robots\" content=\"index, follow, max-snippet:-1, max-image-preview:large, max-video-preview:-1\" \/>\r\n<link rel=\"canonical\" href=\"https:\/\/portaleducacao.guarulhos.sp.gov.br\/wp_site\/saberes\/brincandoqueseaprende\/\" \/>\r\n<meta property=\"og:locale\" content=\"pt_BR\" \/>\r\n<meta property=\"og:type\" content=\"article\" \/>\r\n<meta property=\"og:title\" content=\"brincandoQueSeAprende - Saberes em Casa\" \/>\r\n<meta property=\"og:description\" content=\"\u00c9 brincando que se aprende O bloco \u00c9 brincando que se aprende do Saberes em casa \u00e9 direcionado \u00e0s crian\u00e7as dos Est\u00e1gios I e II (4 a 5 anos). Nessa &hellip; brincandoQueSeAprende Leia mais &raquo;\" \/>\r\n<meta property=\"og:url\" content=\"https:\/\/portaleducacao.guarulhos.sp.gov.br\/wp_site\/saberes\/brincandoqueseaprende\/\" \/>\r\n<meta property=\"og:site_name\" content=\"Saberes em Casa\" \/>\r\n<meta property=\"article:modified_time\" content=\"2024-06-18T19:16:55+00:00\" \/>\r\n<meta property=\"og:image\" content=\"http:\/\/portaleducacao.guarulhos.sp.gov.br\/wp_site\/saberes\/wp-content\/uploads\/sites\/26\/2024\/04\/WhatsApp-Image-2024-04-11-at-16.17.23-1-1024x576.jpeg\" \/>\r\n<meta name=\"twitter:card\" content=\"summary_large_image\" \/>\r\n<meta name=\"twitter:label1\" content=\"Est. tempo de leitura\" \/>\n\t<meta name=\"twitter:data1\" content=\"2 minutos\" \/>\r\n<script type=\"application\/ld+json\" class=\"yoast-schema-graph\">{\"@context\":\"https:\/\/schema.org\",\"@graph\":[{\"@type\":\"WebPage\",\"@id\":\"https:\/\/portaleducacao.guarulhos.sp.gov.br\/wp_site\/saberes\/brincandoqueseaprende\/\",\"url\":\"https:\/\/portaleducacao.guarulhos.sp.gov.br\/wp_site\/saberes\/brincandoqueseaprende\/\",\"name\":\"brincandoQueSeAprende - Saberes em Casa\",\"isPartOf\":{\"@id\":\"https:\/\/portaleducacao.guarulhos.sp.gov.br\/wp_site\/saberes\/#website\"},\"datePublished\":\"2023-09-22T17:14:33+00:00\",\"dateModified\":\"2024-06-18T19:16:55+00:00\",\"breadcrumb\":{\"@id\":\"https:\/\/portaleducacao.guarulhos.sp.gov.br\/wp_site\/saberes\/brincandoqueseaprende\/#breadcrumb\"},\"inLanguage\":\"pt-BR\",\"potentialAction\":[{\"@type\":\"ReadAction\",\"target\":[\"https:\/\/portaleducacao.guarulhos.sp.gov.br\/wp_site\/saberes\/brincandoqueseaprende\/\"]}]},{\"@type\":\"BreadcrumbList\",\"@id\":\"https:\/\/portaleducacao.guarulhos.sp.gov.br\/wp_site\/saberes\/brincandoqueseaprende\/#breadcrumb\",\"itemListElement\":[{\"@type\":\"ListItem\",\"position\":1,\"name\":\"In\u00edcio\",\"item\":\"https:\/\/portaleducacao.guarulhos.sp.gov.br\/wp_site\/saberes\/\"},{\"@type\":\"ListItem\",\"position\":2,\"name\":\"brincandoQueSeAprende\"}]},{\"@type\":\"WebSite\",\"@id\":\"https:\/\/portaleducacao.guarulhos.sp.gov.br\/wp_site\/saberes\/#website\",\"url\":\"https:\/\/portaleducacao.guarulhos.sp.gov.br\/wp_site\/saberes\/\",\"name\":\"Saberes em Casa\",\"description\":\"Recursos complementares \u00e0s propostas educativas das Escolas da Prefeitura de Guarulhos\",\"potentialAction\":[{\"@type\":\"SearchAction\",\"target\":{\"@type\":\"EntryPoint\",\"urlTemplate\":\"https:\/\/portaleducacao.guarulhos.sp.gov.br\/wp_site\/saberes\/?s={search_term_string}\"},\"query-input\":\"required name=search_term_string\"}],\"inLanguage\":\"pt-BR\"}]}<\/script>\r\n<!-- \/ Yoast SEO plugin. -->","yoast_head_json":{"title":"brincandoQueSeAprende - Saberes em Casa","robots":{"index":"index","follow":"follow","max-snippet":"max-snippet:-1","max-image-preview":"max-image-preview:large","max-video-preview":"max-video-preview:-1"},"canonical":"https:\/\/portaleducacao.guarulhos.sp.gov.br\/wp_site\/saberes\/brincandoqueseaprende\/","og_locale":"pt_BR","og_type":"article","og_title":"brincandoQueSeAprende - Saberes em Casa","og_description":"\u00c9 brincando que se aprende O bloco \u00c9 brincando que se aprende do Saberes em casa \u00e9 direcionado \u00e0s crian\u00e7as dos Est\u00e1gios I e II (4 a 5 anos). Nessa &hellip; brincandoQueSeAprende Leia mais &raquo;","og_url":"https:\/\/portaleducacao.guarulhos.sp.gov.br\/wp_site\/saberes\/brincandoqueseaprende\/","og_site_name":"Saberes em Casa","article_modified_time":"2024-06-18T19:16:55+00:00","og_image":[{"url":"http:\/\/portaleducacao.guarulhos.sp.gov.br\/wp_site\/saberes\/wp-content\/uploads\/sites\/26\/2024\/04\/WhatsApp-Image-2024-04-11-at-16.17.23-1-1024x576.jpeg"}],"twitter_card":"summary_large_image","twitter_misc":{"Est. tempo de leitura":"2 minutos"},"schema":{"@context":"https:\/\/schema.org","@graph":[{"@type":"WebPage","@id":"https:\/\/portaleducacao.guarulhos.sp.gov.br\/wp_site\/saberes\/brincandoqueseaprende\/","url":"https:\/\/portaleducacao.guarulhos.sp.gov.br\/wp_site\/saberes\/brincandoqueseaprende\/","name":"brincandoQueSeAprende - Saberes em Casa","isPartOf":{"@id":"https:\/\/portaleducacao.guarulhos.sp.gov.br\/wp_site\/saberes\/#website"},"datePublished":"2023-09-22T17:14:33+00:00","dateModified":"2024-06-18T19:16:55+00:00","breadcrumb":{"@id":"https:\/\/portaleducacao.guarulhos.sp.gov.br\/wp_site\/saberes\/brincandoqueseaprende\/#breadcrumb"},"inLanguage":"pt-BR","potentialAction":[{"@type":"ReadAction","target":["https:\/\/portaleducacao.guarulhos.sp.gov.br\/wp_site\/saberes\/brincandoqueseaprende\/"]}]},{"@type":"BreadcrumbList","@id":"https:\/\/portaleducacao.guarulhos.sp.gov.br\/wp_site\/saberes\/brincandoqueseaprende\/#breadcrumb","itemListElement":[{"@type":"ListItem","position":1,"name":"In\u00edcio","item":"https:\/\/portaleducacao.guarulhos.sp.gov.br\/wp_site\/saberes\/"},{"@type":"ListItem","position":2,"name":"brincandoQueSeAprende"}]},{"@type":"WebSite","@id":"https:\/\/portaleducacao.guarulhos.sp.gov.br\/wp_site\/saberes\/#website","url":"https:\/\/portaleducacao.guarulhos.sp.gov.br\/wp_site\/saberes\/","name":"Saberes em Casa","description":"Recursos complementares \u00e0s propostas educativas das Escolas da Prefeitura de Guarulhos","potentialAction":[{"@type":"SearchAction","target":{"@type":"EntryPoint","urlTemplate":"https:\/\/portaleducacao.guarulhos.sp.gov.br\/wp_site\/saberes\/?s={search_term_string}"},"query-input":"required name=search_term_string"}],"inLanguage":"pt-BR"}]}},"_links":{"self":[{"href":"https:\/\/portaleducacao.guarulhos.sp.gov.br\/wp_site\/saberes\/wp-json\/wp\/v2\/pages\/861"}],"collection":[{"href":"https:\/\/portaleducacao.guarulhos.sp.gov.br\/wp_site\/saberes\/wp-json\/wp\/v2\/pages"}],"about":[{"href":"https:\/\/portaleducacao.guarulhos.sp.gov.br\/wp_site\/saberes\/wp-json\/wp\/v2\/types\/page"}],"author":[{"embeddable":true,"href":"https:\/\/portaleducacao.guarulhos.sp.gov.br\/wp_site\/saberes\/wp-json\/wp\/v2\/users\/1"}],"replies":[{"embeddable":true,"href":"https:\/\/portaleducacao.guarulhos.sp.gov.br\/wp_site\/saberes\/wp-json\/wp\/v2\/comments?post=861"}],"version-history":[{"count":27,"href":"https:\/\/portaleducacao.guarulhos.sp.gov.br\/wp_site\/saberes\/wp-json\/wp\/v2\/pages\/861\/revisions"}],"predecessor-version":[{"id":2008,"href":"https:\/\/portaleducacao.guarulhos.sp.gov.br\/wp_site\/saberes\/wp-json\/wp\/v2\/pages\/861\/revisions\/2008"}],"wp:attachment":[{"href":"https:\/\/portaleducacao.guarulhos.sp.gov.br\/wp_site\/saberes\/wp-json\/wp\/v2\/media?parent=861"}],"wp:term":[{"taxonomy":"category","embeddable":true,"href":"https:\/\/portaleducacao.guarulhos.sp.gov.br\/wp_site\/saberes\/wp-json\/wp\/v2\/categories?post=861"},{"taxonomy":"post_tag","embeddable":true,"href":"https:\/\/portaleducacao.guarulhos.sp.gov.br\/wp_site\/saberes\/wp-json\/wp\/v2\/tags?post=861"}],"curies":[{"name":"wp","href":"https:\/\/api.w.org\/{rel}","templated":true}]}}