{"id":898,"date":"2023-09-22T14:47:52","date_gmt":"2023-09-22T17:47:52","guid":{"rendered":"https:\/\/portaleducacao.guarulhos.sp.gov.br\/wp_site\/saberes\/?page_id=898"},"modified":"2024-06-18T17:02:29","modified_gmt":"2024-06-18T20:02:29","slug":"praticas-corporais","status":"publish","type":"page","link":"https:\/\/portaleducacao.guarulhos.sp.gov.br\/wp_site\/saberes\/praticas-corporais\/","title":{"rendered":"Praticas Corporais"},"content":{"rendered":"\t\t<div data-elementor-type=\"wp-page\" data-elementor-id=\"898\" class=\"elementor elementor-898\">\n\t\t\t\t\t\t\t<div class=\"elementor-element elementor-element-38259da e-con-boxed e-con\" data-id=\"38259da\" data-element_type=\"container\" data-settings=\"{&quot;content_width&quot;:&quot;boxed&quot;}\">\n\t\t\t\t\t<div class=\"e-con-inner\">\n\t\t\t\t<div class=\"elementor-element elementor-element-57550c76 elementor-widget elementor-widget-heading\" data-id=\"57550c76\" data-element_type=\"widget\" data-widget_type=\"heading.default\">\n\t\t\t\t<div class=\"elementor-widget-container\">\n\t\t\t<style>\/*! elementor - v3.12.1 - 02-04-2023 *\/\n.elementor-heading-title{padding:0;margin:0;line-height:1}.elementor-widget-heading .elementor-heading-title[class*=elementor-size-]>a{color:inherit;font-size:inherit;line-height:inherit}.elementor-widget-heading .elementor-heading-title.elementor-size-small{font-size:15px}.elementor-widget-heading .elementor-heading-title.elementor-size-medium{font-size:19px}.elementor-widget-heading .elementor-heading-title.elementor-size-large{font-size:29px}.elementor-widget-heading .elementor-heading-title.elementor-size-xl{font-size:39px}.elementor-widget-heading .elementor-heading-title.elementor-size-xxl{font-size:59px}<\/style><h2 class=\"elementor-heading-title elementor-size-default\">Pr\u00e1ticas Corporais<\/h2>\t\t<\/div>\n\t\t\t\t<\/div>\n\t\t\t\t<div class=\"elementor-element elementor-element-5f821bbb elementor-widget elementor-widget-text-editor\" data-id=\"5f821bbb\" data-element_type=\"widget\" data-widget_type=\"text-editor.default\">\n\t\t\t\t<div class=\"elementor-widget-container\">\n\t\t\t<style>\/*! elementor - v3.12.1 - 02-04-2023 *\/\n.elementor-widget-text-editor.elementor-drop-cap-view-stacked .elementor-drop-cap{background-color:#69727d;color:#fff}.elementor-widget-text-editor.elementor-drop-cap-view-framed .elementor-drop-cap{color:#69727d;border:3px solid;background-color:transparent}.elementor-widget-text-editor:not(.elementor-drop-cap-view-default) .elementor-drop-cap{margin-top:8px}.elementor-widget-text-editor:not(.elementor-drop-cap-view-default) .elementor-drop-cap-letter{width:1em;height:1em}.elementor-widget-text-editor .elementor-drop-cap{float:left;text-align:center;line-height:1;font-size:50px}.elementor-widget-text-editor .elementor-drop-cap-letter{display:inline-block}<\/style>\t\t\t\t<p><span style=\"font-weight: 400;\">As pr\u00e1ticas corporais como cultura na Educa\u00e7\u00e3o F\u00edsica, possibilitam um olhar diferenciado aos conhecimentos produzidos pela sociedade e no cotidiano escolar, como viv\u00eancias corporais l\u00fadicas, sendo elas: esportivas, dan\u00e7as, jogos e brincadeiras, gin\u00e1sticas ou lutas.<\/span><\/p><p><span style=\"font-weight: 400;\">Ao participar dessas pr\u00e1ticas na perspectiva da cultura corporal, os educandos n\u00e3o apenas se reconhecem, mas buscam novas fontes de informa\u00e7\u00f5es sobre a hist\u00f3ria do seu grupo social, podendo se orgulhar tanto da sua origem, quanto da sua posi\u00e7\u00e3o na sociedade.<\/span><\/p><p><span style=\"font-weight: 400;\">Como na capoeira, uma mistura de dan\u00e7a, luta, artes marciais e m\u00fasica. Considerada um patrim\u00f4nio cultural do Brasil, carrega a cultura do nosso pa\u00eds para o mundo todo.<\/span><\/p><p><span style=\"font-weight: 400;\">O maculel\u00ea, uma dan\u00e7a guerreira, surgida da mistura das culturas ind\u00edgenas e africanas com caracter\u00edsticas multiculturais, e as pr\u00e1ticas corporais ind\u00edgenas que assumem sentidos e significados de acordo com o contexto social no qual s\u00e3o vivenciadas,.<\/span><\/p><p><span style=\"font-weight: 400;\">\u00a0Essas pr\u00e1ticas como saberes e aprendizagens, potencializam conhecimentos a serem compreendidos e resignificados no que forma uma identidade de cada cultura<\/span>. <br \/><br \/><br \/><\/p>\t\t\t\t\t\t<\/div>\n\t\t\t\t<\/div>\n\t\t\t\t<div class=\"elementor-element elementor-element-0183820 elementor-widget elementor-widget-image\" data-id=\"0183820\" data-element_type=\"widget\" data-widget_type=\"image.default\">\n\t\t\t\t<div class=\"elementor-widget-container\">\n\t\t\t<style>\/*! elementor - v3.12.1 - 02-04-2023 *\/\n.elementor-widget-image{text-align:center}.elementor-widget-image a{display:inline-block}.elementor-widget-image a img[src$=\".svg\"]{width:48px}.elementor-widget-image img{vertical-align:middle;display:inline-block}<\/style>\t\t\t\t\t\t\t\t\t\t\t\t\t<a href=\"https:\/\/www.youtube.com\/playlist?list=PL9Afd2a5oM1O7jCBE3-HSXLnl4KfBm4lt\" target=\"_blank\">\n\t\t\t\t\t\t\t<img width=\"1024\" height=\"576\" src=\"https:\/\/portaleducacao.guarulhos.sp.gov.br\/wp_site\/saberes\/wp-content\/uploads\/sites\/26\/2024\/05\/WhatsApp-Image-2024-05-03-at-16.17.20-1024x576.jpeg\" class=\"attachment-large size-large wp-image-1801\" alt=\"\" loading=\"lazy\" srcset=\"https:\/\/portaleducacao.guarulhos.sp.gov.br\/wp_site\/saberes\/wp-content\/uploads\/sites\/26\/2024\/05\/WhatsApp-Image-2024-05-03-at-16.17.20-1024x576.jpeg 1024w, https:\/\/portaleducacao.guarulhos.sp.gov.br\/wp_site\/saberes\/wp-content\/uploads\/sites\/26\/2024\/05\/WhatsApp-Image-2024-05-03-at-16.17.20-300x169.jpeg 300w, https:\/\/portaleducacao.guarulhos.sp.gov.br\/wp_site\/saberes\/wp-content\/uploads\/sites\/26\/2024\/05\/WhatsApp-Image-2024-05-03-at-16.17.20-768x432.jpeg 768w, https:\/\/portaleducacao.guarulhos.sp.gov.br\/wp_site\/saberes\/wp-content\/uploads\/sites\/26\/2024\/05\/WhatsApp-Image-2024-05-03-at-16.17.20-1536x864.jpeg 1536w, https:\/\/portaleducacao.guarulhos.sp.gov.br\/wp_site\/saberes\/wp-content\/uploads\/sites\/26\/2024\/05\/WhatsApp-Image-2024-05-03-at-16.17.20.jpeg 1600w\" sizes=\"(max-width: 1024px) 100vw, 1024px\" \/>\t\t\t\t\t\t\t\t<\/a>\n\t\t\t\t\t\t\t\t\t\t\t\t\t\t\t<\/div>\n\t\t\t\t<\/div>\n\t\t\t\t\t<\/div>\n\t\t\t\t<\/div>\n\t\t\t\t\t\t\t<\/div>\n\t\t","protected":false},"excerpt":{"rendered":"<p>Pr\u00e1ticas Corporais As pr\u00e1ticas corporais como cultura na Educa\u00e7\u00e3o F\u00edsica, possibilitam um olhar diferenciado aos conhecimentos produzidos pela sociedade e no cotidiano escolar, como viv\u00eancias corporais l\u00fadicas, sendo elas: esportivas, &hellip;<\/p>\n<p class=\"read-more\"> <a class=\"\" href=\"https:\/\/portaleducacao.guarulhos.sp.gov.br\/wp_site\/saberes\/praticas-corporais\/\"> <span class=\"screen-reader-text\">Praticas Corporais<\/span> Leia mais &raquo;<\/a><\/p>\n","protected":false},"author":1,"featured_media":0,"parent":0,"menu_order":0,"comment_status":"closed","ping_status":"closed","template":"","meta":{"_monsterinsights_skip_tracking":false,"_monsterinsights_sitenote_active":false,"_monsterinsights_sitenote_note":"","_monsterinsights_sitenote_category":0,"site-sidebar-layout":"no-sidebar","site-content-layout":"page-builder","ast-global-header-display":"","ast-main-header-display":"","ast-hfb-above-header-display":"","ast-hfb-below-header-display":"","ast-hfb-mobile-header-display":"","site-post-title":"disabled","ast-breadcrumbs-content":"","ast-featured-img":"disabled","footer-sml-layout":"","theme-transparent-header-meta":"","adv-header-id-meta":"","stick-header-meta":"","header-above-stick-meta":"","header-main-stick-meta":"","header-below-stick-meta":"","_expiration-date-status":"","_expiration-date":0,"_expiration-date-type":"","_expiration-date-categories":[],"_expiration-date-options":[]},"categories":[],"tags":[],"yoast_head":"<!-- This site is optimized with the Yoast SEO plugin v19.7.1 - https:\/\/yoast.com\/wordpress\/plugins\/seo\/ -->\r\n<title>Praticas Corporais - Saberes em Casa<\/title>\r\n<meta name=\"robots\" content=\"index, follow, max-snippet:-1, max-image-preview:large, max-video-preview:-1\" \/>\r\n<link rel=\"canonical\" href=\"https:\/\/portaleducacao.guarulhos.sp.gov.br\/wp_site\/saberes\/praticas-corporais\/\" \/>\r\n<meta property=\"og:locale\" content=\"pt_BR\" \/>\r\n<meta property=\"og:type\" content=\"article\" \/>\r\n<meta property=\"og:title\" content=\"Praticas Corporais - Saberes em Casa\" \/>\r\n<meta property=\"og:description\" content=\"Pr\u00e1ticas Corporais As pr\u00e1ticas corporais como cultura na Educa\u00e7\u00e3o F\u00edsica, possibilitam um olhar diferenciado aos conhecimentos produzidos pela sociedade e no cotidiano escolar, como viv\u00eancias corporais l\u00fadicas, sendo elas: esportivas, &hellip; Praticas Corporais Leia mais &raquo;\" \/>\r\n<meta property=\"og:url\" content=\"https:\/\/portaleducacao.guarulhos.sp.gov.br\/wp_site\/saberes\/praticas-corporais\/\" \/>\r\n<meta property=\"og:site_name\" content=\"Saberes em Casa\" \/>\r\n<meta property=\"article:modified_time\" content=\"2024-06-18T20:02:29+00:00\" \/>\r\n<meta property=\"og:image\" content=\"http:\/\/portaleducacao.guarulhos.sp.gov.br\/wp_site\/saberes\/wp-content\/uploads\/sites\/26\/2024\/05\/WhatsApp-Image-2024-05-03-at-16.17.20-1024x576.jpeg\" \/>\r\n<meta name=\"twitter:card\" content=\"summary_large_image\" \/>\r\n<meta name=\"twitter:label1\" content=\"Est. tempo de leitura\" \/>\n\t<meta name=\"twitter:data1\" content=\"2 minutos\" \/>\r\n<script type=\"application\/ld+json\" class=\"yoast-schema-graph\">{\"@context\":\"https:\/\/schema.org\",\"@graph\":[{\"@type\":\"WebPage\",\"@id\":\"https:\/\/portaleducacao.guarulhos.sp.gov.br\/wp_site\/saberes\/praticas-corporais\/\",\"url\":\"https:\/\/portaleducacao.guarulhos.sp.gov.br\/wp_site\/saberes\/praticas-corporais\/\",\"name\":\"Praticas Corporais - Saberes em Casa\",\"isPartOf\":{\"@id\":\"https:\/\/portaleducacao.guarulhos.sp.gov.br\/wp_site\/saberes\/#website\"},\"datePublished\":\"2023-09-22T17:47:52+00:00\",\"dateModified\":\"2024-06-18T20:02:29+00:00\",\"breadcrumb\":{\"@id\":\"https:\/\/portaleducacao.guarulhos.sp.gov.br\/wp_site\/saberes\/praticas-corporais\/#breadcrumb\"},\"inLanguage\":\"pt-BR\",\"potentialAction\":[{\"@type\":\"ReadAction\",\"target\":[\"https:\/\/portaleducacao.guarulhos.sp.gov.br\/wp_site\/saberes\/praticas-corporais\/\"]}]},{\"@type\":\"BreadcrumbList\",\"@id\":\"https:\/\/portaleducacao.guarulhos.sp.gov.br\/wp_site\/saberes\/praticas-corporais\/#breadcrumb\",\"itemListElement\":[{\"@type\":\"ListItem\",\"position\":1,\"name\":\"In\u00edcio\",\"item\":\"https:\/\/portaleducacao.guarulhos.sp.gov.br\/wp_site\/saberes\/\"},{\"@type\":\"ListItem\",\"position\":2,\"name\":\"Praticas Corporais\"}]},{\"@type\":\"WebSite\",\"@id\":\"https:\/\/portaleducacao.guarulhos.sp.gov.br\/wp_site\/saberes\/#website\",\"url\":\"https:\/\/portaleducacao.guarulhos.sp.gov.br\/wp_site\/saberes\/\",\"name\":\"Saberes em Casa\",\"description\":\"Recursos complementares \u00e0s propostas educativas das Escolas da Prefeitura de Guarulhos\",\"potentialAction\":[{\"@type\":\"SearchAction\",\"target\":{\"@type\":\"EntryPoint\",\"urlTemplate\":\"https:\/\/portaleducacao.guarulhos.sp.gov.br\/wp_site\/saberes\/?s={search_term_string}\"},\"query-input\":\"required name=search_term_string\"}],\"inLanguage\":\"pt-BR\"}]}<\/script>\r\n<!-- \/ Yoast SEO plugin. -->","yoast_head_json":{"title":"Praticas Corporais - Saberes em Casa","robots":{"index":"index","follow":"follow","max-snippet":"max-snippet:-1","max-image-preview":"max-image-preview:large","max-video-preview":"max-video-preview:-1"},"canonical":"https:\/\/portaleducacao.guarulhos.sp.gov.br\/wp_site\/saberes\/praticas-corporais\/","og_locale":"pt_BR","og_type":"article","og_title":"Praticas Corporais - Saberes em Casa","og_description":"Pr\u00e1ticas Corporais As pr\u00e1ticas corporais como cultura na Educa\u00e7\u00e3o F\u00edsica, possibilitam um olhar diferenciado aos conhecimentos produzidos pela sociedade e no cotidiano escolar, como viv\u00eancias corporais l\u00fadicas, sendo elas: esportivas, &hellip; Praticas Corporais Leia mais &raquo;","og_url":"https:\/\/portaleducacao.guarulhos.sp.gov.br\/wp_site\/saberes\/praticas-corporais\/","og_site_name":"Saberes em Casa","article_modified_time":"2024-06-18T20:02:29+00:00","og_image":[{"url":"http:\/\/portaleducacao.guarulhos.sp.gov.br\/wp_site\/saberes\/wp-content\/uploads\/sites\/26\/2024\/05\/WhatsApp-Image-2024-05-03-at-16.17.20-1024x576.jpeg"}],"twitter_card":"summary_large_image","twitter_misc":{"Est. tempo de leitura":"2 minutos"},"schema":{"@context":"https:\/\/schema.org","@graph":[{"@type":"WebPage","@id":"https:\/\/portaleducacao.guarulhos.sp.gov.br\/wp_site\/saberes\/praticas-corporais\/","url":"https:\/\/portaleducacao.guarulhos.sp.gov.br\/wp_site\/saberes\/praticas-corporais\/","name":"Praticas Corporais - Saberes em Casa","isPartOf":{"@id":"https:\/\/portaleducacao.guarulhos.sp.gov.br\/wp_site\/saberes\/#website"},"datePublished":"2023-09-22T17:47:52+00:00","dateModified":"2024-06-18T20:02:29+00:00","breadcrumb":{"@id":"https:\/\/portaleducacao.guarulhos.sp.gov.br\/wp_site\/saberes\/praticas-corporais\/#breadcrumb"},"inLanguage":"pt-BR","potentialAction":[{"@type":"ReadAction","target":["https:\/\/portaleducacao.guarulhos.sp.gov.br\/wp_site\/saberes\/praticas-corporais\/"]}]},{"@type":"BreadcrumbList","@id":"https:\/\/portaleducacao.guarulhos.sp.gov.br\/wp_site\/saberes\/praticas-corporais\/#breadcrumb","itemListElement":[{"@type":"ListItem","position":1,"name":"In\u00edcio","item":"https:\/\/portaleducacao.guarulhos.sp.gov.br\/wp_site\/saberes\/"},{"@type":"ListItem","position":2,"name":"Praticas Corporais"}]},{"@type":"WebSite","@id":"https:\/\/portaleducacao.guarulhos.sp.gov.br\/wp_site\/saberes\/#website","url":"https:\/\/portaleducacao.guarulhos.sp.gov.br\/wp_site\/saberes\/","name":"Saberes em Casa","description":"Recursos complementares \u00e0s propostas educativas das Escolas da Prefeitura de Guarulhos","potentialAction":[{"@type":"SearchAction","target":{"@type":"EntryPoint","urlTemplate":"https:\/\/portaleducacao.guarulhos.sp.gov.br\/wp_site\/saberes\/?s={search_term_string}"},"query-input":"required name=search_term_string"}],"inLanguage":"pt-BR"}]}},"_links":{"self":[{"href":"https:\/\/portaleducacao.guarulhos.sp.gov.br\/wp_site\/saberes\/wp-json\/wp\/v2\/pages\/898"}],"collection":[{"href":"https:\/\/portaleducacao.guarulhos.sp.gov.br\/wp_site\/saberes\/wp-json\/wp\/v2\/pages"}],"about":[{"href":"https:\/\/portaleducacao.guarulhos.sp.gov.br\/wp_site\/saberes\/wp-json\/wp\/v2\/types\/page"}],"author":[{"embeddable":true,"href":"https:\/\/portaleducacao.guarulhos.sp.gov.br\/wp_site\/saberes\/wp-json\/wp\/v2\/users\/1"}],"replies":[{"embeddable":true,"href":"https:\/\/portaleducacao.guarulhos.sp.gov.br\/wp_site\/saberes\/wp-json\/wp\/v2\/comments?post=898"}],"version-history":[{"count":21,"href":"https:\/\/portaleducacao.guarulhos.sp.gov.br\/wp_site\/saberes\/wp-json\/wp\/v2\/pages\/898\/revisions"}],"predecessor-version":[{"id":2023,"href":"https:\/\/portaleducacao.guarulhos.sp.gov.br\/wp_site\/saberes\/wp-json\/wp\/v2\/pages\/898\/revisions\/2023"}],"wp:attachment":[{"href":"https:\/\/portaleducacao.guarulhos.sp.gov.br\/wp_site\/saberes\/wp-json\/wp\/v2\/media?parent=898"}],"wp:term":[{"taxonomy":"category","embeddable":true,"href":"https:\/\/portaleducacao.guarulhos.sp.gov.br\/wp_site\/saberes\/wp-json\/wp\/v2\/categories?post=898"},{"taxonomy":"post_tag","embeddable":true,"href":"https:\/\/portaleducacao.guarulhos.sp.gov.br\/wp_site\/saberes\/wp-json\/wp\/v2\/tags?post=898"}],"curies":[{"name":"wp","href":"https:\/\/api.w.org\/{rel}","templated":true}]}}